{"id":733,"date":"2013-12-08T16:42:06","date_gmt":"2013-12-08T16:42:06","guid":{"rendered":"https:\/\/adhesive-tapes.usernet.hu\/technologie\/"},"modified":"2013-12-08T16:42:06","modified_gmt":"2013-12-08T16:42:06","slug":"technologie","status":"publish","type":"page","link":"https:\/\/adhesive-tapes.trocellen.com\/de\/technologie\/","title":{"rendered":"Technologie"},"content":{"rendered":"<p><img loading=\"lazy\" decoding=\"async\" class=\"alignright size-medium wp-image-604\" src=\"https:\/\/adhesive-tapes.trocellen.com\/wp-content\/uploads\/sites\/4\/2013\/12\/main_tape_detail_001-300x300.png\" alt=\"\" width=\"300\" height=\"300\" srcset=\"https:\/\/adhesive-tapes.trocellen.com\/wp-content\/uploads\/sites\/4\/2013\/12\/main_tape_detail_001-300x300.png 300w, https:\/\/adhesive-tapes.trocellen.com\/wp-content\/uploads\/sites\/4\/2013\/12\/main_tape_detail_001-150x150.png 150w, https:\/\/adhesive-tapes.trocellen.com\/wp-content\/uploads\/sites\/4\/2013\/12\/main_tape_detail_001-768x765.png 768w, https:\/\/adhesive-tapes.trocellen.com\/wp-content\/uploads\/sites\/4\/2013\/12\/main_tape_detail_001-1024x1020.png 1024w, https:\/\/adhesive-tapes.trocellen.com\/wp-content\/uploads\/sites\/4\/2013\/12\/main_tape_detail_001.png 1432w\" sizes=\"auto, (max-width: 300px) 100vw, 300px\" \/><strong>A<\/strong>dvanced <strong>S<\/strong>urface <strong>T<\/strong>reatment. Das steht f\u00fcr die neue, zukunftsweisende Oberfl\u00e4chentechnologie von Trocellen.<\/p>\n<p>Die chemische Modifikation der Schaumoberfl\u00e4che auf Basis umweltfreundlicher und gesundheitlich unbedenklicher Substanzen sorgt f\u00fcr eine signifikante Erh\u00f6hung der Oberfl\u00e4chenspannung, welche sich durch hervorragende Langzeitstabilit\u00e4t auszeichnet. Dadurch bietet die AST-Behandlung gegen\u00fcber g\u00e4ngiger Coronaverfahren entscheidende Vorteile.<\/p>\n<p>Unsere Oberfl\u00e4chenveredelung sorgt somit f\u00fcr optimale Adh\u00e4sionseigenschaften und perfekte Kompatibilit\u00e4t des Schaums mit vielen g\u00e4ngigen wasserbasierten Klebstoffen. Damit bildet AST-behandelter Schaum die ideale Grundlage f\u00fcr die Herstellung von technologisch anspruchsvollen, selbstklebenden Produkten.<\/p>\n<h2><span lang=\"DE\">Die Vorteile<\/span><\/h2>\n<p><img loading=\"lazy\" decoding=\"async\" class=\"alignright size-medium wp-image-603\" src=\"https:\/\/adhesive-tapes.trocellen.com\/wp-content\/uploads\/sites\/4\/2013\/12\/adhesive-gecko_001-300x169.png\" alt=\"\" width=\"300\" height=\"169\" srcset=\"https:\/\/adhesive-tapes.trocellen.com\/wp-content\/uploads\/sites\/4\/2013\/12\/adhesive-gecko_001-300x169.png 300w, https:\/\/adhesive-tapes.trocellen.com\/wp-content\/uploads\/sites\/4\/2013\/12\/adhesive-gecko_001-768x432.png 768w, https:\/\/adhesive-tapes.trocellen.com\/wp-content\/uploads\/sites\/4\/2013\/12\/adhesive-gecko_001-1024x576.png 1024w\" sizes=\"auto, (max-width: 300px) 100vw, 300px\" \/><\/p>\n<div class=\"clearfix\">\n<ul>\n<li>Ausgezeichnete Adh\u00e4sionseigenschaften<\/li>\n<li>Erh\u00f6hte Langzeitstabilit\u00e4t und Lagerf\u00e4higkeit<\/li>\n<li>Im Vergleich zur Corona-Behandlung h\u00f6here Oberfl\u00e4chenspannung<\/li>\n<li>Keine Beeintr\u00e4chtigung der mechanischen Eigenschaften des Schaums<\/li>\n<li>Umweltfreundlich und emissionsfrei<\/li>\n<li>Hohe Prozesssicherheit\u201c<\/li>\n<\/ul>\n<h2>Downloads<\/h2>\n<p><a href=\"https:\/\/adhesive-tapes.trocellen.com\/wp-content\/uploads\/sites\/4\/2013\/12\/onepager-tapes-AST-english.pdf\">Advanced Surface Treatment for Polyolefin foams<\/a><\/p>\n<\/div>\n","protected":false},"excerpt":{"rendered":"<p>Advanced Surface Treatment. Das steht f\u00fcr die neue, zukunftsweisende Oberfl\u00e4chentechnologie von Trocellen. Die chemische Modifikation der Schaumoberfl\u00e4che auf Basis umweltfreundlicher und gesundheitlich unbedenklicher Substanzen sorgt f\u00fcr eine signifikante Erh\u00f6hung der Oberfl\u00e4chenspannung, welche sich durch hervorragende Langzeitstabilit\u00e4t auszeichnet. Dadurch bietet die AST-Behandlung gegen\u00fcber g\u00e4ngiger Coronaverfahren entscheidende Vorteile. Unsere Oberfl\u00e4chenveredelung sorgt somit f\u00fcr optimale Adh\u00e4sionseigenschaften und perfekte [&hellip;]<\/p>\n","protected":false},"author":1,"featured_media":1532,"parent":0,"menu_order":0,"comment_status":"open","ping_status":"open","template":"templates\/full-width.php","meta":{"_acf_changed":false,"footnotes":""},"class_list":["post-733","page","type-page","status-publish","has-post-thumbnail","hentry"],"acf":[],"yoast_head":"<!-- This site is optimized with the Yoast SEO plugin v23.5 - https:\/\/yoast.com\/wordpress\/plugins\/seo\/ -->\n<title>Technologie - Adhesive tapes<\/title>\n<meta name=\"robots\" content=\"index, follow, max-snippet:-1, max-image-preview:large, max-video-preview:-1\" \/>\n<link rel=\"canonical\" href=\"https:\/\/adhesive-tapes.trocellen.com\/de\/technologie\/\" \/>\n<meta name=\"twitter:label1\" content=\"Gesch\u00e4tzte Lesezeit\" \/>\n\t<meta name=\"twitter:data1\" content=\"1\u00a0Minute\" \/>\n<script type=\"application\/ld+json\" class=\"yoast-schema-graph\">{\"@context\":\"https:\/\/schema.org\",\"@graph\":[{\"@type\":\"WebPage\",\"@id\":\"https:\/\/adhesive-tapes.trocellen.com\/de\/technologie\/\",\"url\":\"https:\/\/adhesive-tapes.trocellen.com\/de\/technologie\/\",\"name\":\"Technologie - Adhesive tapes\",\"isPartOf\":{\"@id\":\"https:\/\/adhesive-tapes.trocellen.com\/#website\"},\"primaryImageOfPage\":{\"@id\":\"https:\/\/adhesive-tapes.trocellen.com\/de\/technologie\/#primaryimage\"},\"image\":{\"@id\":\"https:\/\/adhesive-tapes.trocellen.com\/de\/technologie\/#primaryimage\"},\"thumbnailUrl\":\"https:\/\/adhesive-tapes.trocellen.com\/wp-content\/uploads\/sites\/4\/2013\/12\/fractals.jpg\",\"datePublished\":\"2013-12-08T16:42:06+00:00\",\"dateModified\":\"2013-12-08T16:42:06+00:00\",\"breadcrumb\":{\"@id\":\"https:\/\/adhesive-tapes.trocellen.com\/de\/technologie\/#breadcrumb\"},\"inLanguage\":\"de\",\"potentialAction\":[{\"@type\":\"ReadAction\",\"target\":[\"https:\/\/adhesive-tapes.trocellen.com\/de\/technologie\/\"]}]},{\"@type\":\"ImageObject\",\"inLanguage\":\"de\",\"@id\":\"https:\/\/adhesive-tapes.trocellen.com\/de\/technologie\/#primaryimage\",\"url\":\"https:\/\/adhesive-tapes.trocellen.com\/wp-content\/uploads\/sites\/4\/2013\/12\/fractals.jpg\",\"contentUrl\":\"https:\/\/adhesive-tapes.trocellen.com\/wp-content\/uploads\/sites\/4\/2013\/12\/fractals.jpg\",\"width\":1920,\"height\":228},{\"@type\":\"BreadcrumbList\",\"@id\":\"https:\/\/adhesive-tapes.trocellen.com\/de\/technologie\/#breadcrumb\",\"itemListElement\":[{\"@type\":\"ListItem\",\"position\":1,\"name\":\"Home\",\"item\":\"https:\/\/adhesive-tapes.trocellen.com\/de\/\"},{\"@type\":\"ListItem\",\"position\":2,\"name\":\"Technologie\"}]},{\"@type\":\"WebSite\",\"@id\":\"https:\/\/adhesive-tapes.trocellen.com\/#website\",\"url\":\"https:\/\/adhesive-tapes.trocellen.com\/\",\"name\":\"Adhesive tapes\",\"description\":\"\",\"potentialAction\":[{\"@type\":\"SearchAction\",\"target\":{\"@type\":\"EntryPoint\",\"urlTemplate\":\"https:\/\/adhesive-tapes.trocellen.com\/?s={search_term_string}\"},\"query-input\":{\"@type\":\"PropertyValueSpecification\",\"valueRequired\":true,\"valueName\":\"search_term_string\"}}],\"inLanguage\":\"de\"}]}<\/script>\n<!-- \/ Yoast SEO plugin. -->","yoast_head_json":{"title":"Technologie - Adhesive tapes","robots":{"index":"index","follow":"follow","max-snippet":"max-snippet:-1","max-image-preview":"max-image-preview:large","max-video-preview":"max-video-preview:-1"},"canonical":"https:\/\/adhesive-tapes.trocellen.com\/de\/technologie\/","twitter_misc":{"Gesch\u00e4tzte Lesezeit":"1\u00a0Minute"},"schema":{"@context":"https:\/\/schema.org","@graph":[{"@type":"WebPage","@id":"https:\/\/adhesive-tapes.trocellen.com\/de\/technologie\/","url":"https:\/\/adhesive-tapes.trocellen.com\/de\/technologie\/","name":"Technologie - Adhesive tapes","isPartOf":{"@id":"https:\/\/adhesive-tapes.trocellen.com\/#website"},"primaryImageOfPage":{"@id":"https:\/\/adhesive-tapes.trocellen.com\/de\/technologie\/#primaryimage"},"image":{"@id":"https:\/\/adhesive-tapes.trocellen.com\/de\/technologie\/#primaryimage"},"thumbnailUrl":"https:\/\/adhesive-tapes.trocellen.com\/wp-content\/uploads\/sites\/4\/2013\/12\/fractals.jpg","datePublished":"2013-12-08T16:42:06+00:00","dateModified":"2013-12-08T16:42:06+00:00","breadcrumb":{"@id":"https:\/\/adhesive-tapes.trocellen.com\/de\/technologie\/#breadcrumb"},"inLanguage":"de","potentialAction":[{"@type":"ReadAction","target":["https:\/\/adhesive-tapes.trocellen.com\/de\/technologie\/"]}]},{"@type":"ImageObject","inLanguage":"de","@id":"https:\/\/adhesive-tapes.trocellen.com\/de\/technologie\/#primaryimage","url":"https:\/\/adhesive-tapes.trocellen.com\/wp-content\/uploads\/sites\/4\/2013\/12\/fractals.jpg","contentUrl":"https:\/\/adhesive-tapes.trocellen.com\/wp-content\/uploads\/sites\/4\/2013\/12\/fractals.jpg","width":1920,"height":228},{"@type":"BreadcrumbList","@id":"https:\/\/adhesive-tapes.trocellen.com\/de\/technologie\/#breadcrumb","itemListElement":[{"@type":"ListItem","position":1,"name":"Home","item":"https:\/\/adhesive-tapes.trocellen.com\/de\/"},{"@type":"ListItem","position":2,"name":"Technologie"}]},{"@type":"WebSite","@id":"https:\/\/adhesive-tapes.trocellen.com\/#website","url":"https:\/\/adhesive-tapes.trocellen.com\/","name":"Adhesive tapes","description":"","potentialAction":[{"@type":"SearchAction","target":{"@type":"EntryPoint","urlTemplate":"https:\/\/adhesive-tapes.trocellen.com\/?s={search_term_string}"},"query-input":{"@type":"PropertyValueSpecification","valueRequired":true,"valueName":"search_term_string"}}],"inLanguage":"de"}]}},"_links":{"self":[{"href":"https:\/\/adhesive-tapes.trocellen.com\/de\/wp-json\/wp\/v2\/pages\/733","targetHints":{"allow":["GET"]}}],"collection":[{"href":"https:\/\/adhesive-tapes.trocellen.com\/de\/wp-json\/wp\/v2\/pages"}],"about":[{"href":"https:\/\/adhesive-tapes.trocellen.com\/de\/wp-json\/wp\/v2\/types\/page"}],"author":[{"embeddable":true,"href":"https:\/\/adhesive-tapes.trocellen.com\/de\/wp-json\/wp\/v2\/users\/1"}],"replies":[{"embeddable":true,"href":"https:\/\/adhesive-tapes.trocellen.com\/de\/wp-json\/wp\/v2\/comments?post=733"}],"version-history":[{"count":0,"href":"https:\/\/adhesive-tapes.trocellen.com\/de\/wp-json\/wp\/v2\/pages\/733\/revisions"}],"wp:featuredmedia":[{"embeddable":true,"href":"https:\/\/adhesive-tapes.trocellen.com\/de\/wp-json\/wp\/v2\/media\/1532"}],"wp:attachment":[{"href":"https:\/\/adhesive-tapes.trocellen.com\/de\/wp-json\/wp\/v2\/media?parent=733"}],"curies":[{"name":"wp","href":"https:\/\/api.w.org\/{rel}","templated":true}]}}