{"id":745,"date":"2013-12-08T16:42:53","date_gmt":"2013-12-08T16:42:53","guid":{"rendered":"https:\/\/adhesive-tapes.usernet.hu\/flexoprint\/"},"modified":"2013-12-08T16:42:53","modified_gmt":"2013-12-08T16:42:53","slug":"flexoprint","status":"publish","type":"page","link":"https:\/\/adhesive-tapes.trocellen.com\/de\/anwendungen\/flexoprint\/","title":{"rendered":"Flexoprint"},"content":{"rendered":"<h2>Schaumstoffe f\u00fcr Flexodruck-Klischeeklebeb\u00e4nder<\/h2>\n<p>Die Flexodruckindustrie entwickelt sich st\u00e4ndig weiter und damit steigt auch die Nachfrage nach Flexodruck-Klischeeb\u00e4ndern mit einer hervorragenden Leistungsst\u00e4rke und Best\u00e4ndigkeit. TROCELLEN bietet ein eigens f\u00fcr diesen Markt entwickeltes Produktportfolio und technische Unterst\u00fctzung f\u00fcr beste Druckergebnisse dank passend abgestimmter H\u00e4rtegrade f\u00fcr Klischeeklebeb\u00e4nder. Schaumstoffe von TROCELLEN als Tr\u00e4germaterial f\u00fcr Klischeeklebeb\u00e4nder bieten exzellente Produkteigenschaften und dauerhafte Leistungsf\u00e4higkeit und erf\u00fcllen so die hohen Anforderungen dieser Industrie. Sie sind perfekt auf die individuellen Prozesse und Bed\u00fcrfnisse unserer Kunden zugeschnitten.<\/p>\n<h3>Anwendungsbereiche<\/h3>\n<p><img loading=\"lazy\" decoding=\"async\" class=\"alignright size-medium wp-image-588\" src=\"https:\/\/adhesive-tapes.trocellen.com\/wp-content\/uploads\/sites\/4\/2013\/12\/adhesive_tapes-flexoprint_001-300x169.png\" alt=\"\" width=\"300\" height=\"169\" srcset=\"https:\/\/adhesive-tapes.trocellen.com\/wp-content\/uploads\/sites\/4\/2013\/12\/adhesive_tapes-flexoprint_001-300x169.png 300w, https:\/\/adhesive-tapes.trocellen.com\/wp-content\/uploads\/sites\/4\/2013\/12\/adhesive_tapes-flexoprint_001-768x432.png 768w, https:\/\/adhesive-tapes.trocellen.com\/wp-content\/uploads\/sites\/4\/2013\/12\/adhesive_tapes-flexoprint_001-1024x576.png 1024w\" sizes=\"auto, (max-width: 300px) 100vw, 300px\" \/>Unsere Polyethylenschaumstoffe sind optimal auf die Produktionsprozesse f\u00fcr qualitativ hochwertige Klischeeklebeb\u00e4nder abgestimmt.<\/p>\n<h3>Eingenschaften<\/h3>\n<p>Wir beraten Sie gerne im Bezug auf Materialanforderungen, wie zum Beispiel:<\/p>\n<ul>\n<li>kundenspezifische Kompressionswerte<\/li>\n<li>kundenspezifische Werkstoffrezepturen<\/li>\n<\/ul>\n<p>Optional erh\u00e4ltlich mit ein- oder beidseitiger Coronabehandlung und langzeitstabilem <a href=\"https:\/\/trocellen.com\/de\/technology\/advanced-surface-treatment\/\">AST<\/a>.<\/p>\n<h3>Vorteile<\/h3>\n<ul>\n<li>Glatte Oberfl\u00e4che, vernetzte &amp; geschlossenzellige Struktur<\/li>\n<li>Homogene Zellverteilung und -struktur<\/li>\n<li>Sehr gute Kompatibilit\u00e4t zu Klebstoffsystemen<\/li>\n<li>Optimale Widerstandsf\u00e4higkeit<\/li>\n<li>Ausgezeichnete Druckverteilung pro Druckpunkt<\/li>\n<\/ul>\n","protected":false},"excerpt":{"rendered":"<p>Schaumstoffe f\u00fcr Flexodruck-Klischeeklebeb\u00e4nder Die Flexodruckindustrie entwickelt sich st\u00e4ndig weiter und damit steigt auch die Nachfrage nach Flexodruck-Klischeeb\u00e4ndern mit einer hervorragenden Leistungsst\u00e4rke und Best\u00e4ndigkeit. TROCELLEN bietet ein eigens f\u00fcr diesen Markt entwickeltes Produktportfolio und technische Unterst\u00fctzung f\u00fcr beste Druckergebnisse dank passend abgestimmter H\u00e4rtegrade f\u00fcr Klischeeklebeb\u00e4nder. Schaumstoffe von TROCELLEN als Tr\u00e4germaterial f\u00fcr Klischeeklebeb\u00e4nder bieten exzellente Produkteigenschaften und [&hellip;]<\/p>\n","protected":false},"author":1,"featured_media":0,"parent":739,"menu_order":1,"comment_status":"open","ping_status":"open","template":"","meta":{"_acf_changed":false,"footnotes":""},"class_list":["post-745","page","type-page","status-publish","hentry"],"acf":[],"yoast_head":"<!-- This site is optimized with the Yoast SEO plugin v23.5 - https:\/\/yoast.com\/wordpress\/plugins\/seo\/ -->\n<title>Flexoprint - Adhesive tapes<\/title>\n<meta name=\"robots\" content=\"index, follow, max-snippet:-1, max-image-preview:large, max-video-preview:-1\" \/>\n<link rel=\"canonical\" href=\"https:\/\/adhesive-tapes.trocellen.com\/de\/anwendungen\/flexoprint\/\" \/>\n<meta name=\"twitter:label1\" content=\"Gesch\u00e4tzte Lesezeit\" \/>\n\t<meta name=\"twitter:data1\" content=\"1\u00a0Minute\" \/>\n<script type=\"application\/ld+json\" class=\"yoast-schema-graph\">{\"@context\":\"https:\/\/schema.org\",\"@graph\":[{\"@type\":\"WebPage\",\"@id\":\"https:\/\/adhesive-tapes.trocellen.com\/de\/anwendungen\/flexoprint\/\",\"url\":\"https:\/\/adhesive-tapes.trocellen.com\/de\/anwendungen\/flexoprint\/\",\"name\":\"Flexoprint - Adhesive tapes\",\"isPartOf\":{\"@id\":\"https:\/\/adhesive-tapes.trocellen.com\/#website\"},\"primaryImageOfPage\":{\"@id\":\"https:\/\/adhesive-tapes.trocellen.com\/de\/anwendungen\/flexoprint\/#primaryimage\"},\"image\":{\"@id\":\"https:\/\/adhesive-tapes.trocellen.com\/de\/anwendungen\/flexoprint\/#primaryimage\"},\"thumbnailUrl\":\"https:\/\/adhesive-tapes.trocellen.com\/wp-content\/uploads\/sites\/4\/2013\/12\/adhesive_tapes-flexoprint_001-300x169.png\",\"datePublished\":\"2013-12-08T16:42:53+00:00\",\"dateModified\":\"2013-12-08T16:42:53+00:00\",\"breadcrumb\":{\"@id\":\"https:\/\/adhesive-tapes.trocellen.com\/de\/anwendungen\/flexoprint\/#breadcrumb\"},\"inLanguage\":\"de\",\"potentialAction\":[{\"@type\":\"ReadAction\",\"target\":[\"https:\/\/adhesive-tapes.trocellen.com\/de\/anwendungen\/flexoprint\/\"]}]},{\"@type\":\"ImageObject\",\"inLanguage\":\"de\",\"@id\":\"https:\/\/adhesive-tapes.trocellen.com\/de\/anwendungen\/flexoprint\/#primaryimage\",\"url\":\"https:\/\/adhesive-tapes.trocellen.com\/wp-content\/uploads\/sites\/4\/2013\/12\/adhesive_tapes-flexoprint_001-300x169.png\",\"contentUrl\":\"https:\/\/adhesive-tapes.trocellen.com\/wp-content\/uploads\/sites\/4\/2013\/12\/adhesive_tapes-flexoprint_001-300x169.png\"},{\"@type\":\"BreadcrumbList\",\"@id\":\"https:\/\/adhesive-tapes.trocellen.com\/de\/anwendungen\/flexoprint\/#breadcrumb\",\"itemListElement\":[{\"@type\":\"ListItem\",\"position\":1,\"name\":\"Home\",\"item\":\"https:\/\/adhesive-tapes.trocellen.com\/de\/\"},{\"@type\":\"ListItem\",\"position\":2,\"name\":\"Anwendungen\",\"item\":\"https:\/\/adhesive-tapes.trocellen.com\/de\/anwendungen\/\"},{\"@type\":\"ListItem\",\"position\":3,\"name\":\"Flexoprint\"}]},{\"@type\":\"WebSite\",\"@id\":\"https:\/\/adhesive-tapes.trocellen.com\/#website\",\"url\":\"https:\/\/adhesive-tapes.trocellen.com\/\",\"name\":\"Adhesive tapes\",\"description\":\"\",\"potentialAction\":[{\"@type\":\"SearchAction\",\"target\":{\"@type\":\"EntryPoint\",\"urlTemplate\":\"https:\/\/adhesive-tapes.trocellen.com\/?s={search_term_string}\"},\"query-input\":{\"@type\":\"PropertyValueSpecification\",\"valueRequired\":true,\"valueName\":\"search_term_string\"}}],\"inLanguage\":\"de\"}]}<\/script>\n<!-- \/ Yoast SEO plugin. -->","yoast_head_json":{"title":"Flexoprint - Adhesive tapes","robots":{"index":"index","follow":"follow","max-snippet":"max-snippet:-1","max-image-preview":"max-image-preview:large","max-video-preview":"max-video-preview:-1"},"canonical":"https:\/\/adhesive-tapes.trocellen.com\/de\/anwendungen\/flexoprint\/","twitter_misc":{"Gesch\u00e4tzte Lesezeit":"1\u00a0Minute"},"schema":{"@context":"https:\/\/schema.org","@graph":[{"@type":"WebPage","@id":"https:\/\/adhesive-tapes.trocellen.com\/de\/anwendungen\/flexoprint\/","url":"https:\/\/adhesive-tapes.trocellen.com\/de\/anwendungen\/flexoprint\/","name":"Flexoprint - Adhesive tapes","isPartOf":{"@id":"https:\/\/adhesive-tapes.trocellen.com\/#website"},"primaryImageOfPage":{"@id":"https:\/\/adhesive-tapes.trocellen.com\/de\/anwendungen\/flexoprint\/#primaryimage"},"image":{"@id":"https:\/\/adhesive-tapes.trocellen.com\/de\/anwendungen\/flexoprint\/#primaryimage"},"thumbnailUrl":"https:\/\/adhesive-tapes.trocellen.com\/wp-content\/uploads\/sites\/4\/2013\/12\/adhesive_tapes-flexoprint_001-300x169.png","datePublished":"2013-12-08T16:42:53+00:00","dateModified":"2013-12-08T16:42:53+00:00","breadcrumb":{"@id":"https:\/\/adhesive-tapes.trocellen.com\/de\/anwendungen\/flexoprint\/#breadcrumb"},"inLanguage":"de","potentialAction":[{"@type":"ReadAction","target":["https:\/\/adhesive-tapes.trocellen.com\/de\/anwendungen\/flexoprint\/"]}]},{"@type":"ImageObject","inLanguage":"de","@id":"https:\/\/adhesive-tapes.trocellen.com\/de\/anwendungen\/flexoprint\/#primaryimage","url":"https:\/\/adhesive-tapes.trocellen.com\/wp-content\/uploads\/sites\/4\/2013\/12\/adhesive_tapes-flexoprint_001-300x169.png","contentUrl":"https:\/\/adhesive-tapes.trocellen.com\/wp-content\/uploads\/sites\/4\/2013\/12\/adhesive_tapes-flexoprint_001-300x169.png"},{"@type":"BreadcrumbList","@id":"https:\/\/adhesive-tapes.trocellen.com\/de\/anwendungen\/flexoprint\/#breadcrumb","itemListElement":[{"@type":"ListItem","position":1,"name":"Home","item":"https:\/\/adhesive-tapes.trocellen.com\/de\/"},{"@type":"ListItem","position":2,"name":"Anwendungen","item":"https:\/\/adhesive-tapes.trocellen.com\/de\/anwendungen\/"},{"@type":"ListItem","position":3,"name":"Flexoprint"}]},{"@type":"WebSite","@id":"https:\/\/adhesive-tapes.trocellen.com\/#website","url":"https:\/\/adhesive-tapes.trocellen.com\/","name":"Adhesive tapes","description":"","potentialAction":[{"@type":"SearchAction","target":{"@type":"EntryPoint","urlTemplate":"https:\/\/adhesive-tapes.trocellen.com\/?s={search_term_string}"},"query-input":{"@type":"PropertyValueSpecification","valueRequired":true,"valueName":"search_term_string"}}],"inLanguage":"de"}]}},"_links":{"self":[{"href":"https:\/\/adhesive-tapes.trocellen.com\/de\/wp-json\/wp\/v2\/pages\/745","targetHints":{"allow":["GET"]}}],"collection":[{"href":"https:\/\/adhesive-tapes.trocellen.com\/de\/wp-json\/wp\/v2\/pages"}],"about":[{"href":"https:\/\/adhesive-tapes.trocellen.com\/de\/wp-json\/wp\/v2\/types\/page"}],"author":[{"embeddable":true,"href":"https:\/\/adhesive-tapes.trocellen.com\/de\/wp-json\/wp\/v2\/users\/1"}],"replies":[{"embeddable":true,"href":"https:\/\/adhesive-tapes.trocellen.com\/de\/wp-json\/wp\/v2\/comments?post=745"}],"version-history":[{"count":0,"href":"https:\/\/adhesive-tapes.trocellen.com\/de\/wp-json\/wp\/v2\/pages\/745\/revisions"}],"up":[{"embeddable":true,"href":"https:\/\/adhesive-tapes.trocellen.com\/de\/wp-json\/wp\/v2\/pages\/739"}],"wp:attachment":[{"href":"https:\/\/adhesive-tapes.trocellen.com\/de\/wp-json\/wp\/v2\/media?parent=745"}],"curies":[{"name":"wp","href":"https:\/\/api.w.org\/{rel}","templated":true}]}}