{"id":757,"date":"2013-12-08T16:43:20","date_gmt":"2013-12-08T16:43:20","guid":{"rendered":"https:\/\/adhesive-tapes.usernet.hu\/do-it-yourself\/"},"modified":"2013-12-08T16:43:20","modified_gmt":"2013-12-08T16:43:20","slug":"do-it-yourself","status":"publish","type":"page","link":"https:\/\/adhesive-tapes.trocellen.com\/de\/anwendungen\/do-it-yourself\/","title":{"rendered":"Do it yourself"},"content":{"rendered":"<h2>PE-Schaumstoffe f\u00fcr Selbstklebel\u00f6sungen<\/h2>\n<p>Klebeb\u00e4nder ersetzen zunehmend traditionelle Methoden der Befestigung. Innovative und interessante Anwendungen bieten neue M\u00f6glichkeiten. Gleichzeitig wachsen die Anforderungen an hochwertige Tr\u00e4germaterialien. Montageklebeb\u00e4nder mit Polyethylen-Schaumstofftr\u00e4gern gew\u00e4hrleisten aufgrund ihrer einzigartigen Eigenschaften wie hoher Flexibilit\u00e4t und Kompressibilit\u00e4t die Verklebung von unebenen, rauen oder schwierigen Oberfl\u00e4chen.<\/p>\n<h3>Anwendungsbereiche<\/h3>\n<p><img loading=\"lazy\" decoding=\"async\" class=\"alignright size-medium wp-image-595\" src=\"https:\/\/adhesive-tapes.trocellen.com\/wp-content\/uploads\/sites\/4\/2013\/12\/adhesive_tapes-mirror_001-300x169.png\" alt=\"\" width=\"300\" height=\"169\" srcset=\"https:\/\/adhesive-tapes.trocellen.com\/wp-content\/uploads\/sites\/4\/2013\/12\/adhesive_tapes-mirror_001-300x169.png 300w, https:\/\/adhesive-tapes.trocellen.com\/wp-content\/uploads\/sites\/4\/2013\/12\/adhesive_tapes-mirror_001-768x432.png 768w, https:\/\/adhesive-tapes.trocellen.com\/wp-content\/uploads\/sites\/4\/2013\/12\/adhesive_tapes-mirror_001-1024x576.png 1024w\" sizes=\"auto, (max-width: 300px) 100vw, 300px\" \/>Polyethylen-Schaumstoffe von TROCELLEN dienen in folgenden Anwendungen als Tr\u00e4germaterial:<\/p>\n<ul>\n<li>Selbstklebeb\u00e4nder f\u00fcr Fensterprofile und -streifen<\/li>\n<li>Selbstklebeb\u00e4nder zur Befestigung von Wandhaken<\/li>\n<li>Selbstklebeb\u00e4nder zur Befestigung von Spiegeln<\/li>\n<li>selbstklebende Stanzteile<\/li>\n<\/ul>\n<h3>Produktpalette<\/h3>\n<ul>\n<li>Damit Sie das Material finden, dass f\u00fcr Ihre Anwendung am besten geeignet ist, beraten wir Sie gerne in Bezug auf Materialanforderungen, wie beispielsweise erh\u00f6hte Weichheit.<\/li>\n<li>Optional erh\u00e4ltlich mit ein- oder beidseitiger Coronabehandlung und <a href=\"https:\/\/trocellen.com\/de\/technology\/advanced-surface-treatment\/\">langzeitstabilem AST<\/a>.<\/li>\n<\/ul>\n<h3>Vorteile<\/h3>\n<p><img loading=\"lazy\" decoding=\"async\" class=\"alignright size-medium wp-image-594\" src=\"https:\/\/adhesive-tapes.trocellen.com\/wp-content\/uploads\/sites\/4\/2013\/12\/adhesive_tapes-accessories_001-300x204.png\" alt=\"\" width=\"300\" height=\"204\" srcset=\"https:\/\/adhesive-tapes.trocellen.com\/wp-content\/uploads\/sites\/4\/2013\/12\/adhesive_tapes-accessories_001-300x204.png 300w, https:\/\/adhesive-tapes.trocellen.com\/wp-content\/uploads\/sites\/4\/2013\/12\/adhesive_tapes-accessories_001-768x523.png 768w, https:\/\/adhesive-tapes.trocellen.com\/wp-content\/uploads\/sites\/4\/2013\/12\/adhesive_tapes-accessories_001-1024x697.png 1024w\" sizes=\"auto, (max-width: 300px) 100vw, 300px\" \/><\/p>\n<ul>\n<li>Flexibel und formanpassungsf\u00e4hig<\/li>\n<li>Ideal f\u00fcr unebene Fl\u00e4chen<\/li>\n<li>Optimale Widerstandsf\u00e4higkeit<\/li>\n<li>Ausgezeichnete Versiegelung<\/li>\n<li>Glatte Oberfl\u00e4che, vernetzte &amp; geschlossenzellige Struktur<\/li>\n<li>Sehr gute Kompatibilit\u00e4t zu Klebstoffsystemen<\/li>\n<li>Gut beschicht- und modifizierbar<\/li>\n<li>Wasser- und luftdicht<\/li>\n<\/ul>\n","protected":false},"excerpt":{"rendered":"<p>PE-Schaumstoffe f\u00fcr Selbstklebel\u00f6sungen Klebeb\u00e4nder ersetzen zunehmend traditionelle Methoden der Befestigung. Innovative und interessante Anwendungen bieten neue M\u00f6glichkeiten. Gleichzeitig wachsen die Anforderungen an hochwertige Tr\u00e4germaterialien. Montageklebeb\u00e4nder mit Polyethylen-Schaumstofftr\u00e4gern gew\u00e4hrleisten aufgrund ihrer einzigartigen Eigenschaften wie hoher Flexibilit\u00e4t und Kompressibilit\u00e4t die Verklebung von unebenen, rauen oder schwierigen Oberfl\u00e4chen. Anwendungsbereiche Polyethylen-Schaumstoffe von TROCELLEN dienen in folgenden Anwendungen als Tr\u00e4germaterial: [&hellip;]<\/p>\n","protected":false},"author":1,"featured_media":0,"parent":739,"menu_order":3,"comment_status":"open","ping_status":"open","template":"","meta":{"_acf_changed":false,"footnotes":""},"class_list":["post-757","page","type-page","status-publish","hentry"],"acf":[],"yoast_head":"<!-- This site is optimized with the Yoast SEO plugin v23.5 - https:\/\/yoast.com\/wordpress\/plugins\/seo\/ -->\n<title>Do it yourself - Adhesive tapes<\/title>\n<meta name=\"robots\" content=\"index, follow, max-snippet:-1, max-image-preview:large, max-video-preview:-1\" \/>\n<link rel=\"canonical\" href=\"https:\/\/adhesive-tapes.trocellen.com\/de\/anwendungen\/do-it-yourself\/\" \/>\n<meta name=\"twitter:label1\" content=\"Gesch\u00e4tzte Lesezeit\" \/>\n\t<meta name=\"twitter:data1\" content=\"1\u00a0Minute\" \/>\n<script type=\"application\/ld+json\" class=\"yoast-schema-graph\">{\"@context\":\"https:\/\/schema.org\",\"@graph\":[{\"@type\":\"WebPage\",\"@id\":\"https:\/\/adhesive-tapes.trocellen.com\/de\/anwendungen\/do-it-yourself\/\",\"url\":\"https:\/\/adhesive-tapes.trocellen.com\/de\/anwendungen\/do-it-yourself\/\",\"name\":\"Do it yourself - Adhesive tapes\",\"isPartOf\":{\"@id\":\"https:\/\/adhesive-tapes.trocellen.com\/#website\"},\"primaryImageOfPage\":{\"@id\":\"https:\/\/adhesive-tapes.trocellen.com\/de\/anwendungen\/do-it-yourself\/#primaryimage\"},\"image\":{\"@id\":\"https:\/\/adhesive-tapes.trocellen.com\/de\/anwendungen\/do-it-yourself\/#primaryimage\"},\"thumbnailUrl\":\"https:\/\/adhesive-tapes.trocellen.com\/wp-content\/uploads\/sites\/4\/2013\/12\/adhesive_tapes-mirror_001-300x169.png\",\"datePublished\":\"2013-12-08T16:43:20+00:00\",\"dateModified\":\"2013-12-08T16:43:20+00:00\",\"breadcrumb\":{\"@id\":\"https:\/\/adhesive-tapes.trocellen.com\/de\/anwendungen\/do-it-yourself\/#breadcrumb\"},\"inLanguage\":\"de\",\"potentialAction\":[{\"@type\":\"ReadAction\",\"target\":[\"https:\/\/adhesive-tapes.trocellen.com\/de\/anwendungen\/do-it-yourself\/\"]}]},{\"@type\":\"ImageObject\",\"inLanguage\":\"de\",\"@id\":\"https:\/\/adhesive-tapes.trocellen.com\/de\/anwendungen\/do-it-yourself\/#primaryimage\",\"url\":\"https:\/\/adhesive-tapes.trocellen.com\/wp-content\/uploads\/sites\/4\/2013\/12\/adhesive_tapes-mirror_001-300x169.png\",\"contentUrl\":\"https:\/\/adhesive-tapes.trocellen.com\/wp-content\/uploads\/sites\/4\/2013\/12\/adhesive_tapes-mirror_001-300x169.png\"},{\"@type\":\"BreadcrumbList\",\"@id\":\"https:\/\/adhesive-tapes.trocellen.com\/de\/anwendungen\/do-it-yourself\/#breadcrumb\",\"itemListElement\":[{\"@type\":\"ListItem\",\"position\":1,\"name\":\"Home\",\"item\":\"https:\/\/adhesive-tapes.trocellen.com\/de\/\"},{\"@type\":\"ListItem\",\"position\":2,\"name\":\"Anwendungen\",\"item\":\"https:\/\/adhesive-tapes.trocellen.com\/de\/anwendungen\/\"},{\"@type\":\"ListItem\",\"position\":3,\"name\":\"Do it yourself\"}]},{\"@type\":\"WebSite\",\"@id\":\"https:\/\/adhesive-tapes.trocellen.com\/#website\",\"url\":\"https:\/\/adhesive-tapes.trocellen.com\/\",\"name\":\"Adhesive tapes\",\"description\":\"\",\"potentialAction\":[{\"@type\":\"SearchAction\",\"target\":{\"@type\":\"EntryPoint\",\"urlTemplate\":\"https:\/\/adhesive-tapes.trocellen.com\/?s={search_term_string}\"},\"query-input\":{\"@type\":\"PropertyValueSpecification\",\"valueRequired\":true,\"valueName\":\"search_term_string\"}}],\"inLanguage\":\"de\"}]}<\/script>\n<!-- \/ Yoast SEO plugin. -->","yoast_head_json":{"title":"Do it yourself - Adhesive tapes","robots":{"index":"index","follow":"follow","max-snippet":"max-snippet:-1","max-image-preview":"max-image-preview:large","max-video-preview":"max-video-preview:-1"},"canonical":"https:\/\/adhesive-tapes.trocellen.com\/de\/anwendungen\/do-it-yourself\/","twitter_misc":{"Gesch\u00e4tzte Lesezeit":"1\u00a0Minute"},"schema":{"@context":"https:\/\/schema.org","@graph":[{"@type":"WebPage","@id":"https:\/\/adhesive-tapes.trocellen.com\/de\/anwendungen\/do-it-yourself\/","url":"https:\/\/adhesive-tapes.trocellen.com\/de\/anwendungen\/do-it-yourself\/","name":"Do it yourself - Adhesive tapes","isPartOf":{"@id":"https:\/\/adhesive-tapes.trocellen.com\/#website"},"primaryImageOfPage":{"@id":"https:\/\/adhesive-tapes.trocellen.com\/de\/anwendungen\/do-it-yourself\/#primaryimage"},"image":{"@id":"https:\/\/adhesive-tapes.trocellen.com\/de\/anwendungen\/do-it-yourself\/#primaryimage"},"thumbnailUrl":"https:\/\/adhesive-tapes.trocellen.com\/wp-content\/uploads\/sites\/4\/2013\/12\/adhesive_tapes-mirror_001-300x169.png","datePublished":"2013-12-08T16:43:20+00:00","dateModified":"2013-12-08T16:43:20+00:00","breadcrumb":{"@id":"https:\/\/adhesive-tapes.trocellen.com\/de\/anwendungen\/do-it-yourself\/#breadcrumb"},"inLanguage":"de","potentialAction":[{"@type":"ReadAction","target":["https:\/\/adhesive-tapes.trocellen.com\/de\/anwendungen\/do-it-yourself\/"]}]},{"@type":"ImageObject","inLanguage":"de","@id":"https:\/\/adhesive-tapes.trocellen.com\/de\/anwendungen\/do-it-yourself\/#primaryimage","url":"https:\/\/adhesive-tapes.trocellen.com\/wp-content\/uploads\/sites\/4\/2013\/12\/adhesive_tapes-mirror_001-300x169.png","contentUrl":"https:\/\/adhesive-tapes.trocellen.com\/wp-content\/uploads\/sites\/4\/2013\/12\/adhesive_tapes-mirror_001-300x169.png"},{"@type":"BreadcrumbList","@id":"https:\/\/adhesive-tapes.trocellen.com\/de\/anwendungen\/do-it-yourself\/#breadcrumb","itemListElement":[{"@type":"ListItem","position":1,"name":"Home","item":"https:\/\/adhesive-tapes.trocellen.com\/de\/"},{"@type":"ListItem","position":2,"name":"Anwendungen","item":"https:\/\/adhesive-tapes.trocellen.com\/de\/anwendungen\/"},{"@type":"ListItem","position":3,"name":"Do it yourself"}]},{"@type":"WebSite","@id":"https:\/\/adhesive-tapes.trocellen.com\/#website","url":"https:\/\/adhesive-tapes.trocellen.com\/","name":"Adhesive tapes","description":"","potentialAction":[{"@type":"SearchAction","target":{"@type":"EntryPoint","urlTemplate":"https:\/\/adhesive-tapes.trocellen.com\/?s={search_term_string}"},"query-input":{"@type":"PropertyValueSpecification","valueRequired":true,"valueName":"search_term_string"}}],"inLanguage":"de"}]}},"_links":{"self":[{"href":"https:\/\/adhesive-tapes.trocellen.com\/de\/wp-json\/wp\/v2\/pages\/757","targetHints":{"allow":["GET"]}}],"collection":[{"href":"https:\/\/adhesive-tapes.trocellen.com\/de\/wp-json\/wp\/v2\/pages"}],"about":[{"href":"https:\/\/adhesive-tapes.trocellen.com\/de\/wp-json\/wp\/v2\/types\/page"}],"author":[{"embeddable":true,"href":"https:\/\/adhesive-tapes.trocellen.com\/de\/wp-json\/wp\/v2\/users\/1"}],"replies":[{"embeddable":true,"href":"https:\/\/adhesive-tapes.trocellen.com\/de\/wp-json\/wp\/v2\/comments?post=757"}],"version-history":[{"count":0,"href":"https:\/\/adhesive-tapes.trocellen.com\/de\/wp-json\/wp\/v2\/pages\/757\/revisions"}],"up":[{"embeddable":true,"href":"https:\/\/adhesive-tapes.trocellen.com\/de\/wp-json\/wp\/v2\/pages\/739"}],"wp:attachment":[{"href":"https:\/\/adhesive-tapes.trocellen.com\/de\/wp-json\/wp\/v2\/media?parent=757"}],"curies":[{"name":"wp","href":"https:\/\/api.w.org\/{rel}","templated":true}]}}