{"id":763,"date":"2013-12-08T16:43:36","date_gmt":"2013-12-08T16:43:36","guid":{"rendered":"https:\/\/adhesive-tapes.usernet.hu\/automobilindustrie\/"},"modified":"2013-12-08T16:43:36","modified_gmt":"2013-12-08T16:43:36","slug":"automobilindustrie","status":"publish","type":"page","link":"https:\/\/adhesive-tapes.trocellen.com\/de\/anwendungen\/automobilindustrie\/","title":{"rendered":"Automobilindustrie"},"content":{"rendered":"<h2>Schaumstoffe f\u00fcr Selbstklebeanwendungen<\/h2>\n<p>Die Welt der Klebel\u00f6sungen entwickelt sich st\u00e4ndig weiter. In der Automobilindustrie gibt es unz\u00e4hlige Einsatzm\u00f6glichkeiten f\u00fcr qualitativ hochwertige Schaumstoffklebeb\u00e4nder f\u00fcr verschiedenste Anwendungsbereiche. Zur Gewichtsreduktion, Ger\u00e4uschd\u00e4mmung, Isolierung oder zur Vereinfachung des Montageprozesses &#8211; Schaumstoffklebeb\u00e4nder kommen zur Befestigung bei vielen Anwendungen der Automobilindustrie zum Einsatz.<\/p>\n<h3>Anwendungsbereiche<\/h3>\n<p><img loading=\"lazy\" decoding=\"async\" class=\"alignright size-medium wp-image-597\" src=\"https:\/\/adhesive-tapes.trocellen.com\/wp-content\/uploads\/sites\/4\/2013\/12\/adhesive_tapes-cartext_001-300x204.png\" alt=\"\" width=\"300\" height=\"204\" srcset=\"https:\/\/adhesive-tapes.trocellen.com\/wp-content\/uploads\/sites\/4\/2013\/12\/adhesive_tapes-cartext_001-300x204.png 300w, https:\/\/adhesive-tapes.trocellen.com\/wp-content\/uploads\/sites\/4\/2013\/12\/adhesive_tapes-cartext_001-768x523.png 768w, https:\/\/adhesive-tapes.trocellen.com\/wp-content\/uploads\/sites\/4\/2013\/12\/adhesive_tapes-cartext_001.png 1024w\" sizes=\"auto, (max-width: 300px) 100vw, 300px\" \/>Die prozessoptimierten Polyethylenschaumstoffe von TROCELLEN werden unter anderem f\u00fcr folgende Anwendungen genutzt:<\/p>\n<ul>\n<li>Seitenspiegel<\/li>\n<li>Embleme<\/li>\n<li>Dachhimmel<\/li>\n<li>Dichtungs-Stanzteile<\/li>\n<li>Dekorstreifen<\/li>\n<\/ul>\n<h3>Produktpalette<\/h3>\n<p>Wir beraten Sie gerne in Bezug auf Materialanforderungen, wie beispielsweise<\/p>\n<ul>\n<li>erh\u00f6hte Weichheit<\/li>\n<li>verminderte Steifigkeit<\/li>\n<li>hohe Bruchdehnung<\/li>\n<li>besondere Hitzebest\u00e4ndigkeit<\/li>\n<\/ul>\n<p>Optional erh\u00e4ltlich mit ein- oder beidseitiger Coronabehandlung oder <a href=\"https:\/\/trocellen.com\/de\/technology\/advanced-surface-treatment\/\">langzeitstabilem AST<\/a>.<\/p>\n<h3>Vorteile<\/h3>\n<p><img loading=\"lazy\" decoding=\"async\" class=\"size-medium wp-image-52 alignright\" src=\"https:\/\/adhesive-tapes.trocellen.com\/wp-content\/uploads\/sites\/4\/2013\/12\/automotive2-300x193.jpg\" alt=\"automotive2\" width=\"220\" height=\"141\" srcset=\"https:\/\/adhesive-tapes.trocellen.com\/wp-content\/uploads\/sites\/4\/2013\/12\/automotive2-300x193.jpg 300w, https:\/\/adhesive-tapes.trocellen.com\/wp-content\/uploads\/sites\/4\/2013\/12\/automotive2.jpg 369w\" sizes=\"auto, (max-width: 220px) 100vw, 220px\" \/><\/p>\n<ul>\n<li>Glatte Oberfl\u00e4che, vernetzte &amp; geschlossenzellige Struktur<\/li>\n<li>Gut beschicht- und stanzbar<\/li>\n<li>Ausgezeichneter Haftverbund<\/li>\n<li>Sehr niedrige Dickentoleranzen<\/li>\n<li>Flexibel und formanpassungsf\u00e4hig<\/li>\n<li>Sehr gute Passgenauigkeit<\/li>\n<li>Optimale Belastbarkeit<\/li>\n<li>Exzellente Dichtungsfunktion<\/li>\n<\/ul>\n","protected":false},"excerpt":{"rendered":"<p>Schaumstoffe f\u00fcr Selbstklebeanwendungen Die Welt der Klebel\u00f6sungen entwickelt sich st\u00e4ndig weiter. In der Automobilindustrie gibt es unz\u00e4hlige Einsatzm\u00f6glichkeiten f\u00fcr qualitativ hochwertige Schaumstoffklebeb\u00e4nder f\u00fcr verschiedenste Anwendungsbereiche. Zur Gewichtsreduktion, Ger\u00e4uschd\u00e4mmung, Isolierung oder zur Vereinfachung des Montageprozesses &#8211; Schaumstoffklebeb\u00e4nder kommen zur Befestigung bei vielen Anwendungen der Automobilindustrie zum Einsatz. Anwendungsbereiche Die prozessoptimierten Polyethylenschaumstoffe von TROCELLEN werden unter anderem [&hellip;]<\/p>\n","protected":false},"author":1,"featured_media":0,"parent":739,"menu_order":4,"comment_status":"open","ping_status":"open","template":"","meta":{"_acf_changed":false,"footnotes":""},"class_list":["post-763","page","type-page","status-publish","hentry"],"acf":[],"yoast_head":"<!-- This site is optimized with the Yoast SEO plugin v23.5 - https:\/\/yoast.com\/wordpress\/plugins\/seo\/ -->\n<title>Automobilindustrie - Adhesive tapes<\/title>\n<meta name=\"robots\" content=\"index, follow, max-snippet:-1, max-image-preview:large, max-video-preview:-1\" \/>\n<link rel=\"canonical\" href=\"https:\/\/adhesive-tapes.trocellen.com\/de\/anwendungen\/automobilindustrie\/\" \/>\n<meta name=\"twitter:label1\" content=\"Gesch\u00e4tzte Lesezeit\" \/>\n\t<meta name=\"twitter:data1\" content=\"1\u00a0Minute\" \/>\n<script type=\"application\/ld+json\" class=\"yoast-schema-graph\">{\"@context\":\"https:\/\/schema.org\",\"@graph\":[{\"@type\":\"WebPage\",\"@id\":\"https:\/\/adhesive-tapes.trocellen.com\/de\/anwendungen\/automobilindustrie\/\",\"url\":\"https:\/\/adhesive-tapes.trocellen.com\/de\/anwendungen\/automobilindustrie\/\",\"name\":\"Automobilindustrie - Adhesive tapes\",\"isPartOf\":{\"@id\":\"https:\/\/adhesive-tapes.trocellen.com\/#website\"},\"primaryImageOfPage\":{\"@id\":\"https:\/\/adhesive-tapes.trocellen.com\/de\/anwendungen\/automobilindustrie\/#primaryimage\"},\"image\":{\"@id\":\"https:\/\/adhesive-tapes.trocellen.com\/de\/anwendungen\/automobilindustrie\/#primaryimage\"},\"thumbnailUrl\":\"https:\/\/adhesive-tapes.trocellen.com\/wp-content\/uploads\/sites\/4\/2013\/12\/adhesive_tapes-cartext_001-300x204.png\",\"datePublished\":\"2013-12-08T16:43:36+00:00\",\"dateModified\":\"2013-12-08T16:43:36+00:00\",\"breadcrumb\":{\"@id\":\"https:\/\/adhesive-tapes.trocellen.com\/de\/anwendungen\/automobilindustrie\/#breadcrumb\"},\"inLanguage\":\"de\",\"potentialAction\":[{\"@type\":\"ReadAction\",\"target\":[\"https:\/\/adhesive-tapes.trocellen.com\/de\/anwendungen\/automobilindustrie\/\"]}]},{\"@type\":\"ImageObject\",\"inLanguage\":\"de\",\"@id\":\"https:\/\/adhesive-tapes.trocellen.com\/de\/anwendungen\/automobilindustrie\/#primaryimage\",\"url\":\"https:\/\/adhesive-tapes.trocellen.com\/wp-content\/uploads\/sites\/4\/2013\/12\/adhesive_tapes-cartext_001-300x204.png\",\"contentUrl\":\"https:\/\/adhesive-tapes.trocellen.com\/wp-content\/uploads\/sites\/4\/2013\/12\/adhesive_tapes-cartext_001-300x204.png\"},{\"@type\":\"BreadcrumbList\",\"@id\":\"https:\/\/adhesive-tapes.trocellen.com\/de\/anwendungen\/automobilindustrie\/#breadcrumb\",\"itemListElement\":[{\"@type\":\"ListItem\",\"position\":1,\"name\":\"Home\",\"item\":\"https:\/\/adhesive-tapes.trocellen.com\/de\/\"},{\"@type\":\"ListItem\",\"position\":2,\"name\":\"Anwendungen\",\"item\":\"https:\/\/adhesive-tapes.trocellen.com\/de\/anwendungen\/\"},{\"@type\":\"ListItem\",\"position\":3,\"name\":\"Automobilindustrie\"}]},{\"@type\":\"WebSite\",\"@id\":\"https:\/\/adhesive-tapes.trocellen.com\/#website\",\"url\":\"https:\/\/adhesive-tapes.trocellen.com\/\",\"name\":\"Adhesive tapes\",\"description\":\"\",\"potentialAction\":[{\"@type\":\"SearchAction\",\"target\":{\"@type\":\"EntryPoint\",\"urlTemplate\":\"https:\/\/adhesive-tapes.trocellen.com\/?s={search_term_string}\"},\"query-input\":{\"@type\":\"PropertyValueSpecification\",\"valueRequired\":true,\"valueName\":\"search_term_string\"}}],\"inLanguage\":\"de\"}]}<\/script>\n<!-- \/ Yoast SEO plugin. -->","yoast_head_json":{"title":"Automobilindustrie - Adhesive tapes","robots":{"index":"index","follow":"follow","max-snippet":"max-snippet:-1","max-image-preview":"max-image-preview:large","max-video-preview":"max-video-preview:-1"},"canonical":"https:\/\/adhesive-tapes.trocellen.com\/de\/anwendungen\/automobilindustrie\/","twitter_misc":{"Gesch\u00e4tzte Lesezeit":"1\u00a0Minute"},"schema":{"@context":"https:\/\/schema.org","@graph":[{"@type":"WebPage","@id":"https:\/\/adhesive-tapes.trocellen.com\/de\/anwendungen\/automobilindustrie\/","url":"https:\/\/adhesive-tapes.trocellen.com\/de\/anwendungen\/automobilindustrie\/","name":"Automobilindustrie - Adhesive tapes","isPartOf":{"@id":"https:\/\/adhesive-tapes.trocellen.com\/#website"},"primaryImageOfPage":{"@id":"https:\/\/adhesive-tapes.trocellen.com\/de\/anwendungen\/automobilindustrie\/#primaryimage"},"image":{"@id":"https:\/\/adhesive-tapes.trocellen.com\/de\/anwendungen\/automobilindustrie\/#primaryimage"},"thumbnailUrl":"https:\/\/adhesive-tapes.trocellen.com\/wp-content\/uploads\/sites\/4\/2013\/12\/adhesive_tapes-cartext_001-300x204.png","datePublished":"2013-12-08T16:43:36+00:00","dateModified":"2013-12-08T16:43:36+00:00","breadcrumb":{"@id":"https:\/\/adhesive-tapes.trocellen.com\/de\/anwendungen\/automobilindustrie\/#breadcrumb"},"inLanguage":"de","potentialAction":[{"@type":"ReadAction","target":["https:\/\/adhesive-tapes.trocellen.com\/de\/anwendungen\/automobilindustrie\/"]}]},{"@type":"ImageObject","inLanguage":"de","@id":"https:\/\/adhesive-tapes.trocellen.com\/de\/anwendungen\/automobilindustrie\/#primaryimage","url":"https:\/\/adhesive-tapes.trocellen.com\/wp-content\/uploads\/sites\/4\/2013\/12\/adhesive_tapes-cartext_001-300x204.png","contentUrl":"https:\/\/adhesive-tapes.trocellen.com\/wp-content\/uploads\/sites\/4\/2013\/12\/adhesive_tapes-cartext_001-300x204.png"},{"@type":"BreadcrumbList","@id":"https:\/\/adhesive-tapes.trocellen.com\/de\/anwendungen\/automobilindustrie\/#breadcrumb","itemListElement":[{"@type":"ListItem","position":1,"name":"Home","item":"https:\/\/adhesive-tapes.trocellen.com\/de\/"},{"@type":"ListItem","position":2,"name":"Anwendungen","item":"https:\/\/adhesive-tapes.trocellen.com\/de\/anwendungen\/"},{"@type":"ListItem","position":3,"name":"Automobilindustrie"}]},{"@type":"WebSite","@id":"https:\/\/adhesive-tapes.trocellen.com\/#website","url":"https:\/\/adhesive-tapes.trocellen.com\/","name":"Adhesive tapes","description":"","potentialAction":[{"@type":"SearchAction","target":{"@type":"EntryPoint","urlTemplate":"https:\/\/adhesive-tapes.trocellen.com\/?s={search_term_string}"},"query-input":{"@type":"PropertyValueSpecification","valueRequired":true,"valueName":"search_term_string"}}],"inLanguage":"de"}]}},"_links":{"self":[{"href":"https:\/\/adhesive-tapes.trocellen.com\/de\/wp-json\/wp\/v2\/pages\/763","targetHints":{"allow":["GET"]}}],"collection":[{"href":"https:\/\/adhesive-tapes.trocellen.com\/de\/wp-json\/wp\/v2\/pages"}],"about":[{"href":"https:\/\/adhesive-tapes.trocellen.com\/de\/wp-json\/wp\/v2\/types\/page"}],"author":[{"embeddable":true,"href":"https:\/\/adhesive-tapes.trocellen.com\/de\/wp-json\/wp\/v2\/users\/1"}],"replies":[{"embeddable":true,"href":"https:\/\/adhesive-tapes.trocellen.com\/de\/wp-json\/wp\/v2\/comments?post=763"}],"version-history":[{"count":0,"href":"https:\/\/adhesive-tapes.trocellen.com\/de\/wp-json\/wp\/v2\/pages\/763\/revisions"}],"up":[{"embeddable":true,"href":"https:\/\/adhesive-tapes.trocellen.com\/de\/wp-json\/wp\/v2\/pages\/739"}],"wp:attachment":[{"href":"https:\/\/adhesive-tapes.trocellen.com\/de\/wp-json\/wp\/v2\/media?parent=763"}],"curies":[{"name":"wp","href":"https:\/\/api.w.org\/{rel}","templated":true}]}}