{"id":769,"date":"2013-12-08T16:43:54","date_gmt":"2013-12-08T16:43:54","guid":{"rendered":"https:\/\/adhesive-tapes.usernet.hu\/elektronik\/"},"modified":"2013-12-08T16:43:54","modified_gmt":"2013-12-08T16:43:54","slug":"elektronik","status":"publish","type":"page","link":"https:\/\/adhesive-tapes.trocellen.com\/de\/anwendungen\/elektronik\/","title":{"rendered":"Elektronik"},"content":{"rendered":"<h2>PE-Schaumstofftr\u00e4ger f\u00fcr Selbstklebel\u00f6sungen<\/h2>\n<p>Elektronische Ger\u00e4te werden immer kompakter. Um eine dauerhafte Befestigung und Stabilit\u00e4t bei minimalen Platzanforderungen zu gew\u00e4hrleisten, m\u00fcssen selbstklebende Teile hohe technische Anforderungen erf\u00fcllen. Schaumstoffe von TROCELLEN als Tr\u00e4germaterial entsprechen den hohen Qualit\u00e4tsanspr\u00fcchen der Industrie und eignen sich deshalb optimal f\u00fcr diesen Einsatzbereich.<\/p>\n<h3>Anwendungsbereiche<\/h3>\n<p><img loading=\"lazy\" decoding=\"async\" class=\"alignright size-medium wp-image-599\" src=\"https:\/\/adhesive-tapes.trocellen.com\/wp-content\/uploads\/sites\/4\/2013\/12\/adhesive_tapes-electronics_001-300x169.png\" alt=\"\" width=\"300\" height=\"169\" srcset=\"https:\/\/adhesive-tapes.trocellen.com\/wp-content\/uploads\/sites\/4\/2013\/12\/adhesive_tapes-electronics_001-300x169.png 300w, https:\/\/adhesive-tapes.trocellen.com\/wp-content\/uploads\/sites\/4\/2013\/12\/adhesive_tapes-electronics_001-768x432.png 768w, https:\/\/adhesive-tapes.trocellen.com\/wp-content\/uploads\/sites\/4\/2013\/12\/adhesive_tapes-electronics_001-1024x576.png 1024w\" sizes=\"auto, (max-width: 300px) 100vw, 300px\" \/><\/p>\n<p>Unsere Schaumstoffe vereinen s\u00e4mtliche wichtigen Aspekte, wie beispielsweise Abdichtung gegen Staub und Feuchtigkeit, Gewichtsreduktion sowie Ger\u00e4uschd\u00e4mpfung und vereinfachen au\u00dferdem den Montageprozess von:<\/p>\n<ul>\n<li>Abdeckungen und Befestigungen von Frontblenden<\/li>\n<li>Stanzteilen zur Abdichtung<\/li>\n<\/ul>\n<h3>Eingenschaften<\/h3>\n<p>TROCELLEN bietet Spezialwerkstoffe mit:<\/p>\n<ul>\n<li>verbesserter Stanzbarkeit<\/li>\n<li>hoher Bruchdehnung<\/li>\n<li>besonderer Hitzebest\u00e4ndigkeit<\/li>\n<li>Oberfl\u00e4chenleitf\u00e4higkeit<\/li>\n<\/ul>\n<p>Optional erh\u00e4ltlich mit ein- oder beidseitiger Coronabehandlung und <a href=\"https:\/\/trocellen.com\/de\/technology\/advanced-surface-treatment\/\">langzeitstabilem AST<\/a><\/p>\n<h3>Vorteile<\/h3>\n<ul>\n<li>Flexibel und formanpassungsf\u00e4hig<\/li>\n<li>Sehr gute Passgenauigkeit<\/li>\n<li>Optimale Widerstandsf\u00e4higkeit<\/li>\n<li>Ausgezeichnete Versiegelungs- und D\u00e4mpfungsfunktion<\/li>\n<li>Glatte Oberfl\u00e4che, vernetzte &amp; geschlossenzellige Struktur<\/li>\n<li>Gut beschicht-, modifizier- und stanzbar<\/li>\n<li>Ausgezeichnete Verklebung<\/li>\n<li>Geringe Dickentoleranzen<\/li>\n<li>Temperaturbest\u00e4ndigkeit<\/li>\n<\/ul>\n","protected":false},"excerpt":{"rendered":"<p>PE-Schaumstofftr\u00e4ger f\u00fcr Selbstklebel\u00f6sungen Elektronische Ger\u00e4te werden immer kompakter. Um eine dauerhafte Befestigung und Stabilit\u00e4t bei minimalen Platzanforderungen zu gew\u00e4hrleisten, m\u00fcssen selbstklebende Teile hohe technische Anforderungen erf\u00fcllen. Schaumstoffe von TROCELLEN als Tr\u00e4germaterial entsprechen den hohen Qualit\u00e4tsanspr\u00fcchen der Industrie und eignen sich deshalb optimal f\u00fcr diesen Einsatzbereich. Anwendungsbereiche Unsere Schaumstoffe vereinen s\u00e4mtliche wichtigen Aspekte, wie beispielsweise Abdichtung [&hellip;]<\/p>\n","protected":false},"author":1,"featured_media":0,"parent":739,"menu_order":5,"comment_status":"open","ping_status":"open","template":"","meta":{"_acf_changed":false,"footnotes":""},"class_list":["post-769","page","type-page","status-publish","hentry"],"acf":[],"yoast_head":"<!-- This site is optimized with the Yoast SEO plugin v23.5 - https:\/\/yoast.com\/wordpress\/plugins\/seo\/ -->\n<title>Elektronik - Adhesive tapes<\/title>\n<meta name=\"robots\" content=\"index, follow, max-snippet:-1, max-image-preview:large, max-video-preview:-1\" \/>\n<link rel=\"canonical\" href=\"https:\/\/adhesive-tapes.trocellen.com\/de\/anwendungen\/elektronik\/\" \/>\n<meta name=\"twitter:label1\" content=\"Gesch\u00e4tzte Lesezeit\" \/>\n\t<meta name=\"twitter:data1\" content=\"1\u00a0Minute\" \/>\n<script type=\"application\/ld+json\" class=\"yoast-schema-graph\">{\"@context\":\"https:\/\/schema.org\",\"@graph\":[{\"@type\":\"WebPage\",\"@id\":\"https:\/\/adhesive-tapes.trocellen.com\/de\/anwendungen\/elektronik\/\",\"url\":\"https:\/\/adhesive-tapes.trocellen.com\/de\/anwendungen\/elektronik\/\",\"name\":\"Elektronik - Adhesive tapes\",\"isPartOf\":{\"@id\":\"https:\/\/adhesive-tapes.trocellen.com\/#website\"},\"primaryImageOfPage\":{\"@id\":\"https:\/\/adhesive-tapes.trocellen.com\/de\/anwendungen\/elektronik\/#primaryimage\"},\"image\":{\"@id\":\"https:\/\/adhesive-tapes.trocellen.com\/de\/anwendungen\/elektronik\/#primaryimage\"},\"thumbnailUrl\":\"https:\/\/adhesive-tapes.trocellen.com\/wp-content\/uploads\/sites\/4\/2013\/12\/adhesive_tapes-electronics_001-300x169.png\",\"datePublished\":\"2013-12-08T16:43:54+00:00\",\"dateModified\":\"2013-12-08T16:43:54+00:00\",\"breadcrumb\":{\"@id\":\"https:\/\/adhesive-tapes.trocellen.com\/de\/anwendungen\/elektronik\/#breadcrumb\"},\"inLanguage\":\"de\",\"potentialAction\":[{\"@type\":\"ReadAction\",\"target\":[\"https:\/\/adhesive-tapes.trocellen.com\/de\/anwendungen\/elektronik\/\"]}]},{\"@type\":\"ImageObject\",\"inLanguage\":\"de\",\"@id\":\"https:\/\/adhesive-tapes.trocellen.com\/de\/anwendungen\/elektronik\/#primaryimage\",\"url\":\"https:\/\/adhesive-tapes.trocellen.com\/wp-content\/uploads\/sites\/4\/2013\/12\/adhesive_tapes-electronics_001-300x169.png\",\"contentUrl\":\"https:\/\/adhesive-tapes.trocellen.com\/wp-content\/uploads\/sites\/4\/2013\/12\/adhesive_tapes-electronics_001-300x169.png\"},{\"@type\":\"BreadcrumbList\",\"@id\":\"https:\/\/adhesive-tapes.trocellen.com\/de\/anwendungen\/elektronik\/#breadcrumb\",\"itemListElement\":[{\"@type\":\"ListItem\",\"position\":1,\"name\":\"Home\",\"item\":\"https:\/\/adhesive-tapes.trocellen.com\/de\/\"},{\"@type\":\"ListItem\",\"position\":2,\"name\":\"Anwendungen\",\"item\":\"https:\/\/adhesive-tapes.trocellen.com\/de\/anwendungen\/\"},{\"@type\":\"ListItem\",\"position\":3,\"name\":\"Elektronik\"}]},{\"@type\":\"WebSite\",\"@id\":\"https:\/\/adhesive-tapes.trocellen.com\/#website\",\"url\":\"https:\/\/adhesive-tapes.trocellen.com\/\",\"name\":\"Adhesive tapes\",\"description\":\"\",\"potentialAction\":[{\"@type\":\"SearchAction\",\"target\":{\"@type\":\"EntryPoint\",\"urlTemplate\":\"https:\/\/adhesive-tapes.trocellen.com\/?s={search_term_string}\"},\"query-input\":{\"@type\":\"PropertyValueSpecification\",\"valueRequired\":true,\"valueName\":\"search_term_string\"}}],\"inLanguage\":\"de\"}]}<\/script>\n<!-- \/ Yoast SEO plugin. -->","yoast_head_json":{"title":"Elektronik - Adhesive tapes","robots":{"index":"index","follow":"follow","max-snippet":"max-snippet:-1","max-image-preview":"max-image-preview:large","max-video-preview":"max-video-preview:-1"},"canonical":"https:\/\/adhesive-tapes.trocellen.com\/de\/anwendungen\/elektronik\/","twitter_misc":{"Gesch\u00e4tzte Lesezeit":"1\u00a0Minute"},"schema":{"@context":"https:\/\/schema.org","@graph":[{"@type":"WebPage","@id":"https:\/\/adhesive-tapes.trocellen.com\/de\/anwendungen\/elektronik\/","url":"https:\/\/adhesive-tapes.trocellen.com\/de\/anwendungen\/elektronik\/","name":"Elektronik - Adhesive tapes","isPartOf":{"@id":"https:\/\/adhesive-tapes.trocellen.com\/#website"},"primaryImageOfPage":{"@id":"https:\/\/adhesive-tapes.trocellen.com\/de\/anwendungen\/elektronik\/#primaryimage"},"image":{"@id":"https:\/\/adhesive-tapes.trocellen.com\/de\/anwendungen\/elektronik\/#primaryimage"},"thumbnailUrl":"https:\/\/adhesive-tapes.trocellen.com\/wp-content\/uploads\/sites\/4\/2013\/12\/adhesive_tapes-electronics_001-300x169.png","datePublished":"2013-12-08T16:43:54+00:00","dateModified":"2013-12-08T16:43:54+00:00","breadcrumb":{"@id":"https:\/\/adhesive-tapes.trocellen.com\/de\/anwendungen\/elektronik\/#breadcrumb"},"inLanguage":"de","potentialAction":[{"@type":"ReadAction","target":["https:\/\/adhesive-tapes.trocellen.com\/de\/anwendungen\/elektronik\/"]}]},{"@type":"ImageObject","inLanguage":"de","@id":"https:\/\/adhesive-tapes.trocellen.com\/de\/anwendungen\/elektronik\/#primaryimage","url":"https:\/\/adhesive-tapes.trocellen.com\/wp-content\/uploads\/sites\/4\/2013\/12\/adhesive_tapes-electronics_001-300x169.png","contentUrl":"https:\/\/adhesive-tapes.trocellen.com\/wp-content\/uploads\/sites\/4\/2013\/12\/adhesive_tapes-electronics_001-300x169.png"},{"@type":"BreadcrumbList","@id":"https:\/\/adhesive-tapes.trocellen.com\/de\/anwendungen\/elektronik\/#breadcrumb","itemListElement":[{"@type":"ListItem","position":1,"name":"Home","item":"https:\/\/adhesive-tapes.trocellen.com\/de\/"},{"@type":"ListItem","position":2,"name":"Anwendungen","item":"https:\/\/adhesive-tapes.trocellen.com\/de\/anwendungen\/"},{"@type":"ListItem","position":3,"name":"Elektronik"}]},{"@type":"WebSite","@id":"https:\/\/adhesive-tapes.trocellen.com\/#website","url":"https:\/\/adhesive-tapes.trocellen.com\/","name":"Adhesive tapes","description":"","potentialAction":[{"@type":"SearchAction","target":{"@type":"EntryPoint","urlTemplate":"https:\/\/adhesive-tapes.trocellen.com\/?s={search_term_string}"},"query-input":{"@type":"PropertyValueSpecification","valueRequired":true,"valueName":"search_term_string"}}],"inLanguage":"de"}]}},"_links":{"self":[{"href":"https:\/\/adhesive-tapes.trocellen.com\/de\/wp-json\/wp\/v2\/pages\/769","targetHints":{"allow":["GET"]}}],"collection":[{"href":"https:\/\/adhesive-tapes.trocellen.com\/de\/wp-json\/wp\/v2\/pages"}],"about":[{"href":"https:\/\/adhesive-tapes.trocellen.com\/de\/wp-json\/wp\/v2\/types\/page"}],"author":[{"embeddable":true,"href":"https:\/\/adhesive-tapes.trocellen.com\/de\/wp-json\/wp\/v2\/users\/1"}],"replies":[{"embeddable":true,"href":"https:\/\/adhesive-tapes.trocellen.com\/de\/wp-json\/wp\/v2\/comments?post=769"}],"version-history":[{"count":0,"href":"https:\/\/adhesive-tapes.trocellen.com\/de\/wp-json\/wp\/v2\/pages\/769\/revisions"}],"up":[{"embeddable":true,"href":"https:\/\/adhesive-tapes.trocellen.com\/de\/wp-json\/wp\/v2\/pages\/739"}],"wp:attachment":[{"href":"https:\/\/adhesive-tapes.trocellen.com\/de\/wp-json\/wp\/v2\/media?parent=769"}],"curies":[{"name":"wp","href":"https:\/\/api.w.org\/{rel}","templated":true}]}}