{"id":787,"date":"2013-12-08T16:49:18","date_gmt":"2013-12-08T16:49:18","guid":{"rendered":"https:\/\/adhesive-tapes.usernet.hu\/medizinprodukte\/"},"modified":"2013-12-08T16:49:18","modified_gmt":"2013-12-08T16:49:18","slug":"medizinprodukte","status":"publish","type":"page","link":"https:\/\/adhesive-tapes.trocellen.com\/de\/anwendungen\/medizinprodukte\/","title":{"rendered":"Medizinprodukte"},"content":{"rendered":"<h2>PE-Schaumstoffe f\u00fcr medizinische Vorprodukte<\/h2>\n<p>Die Medizinbranche stellt hohe Anforderungen an die Passgenauigkeit und Zuverl\u00e4ssigkeit von Elektroden. Dank ihrer einzigartigen Eigenschaften wie Flexibilit\u00e4t, eine geschlossenzellige Struktur und damit Wasserundurchl\u00e4ssigkeit sind unsere Polyethylenschaumstoffe ideal f\u00fcr diese anspruchsvollen Anwendungen geeignet. Zusammen mit unseren Markt-, Produkt- und Anwendungsspezialisten erarbeiten wir kontinuierlich kundenspezifische L\u00f6sungen, die den hohen Anforderungen des medizinischen Bereichs entsprechen.<\/p>\n<h3>Anwendungsbereiche<\/h3>\n<p><img loading=\"lazy\" decoding=\"async\" class=\"alignright size-medium wp-image-601\" src=\"https:\/\/adhesive-tapes.trocellen.com\/wp-content\/uploads\/sites\/4\/2013\/12\/adhesive_tapes-medical_body_002-300x169.png\" alt=\"\" width=\"300\" height=\"169\" srcset=\"https:\/\/adhesive-tapes.trocellen.com\/wp-content\/uploads\/sites\/4\/2013\/12\/adhesive_tapes-medical_body_002-300x169.png 300w, https:\/\/adhesive-tapes.trocellen.com\/wp-content\/uploads\/sites\/4\/2013\/12\/adhesive_tapes-medical_body_002-768x432.png 768w, https:\/\/adhesive-tapes.trocellen.com\/wp-content\/uploads\/sites\/4\/2013\/12\/adhesive_tapes-medical_body_002-1024x576.png 1024w\" sizes=\"auto, (max-width: 300px) 100vw, 300px\" \/><\/p>\n<p>TROCELLEN Polyethylenschaumstoffe dienen als Tr\u00e4germaterial f\u00fcr folgende Anwendungen:<\/p>\n<ul>\n<li>Elektroden f\u00fcr die Langzeit-EKG-\u00dcberwachung<\/li>\n<li>Neutralelektroden<\/li>\n<li>Wundauflagen<\/li>\n<\/ul>\n<h3>Produktpalette<\/h3>\n<p>Optional erh\u00e4ltlich mit ein- oder beidseitiger Coronabehandlung und <a href=\"https:\/\/trocellen.com\/de\/technology\/advanced-surface-treatment\/\">langzeitstabilem AST<\/a>.<\/p>\n<h3>Vorteile<\/h3>\n<p><img loading=\"lazy\" decoding=\"async\" src=\"https:\/\/adhesive-tapes.trocellen.com\/wp-content\/uploads\/sites\/4\/2013\/12\/medical_adhesive_tapes_001-300x169.png\" alt=\"\" width=\"300\" height=\"169\" class=\"alignright size-medium wp-image-610\" srcset=\"https:\/\/adhesive-tapes.trocellen.com\/wp-content\/uploads\/sites\/4\/2013\/12\/medical_adhesive_tapes_001-300x169.png 300w, https:\/\/adhesive-tapes.trocellen.com\/wp-content\/uploads\/sites\/4\/2013\/12\/medical_adhesive_tapes_001-768x432.png 768w, https:\/\/adhesive-tapes.trocellen.com\/wp-content\/uploads\/sites\/4\/2013\/12\/medical_adhesive_tapes_001-1024x576.png 1024w, https:\/\/adhesive-tapes.trocellen.com\/wp-content\/uploads\/sites\/4\/2013\/12\/medical_adhesive_tapes_001.png 1200w\" sizes=\"auto, (max-width: 300px) 100vw, 300px\" \/><\/p>\n<ul>\n<li>Glatte Oberfl\u00e4che, flexibel, reines wei\u00df<\/li>\n<li>Angenehmes Hautgef\u00fchl<\/li>\n<li>Sehr gute K\u00f6rpervertr\u00e4glichkeit<\/li>\n<li>Klare, saubere Optik<\/li>\n<li>Vernetzte und geschlossenzellige Struktur<\/li>\n<li>Gut beschicht- und stanzbar<\/li>\n<li>Keine Aufnahme von K\u00f6rperfl\u00fcssigkeiten<\/li>\n<li>Undurchl\u00e4ssig f\u00fcr s\u00e4mtliche Fl\u00fcssigkeiten<\/li>\n<li>Leicht zu reinigen und zu sterilisieren<\/li>\n<\/ul>\n","protected":false},"excerpt":{"rendered":"<p>PE-Schaumstoffe f\u00fcr medizinische Vorprodukte Die Medizinbranche stellt hohe Anforderungen an die Passgenauigkeit und Zuverl\u00e4ssigkeit von Elektroden. Dank ihrer einzigartigen Eigenschaften wie Flexibilit\u00e4t, eine geschlossenzellige Struktur und damit Wasserundurchl\u00e4ssigkeit sind unsere Polyethylenschaumstoffe ideal f\u00fcr diese anspruchsvollen Anwendungen geeignet. Zusammen mit unseren Markt-, Produkt- und Anwendungsspezialisten erarbeiten wir kontinuierlich kundenspezifische L\u00f6sungen, die den hohen Anforderungen des medizinischen [&hellip;]<\/p>\n","protected":false},"author":1,"featured_media":0,"parent":739,"menu_order":6,"comment_status":"open","ping_status":"open","template":"","meta":{"_acf_changed":false,"footnotes":""},"class_list":["post-787","page","type-page","status-publish","hentry"],"acf":[],"yoast_head":"<!-- This site is optimized with the Yoast SEO plugin v23.5 - https:\/\/yoast.com\/wordpress\/plugins\/seo\/ -->\n<title>Medizinprodukte - Adhesive tapes<\/title>\n<meta name=\"robots\" content=\"index, follow, max-snippet:-1, max-image-preview:large, max-video-preview:-1\" \/>\n<link rel=\"canonical\" href=\"https:\/\/adhesive-tapes.trocellen.com\/de\/anwendungen\/medizinprodukte\/\" \/>\n<meta name=\"twitter:label1\" content=\"Gesch\u00e4tzte Lesezeit\" \/>\n\t<meta name=\"twitter:data1\" content=\"1\u00a0Minute\" \/>\n<script type=\"application\/ld+json\" class=\"yoast-schema-graph\">{\"@context\":\"https:\/\/schema.org\",\"@graph\":[{\"@type\":\"WebPage\",\"@id\":\"https:\/\/adhesive-tapes.trocellen.com\/de\/anwendungen\/medizinprodukte\/\",\"url\":\"https:\/\/adhesive-tapes.trocellen.com\/de\/anwendungen\/medizinprodukte\/\",\"name\":\"Medizinprodukte - Adhesive tapes\",\"isPartOf\":{\"@id\":\"https:\/\/adhesive-tapes.trocellen.com\/#website\"},\"primaryImageOfPage\":{\"@id\":\"https:\/\/adhesive-tapes.trocellen.com\/de\/anwendungen\/medizinprodukte\/#primaryimage\"},\"image\":{\"@id\":\"https:\/\/adhesive-tapes.trocellen.com\/de\/anwendungen\/medizinprodukte\/#primaryimage\"},\"thumbnailUrl\":\"https:\/\/adhesive-tapes.trocellen.com\/wp-content\/uploads\/sites\/4\/2013\/12\/adhesive_tapes-medical_body_002-300x169.png\",\"datePublished\":\"2013-12-08T16:49:18+00:00\",\"dateModified\":\"2013-12-08T16:49:18+00:00\",\"breadcrumb\":{\"@id\":\"https:\/\/adhesive-tapes.trocellen.com\/de\/anwendungen\/medizinprodukte\/#breadcrumb\"},\"inLanguage\":\"de\",\"potentialAction\":[{\"@type\":\"ReadAction\",\"target\":[\"https:\/\/adhesive-tapes.trocellen.com\/de\/anwendungen\/medizinprodukte\/\"]}]},{\"@type\":\"ImageObject\",\"inLanguage\":\"de\",\"@id\":\"https:\/\/adhesive-tapes.trocellen.com\/de\/anwendungen\/medizinprodukte\/#primaryimage\",\"url\":\"https:\/\/adhesive-tapes.trocellen.com\/wp-content\/uploads\/sites\/4\/2013\/12\/adhesive_tapes-medical_body_002-300x169.png\",\"contentUrl\":\"https:\/\/adhesive-tapes.trocellen.com\/wp-content\/uploads\/sites\/4\/2013\/12\/adhesive_tapes-medical_body_002-300x169.png\"},{\"@type\":\"BreadcrumbList\",\"@id\":\"https:\/\/adhesive-tapes.trocellen.com\/de\/anwendungen\/medizinprodukte\/#breadcrumb\",\"itemListElement\":[{\"@type\":\"ListItem\",\"position\":1,\"name\":\"Home\",\"item\":\"https:\/\/adhesive-tapes.trocellen.com\/de\/\"},{\"@type\":\"ListItem\",\"position\":2,\"name\":\"Anwendungen\",\"item\":\"https:\/\/adhesive-tapes.trocellen.com\/de\/anwendungen\/\"},{\"@type\":\"ListItem\",\"position\":3,\"name\":\"Medizinprodukte\"}]},{\"@type\":\"WebSite\",\"@id\":\"https:\/\/adhesive-tapes.trocellen.com\/#website\",\"url\":\"https:\/\/adhesive-tapes.trocellen.com\/\",\"name\":\"Adhesive tapes\",\"description\":\"\",\"potentialAction\":[{\"@type\":\"SearchAction\",\"target\":{\"@type\":\"EntryPoint\",\"urlTemplate\":\"https:\/\/adhesive-tapes.trocellen.com\/?s={search_term_string}\"},\"query-input\":{\"@type\":\"PropertyValueSpecification\",\"valueRequired\":true,\"valueName\":\"search_term_string\"}}],\"inLanguage\":\"de\"}]}<\/script>\n<!-- \/ Yoast SEO plugin. -->","yoast_head_json":{"title":"Medizinprodukte - Adhesive tapes","robots":{"index":"index","follow":"follow","max-snippet":"max-snippet:-1","max-image-preview":"max-image-preview:large","max-video-preview":"max-video-preview:-1"},"canonical":"https:\/\/adhesive-tapes.trocellen.com\/de\/anwendungen\/medizinprodukte\/","twitter_misc":{"Gesch\u00e4tzte Lesezeit":"1\u00a0Minute"},"schema":{"@context":"https:\/\/schema.org","@graph":[{"@type":"WebPage","@id":"https:\/\/adhesive-tapes.trocellen.com\/de\/anwendungen\/medizinprodukte\/","url":"https:\/\/adhesive-tapes.trocellen.com\/de\/anwendungen\/medizinprodukte\/","name":"Medizinprodukte - Adhesive tapes","isPartOf":{"@id":"https:\/\/adhesive-tapes.trocellen.com\/#website"},"primaryImageOfPage":{"@id":"https:\/\/adhesive-tapes.trocellen.com\/de\/anwendungen\/medizinprodukte\/#primaryimage"},"image":{"@id":"https:\/\/adhesive-tapes.trocellen.com\/de\/anwendungen\/medizinprodukte\/#primaryimage"},"thumbnailUrl":"https:\/\/adhesive-tapes.trocellen.com\/wp-content\/uploads\/sites\/4\/2013\/12\/adhesive_tapes-medical_body_002-300x169.png","datePublished":"2013-12-08T16:49:18+00:00","dateModified":"2013-12-08T16:49:18+00:00","breadcrumb":{"@id":"https:\/\/adhesive-tapes.trocellen.com\/de\/anwendungen\/medizinprodukte\/#breadcrumb"},"inLanguage":"de","potentialAction":[{"@type":"ReadAction","target":["https:\/\/adhesive-tapes.trocellen.com\/de\/anwendungen\/medizinprodukte\/"]}]},{"@type":"ImageObject","inLanguage":"de","@id":"https:\/\/adhesive-tapes.trocellen.com\/de\/anwendungen\/medizinprodukte\/#primaryimage","url":"https:\/\/adhesive-tapes.trocellen.com\/wp-content\/uploads\/sites\/4\/2013\/12\/adhesive_tapes-medical_body_002-300x169.png","contentUrl":"https:\/\/adhesive-tapes.trocellen.com\/wp-content\/uploads\/sites\/4\/2013\/12\/adhesive_tapes-medical_body_002-300x169.png"},{"@type":"BreadcrumbList","@id":"https:\/\/adhesive-tapes.trocellen.com\/de\/anwendungen\/medizinprodukte\/#breadcrumb","itemListElement":[{"@type":"ListItem","position":1,"name":"Home","item":"https:\/\/adhesive-tapes.trocellen.com\/de\/"},{"@type":"ListItem","position":2,"name":"Anwendungen","item":"https:\/\/adhesive-tapes.trocellen.com\/de\/anwendungen\/"},{"@type":"ListItem","position":3,"name":"Medizinprodukte"}]},{"@type":"WebSite","@id":"https:\/\/adhesive-tapes.trocellen.com\/#website","url":"https:\/\/adhesive-tapes.trocellen.com\/","name":"Adhesive tapes","description":"","potentialAction":[{"@type":"SearchAction","target":{"@type":"EntryPoint","urlTemplate":"https:\/\/adhesive-tapes.trocellen.com\/?s={search_term_string}"},"query-input":{"@type":"PropertyValueSpecification","valueRequired":true,"valueName":"search_term_string"}}],"inLanguage":"de"}]}},"_links":{"self":[{"href":"https:\/\/adhesive-tapes.trocellen.com\/de\/wp-json\/wp\/v2\/pages\/787","targetHints":{"allow":["GET"]}}],"collection":[{"href":"https:\/\/adhesive-tapes.trocellen.com\/de\/wp-json\/wp\/v2\/pages"}],"about":[{"href":"https:\/\/adhesive-tapes.trocellen.com\/de\/wp-json\/wp\/v2\/types\/page"}],"author":[{"embeddable":true,"href":"https:\/\/adhesive-tapes.trocellen.com\/de\/wp-json\/wp\/v2\/users\/1"}],"replies":[{"embeddable":true,"href":"https:\/\/adhesive-tapes.trocellen.com\/de\/wp-json\/wp\/v2\/comments?post=787"}],"version-history":[{"count":0,"href":"https:\/\/adhesive-tapes.trocellen.com\/de\/wp-json\/wp\/v2\/pages\/787\/revisions"}],"up":[{"embeddable":true,"href":"https:\/\/adhesive-tapes.trocellen.com\/de\/wp-json\/wp\/v2\/pages\/739"}],"wp:attachment":[{"href":"https:\/\/adhesive-tapes.trocellen.com\/de\/wp-json\/wp\/v2\/media?parent=787"}],"curies":[{"name":"wp","href":"https:\/\/api.w.org\/{rel}","templated":true}]}}