{"id":793,"date":"2013-12-08T16:49:26","date_gmt":"2013-12-08T16:49:26","guid":{"rendered":"https:\/\/adhesive-tapes.usernet.hu\/verpackungen\/"},"modified":"2013-12-08T16:49:26","modified_gmt":"2013-12-08T16:49:26","slug":"verpackungen","status":"publish","type":"page","link":"https:\/\/adhesive-tapes.trocellen.com\/de\/anwendungen\/verpackungen\/","title":{"rendered":"Verpackungen"},"content":{"rendered":"<h2>PE-Schaumstoffe f\u00fcr die Verpackungsindustrie<\/h2>\n<p>Verpackungsanwendungen erfordern h\u00e4ufig Materialien, die sowohl weich als auch stabil und robust sind. Funktionalit\u00e4t und Verarbeitbarkeit sind f\u00fcr den Endverbraucher genauso wichtig wie Komfort. Der Schutz der Ware hat h\u00f6chste Priorit\u00e4t. Polyethylenschaumstoffe von TROCELLEN eignen sich optimal f\u00fcr unterschiedlichste Verpackungsl\u00f6sungen.<\/p>\n<h3>Anwendungsbereiche<\/h3>\n<p><img loading=\"lazy\" decoding=\"async\" src=\"https:\/\/adhesive-tapes.trocellen.com\/wp-content\/uploads\/sites\/4\/2013\/12\/adhesive_tapes-packaging-bottle_pack_001-300x204.png\" alt=\"\" width=\"300\" height=\"204\" class=\"alignright size-medium wp-image-614\" srcset=\"https:\/\/adhesive-tapes.trocellen.com\/wp-content\/uploads\/sites\/4\/2013\/12\/adhesive_tapes-packaging-bottle_pack_001-300x204.png 300w, https:\/\/adhesive-tapes.trocellen.com\/wp-content\/uploads\/sites\/4\/2013\/12\/adhesive_tapes-packaging-bottle_pack_001-768x523.png 768w, https:\/\/adhesive-tapes.trocellen.com\/wp-content\/uploads\/sites\/4\/2013\/12\/adhesive_tapes-packaging-bottle_pack_001-1024x697.png 1024w, https:\/\/adhesive-tapes.trocellen.com\/wp-content\/uploads\/sites\/4\/2013\/12\/adhesive_tapes-packaging-bottle_pack_001.png 1200w\" sizes=\"auto, (max-width: 300px) 100vw, 300px\" \/><br \/>\nTragegriffe<\/p>\n<ul>\n<li>Individuelle Farbeinstellung<\/li>\n<li>Angenehme Haptik<\/li>\n<li>Hochwertige Optik<\/li>\n<\/ul>\n<h3>Verpackung von Flexodruckplatten:<\/h3>\n<ul>\n<li>Verbesserte Gleiteigenschaften<\/li>\n<li>Pr\u00e4zise Zuschnitte<\/li>\n<li>Lieferung in Kartons f\u00fcr optimale, handhabung der B\u00f6gen<\/li>\n<\/ul>\n<h3>Produktpalette<\/h3>\n<p>Optional erh\u00e4ltlich mit ein- oder beidseitiger Koronabehandlung und langzeitstabilem <a href=\"https:\/\/trocellen.com\/technology\/advanced-surface-treatment\/\">AST<\/a>.<\/p>\n<h3>Vorteile<\/h3>\n<ul>\n<li>Flexibel und formanpassungsf\u00e4hig:<\/li>\n<li>Sehr gute Passgenauigkeit<\/li>\n<li>Optimale Widerstandsf\u00e4higkeit<\/li>\n<li>Ausgezeichnete Elastizit\u00e4t<\/li>\n<li>Glatte Oberfl\u00e4che, vernetzte &amp; geschlossenzellige Struktur<\/li>\n<li>Kompatibilit\u00e4t zu Klebstoffsystemen<\/li>\n<li>Gut beschicht- und modifizierbar<\/li>\n<li>Geringe Dickentoleranzen<\/li>\n<\/ul>\n","protected":false},"excerpt":{"rendered":"<p>PE-Schaumstoffe f\u00fcr die Verpackungsindustrie Verpackungsanwendungen erfordern h\u00e4ufig Materialien, die sowohl weich als auch stabil und robust sind. Funktionalit\u00e4t und Verarbeitbarkeit sind f\u00fcr den Endverbraucher genauso wichtig wie Komfort. Der Schutz der Ware hat h\u00f6chste Priorit\u00e4t. Polyethylenschaumstoffe von TROCELLEN eignen sich optimal f\u00fcr unterschiedlichste Verpackungsl\u00f6sungen. Anwendungsbereiche Tragegriffe Individuelle Farbeinstellung Angenehme Haptik Hochwertige Optik Verpackung von Flexodruckplatten: [&hellip;]<\/p>\n","protected":false},"author":1,"featured_media":0,"parent":739,"menu_order":7,"comment_status":"open","ping_status":"open","template":"","meta":{"_acf_changed":false,"footnotes":""},"class_list":["post-793","page","type-page","status-publish","hentry"],"acf":[],"yoast_head":"<!-- This site is optimized with the Yoast SEO plugin v23.5 - https:\/\/yoast.com\/wordpress\/plugins\/seo\/ -->\n<title>Verpackungen - Adhesive tapes<\/title>\n<meta name=\"robots\" content=\"index, follow, max-snippet:-1, max-image-preview:large, max-video-preview:-1\" \/>\n<link rel=\"canonical\" href=\"https:\/\/adhesive-tapes.trocellen.com\/de\/anwendungen\/verpackungen\/\" \/>\n<meta name=\"twitter:label1\" content=\"Gesch\u00e4tzte Lesezeit\" \/>\n\t<meta name=\"twitter:data1\" content=\"1\u00a0Minute\" \/>\n<script type=\"application\/ld+json\" class=\"yoast-schema-graph\">{\"@context\":\"https:\/\/schema.org\",\"@graph\":[{\"@type\":\"WebPage\",\"@id\":\"https:\/\/adhesive-tapes.trocellen.com\/de\/anwendungen\/verpackungen\/\",\"url\":\"https:\/\/adhesive-tapes.trocellen.com\/de\/anwendungen\/verpackungen\/\",\"name\":\"Verpackungen - Adhesive tapes\",\"isPartOf\":{\"@id\":\"https:\/\/adhesive-tapes.trocellen.com\/#website\"},\"primaryImageOfPage\":{\"@id\":\"https:\/\/adhesive-tapes.trocellen.com\/de\/anwendungen\/verpackungen\/#primaryimage\"},\"image\":{\"@id\":\"https:\/\/adhesive-tapes.trocellen.com\/de\/anwendungen\/verpackungen\/#primaryimage\"},\"thumbnailUrl\":\"https:\/\/adhesive-tapes.trocellen.com\/wp-content\/uploads\/sites\/4\/2013\/12\/adhesive_tapes-packaging-bottle_pack_001-300x204.png\",\"datePublished\":\"2013-12-08T16:49:26+00:00\",\"dateModified\":\"2013-12-08T16:49:26+00:00\",\"breadcrumb\":{\"@id\":\"https:\/\/adhesive-tapes.trocellen.com\/de\/anwendungen\/verpackungen\/#breadcrumb\"},\"inLanguage\":\"de\",\"potentialAction\":[{\"@type\":\"ReadAction\",\"target\":[\"https:\/\/adhesive-tapes.trocellen.com\/de\/anwendungen\/verpackungen\/\"]}]},{\"@type\":\"ImageObject\",\"inLanguage\":\"de\",\"@id\":\"https:\/\/adhesive-tapes.trocellen.com\/de\/anwendungen\/verpackungen\/#primaryimage\",\"url\":\"https:\/\/adhesive-tapes.trocellen.com\/wp-content\/uploads\/sites\/4\/2013\/12\/adhesive_tapes-packaging-bottle_pack_001-300x204.png\",\"contentUrl\":\"https:\/\/adhesive-tapes.trocellen.com\/wp-content\/uploads\/sites\/4\/2013\/12\/adhesive_tapes-packaging-bottle_pack_001-300x204.png\"},{\"@type\":\"BreadcrumbList\",\"@id\":\"https:\/\/adhesive-tapes.trocellen.com\/de\/anwendungen\/verpackungen\/#breadcrumb\",\"itemListElement\":[{\"@type\":\"ListItem\",\"position\":1,\"name\":\"Home\",\"item\":\"https:\/\/adhesive-tapes.trocellen.com\/de\/\"},{\"@type\":\"ListItem\",\"position\":2,\"name\":\"Anwendungen\",\"item\":\"https:\/\/adhesive-tapes.trocellen.com\/de\/anwendungen\/\"},{\"@type\":\"ListItem\",\"position\":3,\"name\":\"Verpackungen\"}]},{\"@type\":\"WebSite\",\"@id\":\"https:\/\/adhesive-tapes.trocellen.com\/#website\",\"url\":\"https:\/\/adhesive-tapes.trocellen.com\/\",\"name\":\"Adhesive tapes\",\"description\":\"\",\"potentialAction\":[{\"@type\":\"SearchAction\",\"target\":{\"@type\":\"EntryPoint\",\"urlTemplate\":\"https:\/\/adhesive-tapes.trocellen.com\/?s={search_term_string}\"},\"query-input\":{\"@type\":\"PropertyValueSpecification\",\"valueRequired\":true,\"valueName\":\"search_term_string\"}}],\"inLanguage\":\"de\"}]}<\/script>\n<!-- \/ Yoast SEO plugin. -->","yoast_head_json":{"title":"Verpackungen - Adhesive tapes","robots":{"index":"index","follow":"follow","max-snippet":"max-snippet:-1","max-image-preview":"max-image-preview:large","max-video-preview":"max-video-preview:-1"},"canonical":"https:\/\/adhesive-tapes.trocellen.com\/de\/anwendungen\/verpackungen\/","twitter_misc":{"Gesch\u00e4tzte Lesezeit":"1\u00a0Minute"},"schema":{"@context":"https:\/\/schema.org","@graph":[{"@type":"WebPage","@id":"https:\/\/adhesive-tapes.trocellen.com\/de\/anwendungen\/verpackungen\/","url":"https:\/\/adhesive-tapes.trocellen.com\/de\/anwendungen\/verpackungen\/","name":"Verpackungen - Adhesive tapes","isPartOf":{"@id":"https:\/\/adhesive-tapes.trocellen.com\/#website"},"primaryImageOfPage":{"@id":"https:\/\/adhesive-tapes.trocellen.com\/de\/anwendungen\/verpackungen\/#primaryimage"},"image":{"@id":"https:\/\/adhesive-tapes.trocellen.com\/de\/anwendungen\/verpackungen\/#primaryimage"},"thumbnailUrl":"https:\/\/adhesive-tapes.trocellen.com\/wp-content\/uploads\/sites\/4\/2013\/12\/adhesive_tapes-packaging-bottle_pack_001-300x204.png","datePublished":"2013-12-08T16:49:26+00:00","dateModified":"2013-12-08T16:49:26+00:00","breadcrumb":{"@id":"https:\/\/adhesive-tapes.trocellen.com\/de\/anwendungen\/verpackungen\/#breadcrumb"},"inLanguage":"de","potentialAction":[{"@type":"ReadAction","target":["https:\/\/adhesive-tapes.trocellen.com\/de\/anwendungen\/verpackungen\/"]}]},{"@type":"ImageObject","inLanguage":"de","@id":"https:\/\/adhesive-tapes.trocellen.com\/de\/anwendungen\/verpackungen\/#primaryimage","url":"https:\/\/adhesive-tapes.trocellen.com\/wp-content\/uploads\/sites\/4\/2013\/12\/adhesive_tapes-packaging-bottle_pack_001-300x204.png","contentUrl":"https:\/\/adhesive-tapes.trocellen.com\/wp-content\/uploads\/sites\/4\/2013\/12\/adhesive_tapes-packaging-bottle_pack_001-300x204.png"},{"@type":"BreadcrumbList","@id":"https:\/\/adhesive-tapes.trocellen.com\/de\/anwendungen\/verpackungen\/#breadcrumb","itemListElement":[{"@type":"ListItem","position":1,"name":"Home","item":"https:\/\/adhesive-tapes.trocellen.com\/de\/"},{"@type":"ListItem","position":2,"name":"Anwendungen","item":"https:\/\/adhesive-tapes.trocellen.com\/de\/anwendungen\/"},{"@type":"ListItem","position":3,"name":"Verpackungen"}]},{"@type":"WebSite","@id":"https:\/\/adhesive-tapes.trocellen.com\/#website","url":"https:\/\/adhesive-tapes.trocellen.com\/","name":"Adhesive tapes","description":"","potentialAction":[{"@type":"SearchAction","target":{"@type":"EntryPoint","urlTemplate":"https:\/\/adhesive-tapes.trocellen.com\/?s={search_term_string}"},"query-input":{"@type":"PropertyValueSpecification","valueRequired":true,"valueName":"search_term_string"}}],"inLanguage":"de"}]}},"_links":{"self":[{"href":"https:\/\/adhesive-tapes.trocellen.com\/de\/wp-json\/wp\/v2\/pages\/793","targetHints":{"allow":["GET"]}}],"collection":[{"href":"https:\/\/adhesive-tapes.trocellen.com\/de\/wp-json\/wp\/v2\/pages"}],"about":[{"href":"https:\/\/adhesive-tapes.trocellen.com\/de\/wp-json\/wp\/v2\/types\/page"}],"author":[{"embeddable":true,"href":"https:\/\/adhesive-tapes.trocellen.com\/de\/wp-json\/wp\/v2\/users\/1"}],"replies":[{"embeddable":true,"href":"https:\/\/adhesive-tapes.trocellen.com\/de\/wp-json\/wp\/v2\/comments?post=793"}],"version-history":[{"count":0,"href":"https:\/\/adhesive-tapes.trocellen.com\/de\/wp-json\/wp\/v2\/pages\/793\/revisions"}],"up":[{"embeddable":true,"href":"https:\/\/adhesive-tapes.trocellen.com\/de\/wp-json\/wp\/v2\/pages\/739"}],"wp:attachment":[{"href":"https:\/\/adhesive-tapes.trocellen.com\/de\/wp-json\/wp\/v2\/media?parent=793"}],"curies":[{"name":"wp","href":"https:\/\/api.w.org\/{rel}","templated":true}]}}