{"id":799,"date":"2013-12-08T16:59:38","date_gmt":"2013-12-08T16:59:38","guid":{"rendered":"https:\/\/adhesive-tapes.usernet.hu\/selbstklebende-schaeume-starke-bindungen-fuer-die-zukunft\/"},"modified":"2013-12-08T16:59:38","modified_gmt":"2013-12-08T16:59:38","slug":"selbstklebende-schaeume-starke-bindungen-fuer-die-zukunft","status":"publish","type":"page","link":"https:\/\/adhesive-tapes.trocellen.com\/de\/selbstklebende-schaeume-starke-bindungen-fuer-die-zukunft\/","title":{"rendered":"Selbstklebende Sch\u00e4ume &#8211; starke Bindungen f\u00fcr die Zukunft"},"content":{"rendered":"<p>Starke Bindungen f\u00fcr die Zukunft<br \/>\n<!--more--><\/p>\n","protected":false},"excerpt":{"rendered":"<p>Starke Bindungen f\u00fcr die Zukunft<\/p>\n","protected":false},"author":1,"featured_media":0,"parent":0,"menu_order":0,"comment_status":"open","ping_status":"open","template":"","meta":{"_acf_changed":false,"footnotes":""},"class_list":["post-799","page","type-page","status-publish","hentry"],"acf":[],"yoast_head":"<!-- This site is optimized with the Yoast SEO plugin v23.5 - https:\/\/yoast.com\/wordpress\/plugins\/seo\/ -->\n<title>Selbstklebende Sch\u00e4ume - starke Bindungen f\u00fcr die Zukunft - Adhesive tapes<\/title>\n<meta name=\"robots\" content=\"index, follow, max-snippet:-1, max-image-preview:large, max-video-preview:-1\" \/>\n<link rel=\"canonical\" href=\"https:\/\/adhesive-tapes.trocellen.com\/de\/selbstklebende-schaeume-starke-bindungen-fuer-die-zukunft\/\" \/>\n<script type=\"application\/ld+json\" class=\"yoast-schema-graph\">{\"@context\":\"https:\/\/schema.org\",\"@graph\":[{\"@type\":\"WebPage\",\"@id\":\"https:\/\/adhesive-tapes.trocellen.com\/de\/selbstklebende-schaeume-starke-bindungen-fuer-die-zukunft\/\",\"url\":\"https:\/\/adhesive-tapes.trocellen.com\/de\/selbstklebende-schaeume-starke-bindungen-fuer-die-zukunft\/\",\"name\":\"Selbstklebende Sch\u00e4ume - starke Bindungen f\u00fcr die Zukunft - Adhesive tapes\",\"isPartOf\":{\"@id\":\"https:\/\/adhesive-tapes.trocellen.com\/#website\"},\"datePublished\":\"2013-12-08T16:59:38+00:00\",\"dateModified\":\"2013-12-08T16:59:38+00:00\",\"breadcrumb\":{\"@id\":\"https:\/\/adhesive-tapes.trocellen.com\/de\/selbstklebende-schaeume-starke-bindungen-fuer-die-zukunft\/#breadcrumb\"},\"inLanguage\":\"de\",\"potentialAction\":[{\"@type\":\"ReadAction\",\"target\":[\"https:\/\/adhesive-tapes.trocellen.com\/de\/selbstklebende-schaeume-starke-bindungen-fuer-die-zukunft\/\"]}]},{\"@type\":\"BreadcrumbList\",\"@id\":\"https:\/\/adhesive-tapes.trocellen.com\/de\/selbstklebende-schaeume-starke-bindungen-fuer-die-zukunft\/#breadcrumb\",\"itemListElement\":[{\"@type\":\"ListItem\",\"position\":1,\"name\":\"Home\",\"item\":\"https:\/\/adhesive-tapes.trocellen.com\/de\/\"},{\"@type\":\"ListItem\",\"position\":2,\"name\":\"Selbstklebende Sch\u00e4ume &#8211; starke Bindungen f\u00fcr die Zukunft\"}]},{\"@type\":\"WebSite\",\"@id\":\"https:\/\/adhesive-tapes.trocellen.com\/#website\",\"url\":\"https:\/\/adhesive-tapes.trocellen.com\/\",\"name\":\"Adhesive tapes\",\"description\":\"\",\"potentialAction\":[{\"@type\":\"SearchAction\",\"target\":{\"@type\":\"EntryPoint\",\"urlTemplate\":\"https:\/\/adhesive-tapes.trocellen.com\/?s={search_term_string}\"},\"query-input\":{\"@type\":\"PropertyValueSpecification\",\"valueRequired\":true,\"valueName\":\"search_term_string\"}}],\"inLanguage\":\"de\"}]}<\/script>\n<!-- \/ Yoast SEO plugin. -->","yoast_head_json":{"title":"Selbstklebende Sch\u00e4ume - starke Bindungen f\u00fcr die Zukunft - Adhesive tapes","robots":{"index":"index","follow":"follow","max-snippet":"max-snippet:-1","max-image-preview":"max-image-preview:large","max-video-preview":"max-video-preview:-1"},"canonical":"https:\/\/adhesive-tapes.trocellen.com\/de\/selbstklebende-schaeume-starke-bindungen-fuer-die-zukunft\/","schema":{"@context":"https:\/\/schema.org","@graph":[{"@type":"WebPage","@id":"https:\/\/adhesive-tapes.trocellen.com\/de\/selbstklebende-schaeume-starke-bindungen-fuer-die-zukunft\/","url":"https:\/\/adhesive-tapes.trocellen.com\/de\/selbstklebende-schaeume-starke-bindungen-fuer-die-zukunft\/","name":"Selbstklebende Sch\u00e4ume - starke Bindungen f\u00fcr die Zukunft - Adhesive tapes","isPartOf":{"@id":"https:\/\/adhesive-tapes.trocellen.com\/#website"},"datePublished":"2013-12-08T16:59:38+00:00","dateModified":"2013-12-08T16:59:38+00:00","breadcrumb":{"@id":"https:\/\/adhesive-tapes.trocellen.com\/de\/selbstklebende-schaeume-starke-bindungen-fuer-die-zukunft\/#breadcrumb"},"inLanguage":"de","potentialAction":[{"@type":"ReadAction","target":["https:\/\/adhesive-tapes.trocellen.com\/de\/selbstklebende-schaeume-starke-bindungen-fuer-die-zukunft\/"]}]},{"@type":"BreadcrumbList","@id":"https:\/\/adhesive-tapes.trocellen.com\/de\/selbstklebende-schaeume-starke-bindungen-fuer-die-zukunft\/#breadcrumb","itemListElement":[{"@type":"ListItem","position":1,"name":"Home","item":"https:\/\/adhesive-tapes.trocellen.com\/de\/"},{"@type":"ListItem","position":2,"name":"Selbstklebende Sch\u00e4ume &#8211; starke Bindungen f\u00fcr die Zukunft"}]},{"@type":"WebSite","@id":"https:\/\/adhesive-tapes.trocellen.com\/#website","url":"https:\/\/adhesive-tapes.trocellen.com\/","name":"Adhesive tapes","description":"","potentialAction":[{"@type":"SearchAction","target":{"@type":"EntryPoint","urlTemplate":"https:\/\/adhesive-tapes.trocellen.com\/?s={search_term_string}"},"query-input":{"@type":"PropertyValueSpecification","valueRequired":true,"valueName":"search_term_string"}}],"inLanguage":"de"}]}},"_links":{"self":[{"href":"https:\/\/adhesive-tapes.trocellen.com\/de\/wp-json\/wp\/v2\/pages\/799","targetHints":{"allow":["GET"]}}],"collection":[{"href":"https:\/\/adhesive-tapes.trocellen.com\/de\/wp-json\/wp\/v2\/pages"}],"about":[{"href":"https:\/\/adhesive-tapes.trocellen.com\/de\/wp-json\/wp\/v2\/types\/page"}],"author":[{"embeddable":true,"href":"https:\/\/adhesive-tapes.trocellen.com\/de\/wp-json\/wp\/v2\/users\/1"}],"replies":[{"embeddable":true,"href":"https:\/\/adhesive-tapes.trocellen.com\/de\/wp-json\/wp\/v2\/comments?post=799"}],"version-history":[{"count":0,"href":"https:\/\/adhesive-tapes.trocellen.com\/de\/wp-json\/wp\/v2\/pages\/799\/revisions"}],"wp:attachment":[{"href":"https:\/\/adhesive-tapes.trocellen.com\/de\/wp-json\/wp\/v2\/media?parent=799"}],"curies":[{"name":"wp","href":"https:\/\/api.w.org\/{rel}","templated":true}]}}