{"id":737,"date":"2013-12-08T16:42:06","date_gmt":"2013-12-08T16:42:06","guid":{"rendered":"https:\/\/adhesive-tapes.usernet.hu\/tecnologia\/"},"modified":"2013-12-08T16:42:06","modified_gmt":"2013-12-08T16:42:06","slug":"tecnologia","status":"publish","type":"page","link":"https:\/\/adhesive-tapes.trocellen.com\/es\/tecnologia\/","title":{"rendered":"Tecnolog\u00eda"},"content":{"rendered":"<p><img loading=\"lazy\" decoding=\"async\" class=\"alignright size-medium wp-image-604\" src=\"https:\/\/adhesive-tapes.trocellen.com\/wp-content\/uploads\/sites\/4\/2013\/12\/main_tape_detail_001-300x300.png\" alt=\"\" width=\"300\" height=\"300\" srcset=\"https:\/\/adhesive-tapes.trocellen.com\/wp-content\/uploads\/sites\/4\/2013\/12\/main_tape_detail_001-300x300.png 300w, https:\/\/adhesive-tapes.trocellen.com\/wp-content\/uploads\/sites\/4\/2013\/12\/main_tape_detail_001-150x150.png 150w, https:\/\/adhesive-tapes.trocellen.com\/wp-content\/uploads\/sites\/4\/2013\/12\/main_tape_detail_001-768x765.png 768w, https:\/\/adhesive-tapes.trocellen.com\/wp-content\/uploads\/sites\/4\/2013\/12\/main_tape_detail_001-1024x1020.png 1024w, https:\/\/adhesive-tapes.trocellen.com\/wp-content\/uploads\/sites\/4\/2013\/12\/main_tape_detail_001.png 1432w\" sizes=\"auto, (max-width: 300px) 100vw, 300px\" \/><strong>A<\/strong>dvanced <strong>S<\/strong>urface <strong>T<\/strong>reatment: la nueva e innovadora tecnolog\u00eda de superficies de Trocellen.<\/p>\n<p>La modificaci\u00f3n qu\u00edmica de la superficie de espuma basada en sustancias ecol\u00f3gicas e inofensivas para la salud asegura un aumento significante de la tensi\u00f3n superficial, la cual se distingue por una excelente estabilidad a largo plazo. De este modo, el tratamiento de AST ofrece grandes ventajas frente a los procesos de corona habituales.<\/p>\n<p>Nuestro acabado de superficie garantiza excelentes propiedades adhesivas y una perfecta compatibilidad de la espuma con los adhesivos a base de agua habituales. As\u00ed, la espuma con tratamiento de AST brinda la base ideal para la fabricaci\u00f3n de productos autoadhesivos sofisticados.<\/p>\n<h2>Ventajas<\/h2>\n<p><img loading=\"lazy\" decoding=\"async\" class=\"alignright size-medium wp-image-603\" src=\"https:\/\/adhesive-tapes.trocellen.com\/wp-content\/uploads\/sites\/4\/2013\/12\/adhesive-gecko_001-300x169.png\" alt=\"\" width=\"300\" height=\"169\" srcset=\"https:\/\/adhesive-tapes.trocellen.com\/wp-content\/uploads\/sites\/4\/2013\/12\/adhesive-gecko_001-300x169.png 300w, https:\/\/adhesive-tapes.trocellen.com\/wp-content\/uploads\/sites\/4\/2013\/12\/adhesive-gecko_001-768x432.png 768w, https:\/\/adhesive-tapes.trocellen.com\/wp-content\/uploads\/sites\/4\/2013\/12\/adhesive-gecko_001-1024x576.png 1024w\" sizes=\"auto, (max-width: 300px) 100vw, 300px\" \/><\/p>\n<div class=\"clearfix\">\n<ul>\n<li>Excelentes propiedades adhesivas<\/li>\n<li>Gran estabilidad a largo plazo y vida \u00fatil<\/li>\n<li>Mayor tensi\u00f3n superficial en comparaci\u00f3n con los tratamientos de corona<\/li>\n<li>No se deterioran las propiedades mec\u00e1nicas de la espuma<\/li>\n<li>Ecol\u00f3gico y libre de emisiones<\/li>\n<li>Alta fiabilidad del proceso\u201d<\/li>\n<\/ul>\n<h2>Descargas<\/h2>\n<p><a href=\"https:\/\/adhesive-tapes.trocellen.com\/wp-content\/uploads\/sites\/4\/2013\/12\/onepager-tapes-AST-english.pdf\">Advanced Surface Treatment for Polyolefin foams<\/a><\/p>\n<\/div>\n","protected":false},"excerpt":{"rendered":"<p>Advanced Surface Treatment: la nueva e innovadora tecnolog\u00eda de superficies de Trocellen. La modificaci\u00f3n qu\u00edmica de la superficie de espuma basada en sustancias ecol\u00f3gicas e inofensivas para la salud asegura un aumento significante de la tensi\u00f3n superficial, la cual se distingue por una excelente estabilidad a largo plazo. De este modo, el tratamiento de AST [&hellip;]<\/p>\n","protected":false},"author":1,"featured_media":1535,"parent":0,"menu_order":0,"comment_status":"open","ping_status":"open","template":"templates\/full-width.php","meta":{"_acf_changed":false,"footnotes":""},"class_list":["post-737","page","type-page","status-publish","has-post-thumbnail","hentry"],"acf":[],"yoast_head":"<!-- This site is optimized with the Yoast SEO plugin v23.5 - https:\/\/yoast.com\/wordpress\/plugins\/seo\/ -->\n<title>Tecnolog\u00eda - Adhesive tapes<\/title>\n<meta name=\"robots\" content=\"index, follow, max-snippet:-1, max-image-preview:large, max-video-preview:-1\" \/>\n<link rel=\"canonical\" href=\"https:\/\/adhesive-tapes.trocellen.com\/es\/tecnologia\/\" \/>\n<meta name=\"twitter:label1\" content=\"Tiempo de lectura\" \/>\n\t<meta name=\"twitter:data1\" content=\"1 minuto\" \/>\n<script type=\"application\/ld+json\" class=\"yoast-schema-graph\">{\"@context\":\"https:\/\/schema.org\",\"@graph\":[{\"@type\":\"WebPage\",\"@id\":\"https:\/\/adhesive-tapes.trocellen.com\/es\/tecnologia\/\",\"url\":\"https:\/\/adhesive-tapes.trocellen.com\/es\/tecnologia\/\",\"name\":\"Tecnolog\u00eda - Adhesive tapes\",\"isPartOf\":{\"@id\":\"https:\/\/adhesive-tapes.trocellen.com\/#website\"},\"primaryImageOfPage\":{\"@id\":\"https:\/\/adhesive-tapes.trocellen.com\/es\/tecnologia\/#primaryimage\"},\"image\":{\"@id\":\"https:\/\/adhesive-tapes.trocellen.com\/es\/tecnologia\/#primaryimage\"},\"thumbnailUrl\":\"https:\/\/adhesive-tapes.trocellen.com\/wp-content\/uploads\/sites\/4\/2013\/12\/fractals.jpg\",\"datePublished\":\"2013-12-08T16:42:06+00:00\",\"dateModified\":\"2013-12-08T16:42:06+00:00\",\"breadcrumb\":{\"@id\":\"https:\/\/adhesive-tapes.trocellen.com\/es\/tecnologia\/#breadcrumb\"},\"inLanguage\":\"es\",\"potentialAction\":[{\"@type\":\"ReadAction\",\"target\":[\"https:\/\/adhesive-tapes.trocellen.com\/es\/tecnologia\/\"]}]},{\"@type\":\"ImageObject\",\"inLanguage\":\"es\",\"@id\":\"https:\/\/adhesive-tapes.trocellen.com\/es\/tecnologia\/#primaryimage\",\"url\":\"https:\/\/adhesive-tapes.trocellen.com\/wp-content\/uploads\/sites\/4\/2013\/12\/fractals.jpg\",\"contentUrl\":\"https:\/\/adhesive-tapes.trocellen.com\/wp-content\/uploads\/sites\/4\/2013\/12\/fractals.jpg\",\"width\":1920,\"height\":228},{\"@type\":\"BreadcrumbList\",\"@id\":\"https:\/\/adhesive-tapes.trocellen.com\/es\/tecnologia\/#breadcrumb\",\"itemListElement\":[{\"@type\":\"ListItem\",\"position\":1,\"name\":\"Home\",\"item\":\"https:\/\/adhesive-tapes.trocellen.com\/es\/\"},{\"@type\":\"ListItem\",\"position\":2,\"name\":\"Tecnolog\u00eda\"}]},{\"@type\":\"WebSite\",\"@id\":\"https:\/\/adhesive-tapes.trocellen.com\/#website\",\"url\":\"https:\/\/adhesive-tapes.trocellen.com\/\",\"name\":\"Adhesive tapes\",\"description\":\"\",\"potentialAction\":[{\"@type\":\"SearchAction\",\"target\":{\"@type\":\"EntryPoint\",\"urlTemplate\":\"https:\/\/adhesive-tapes.trocellen.com\/?s={search_term_string}\"},\"query-input\":{\"@type\":\"PropertyValueSpecification\",\"valueRequired\":true,\"valueName\":\"search_term_string\"}}],\"inLanguage\":\"es\"}]}<\/script>\n<!-- \/ Yoast SEO plugin. -->","yoast_head_json":{"title":"Tecnolog\u00eda - Adhesive tapes","robots":{"index":"index","follow":"follow","max-snippet":"max-snippet:-1","max-image-preview":"max-image-preview:large","max-video-preview":"max-video-preview:-1"},"canonical":"https:\/\/adhesive-tapes.trocellen.com\/es\/tecnologia\/","twitter_misc":{"Tiempo de lectura":"1 minuto"},"schema":{"@context":"https:\/\/schema.org","@graph":[{"@type":"WebPage","@id":"https:\/\/adhesive-tapes.trocellen.com\/es\/tecnologia\/","url":"https:\/\/adhesive-tapes.trocellen.com\/es\/tecnologia\/","name":"Tecnolog\u00eda - Adhesive tapes","isPartOf":{"@id":"https:\/\/adhesive-tapes.trocellen.com\/#website"},"primaryImageOfPage":{"@id":"https:\/\/adhesive-tapes.trocellen.com\/es\/tecnologia\/#primaryimage"},"image":{"@id":"https:\/\/adhesive-tapes.trocellen.com\/es\/tecnologia\/#primaryimage"},"thumbnailUrl":"https:\/\/adhesive-tapes.trocellen.com\/wp-content\/uploads\/sites\/4\/2013\/12\/fractals.jpg","datePublished":"2013-12-08T16:42:06+00:00","dateModified":"2013-12-08T16:42:06+00:00","breadcrumb":{"@id":"https:\/\/adhesive-tapes.trocellen.com\/es\/tecnologia\/#breadcrumb"},"inLanguage":"es","potentialAction":[{"@type":"ReadAction","target":["https:\/\/adhesive-tapes.trocellen.com\/es\/tecnologia\/"]}]},{"@type":"ImageObject","inLanguage":"es","@id":"https:\/\/adhesive-tapes.trocellen.com\/es\/tecnologia\/#primaryimage","url":"https:\/\/adhesive-tapes.trocellen.com\/wp-content\/uploads\/sites\/4\/2013\/12\/fractals.jpg","contentUrl":"https:\/\/adhesive-tapes.trocellen.com\/wp-content\/uploads\/sites\/4\/2013\/12\/fractals.jpg","width":1920,"height":228},{"@type":"BreadcrumbList","@id":"https:\/\/adhesive-tapes.trocellen.com\/es\/tecnologia\/#breadcrumb","itemListElement":[{"@type":"ListItem","position":1,"name":"Home","item":"https:\/\/adhesive-tapes.trocellen.com\/es\/"},{"@type":"ListItem","position":2,"name":"Tecnolog\u00eda"}]},{"@type":"WebSite","@id":"https:\/\/adhesive-tapes.trocellen.com\/#website","url":"https:\/\/adhesive-tapes.trocellen.com\/","name":"Adhesive tapes","description":"","potentialAction":[{"@type":"SearchAction","target":{"@type":"EntryPoint","urlTemplate":"https:\/\/adhesive-tapes.trocellen.com\/?s={search_term_string}"},"query-input":{"@type":"PropertyValueSpecification","valueRequired":true,"valueName":"search_term_string"}}],"inLanguage":"es"}]}},"_links":{"self":[{"href":"https:\/\/adhesive-tapes.trocellen.com\/es\/wp-json\/wp\/v2\/pages\/737","targetHints":{"allow":["GET"]}}],"collection":[{"href":"https:\/\/adhesive-tapes.trocellen.com\/es\/wp-json\/wp\/v2\/pages"}],"about":[{"href":"https:\/\/adhesive-tapes.trocellen.com\/es\/wp-json\/wp\/v2\/types\/page"}],"author":[{"embeddable":true,"href":"https:\/\/adhesive-tapes.trocellen.com\/es\/wp-json\/wp\/v2\/users\/1"}],"replies":[{"embeddable":true,"href":"https:\/\/adhesive-tapes.trocellen.com\/es\/wp-json\/wp\/v2\/comments?post=737"}],"version-history":[{"count":0,"href":"https:\/\/adhesive-tapes.trocellen.com\/es\/wp-json\/wp\/v2\/pages\/737\/revisions"}],"wp:featuredmedia":[{"embeddable":true,"href":"https:\/\/adhesive-tapes.trocellen.com\/es\/wp-json\/wp\/v2\/media\/1535"}],"wp:attachment":[{"href":"https:\/\/adhesive-tapes.trocellen.com\/es\/wp-json\/wp\/v2\/media?parent=737"}],"curies":[{"name":"wp","href":"https:\/\/api.w.org\/{rel}","templated":true}]}}