{"id":749,"date":"2013-12-08T16:42:53","date_gmt":"2013-12-08T16:42:53","guid":{"rendered":"https:\/\/adhesive-tapes.usernet.hu\/impresion-flexo\/"},"modified":"2013-12-08T16:42:53","modified_gmt":"2013-12-08T16:42:53","slug":"impresion-flexo","status":"publish","type":"page","link":"https:\/\/adhesive-tapes.trocellen.com\/es\/aplicaciones\/impresion-flexo\/","title":{"rendered":"Impresi\u00f3n flexo"},"content":{"rendered":"<h2>Espumas para cintas de montaje en impresi\u00f3n flexogr\u00e1fica<\/h2>\n<p>La industria de impresi\u00f3n flexogr\u00e1fica y\u00a0su demanda de cintas de montaje\u00a0con un elevado rendimiento y durabilidad, est\u00e1 en constante crecimiento. TROCELLEN est\u00e1\u00a0suministrando a este mercado con un cat\u00e1logo de productos especificamente desarrollado y un soporte t\u00e9cnico\u00a0destinado a conseguir los mejores resultados de impresi\u00f3n con unas\u00a0cintas de montaje armonizadas con un grado de dureza determinado. Las espumas TROCELLEN como\u00a0portadoras para el clich\u00e9\u00a0de montaje, proporcionan unas propiedades y materiales excelentes y un rendimiento de larga duraci\u00f3n para satisfacer los elevados requisitos de esta industria, y est\u00e1n desarrollados para adecuarse a las necesidades de\u00a0los procesos individuales de los clientes.<\/p>\n<h3>Aplicaciones<\/h3>\n<p>Nuestras espumas de Polietileno reticulado est\u00e1n desarrolladas para adecuarse perfectamente a los procesos de producci\u00f3n de los clich\u00e9s de cintas de montaje de alta calidad.<\/p>\n<h3>Propiedades<br \/>\n<img loading=\"lazy\" decoding=\"async\" class=\"alignright size-medium wp-image-588\" src=\"https:\/\/adhesive-tapes.trocellen.com\/wp-content\/uploads\/sites\/4\/2013\/12\/adhesive_tapes-flexoprint_001-300x169.png\" alt=\"\" width=\"300\" height=\"169\" srcset=\"https:\/\/adhesive-tapes.trocellen.com\/wp-content\/uploads\/sites\/4\/2013\/12\/adhesive_tapes-flexoprint_001-300x169.png 300w, https:\/\/adhesive-tapes.trocellen.com\/wp-content\/uploads\/sites\/4\/2013\/12\/adhesive_tapes-flexoprint_001-768x432.png 768w, https:\/\/adhesive-tapes.trocellen.com\/wp-content\/uploads\/sites\/4\/2013\/12\/adhesive_tapes-flexoprint_001-1024x576.png 1024w\" sizes=\"auto, (max-width: 300px) 100vw, 300px\" \/><\/h3>\n<p>Comente con nosotros sus necesidades de materiales tales como<\/p>\n<ul>\n<li>Valores de compresi\u00f3n personalizados<\/li>\n<li>Busqueda de material personalizado<\/li>\n<\/ul>\n<p>Opcionalmente disponibles con tratamiento Corona a un lado o a los dos lagos o bien con tratamiento de estabilidad y larga duraci\u00f3n tipo <a href=\"https:\/\/trocellen.com\/technology\/advanced-surface-treatment\/\" target=\"_blank\" rel=\"noopener\">AST<\/a>.<\/p>\n<h3>Beneficios<\/h3>\n<ul>\n<li>Superficie lisa, espuma de polietileno reticulado y estructura celular cerrada.<\/li>\n<li>Estructura celular homog\u00e9nea.<\/li>\n<li>Muy buena compatibilidad con diferentes sistemas adhesivos<\/li>\n<li>\u00d3ptimo comportamiento resiliente<\/li>\n<li>Excelente fuerza de distribuci\u00f3n para impresi\u00f3n de punto<\/li>\n<\/ul>\n","protected":false},"excerpt":{"rendered":"<p>Espumas para cintas de montaje en impresi\u00f3n flexogr\u00e1fica La industria de impresi\u00f3n flexogr\u00e1fica y\u00a0su demanda de cintas de montaje\u00a0con un elevado rendimiento y durabilidad, est\u00e1 en constante crecimiento. TROCELLEN est\u00e1\u00a0suministrando a este mercado con un cat\u00e1logo de productos especificamente desarrollado y un soporte t\u00e9cnico\u00a0destinado a conseguir los mejores resultados de impresi\u00f3n con unas\u00a0cintas de montaje [&hellip;]<\/p>\n","protected":false},"author":1,"featured_media":0,"parent":743,"menu_order":1,"comment_status":"open","ping_status":"open","template":"","meta":{"_acf_changed":false,"footnotes":""},"class_list":["post-749","page","type-page","status-publish","hentry"],"acf":[],"yoast_head":"<!-- This site is optimized with the Yoast SEO plugin v23.5 - https:\/\/yoast.com\/wordpress\/plugins\/seo\/ -->\n<title>Impresi\u00f3n flexo - Adhesive tapes<\/title>\n<meta name=\"robots\" content=\"index, follow, max-snippet:-1, max-image-preview:large, max-video-preview:-1\" \/>\n<link rel=\"canonical\" href=\"https:\/\/adhesive-tapes.trocellen.com\/es\/aplicaciones\/impresion-flexo\/\" \/>\n<meta name=\"twitter:label1\" content=\"Tiempo de lectura\" \/>\n\t<meta name=\"twitter:data1\" content=\"1 minuto\" \/>\n<script type=\"application\/ld+json\" class=\"yoast-schema-graph\">{\"@context\":\"https:\/\/schema.org\",\"@graph\":[{\"@type\":\"WebPage\",\"@id\":\"https:\/\/adhesive-tapes.trocellen.com\/es\/aplicaciones\/impresion-flexo\/\",\"url\":\"https:\/\/adhesive-tapes.trocellen.com\/es\/aplicaciones\/impresion-flexo\/\",\"name\":\"Impresi\u00f3n flexo - Adhesive tapes\",\"isPartOf\":{\"@id\":\"https:\/\/adhesive-tapes.trocellen.com\/#website\"},\"primaryImageOfPage\":{\"@id\":\"https:\/\/adhesive-tapes.trocellen.com\/es\/aplicaciones\/impresion-flexo\/#primaryimage\"},\"image\":{\"@id\":\"https:\/\/adhesive-tapes.trocellen.com\/es\/aplicaciones\/impresion-flexo\/#primaryimage\"},\"thumbnailUrl\":\"https:\/\/adhesive-tapes.trocellen.com\/wp-content\/uploads\/sites\/4\/2013\/12\/adhesive_tapes-flexoprint_001-300x169.png\",\"datePublished\":\"2013-12-08T16:42:53+00:00\",\"dateModified\":\"2013-12-08T16:42:53+00:00\",\"breadcrumb\":{\"@id\":\"https:\/\/adhesive-tapes.trocellen.com\/es\/aplicaciones\/impresion-flexo\/#breadcrumb\"},\"inLanguage\":\"es\",\"potentialAction\":[{\"@type\":\"ReadAction\",\"target\":[\"https:\/\/adhesive-tapes.trocellen.com\/es\/aplicaciones\/impresion-flexo\/\"]}]},{\"@type\":\"ImageObject\",\"inLanguage\":\"es\",\"@id\":\"https:\/\/adhesive-tapes.trocellen.com\/es\/aplicaciones\/impresion-flexo\/#primaryimage\",\"url\":\"https:\/\/adhesive-tapes.trocellen.com\/wp-content\/uploads\/sites\/4\/2013\/12\/adhesive_tapes-flexoprint_001-300x169.png\",\"contentUrl\":\"https:\/\/adhesive-tapes.trocellen.com\/wp-content\/uploads\/sites\/4\/2013\/12\/adhesive_tapes-flexoprint_001-300x169.png\"},{\"@type\":\"BreadcrumbList\",\"@id\":\"https:\/\/adhesive-tapes.trocellen.com\/es\/aplicaciones\/impresion-flexo\/#breadcrumb\",\"itemListElement\":[{\"@type\":\"ListItem\",\"position\":1,\"name\":\"Home\",\"item\":\"https:\/\/adhesive-tapes.trocellen.com\/es\/\"},{\"@type\":\"ListItem\",\"position\":2,\"name\":\"Aplicaciones\",\"item\":\"https:\/\/adhesive-tapes.trocellen.com\/es\/aplicaciones\/\"},{\"@type\":\"ListItem\",\"position\":3,\"name\":\"Impresi\u00f3n flexo\"}]},{\"@type\":\"WebSite\",\"@id\":\"https:\/\/adhesive-tapes.trocellen.com\/#website\",\"url\":\"https:\/\/adhesive-tapes.trocellen.com\/\",\"name\":\"Adhesive tapes\",\"description\":\"\",\"potentialAction\":[{\"@type\":\"SearchAction\",\"target\":{\"@type\":\"EntryPoint\",\"urlTemplate\":\"https:\/\/adhesive-tapes.trocellen.com\/?s={search_term_string}\"},\"query-input\":{\"@type\":\"PropertyValueSpecification\",\"valueRequired\":true,\"valueName\":\"search_term_string\"}}],\"inLanguage\":\"es\"}]}<\/script>\n<!-- \/ Yoast SEO plugin. -->","yoast_head_json":{"title":"Impresi\u00f3n flexo - Adhesive tapes","robots":{"index":"index","follow":"follow","max-snippet":"max-snippet:-1","max-image-preview":"max-image-preview:large","max-video-preview":"max-video-preview:-1"},"canonical":"https:\/\/adhesive-tapes.trocellen.com\/es\/aplicaciones\/impresion-flexo\/","twitter_misc":{"Tiempo de lectura":"1 minuto"},"schema":{"@context":"https:\/\/schema.org","@graph":[{"@type":"WebPage","@id":"https:\/\/adhesive-tapes.trocellen.com\/es\/aplicaciones\/impresion-flexo\/","url":"https:\/\/adhesive-tapes.trocellen.com\/es\/aplicaciones\/impresion-flexo\/","name":"Impresi\u00f3n flexo - Adhesive tapes","isPartOf":{"@id":"https:\/\/adhesive-tapes.trocellen.com\/#website"},"primaryImageOfPage":{"@id":"https:\/\/adhesive-tapes.trocellen.com\/es\/aplicaciones\/impresion-flexo\/#primaryimage"},"image":{"@id":"https:\/\/adhesive-tapes.trocellen.com\/es\/aplicaciones\/impresion-flexo\/#primaryimage"},"thumbnailUrl":"https:\/\/adhesive-tapes.trocellen.com\/wp-content\/uploads\/sites\/4\/2013\/12\/adhesive_tapes-flexoprint_001-300x169.png","datePublished":"2013-12-08T16:42:53+00:00","dateModified":"2013-12-08T16:42:53+00:00","breadcrumb":{"@id":"https:\/\/adhesive-tapes.trocellen.com\/es\/aplicaciones\/impresion-flexo\/#breadcrumb"},"inLanguage":"es","potentialAction":[{"@type":"ReadAction","target":["https:\/\/adhesive-tapes.trocellen.com\/es\/aplicaciones\/impresion-flexo\/"]}]},{"@type":"ImageObject","inLanguage":"es","@id":"https:\/\/adhesive-tapes.trocellen.com\/es\/aplicaciones\/impresion-flexo\/#primaryimage","url":"https:\/\/adhesive-tapes.trocellen.com\/wp-content\/uploads\/sites\/4\/2013\/12\/adhesive_tapes-flexoprint_001-300x169.png","contentUrl":"https:\/\/adhesive-tapes.trocellen.com\/wp-content\/uploads\/sites\/4\/2013\/12\/adhesive_tapes-flexoprint_001-300x169.png"},{"@type":"BreadcrumbList","@id":"https:\/\/adhesive-tapes.trocellen.com\/es\/aplicaciones\/impresion-flexo\/#breadcrumb","itemListElement":[{"@type":"ListItem","position":1,"name":"Home","item":"https:\/\/adhesive-tapes.trocellen.com\/es\/"},{"@type":"ListItem","position":2,"name":"Aplicaciones","item":"https:\/\/adhesive-tapes.trocellen.com\/es\/aplicaciones\/"},{"@type":"ListItem","position":3,"name":"Impresi\u00f3n flexo"}]},{"@type":"WebSite","@id":"https:\/\/adhesive-tapes.trocellen.com\/#website","url":"https:\/\/adhesive-tapes.trocellen.com\/","name":"Adhesive tapes","description":"","potentialAction":[{"@type":"SearchAction","target":{"@type":"EntryPoint","urlTemplate":"https:\/\/adhesive-tapes.trocellen.com\/?s={search_term_string}"},"query-input":{"@type":"PropertyValueSpecification","valueRequired":true,"valueName":"search_term_string"}}],"inLanguage":"es"}]}},"_links":{"self":[{"href":"https:\/\/adhesive-tapes.trocellen.com\/es\/wp-json\/wp\/v2\/pages\/749","targetHints":{"allow":["GET"]}}],"collection":[{"href":"https:\/\/adhesive-tapes.trocellen.com\/es\/wp-json\/wp\/v2\/pages"}],"about":[{"href":"https:\/\/adhesive-tapes.trocellen.com\/es\/wp-json\/wp\/v2\/types\/page"}],"author":[{"embeddable":true,"href":"https:\/\/adhesive-tapes.trocellen.com\/es\/wp-json\/wp\/v2\/users\/1"}],"replies":[{"embeddable":true,"href":"https:\/\/adhesive-tapes.trocellen.com\/es\/wp-json\/wp\/v2\/comments?post=749"}],"version-history":[{"count":0,"href":"https:\/\/adhesive-tapes.trocellen.com\/es\/wp-json\/wp\/v2\/pages\/749\/revisions"}],"up":[{"embeddable":true,"href":"https:\/\/adhesive-tapes.trocellen.com\/es\/wp-json\/wp\/v2\/pages\/743"}],"wp:attachment":[{"href":"https:\/\/adhesive-tapes.trocellen.com\/es\/wp-json\/wp\/v2\/media?parent=749"}],"curies":[{"name":"wp","href":"https:\/\/api.w.org\/{rel}","templated":true}]}}