{"id":755,"date":"2013-12-08T16:43:06","date_gmt":"2013-12-08T16:43:06","guid":{"rendered":"https:\/\/adhesive-tapes.usernet.hu\/construccion\/"},"modified":"2013-12-08T16:43:06","modified_gmt":"2013-12-08T16:43:06","slug":"construccion","status":"publish","type":"page","link":"https:\/\/adhesive-tapes.trocellen.com\/es\/aplicaciones\/construccion\/","title":{"rendered":"Construcci\u00f3n"},"content":{"rendered":"<h2>Espumas de polietileno reticulado soporte de adhesivo para aplicaciones auto adhesivas.<\/h2>\n<p>El mundo de las soluciones auto adhesivas est\u00e1 en continuo desarrollo. Las cintas adhesivas es el m\u00e9todo que cada vez m\u00e1s sustituye<span style=\"text-decoration: line-through;\">n<\/span> a los convencionales sistemas de fijaci\u00f3n en la industria de la construcci\u00f3n. Las soluciones de cinta adhesivas con espumas de polietileno reticulado con soporte adhesivo TROCELLEN no son solamente perfectamente adaptables a las fijaciones m\u00e1s diversas, sino que tambi\u00e9n dan un valor a\u00f1adido mediante la reducci\u00f3n de peso, proporcionando adem\u00e1s aislamiento t\u00e9rmico y ac\u00fastico y facilitando el proceso de aplicaci\u00f3n.<\/p>\n<h3>Aplicaciones<strong>\u00a0<\/strong><\/h3>\n<p>Las cintas adhesivas de espumas de polietileno reticulado TROCELLEN son usadas para la fijaci\u00f3n de:<\/p>\n<p>Perfiles extruidos:<\/p>\n<ul>\n<li>Ventanas<\/li>\n<li>Protecci\u00f3n de perfiles<\/li>\n<\/ul>\n<p>Ajuste interior \/ construcci\u00f3n ligera:<img loading=\"lazy\" decoding=\"async\" class=\"alignright size-medium wp-image-590\" src=\"https:\/\/adhesive-tapes.trocellen.com\/wp-content\/uploads\/sites\/4\/2013\/12\/adhesive_tapes-tape-application_001-300x169.png\" alt=\"\" width=\"300\" height=\"169\" srcset=\"https:\/\/adhesive-tapes.trocellen.com\/wp-content\/uploads\/sites\/4\/2013\/12\/adhesive_tapes-tape-application_001-300x169.png 300w, https:\/\/adhesive-tapes.trocellen.com\/wp-content\/uploads\/sites\/4\/2013\/12\/adhesive_tapes-tape-application_001-768x432.png 768w, https:\/\/adhesive-tapes.trocellen.com\/wp-content\/uploads\/sites\/4\/2013\/12\/adhesive_tapes-tape-application_001-1024x576.png 1024w\" sizes=\"auto, (max-width: 300px) 100vw, 300px\" \/><\/p>\n<ul>\n<li>Separaci\u00f3n de paredes<\/li>\n<li>Trampillas<\/li>\n<\/ul>\n<p>Fachadas \/ ventanas:<\/p>\n<ul>\n<li>Marcos de ventanas<\/li>\n<li>Sellado de cristales<\/li>\n<\/ul>\n<p>Construcci\u00f3n de techos:<\/p>\n<ul>\n<li>Sellado de clavos<\/li>\n<li>Sellado de techos<\/li>\n<\/ul>\n<h3>Tipos de productos disponibles<\/h3>\n<p>Comportamiento al fuego Clase B1 (DIN 4102)<\/p>\n<p>Opcionalmente disponibles con tratamiento Corona en uno o ambos lados o con tratamiento estable a largo plazo AST.<\/p>\n<h3>Beneficios<\/h3>\n<ul>\n<li>superficies lisa, espuma reticulada &amp; estructura celular cerrada<img loading=\"lazy\" decoding=\"async\" class=\"alignright size-medium wp-image-591\" src=\"https:\/\/adhesive-tapes.trocellen.com\/wp-content\/uploads\/sites\/4\/2013\/12\/adhesive_tapes-tape-in-roll_001-300x169.png\" alt=\"\" width=\"300\" height=\"169\" srcset=\"https:\/\/adhesive-tapes.trocellen.com\/wp-content\/uploads\/sites\/4\/2013\/12\/adhesive_tapes-tape-in-roll_001-300x169.png 300w, https:\/\/adhesive-tapes.trocellen.com\/wp-content\/uploads\/sites\/4\/2013\/12\/adhesive_tapes-tape-in-roll_001-768x432.png 768w, https:\/\/adhesive-tapes.trocellen.com\/wp-content\/uploads\/sites\/4\/2013\/12\/adhesive_tapes-tape-in-roll_001.png 1024w\" sizes=\"auto, (max-width: 300px) 100vw, 300px\" \/><\/li>\n<li>Ideal para superficies irregulares,<\/li>\n<li>\u00d3ptimo comportamiento resiliente<\/li>\n<li>Excelente sellado y amortiguaci\u00f3n<\/li>\n<li>Flexible y confortable<\/li>\n<li>Muy buena compatibilidad con diferentes sistemas adhesivos<\/li>\n<li>F\u00e1cil de aplicar y cortar<\/li>\n<li>No absorbe la humedad<\/li>\n<li>Aislamiento t\u00e9rmico y ac\u00fastico<\/li>\n<\/ul>\n","protected":false},"excerpt":{"rendered":"<p>Espumas de polietileno reticulado soporte de adhesivo para aplicaciones auto adhesivas. El mundo de las soluciones auto adhesivas est\u00e1 en continuo desarrollo. Las cintas adhesivas es el m\u00e9todo que cada vez m\u00e1s sustituyen a los convencionales sistemas de fijaci\u00f3n en la industria de la construcci\u00f3n. Las soluciones de cinta adhesivas con espumas de polietileno reticulado [&hellip;]<\/p>\n","protected":false},"author":1,"featured_media":0,"parent":743,"menu_order":2,"comment_status":"open","ping_status":"open","template":"","meta":{"_acf_changed":false,"footnotes":""},"class_list":["post-755","page","type-page","status-publish","hentry"],"acf":[],"yoast_head":"<!-- This site is optimized with the Yoast SEO plugin v23.5 - https:\/\/yoast.com\/wordpress\/plugins\/seo\/ -->\n<title>Construcci\u00f3n - Adhesive tapes<\/title>\n<meta name=\"robots\" content=\"index, follow, max-snippet:-1, max-image-preview:large, max-video-preview:-1\" \/>\n<link rel=\"canonical\" href=\"https:\/\/adhesive-tapes.trocellen.com\/es\/aplicaciones\/construccion\/\" \/>\n<meta name=\"twitter:label1\" content=\"Tiempo de lectura\" \/>\n\t<meta name=\"twitter:data1\" content=\"1 minuto\" \/>\n<script type=\"application\/ld+json\" class=\"yoast-schema-graph\">{\"@context\":\"https:\/\/schema.org\",\"@graph\":[{\"@type\":\"WebPage\",\"@id\":\"https:\/\/adhesive-tapes.trocellen.com\/es\/aplicaciones\/construccion\/\",\"url\":\"https:\/\/adhesive-tapes.trocellen.com\/es\/aplicaciones\/construccion\/\",\"name\":\"Construcci\u00f3n - Adhesive tapes\",\"isPartOf\":{\"@id\":\"https:\/\/adhesive-tapes.trocellen.com\/#website\"},\"primaryImageOfPage\":{\"@id\":\"https:\/\/adhesive-tapes.trocellen.com\/es\/aplicaciones\/construccion\/#primaryimage\"},\"image\":{\"@id\":\"https:\/\/adhesive-tapes.trocellen.com\/es\/aplicaciones\/construccion\/#primaryimage\"},\"thumbnailUrl\":\"https:\/\/adhesive-tapes.trocellen.com\/wp-content\/uploads\/sites\/4\/2013\/12\/adhesive_tapes-tape-application_001-300x169.png\",\"datePublished\":\"2013-12-08T16:43:06+00:00\",\"dateModified\":\"2013-12-08T16:43:06+00:00\",\"breadcrumb\":{\"@id\":\"https:\/\/adhesive-tapes.trocellen.com\/es\/aplicaciones\/construccion\/#breadcrumb\"},\"inLanguage\":\"es\",\"potentialAction\":[{\"@type\":\"ReadAction\",\"target\":[\"https:\/\/adhesive-tapes.trocellen.com\/es\/aplicaciones\/construccion\/\"]}]},{\"@type\":\"ImageObject\",\"inLanguage\":\"es\",\"@id\":\"https:\/\/adhesive-tapes.trocellen.com\/es\/aplicaciones\/construccion\/#primaryimage\",\"url\":\"https:\/\/adhesive-tapes.trocellen.com\/wp-content\/uploads\/sites\/4\/2013\/12\/adhesive_tapes-tape-application_001-300x169.png\",\"contentUrl\":\"https:\/\/adhesive-tapes.trocellen.com\/wp-content\/uploads\/sites\/4\/2013\/12\/adhesive_tapes-tape-application_001-300x169.png\"},{\"@type\":\"BreadcrumbList\",\"@id\":\"https:\/\/adhesive-tapes.trocellen.com\/es\/aplicaciones\/construccion\/#breadcrumb\",\"itemListElement\":[{\"@type\":\"ListItem\",\"position\":1,\"name\":\"Home\",\"item\":\"https:\/\/adhesive-tapes.trocellen.com\/es\/\"},{\"@type\":\"ListItem\",\"position\":2,\"name\":\"Aplicaciones\",\"item\":\"https:\/\/adhesive-tapes.trocellen.com\/es\/aplicaciones\/\"},{\"@type\":\"ListItem\",\"position\":3,\"name\":\"Construcci\u00f3n\"}]},{\"@type\":\"WebSite\",\"@id\":\"https:\/\/adhesive-tapes.trocellen.com\/#website\",\"url\":\"https:\/\/adhesive-tapes.trocellen.com\/\",\"name\":\"Adhesive tapes\",\"description\":\"\",\"potentialAction\":[{\"@type\":\"SearchAction\",\"target\":{\"@type\":\"EntryPoint\",\"urlTemplate\":\"https:\/\/adhesive-tapes.trocellen.com\/?s={search_term_string}\"},\"query-input\":{\"@type\":\"PropertyValueSpecification\",\"valueRequired\":true,\"valueName\":\"search_term_string\"}}],\"inLanguage\":\"es\"}]}<\/script>\n<!-- \/ Yoast SEO plugin. -->","yoast_head_json":{"title":"Construcci\u00f3n - Adhesive tapes","robots":{"index":"index","follow":"follow","max-snippet":"max-snippet:-1","max-image-preview":"max-image-preview:large","max-video-preview":"max-video-preview:-1"},"canonical":"https:\/\/adhesive-tapes.trocellen.com\/es\/aplicaciones\/construccion\/","twitter_misc":{"Tiempo de lectura":"1 minuto"},"schema":{"@context":"https:\/\/schema.org","@graph":[{"@type":"WebPage","@id":"https:\/\/adhesive-tapes.trocellen.com\/es\/aplicaciones\/construccion\/","url":"https:\/\/adhesive-tapes.trocellen.com\/es\/aplicaciones\/construccion\/","name":"Construcci\u00f3n - Adhesive tapes","isPartOf":{"@id":"https:\/\/adhesive-tapes.trocellen.com\/#website"},"primaryImageOfPage":{"@id":"https:\/\/adhesive-tapes.trocellen.com\/es\/aplicaciones\/construccion\/#primaryimage"},"image":{"@id":"https:\/\/adhesive-tapes.trocellen.com\/es\/aplicaciones\/construccion\/#primaryimage"},"thumbnailUrl":"https:\/\/adhesive-tapes.trocellen.com\/wp-content\/uploads\/sites\/4\/2013\/12\/adhesive_tapes-tape-application_001-300x169.png","datePublished":"2013-12-08T16:43:06+00:00","dateModified":"2013-12-08T16:43:06+00:00","breadcrumb":{"@id":"https:\/\/adhesive-tapes.trocellen.com\/es\/aplicaciones\/construccion\/#breadcrumb"},"inLanguage":"es","potentialAction":[{"@type":"ReadAction","target":["https:\/\/adhesive-tapes.trocellen.com\/es\/aplicaciones\/construccion\/"]}]},{"@type":"ImageObject","inLanguage":"es","@id":"https:\/\/adhesive-tapes.trocellen.com\/es\/aplicaciones\/construccion\/#primaryimage","url":"https:\/\/adhesive-tapes.trocellen.com\/wp-content\/uploads\/sites\/4\/2013\/12\/adhesive_tapes-tape-application_001-300x169.png","contentUrl":"https:\/\/adhesive-tapes.trocellen.com\/wp-content\/uploads\/sites\/4\/2013\/12\/adhesive_tapes-tape-application_001-300x169.png"},{"@type":"BreadcrumbList","@id":"https:\/\/adhesive-tapes.trocellen.com\/es\/aplicaciones\/construccion\/#breadcrumb","itemListElement":[{"@type":"ListItem","position":1,"name":"Home","item":"https:\/\/adhesive-tapes.trocellen.com\/es\/"},{"@type":"ListItem","position":2,"name":"Aplicaciones","item":"https:\/\/adhesive-tapes.trocellen.com\/es\/aplicaciones\/"},{"@type":"ListItem","position":3,"name":"Construcci\u00f3n"}]},{"@type":"WebSite","@id":"https:\/\/adhesive-tapes.trocellen.com\/#website","url":"https:\/\/adhesive-tapes.trocellen.com\/","name":"Adhesive tapes","description":"","potentialAction":[{"@type":"SearchAction","target":{"@type":"EntryPoint","urlTemplate":"https:\/\/adhesive-tapes.trocellen.com\/?s={search_term_string}"},"query-input":{"@type":"PropertyValueSpecification","valueRequired":true,"valueName":"search_term_string"}}],"inLanguage":"es"}]}},"_links":{"self":[{"href":"https:\/\/adhesive-tapes.trocellen.com\/es\/wp-json\/wp\/v2\/pages\/755","targetHints":{"allow":["GET"]}}],"collection":[{"href":"https:\/\/adhesive-tapes.trocellen.com\/es\/wp-json\/wp\/v2\/pages"}],"about":[{"href":"https:\/\/adhesive-tapes.trocellen.com\/es\/wp-json\/wp\/v2\/types\/page"}],"author":[{"embeddable":true,"href":"https:\/\/adhesive-tapes.trocellen.com\/es\/wp-json\/wp\/v2\/users\/1"}],"replies":[{"embeddable":true,"href":"https:\/\/adhesive-tapes.trocellen.com\/es\/wp-json\/wp\/v2\/comments?post=755"}],"version-history":[{"count":0,"href":"https:\/\/adhesive-tapes.trocellen.com\/es\/wp-json\/wp\/v2\/pages\/755\/revisions"}],"up":[{"embeddable":true,"href":"https:\/\/adhesive-tapes.trocellen.com\/es\/wp-json\/wp\/v2\/pages\/743"}],"wp:attachment":[{"href":"https:\/\/adhesive-tapes.trocellen.com\/es\/wp-json\/wp\/v2\/media?parent=755"}],"curies":[{"name":"wp","href":"https:\/\/api.w.org\/{rel}","templated":true}]}}