{"id":761,"date":"2013-12-08T16:43:20","date_gmt":"2013-12-08T16:43:20","guid":{"rendered":"https:\/\/adhesive-tapes.usernet.hu\/bricolaje\/"},"modified":"2013-12-08T16:43:20","modified_gmt":"2013-12-08T16:43:20","slug":"bricolaje","status":"publish","type":"page","link":"https:\/\/adhesive-tapes.trocellen.com\/es\/aplicaciones\/bricolaje\/","title":{"rendered":"Bricolaje"},"content":{"rendered":"<h2>Espumas de polietileno reticulado para aplicaciones auto adhesivas.<\/h2>\n<p>Las cintas adhesivas es el m\u00e9todo que cada vez m\u00e1s sustituye a los s\u00edstemas convencionales de fijaci\u00f3n. Nuevas e interesantes aplicaciones aumentan su potencial rango de uso de las cintas doble cara, aumentando tambi\u00e9n los requisitos de alta calidad de los soportes. Las cintas adhesivas de montaje con espumas soporte de polietileno reticulado permiten una \u00f3ptima uni\u00f3n en superficies irregulares, dif\u00edciles y rugosas, gracias a\u00a0sus propiedades \u00fanicas\u00a0de alta flexibilidad y compresibilidad.<\/p>\n<h3>Aplicaciones<\/h3>\n<p>Encontrar\u00e1s las espumas TROCELLEN de polietileno reticulado como soporte para:<img loading=\"lazy\" decoding=\"async\" class=\"alignright size-medium wp-image-595\" src=\"https:\/\/adhesive-tapes.trocellen.com\/wp-content\/uploads\/sites\/4\/2013\/12\/adhesive_tapes-mirror_001-300x169.png\" alt=\"\" width=\"300\" height=\"169\" srcset=\"https:\/\/adhesive-tapes.trocellen.com\/wp-content\/uploads\/sites\/4\/2013\/12\/adhesive_tapes-mirror_001-300x169.png 300w, https:\/\/adhesive-tapes.trocellen.com\/wp-content\/uploads\/sites\/4\/2013\/12\/adhesive_tapes-mirror_001-768x432.png 768w, https:\/\/adhesive-tapes.trocellen.com\/wp-content\/uploads\/sites\/4\/2013\/12\/adhesive_tapes-mirror_001-1024x576.png 1024w\" sizes=\"auto, (max-width: 300px) 100vw, 300px\" \/><\/p>\n<ul>\n<li>Cintas auto adhesivas para perfiles de ventanas y bandas<\/li>\n<li>Cintas auto adhesivas para fijaci\u00f3n de ganchos de pared<\/li>\n<li>Cintas auto adhesivas para fijaci\u00f3n de espejos<\/li>\n<li>Auto adhesivos para piezas estampadas (emblemas, logos, etc)<\/li>\n<li><\/li>\n<\/ul>\n<h3>Tipos de productos disponibles<\/h3>\n<ul>\n<li>Comente con nosotros sus necesidades de materiales tales como incrementar la suavidad para encontrar el material que se adapte perfectamente a su aplicaci\u00f3n.<\/li>\n<li>Opcionalmente disponibles con tratamiento Corona en uno o ambos lados o con tratamiento estable a largo plazo <a href=\"https:\/\/trocellen.com\/technology\/advanced-surface-treatment\/\" target=\"_blank\" rel=\"noopener\">AST.<\/a><\/li>\n<\/ul>\n<h3>Beneficios<\/h3>\n<ul>\n<li>Flexible y y adaptable<img loading=\"lazy\" decoding=\"async\" class=\"alignright size-medium wp-image-594\" src=\"https:\/\/adhesive-tapes.trocellen.com\/wp-content\/uploads\/sites\/4\/2013\/12\/adhesive_tapes-accessories_001-300x204.png\" alt=\"\" width=\"300\" height=\"204\" srcset=\"https:\/\/adhesive-tapes.trocellen.com\/wp-content\/uploads\/sites\/4\/2013\/12\/adhesive_tapes-accessories_001-300x204.png 300w, https:\/\/adhesive-tapes.trocellen.com\/wp-content\/uploads\/sites\/4\/2013\/12\/adhesive_tapes-accessories_001-768x523.png 768w, https:\/\/adhesive-tapes.trocellen.com\/wp-content\/uploads\/sites\/4\/2013\/12\/adhesive_tapes-accessories_001-1024x697.png 1024w\" sizes=\"auto, (max-width: 300px) 100vw, 300px\" \/><\/li>\n<li>Ideal para superficies irregulares<\/li>\n<li>\u00d3ptimo comportamiento resiliente<\/li>\n<li>Excelente funci\u00f3n selladora<\/li>\n<li>Superficie lisa, espuma de polietileno reticulado y estructura celular cerrada<\/li>\n<li>Muy buena compatibilidad con diferentes sistemas adhesivos<\/li>\n<li>F\u00e1cil de aplicar y cortar<\/li>\n<li>Herm\u00e9tico al aire y el agua<\/li>\n<\/ul>\n","protected":false},"excerpt":{"rendered":"<p>Espumas de polietileno reticulado para aplicaciones auto adhesivas. Las cintas adhesivas es el m\u00e9todo que cada vez m\u00e1s sustituye a los s\u00edstemas convencionales de fijaci\u00f3n. Nuevas e interesantes aplicaciones aumentan su potencial rango de uso de las cintas doble cara, aumentando tambi\u00e9n los requisitos de alta calidad de los soportes. Las cintas adhesivas de montaje [&hellip;]<\/p>\n","protected":false},"author":1,"featured_media":0,"parent":743,"menu_order":3,"comment_status":"open","ping_status":"open","template":"","meta":{"_acf_changed":false,"footnotes":""},"class_list":["post-761","page","type-page","status-publish","hentry"],"acf":[],"yoast_head":"<!-- This site is optimized with the Yoast SEO plugin v23.5 - https:\/\/yoast.com\/wordpress\/plugins\/seo\/ -->\n<title>Bricolaje - Adhesive tapes<\/title>\n<meta name=\"robots\" content=\"index, follow, max-snippet:-1, max-image-preview:large, max-video-preview:-1\" \/>\n<link rel=\"canonical\" href=\"https:\/\/adhesive-tapes.trocellen.com\/es\/aplicaciones\/bricolaje\/\" \/>\n<meta name=\"twitter:label1\" content=\"Tiempo de lectura\" \/>\n\t<meta name=\"twitter:data1\" content=\"1 minuto\" \/>\n<script type=\"application\/ld+json\" class=\"yoast-schema-graph\">{\"@context\":\"https:\/\/schema.org\",\"@graph\":[{\"@type\":\"WebPage\",\"@id\":\"https:\/\/adhesive-tapes.trocellen.com\/es\/aplicaciones\/bricolaje\/\",\"url\":\"https:\/\/adhesive-tapes.trocellen.com\/es\/aplicaciones\/bricolaje\/\",\"name\":\"Bricolaje - Adhesive tapes\",\"isPartOf\":{\"@id\":\"https:\/\/adhesive-tapes.trocellen.com\/#website\"},\"primaryImageOfPage\":{\"@id\":\"https:\/\/adhesive-tapes.trocellen.com\/es\/aplicaciones\/bricolaje\/#primaryimage\"},\"image\":{\"@id\":\"https:\/\/adhesive-tapes.trocellen.com\/es\/aplicaciones\/bricolaje\/#primaryimage\"},\"thumbnailUrl\":\"https:\/\/adhesive-tapes.trocellen.com\/wp-content\/uploads\/sites\/4\/2013\/12\/adhesive_tapes-mirror_001-300x169.png\",\"datePublished\":\"2013-12-08T16:43:20+00:00\",\"dateModified\":\"2013-12-08T16:43:20+00:00\",\"breadcrumb\":{\"@id\":\"https:\/\/adhesive-tapes.trocellen.com\/es\/aplicaciones\/bricolaje\/#breadcrumb\"},\"inLanguage\":\"es\",\"potentialAction\":[{\"@type\":\"ReadAction\",\"target\":[\"https:\/\/adhesive-tapes.trocellen.com\/es\/aplicaciones\/bricolaje\/\"]}]},{\"@type\":\"ImageObject\",\"inLanguage\":\"es\",\"@id\":\"https:\/\/adhesive-tapes.trocellen.com\/es\/aplicaciones\/bricolaje\/#primaryimage\",\"url\":\"https:\/\/adhesive-tapes.trocellen.com\/wp-content\/uploads\/sites\/4\/2013\/12\/adhesive_tapes-mirror_001-300x169.png\",\"contentUrl\":\"https:\/\/adhesive-tapes.trocellen.com\/wp-content\/uploads\/sites\/4\/2013\/12\/adhesive_tapes-mirror_001-300x169.png\"},{\"@type\":\"BreadcrumbList\",\"@id\":\"https:\/\/adhesive-tapes.trocellen.com\/es\/aplicaciones\/bricolaje\/#breadcrumb\",\"itemListElement\":[{\"@type\":\"ListItem\",\"position\":1,\"name\":\"Home\",\"item\":\"https:\/\/adhesive-tapes.trocellen.com\/es\/\"},{\"@type\":\"ListItem\",\"position\":2,\"name\":\"Aplicaciones\",\"item\":\"https:\/\/adhesive-tapes.trocellen.com\/es\/aplicaciones\/\"},{\"@type\":\"ListItem\",\"position\":3,\"name\":\"Bricolaje\"}]},{\"@type\":\"WebSite\",\"@id\":\"https:\/\/adhesive-tapes.trocellen.com\/#website\",\"url\":\"https:\/\/adhesive-tapes.trocellen.com\/\",\"name\":\"Adhesive tapes\",\"description\":\"\",\"potentialAction\":[{\"@type\":\"SearchAction\",\"target\":{\"@type\":\"EntryPoint\",\"urlTemplate\":\"https:\/\/adhesive-tapes.trocellen.com\/?s={search_term_string}\"},\"query-input\":{\"@type\":\"PropertyValueSpecification\",\"valueRequired\":true,\"valueName\":\"search_term_string\"}}],\"inLanguage\":\"es\"}]}<\/script>\n<!-- \/ Yoast SEO plugin. -->","yoast_head_json":{"title":"Bricolaje - Adhesive tapes","robots":{"index":"index","follow":"follow","max-snippet":"max-snippet:-1","max-image-preview":"max-image-preview:large","max-video-preview":"max-video-preview:-1"},"canonical":"https:\/\/adhesive-tapes.trocellen.com\/es\/aplicaciones\/bricolaje\/","twitter_misc":{"Tiempo de lectura":"1 minuto"},"schema":{"@context":"https:\/\/schema.org","@graph":[{"@type":"WebPage","@id":"https:\/\/adhesive-tapes.trocellen.com\/es\/aplicaciones\/bricolaje\/","url":"https:\/\/adhesive-tapes.trocellen.com\/es\/aplicaciones\/bricolaje\/","name":"Bricolaje - Adhesive tapes","isPartOf":{"@id":"https:\/\/adhesive-tapes.trocellen.com\/#website"},"primaryImageOfPage":{"@id":"https:\/\/adhesive-tapes.trocellen.com\/es\/aplicaciones\/bricolaje\/#primaryimage"},"image":{"@id":"https:\/\/adhesive-tapes.trocellen.com\/es\/aplicaciones\/bricolaje\/#primaryimage"},"thumbnailUrl":"https:\/\/adhesive-tapes.trocellen.com\/wp-content\/uploads\/sites\/4\/2013\/12\/adhesive_tapes-mirror_001-300x169.png","datePublished":"2013-12-08T16:43:20+00:00","dateModified":"2013-12-08T16:43:20+00:00","breadcrumb":{"@id":"https:\/\/adhesive-tapes.trocellen.com\/es\/aplicaciones\/bricolaje\/#breadcrumb"},"inLanguage":"es","potentialAction":[{"@type":"ReadAction","target":["https:\/\/adhesive-tapes.trocellen.com\/es\/aplicaciones\/bricolaje\/"]}]},{"@type":"ImageObject","inLanguage":"es","@id":"https:\/\/adhesive-tapes.trocellen.com\/es\/aplicaciones\/bricolaje\/#primaryimage","url":"https:\/\/adhesive-tapes.trocellen.com\/wp-content\/uploads\/sites\/4\/2013\/12\/adhesive_tapes-mirror_001-300x169.png","contentUrl":"https:\/\/adhesive-tapes.trocellen.com\/wp-content\/uploads\/sites\/4\/2013\/12\/adhesive_tapes-mirror_001-300x169.png"},{"@type":"BreadcrumbList","@id":"https:\/\/adhesive-tapes.trocellen.com\/es\/aplicaciones\/bricolaje\/#breadcrumb","itemListElement":[{"@type":"ListItem","position":1,"name":"Home","item":"https:\/\/adhesive-tapes.trocellen.com\/es\/"},{"@type":"ListItem","position":2,"name":"Aplicaciones","item":"https:\/\/adhesive-tapes.trocellen.com\/es\/aplicaciones\/"},{"@type":"ListItem","position":3,"name":"Bricolaje"}]},{"@type":"WebSite","@id":"https:\/\/adhesive-tapes.trocellen.com\/#website","url":"https:\/\/adhesive-tapes.trocellen.com\/","name":"Adhesive tapes","description":"","potentialAction":[{"@type":"SearchAction","target":{"@type":"EntryPoint","urlTemplate":"https:\/\/adhesive-tapes.trocellen.com\/?s={search_term_string}"},"query-input":{"@type":"PropertyValueSpecification","valueRequired":true,"valueName":"search_term_string"}}],"inLanguage":"es"}]}},"_links":{"self":[{"href":"https:\/\/adhesive-tapes.trocellen.com\/es\/wp-json\/wp\/v2\/pages\/761","targetHints":{"allow":["GET"]}}],"collection":[{"href":"https:\/\/adhesive-tapes.trocellen.com\/es\/wp-json\/wp\/v2\/pages"}],"about":[{"href":"https:\/\/adhesive-tapes.trocellen.com\/es\/wp-json\/wp\/v2\/types\/page"}],"author":[{"embeddable":true,"href":"https:\/\/adhesive-tapes.trocellen.com\/es\/wp-json\/wp\/v2\/users\/1"}],"replies":[{"embeddable":true,"href":"https:\/\/adhesive-tapes.trocellen.com\/es\/wp-json\/wp\/v2\/comments?post=761"}],"version-history":[{"count":0,"href":"https:\/\/adhesive-tapes.trocellen.com\/es\/wp-json\/wp\/v2\/pages\/761\/revisions"}],"up":[{"embeddable":true,"href":"https:\/\/adhesive-tapes.trocellen.com\/es\/wp-json\/wp\/v2\/pages\/743"}],"wp:attachment":[{"href":"https:\/\/adhesive-tapes.trocellen.com\/es\/wp-json\/wp\/v2\/media?parent=761"}],"curies":[{"name":"wp","href":"https:\/\/api.w.org\/{rel}","templated":true}]}}