{"id":767,"date":"2013-12-08T16:43:36","date_gmt":"2013-12-08T16:43:36","guid":{"rendered":"https:\/\/adhesive-tapes.usernet.hu\/automocion\/"},"modified":"2013-12-08T16:43:36","modified_gmt":"2013-12-08T16:43:36","slug":"automocion","status":"publish","type":"page","link":"https:\/\/adhesive-tapes.trocellen.com\/es\/aplicaciones\/automocion\/","title":{"rendered":"Automoci\u00f3n"},"content":{"rendered":"<h2>Espumas para aplicaciones auto adhesivas.<\/h2>\n<p>El mundo de las soluciones auto adhesivas est\u00e1 en constante desarrollo. Dentro del sector de la industria de automoci\u00f3n, hay un amplio potencial de cintas de espumas adhesivas de alta calidad para diversas aplicaciones. Para reducir el peso, absorber ruidos, para usos de aislamiento o para facilitar el proceso de instalaci\u00f3n, las cintas adhesivas est\u00e1n incrementando su uso en fijaciones diversas en las aplicaciones de automoci\u00f3n.<\/p>\n<h3>Aplicaciones<\/h3>\n<p>Las espumas de Polietileno reticulado TROCELLEN desarrolladas para adecuarse a sus procesos en aplicaciones finales como:<img loading=\"lazy\" decoding=\"async\" class=\"alignright size-medium wp-image-597\" src=\"https:\/\/adhesive-tapes.trocellen.com\/wp-content\/uploads\/sites\/4\/2013\/12\/adhesive_tapes-cartext_001-300x204.png\" alt=\"\" width=\"300\" height=\"204\" srcset=\"https:\/\/adhesive-tapes.trocellen.com\/wp-content\/uploads\/sites\/4\/2013\/12\/adhesive_tapes-cartext_001-300x204.png 300w, https:\/\/adhesive-tapes.trocellen.com\/wp-content\/uploads\/sites\/4\/2013\/12\/adhesive_tapes-cartext_001-768x523.png 768w, https:\/\/adhesive-tapes.trocellen.com\/wp-content\/uploads\/sites\/4\/2013\/12\/adhesive_tapes-cartext_001.png 1024w\" sizes=\"auto, (max-width: 300px) 100vw, 300px\" \/><\/p>\n<ul>\n<li>retrovisores<\/li>\n<li>emblemas<\/li>\n<li>Techos<\/li>\n<li>Juntas troqueladas<\/li>\n<li>Bandas decorativas<\/li>\n<\/ul>\n<h3><strong>Tipos de productos disponibles<\/strong><\/h3>\n<p>Comente con nosotros los requerimientos de material que podr\u00e1n ser evaluados para proponerle los materiales que mejor se adaptan a sus exigencias como:<\/p>\n<ul>\n<li>Mayor suavidad<\/li>\n<li>Rigidez reducida<\/li>\n<li>Gran alargamiento a la rotura<\/li>\n<li>Resistencia especial a temperatura<\/li>\n<\/ul>\n<p>Opcionalmente disponibles con tratamiento Corona en uno o ambos lados o con tratamiento estable a largo plazo <a href=\"https:\/\/trocellen.com\/technology\/advanced-surface-treatment\/\" target=\"_blank\" rel=\"noopener\">AST<\/a>.<img loading=\"lazy\" decoding=\"async\" class=\"size-medium wp-image-52 alignright\" src=\"https:\/\/adhesive-tapes.trocellen.com\/wp-content\/uploads\/sites\/4\/2013\/12\/automotive2-300x193.jpg\" alt=\"automotive2\" width=\"220\" height=\"141\" srcset=\"https:\/\/adhesive-tapes.trocellen.com\/wp-content\/uploads\/sites\/4\/2013\/12\/automotive2-300x193.jpg 300w, https:\/\/adhesive-tapes.trocellen.com\/wp-content\/uploads\/sites\/4\/2013\/12\/automotive2.jpg 369w\" sizes=\"auto, (max-width: 220px) 100vw, 220px\" \/><\/p>\n<h3><strong>Beneficios<\/strong><\/h3>\n<p>Superficie lisa, espuma de polietileno reticulado &amp; estructura celular cerrada<\/p>\n<ul>\n<li>F\u00e1cil de aplicar y cortar<\/li>\n<li>excelente uni\u00f3n adhesiva<\/li>\n<li>Tolerancias bajas en espesor<\/li>\n<li>Flexible y adaptable<\/li>\n<li>Muy buena precisi\u00f3n de ajuste<\/li>\n<li>\u00d3ptimo comportamiento resiliente<\/li>\n<li>Excelente funci\u00f3n selladora<\/li>\n<\/ul>\n","protected":false},"excerpt":{"rendered":"<p>Espumas para aplicaciones auto adhesivas. El mundo de las soluciones auto adhesivas est\u00e1 en constante desarrollo. Dentro del sector de la industria de automoci\u00f3n, hay un amplio potencial de cintas de espumas adhesivas de alta calidad para diversas aplicaciones. Para reducir el peso, absorber ruidos, para usos de aislamiento o para facilitar el proceso de [&hellip;]<\/p>\n","protected":false},"author":1,"featured_media":0,"parent":743,"menu_order":4,"comment_status":"open","ping_status":"open","template":"","meta":{"_acf_changed":false,"footnotes":""},"class_list":["post-767","page","type-page","status-publish","hentry"],"acf":[],"yoast_head":"<!-- This site is optimized with the Yoast SEO plugin v23.5 - https:\/\/yoast.com\/wordpress\/plugins\/seo\/ -->\n<title>Automoci\u00f3n - Adhesive tapes<\/title>\n<meta name=\"robots\" content=\"index, follow, max-snippet:-1, max-image-preview:large, max-video-preview:-1\" \/>\n<link rel=\"canonical\" href=\"https:\/\/adhesive-tapes.trocellen.com\/es\/aplicaciones\/automocion\/\" \/>\n<meta name=\"twitter:label1\" content=\"Tiempo de lectura\" \/>\n\t<meta name=\"twitter:data1\" content=\"1 minuto\" \/>\n<script type=\"application\/ld+json\" class=\"yoast-schema-graph\">{\"@context\":\"https:\/\/schema.org\",\"@graph\":[{\"@type\":\"WebPage\",\"@id\":\"https:\/\/adhesive-tapes.trocellen.com\/es\/aplicaciones\/automocion\/\",\"url\":\"https:\/\/adhesive-tapes.trocellen.com\/es\/aplicaciones\/automocion\/\",\"name\":\"Automoci\u00f3n - Adhesive tapes\",\"isPartOf\":{\"@id\":\"https:\/\/adhesive-tapes.trocellen.com\/#website\"},\"primaryImageOfPage\":{\"@id\":\"https:\/\/adhesive-tapes.trocellen.com\/es\/aplicaciones\/automocion\/#primaryimage\"},\"image\":{\"@id\":\"https:\/\/adhesive-tapes.trocellen.com\/es\/aplicaciones\/automocion\/#primaryimage\"},\"thumbnailUrl\":\"https:\/\/adhesive-tapes.trocellen.com\/wp-content\/uploads\/sites\/4\/2013\/12\/adhesive_tapes-cartext_001-300x204.png\",\"datePublished\":\"2013-12-08T16:43:36+00:00\",\"dateModified\":\"2013-12-08T16:43:36+00:00\",\"breadcrumb\":{\"@id\":\"https:\/\/adhesive-tapes.trocellen.com\/es\/aplicaciones\/automocion\/#breadcrumb\"},\"inLanguage\":\"es\",\"potentialAction\":[{\"@type\":\"ReadAction\",\"target\":[\"https:\/\/adhesive-tapes.trocellen.com\/es\/aplicaciones\/automocion\/\"]}]},{\"@type\":\"ImageObject\",\"inLanguage\":\"es\",\"@id\":\"https:\/\/adhesive-tapes.trocellen.com\/es\/aplicaciones\/automocion\/#primaryimage\",\"url\":\"https:\/\/adhesive-tapes.trocellen.com\/wp-content\/uploads\/sites\/4\/2013\/12\/adhesive_tapes-cartext_001-300x204.png\",\"contentUrl\":\"https:\/\/adhesive-tapes.trocellen.com\/wp-content\/uploads\/sites\/4\/2013\/12\/adhesive_tapes-cartext_001-300x204.png\"},{\"@type\":\"BreadcrumbList\",\"@id\":\"https:\/\/adhesive-tapes.trocellen.com\/es\/aplicaciones\/automocion\/#breadcrumb\",\"itemListElement\":[{\"@type\":\"ListItem\",\"position\":1,\"name\":\"Home\",\"item\":\"https:\/\/adhesive-tapes.trocellen.com\/es\/\"},{\"@type\":\"ListItem\",\"position\":2,\"name\":\"Aplicaciones\",\"item\":\"https:\/\/adhesive-tapes.trocellen.com\/es\/aplicaciones\/\"},{\"@type\":\"ListItem\",\"position\":3,\"name\":\"Automoci\u00f3n\"}]},{\"@type\":\"WebSite\",\"@id\":\"https:\/\/adhesive-tapes.trocellen.com\/#website\",\"url\":\"https:\/\/adhesive-tapes.trocellen.com\/\",\"name\":\"Adhesive tapes\",\"description\":\"\",\"potentialAction\":[{\"@type\":\"SearchAction\",\"target\":{\"@type\":\"EntryPoint\",\"urlTemplate\":\"https:\/\/adhesive-tapes.trocellen.com\/?s={search_term_string}\"},\"query-input\":{\"@type\":\"PropertyValueSpecification\",\"valueRequired\":true,\"valueName\":\"search_term_string\"}}],\"inLanguage\":\"es\"}]}<\/script>\n<!-- \/ Yoast SEO plugin. -->","yoast_head_json":{"title":"Automoci\u00f3n - Adhesive tapes","robots":{"index":"index","follow":"follow","max-snippet":"max-snippet:-1","max-image-preview":"max-image-preview:large","max-video-preview":"max-video-preview:-1"},"canonical":"https:\/\/adhesive-tapes.trocellen.com\/es\/aplicaciones\/automocion\/","twitter_misc":{"Tiempo de lectura":"1 minuto"},"schema":{"@context":"https:\/\/schema.org","@graph":[{"@type":"WebPage","@id":"https:\/\/adhesive-tapes.trocellen.com\/es\/aplicaciones\/automocion\/","url":"https:\/\/adhesive-tapes.trocellen.com\/es\/aplicaciones\/automocion\/","name":"Automoci\u00f3n - Adhesive tapes","isPartOf":{"@id":"https:\/\/adhesive-tapes.trocellen.com\/#website"},"primaryImageOfPage":{"@id":"https:\/\/adhesive-tapes.trocellen.com\/es\/aplicaciones\/automocion\/#primaryimage"},"image":{"@id":"https:\/\/adhesive-tapes.trocellen.com\/es\/aplicaciones\/automocion\/#primaryimage"},"thumbnailUrl":"https:\/\/adhesive-tapes.trocellen.com\/wp-content\/uploads\/sites\/4\/2013\/12\/adhesive_tapes-cartext_001-300x204.png","datePublished":"2013-12-08T16:43:36+00:00","dateModified":"2013-12-08T16:43:36+00:00","breadcrumb":{"@id":"https:\/\/adhesive-tapes.trocellen.com\/es\/aplicaciones\/automocion\/#breadcrumb"},"inLanguage":"es","potentialAction":[{"@type":"ReadAction","target":["https:\/\/adhesive-tapes.trocellen.com\/es\/aplicaciones\/automocion\/"]}]},{"@type":"ImageObject","inLanguage":"es","@id":"https:\/\/adhesive-tapes.trocellen.com\/es\/aplicaciones\/automocion\/#primaryimage","url":"https:\/\/adhesive-tapes.trocellen.com\/wp-content\/uploads\/sites\/4\/2013\/12\/adhesive_tapes-cartext_001-300x204.png","contentUrl":"https:\/\/adhesive-tapes.trocellen.com\/wp-content\/uploads\/sites\/4\/2013\/12\/adhesive_tapes-cartext_001-300x204.png"},{"@type":"BreadcrumbList","@id":"https:\/\/adhesive-tapes.trocellen.com\/es\/aplicaciones\/automocion\/#breadcrumb","itemListElement":[{"@type":"ListItem","position":1,"name":"Home","item":"https:\/\/adhesive-tapes.trocellen.com\/es\/"},{"@type":"ListItem","position":2,"name":"Aplicaciones","item":"https:\/\/adhesive-tapes.trocellen.com\/es\/aplicaciones\/"},{"@type":"ListItem","position":3,"name":"Automoci\u00f3n"}]},{"@type":"WebSite","@id":"https:\/\/adhesive-tapes.trocellen.com\/#website","url":"https:\/\/adhesive-tapes.trocellen.com\/","name":"Adhesive tapes","description":"","potentialAction":[{"@type":"SearchAction","target":{"@type":"EntryPoint","urlTemplate":"https:\/\/adhesive-tapes.trocellen.com\/?s={search_term_string}"},"query-input":{"@type":"PropertyValueSpecification","valueRequired":true,"valueName":"search_term_string"}}],"inLanguage":"es"}]}},"_links":{"self":[{"href":"https:\/\/adhesive-tapes.trocellen.com\/es\/wp-json\/wp\/v2\/pages\/767","targetHints":{"allow":["GET"]}}],"collection":[{"href":"https:\/\/adhesive-tapes.trocellen.com\/es\/wp-json\/wp\/v2\/pages"}],"about":[{"href":"https:\/\/adhesive-tapes.trocellen.com\/es\/wp-json\/wp\/v2\/types\/page"}],"author":[{"embeddable":true,"href":"https:\/\/adhesive-tapes.trocellen.com\/es\/wp-json\/wp\/v2\/users\/1"}],"replies":[{"embeddable":true,"href":"https:\/\/adhesive-tapes.trocellen.com\/es\/wp-json\/wp\/v2\/comments?post=767"}],"version-history":[{"count":0,"href":"https:\/\/adhesive-tapes.trocellen.com\/es\/wp-json\/wp\/v2\/pages\/767\/revisions"}],"up":[{"embeddable":true,"href":"https:\/\/adhesive-tapes.trocellen.com\/es\/wp-json\/wp\/v2\/pages\/743"}],"wp:attachment":[{"href":"https:\/\/adhesive-tapes.trocellen.com\/es\/wp-json\/wp\/v2\/media?parent=767"}],"curies":[{"name":"wp","href":"https:\/\/api.w.org\/{rel}","templated":true}]}}