{"id":773,"date":"2013-12-08T16:43:54","date_gmt":"2013-12-08T16:43:54","guid":{"rendered":"https:\/\/adhesive-tapes.usernet.hu\/electronica\/"},"modified":"2013-12-08T16:43:54","modified_gmt":"2013-12-08T16:43:54","slug":"electronica","status":"publish","type":"page","link":"https:\/\/adhesive-tapes.trocellen.com\/es\/aplicaciones\/electronica\/","title":{"rendered":"Electr\u00f3nica"},"content":{"rendered":"<h2>Espumas de polietileno reticulado\u00a0soporte para aplicaciones auto adhesivas.<\/h2>\n<p>Los dispositivos electr\u00f3nicos est\u00e1n disminuyendo continuamente de tama\u00f1o. Por este motivo en este sector, la alta calidad de cintas autoadhesiva es un requisito esencial, y son utilizadas como elementos de fijaci\u00f3n y amortiguamiento de impactos entre los diferentes componentes.<\/p>\n<h3>Aplicaciones<\/h3>\n<p>Nuestra espuma combina todos los aspectos importantes tales como junta selladora contra suciedad y humedad, reducci\u00f3n<br \/>\nde peso, absorci\u00f3n de ruidos y adem\u00e1s simplifica el proceso de instalaci\u00f3n de los diferentes componentes a ensamblar<\/p>\n<h3>Tipos de productos disponibles<\/h3>\n<p>Trocellen ofrece materiales especiales con:<\/p>\n<ul>\n<li>Mejora del proceso de troquelado<\/li>\n<li>Gran alargamiento a la rotura<\/li>\n<li>Resistencia especial a golpes<\/li>\n<li>superficie conductora<\/li>\n<\/ul>\n<p>Opcionalmente disponibles con tratamiento Corona en uno o ambos lados o con tratamiento estable a largo plazo <a href=\"https:\/\/trocellen.com\/technology\/advanced-surface-treatment\/\" target=\"_blank\" rel=\"noopener\">AST<\/a>.<\/p>\n<h3>Beneficios<\/h3>\n<ul>\n<li>Espuma de polietileno reticulado Flexible y adaptable<\/li>\n<li>Muy buena precisi\u00f3n de ajuste<\/li>\n<li>\u00d3ptimo comportamiento resiliente<\/li>\n<li>Excelente sellado\u00a0&amp; funci\u00f3n amortiguadora<\/li>\n<li>Superficie lisa, espuma de polietileno reticulado &amp; estructura celular cerrada<\/li>\n<li>F\u00e1cil de cubrir, transformar y troquelar<\/li>\n<li>excelente uni\u00f3n adhesiva<\/li>\n<li>Bajas tolerancias de espesor<\/li>\n<li>resistente a la temperatura<\/li>\n<\/ul>\n","protected":false},"excerpt":{"rendered":"<p>Espumas de polietileno reticulado\u00a0soporte para aplicaciones auto adhesivas. Los dispositivos electr\u00f3nicos est\u00e1n disminuyendo continuamente de tama\u00f1o. Por este motivo en este sector, la alta calidad de cintas autoadhesiva es un requisito esencial, y son utilizadas como elementos de fijaci\u00f3n y amortiguamiento de impactos entre los diferentes componentes. Aplicaciones Nuestra espuma combina todos los aspectos importantes [&hellip;]<\/p>\n","protected":false},"author":1,"featured_media":0,"parent":743,"menu_order":5,"comment_status":"open","ping_status":"open","template":"","meta":{"_acf_changed":false,"footnotes":""},"class_list":["post-773","page","type-page","status-publish","hentry"],"acf":[],"yoast_head":"<!-- This site is optimized with the Yoast SEO plugin v23.5 - https:\/\/yoast.com\/wordpress\/plugins\/seo\/ -->\n<title>Electr\u00f3nica - Adhesive tapes<\/title>\n<meta name=\"robots\" content=\"index, follow, max-snippet:-1, max-image-preview:large, max-video-preview:-1\" \/>\n<link rel=\"canonical\" href=\"https:\/\/adhesive-tapes.trocellen.com\/es\/aplicaciones\/electronica\/\" \/>\n<meta name=\"twitter:label1\" content=\"Tiempo de lectura\" \/>\n\t<meta name=\"twitter:data1\" content=\"1 minuto\" \/>\n<script type=\"application\/ld+json\" class=\"yoast-schema-graph\">{\"@context\":\"https:\/\/schema.org\",\"@graph\":[{\"@type\":\"WebPage\",\"@id\":\"https:\/\/adhesive-tapes.trocellen.com\/es\/aplicaciones\/electronica\/\",\"url\":\"https:\/\/adhesive-tapes.trocellen.com\/es\/aplicaciones\/electronica\/\",\"name\":\"Electr\u00f3nica - Adhesive tapes\",\"isPartOf\":{\"@id\":\"https:\/\/adhesive-tapes.trocellen.com\/#website\"},\"datePublished\":\"2013-12-08T16:43:54+00:00\",\"dateModified\":\"2013-12-08T16:43:54+00:00\",\"breadcrumb\":{\"@id\":\"https:\/\/adhesive-tapes.trocellen.com\/es\/aplicaciones\/electronica\/#breadcrumb\"},\"inLanguage\":\"es\",\"potentialAction\":[{\"@type\":\"ReadAction\",\"target\":[\"https:\/\/adhesive-tapes.trocellen.com\/es\/aplicaciones\/electronica\/\"]}]},{\"@type\":\"BreadcrumbList\",\"@id\":\"https:\/\/adhesive-tapes.trocellen.com\/es\/aplicaciones\/electronica\/#breadcrumb\",\"itemListElement\":[{\"@type\":\"ListItem\",\"position\":1,\"name\":\"Home\",\"item\":\"https:\/\/adhesive-tapes.trocellen.com\/es\/\"},{\"@type\":\"ListItem\",\"position\":2,\"name\":\"Aplicaciones\",\"item\":\"https:\/\/adhesive-tapes.trocellen.com\/es\/aplicaciones\/\"},{\"@type\":\"ListItem\",\"position\":3,\"name\":\"Electr\u00f3nica\"}]},{\"@type\":\"WebSite\",\"@id\":\"https:\/\/adhesive-tapes.trocellen.com\/#website\",\"url\":\"https:\/\/adhesive-tapes.trocellen.com\/\",\"name\":\"Adhesive tapes\",\"description\":\"\",\"potentialAction\":[{\"@type\":\"SearchAction\",\"target\":{\"@type\":\"EntryPoint\",\"urlTemplate\":\"https:\/\/adhesive-tapes.trocellen.com\/?s={search_term_string}\"},\"query-input\":{\"@type\":\"PropertyValueSpecification\",\"valueRequired\":true,\"valueName\":\"search_term_string\"}}],\"inLanguage\":\"es\"}]}<\/script>\n<!-- \/ Yoast SEO plugin. -->","yoast_head_json":{"title":"Electr\u00f3nica - Adhesive tapes","robots":{"index":"index","follow":"follow","max-snippet":"max-snippet:-1","max-image-preview":"max-image-preview:large","max-video-preview":"max-video-preview:-1"},"canonical":"https:\/\/adhesive-tapes.trocellen.com\/es\/aplicaciones\/electronica\/","twitter_misc":{"Tiempo de lectura":"1 minuto"},"schema":{"@context":"https:\/\/schema.org","@graph":[{"@type":"WebPage","@id":"https:\/\/adhesive-tapes.trocellen.com\/es\/aplicaciones\/electronica\/","url":"https:\/\/adhesive-tapes.trocellen.com\/es\/aplicaciones\/electronica\/","name":"Electr\u00f3nica - Adhesive tapes","isPartOf":{"@id":"https:\/\/adhesive-tapes.trocellen.com\/#website"},"datePublished":"2013-12-08T16:43:54+00:00","dateModified":"2013-12-08T16:43:54+00:00","breadcrumb":{"@id":"https:\/\/adhesive-tapes.trocellen.com\/es\/aplicaciones\/electronica\/#breadcrumb"},"inLanguage":"es","potentialAction":[{"@type":"ReadAction","target":["https:\/\/adhesive-tapes.trocellen.com\/es\/aplicaciones\/electronica\/"]}]},{"@type":"BreadcrumbList","@id":"https:\/\/adhesive-tapes.trocellen.com\/es\/aplicaciones\/electronica\/#breadcrumb","itemListElement":[{"@type":"ListItem","position":1,"name":"Home","item":"https:\/\/adhesive-tapes.trocellen.com\/es\/"},{"@type":"ListItem","position":2,"name":"Aplicaciones","item":"https:\/\/adhesive-tapes.trocellen.com\/es\/aplicaciones\/"},{"@type":"ListItem","position":3,"name":"Electr\u00f3nica"}]},{"@type":"WebSite","@id":"https:\/\/adhesive-tapes.trocellen.com\/#website","url":"https:\/\/adhesive-tapes.trocellen.com\/","name":"Adhesive tapes","description":"","potentialAction":[{"@type":"SearchAction","target":{"@type":"EntryPoint","urlTemplate":"https:\/\/adhesive-tapes.trocellen.com\/?s={search_term_string}"},"query-input":{"@type":"PropertyValueSpecification","valueRequired":true,"valueName":"search_term_string"}}],"inLanguage":"es"}]}},"_links":{"self":[{"href":"https:\/\/adhesive-tapes.trocellen.com\/es\/wp-json\/wp\/v2\/pages\/773","targetHints":{"allow":["GET"]}}],"collection":[{"href":"https:\/\/adhesive-tapes.trocellen.com\/es\/wp-json\/wp\/v2\/pages"}],"about":[{"href":"https:\/\/adhesive-tapes.trocellen.com\/es\/wp-json\/wp\/v2\/types\/page"}],"author":[{"embeddable":true,"href":"https:\/\/adhesive-tapes.trocellen.com\/es\/wp-json\/wp\/v2\/users\/1"}],"replies":[{"embeddable":true,"href":"https:\/\/adhesive-tapes.trocellen.com\/es\/wp-json\/wp\/v2\/comments?post=773"}],"version-history":[{"count":0,"href":"https:\/\/adhesive-tapes.trocellen.com\/es\/wp-json\/wp\/v2\/pages\/773\/revisions"}],"up":[{"embeddable":true,"href":"https:\/\/adhesive-tapes.trocellen.com\/es\/wp-json\/wp\/v2\/pages\/743"}],"wp:attachment":[{"href":"https:\/\/adhesive-tapes.trocellen.com\/es\/wp-json\/wp\/v2\/media?parent=773"}],"curies":[{"name":"wp","href":"https:\/\/api.w.org\/{rel}","templated":true}]}}