{"id":803,"date":"2013-12-08T16:59:38","date_gmt":"2013-12-08T16:59:38","guid":{"rendered":"https:\/\/adhesive-tapes.usernet.hu\/cintas-adhesivas-fuertes-vinculos-para-el-futuro\/"},"modified":"2013-12-08T16:59:38","modified_gmt":"2013-12-08T16:59:38","slug":"cintas-adhesivas-fuertes-vinculos-para-el-futuro","status":"publish","type":"page","link":"https:\/\/adhesive-tapes.trocellen.com\/es\/cintas-adhesivas-fuertes-vinculos-para-el-futuro\/","title":{"rendered":"Cintas adhesivas-Fuertes v\u00ednculos para el futuro"},"content":{"rendered":"<p>Considerando las\u00a0necesidades especiales y requisitos, combinamos creatividad pensando en la excepcional tecnolog\u00eda para proporcionar una alta calidad, cintas adhesivas adaptadas para su negocio.<\/p>\n<p><!--more--><\/p>\n<p style=\"text-align: left\">Las soluciones en cinta adhesiva de Trocellen son tan variadas como las necesidades de los clientes<img loading=\"lazy\" decoding=\"async\" class=\"size-medium wp-image-54 alignright\" src=\"https:\/\/adhesive-tapes.trocellen.com\/wp-content\/uploads\/sites\/4\/2013\/12\/adhesive_1-300x188.jpg\" alt=\"adhesive_1\" width=\"300\" height=\"188\" srcset=\"https:\/\/adhesive-tapes.trocellen.com\/wp-content\/uploads\/sites\/4\/2013\/12\/adhesive_1-300x188.jpg 300w, https:\/\/adhesive-tapes.trocellen.com\/wp-content\/uploads\/sites\/4\/2013\/12\/adhesive_1.jpg 522w\" sizes=\"auto, (max-width: 300px) 100vw, 300px\" \/><\/p>\n<p style=\"text-align: left\">Nuestro equipo multidisciplinar est\u00e1 trabajando constantemente en desarrollar las mejores soluciones para los diferentes usos e industrias. Considerando las necesidades especiales y requisitos, combinamos creatividad pensando en la excepcional tecnolog\u00eda para proporcionar una alta calidad, cintas adhesivas adaptadas para tu negocio.<\/p>\n<p style=\"text-align: left\">Para desarrollar ideas excepcionales, nuestros producto e innovaciones de ingenier\u00eda desarrollan y mejoran los materiales y las t\u00e9cnicas de producci\u00f3n.<\/p>\n<p style=\"text-align: left\">Nuestra capacidad para innovar deriva del acumulado conocimiento y de la\u00a0avanzada tecnolog\u00eda de producci\u00f3n. Adem\u00e1s, siempre permanecemos pendientes\u00a0del mercado, ofreciendo soluciones pr\u00e1cticas de gran calidad para necesidades reales del negocio y cuidando del medio ambiente.<img loading=\"lazy\" decoding=\"async\" class=\"alignright size-medium wp-image-55\" src=\"https:\/\/adhesive-tapes.trocellen.com\/wp-content\/uploads\/sites\/4\/2013\/12\/adhesive_2-300x111.jpg\" alt=\"adhesive_2\" width=\"300\" height=\"111\" srcset=\"https:\/\/adhesive-tapes.trocellen.com\/wp-content\/uploads\/sites\/4\/2013\/12\/adhesive_2-300x111.jpg 300w, https:\/\/adhesive-tapes.trocellen.com\/wp-content\/uploads\/sites\/4\/2013\/12\/adhesive_2.jpg 318w\" sizes=\"auto, (max-width: 300px) 100vw, 300px\" \/><\/p>\n<p style=\"text-align: left\">Trocellen Cintas Adhesivas:<br \/>\n<a href=\"https:\/\/www.trocellen.com\/images\/trocellen\/adhesivetapes\/downloads\/English\/onepager%20business%20unit%20adhesive%20tapes%20e.pdf\">Ingl\u00e9s <\/a>,\u00a0<a href=\"https:\/\/www.trocellen.com\/images\/trocellen\/adhesivetapes\/downloads\/German\/onepager%20business%20unit%20adhesive%20tapes%20d.pdf\">Alem\u00e1n<\/a><\/p>\n<p>&nbsp;<\/p>\n","protected":false},"excerpt":{"rendered":"<p>Considerando las\u00a0necesidades especiales y requisitos, combinamos creatividad pensando en la excepcional tecnolog\u00eda para proporcionar una alta calidad, cintas adhesivas adaptadas para su negocio.<\/p>\n","protected":false},"author":1,"featured_media":0,"parent":0,"menu_order":0,"comment_status":"open","ping_status":"open","template":"","meta":{"_acf_changed":false,"footnotes":""},"class_list":["post-803","page","type-page","status-publish","hentry"],"acf":[],"yoast_head":"<!-- This site is optimized with the Yoast SEO plugin v23.5 - https:\/\/yoast.com\/wordpress\/plugins\/seo\/ -->\n<title>Cintas adhesivas-Fuertes v\u00ednculos para el futuro - Adhesive tapes<\/title>\n<meta name=\"robots\" content=\"index, follow, max-snippet:-1, max-image-preview:large, max-video-preview:-1\" \/>\n<link rel=\"canonical\" href=\"https:\/\/adhesive-tapes.trocellen.com\/es\/cintas-adhesivas-fuertes-vinculos-para-el-futuro\/\" \/>\n<meta name=\"twitter:label1\" content=\"Tiempo de lectura\" \/>\n\t<meta name=\"twitter:data1\" content=\"1 minuto\" \/>\n<script type=\"application\/ld+json\" class=\"yoast-schema-graph\">{\"@context\":\"https:\/\/schema.org\",\"@graph\":[{\"@type\":\"WebPage\",\"@id\":\"https:\/\/adhesive-tapes.trocellen.com\/es\/cintas-adhesivas-fuertes-vinculos-para-el-futuro\/\",\"url\":\"https:\/\/adhesive-tapes.trocellen.com\/es\/cintas-adhesivas-fuertes-vinculos-para-el-futuro\/\",\"name\":\"Cintas adhesivas-Fuertes v\u00ednculos para el futuro - Adhesive tapes\",\"isPartOf\":{\"@id\":\"https:\/\/adhesive-tapes.trocellen.com\/#website\"},\"primaryImageOfPage\":{\"@id\":\"https:\/\/adhesive-tapes.trocellen.com\/es\/cintas-adhesivas-fuertes-vinculos-para-el-futuro\/#primaryimage\"},\"image\":{\"@id\":\"https:\/\/adhesive-tapes.trocellen.com\/es\/cintas-adhesivas-fuertes-vinculos-para-el-futuro\/#primaryimage\"},\"thumbnailUrl\":\"https:\/\/adhesive-tapes.trocellen.com\/wp-content\/uploads\/sites\/4\/2013\/12\/adhesive_1-300x188.jpg\",\"datePublished\":\"2013-12-08T16:59:38+00:00\",\"dateModified\":\"2013-12-08T16:59:38+00:00\",\"breadcrumb\":{\"@id\":\"https:\/\/adhesive-tapes.trocellen.com\/es\/cintas-adhesivas-fuertes-vinculos-para-el-futuro\/#breadcrumb\"},\"inLanguage\":\"es\",\"potentialAction\":[{\"@type\":\"ReadAction\",\"target\":[\"https:\/\/adhesive-tapes.trocellen.com\/es\/cintas-adhesivas-fuertes-vinculos-para-el-futuro\/\"]}]},{\"@type\":\"ImageObject\",\"inLanguage\":\"es\",\"@id\":\"https:\/\/adhesive-tapes.trocellen.com\/es\/cintas-adhesivas-fuertes-vinculos-para-el-futuro\/#primaryimage\",\"url\":\"https:\/\/adhesive-tapes.trocellen.com\/wp-content\/uploads\/sites\/4\/2013\/12\/adhesive_1-300x188.jpg\",\"contentUrl\":\"https:\/\/adhesive-tapes.trocellen.com\/wp-content\/uploads\/sites\/4\/2013\/12\/adhesive_1-300x188.jpg\"},{\"@type\":\"BreadcrumbList\",\"@id\":\"https:\/\/adhesive-tapes.trocellen.com\/es\/cintas-adhesivas-fuertes-vinculos-para-el-futuro\/#breadcrumb\",\"itemListElement\":[{\"@type\":\"ListItem\",\"position\":1,\"name\":\"Home\",\"item\":\"https:\/\/adhesive-tapes.trocellen.com\/es\/\"},{\"@type\":\"ListItem\",\"position\":2,\"name\":\"Cintas adhesivas-Fuertes v\u00ednculos para el futuro\"}]},{\"@type\":\"WebSite\",\"@id\":\"https:\/\/adhesive-tapes.trocellen.com\/#website\",\"url\":\"https:\/\/adhesive-tapes.trocellen.com\/\",\"name\":\"Adhesive tapes\",\"description\":\"\",\"potentialAction\":[{\"@type\":\"SearchAction\",\"target\":{\"@type\":\"EntryPoint\",\"urlTemplate\":\"https:\/\/adhesive-tapes.trocellen.com\/?s={search_term_string}\"},\"query-input\":{\"@type\":\"PropertyValueSpecification\",\"valueRequired\":true,\"valueName\":\"search_term_string\"}}],\"inLanguage\":\"es\"}]}<\/script>\n<!-- \/ Yoast SEO plugin. -->","yoast_head_json":{"title":"Cintas adhesivas-Fuertes v\u00ednculos para el futuro - Adhesive tapes","robots":{"index":"index","follow":"follow","max-snippet":"max-snippet:-1","max-image-preview":"max-image-preview:large","max-video-preview":"max-video-preview:-1"},"canonical":"https:\/\/adhesive-tapes.trocellen.com\/es\/cintas-adhesivas-fuertes-vinculos-para-el-futuro\/","twitter_misc":{"Tiempo de lectura":"1 minuto"},"schema":{"@context":"https:\/\/schema.org","@graph":[{"@type":"WebPage","@id":"https:\/\/adhesive-tapes.trocellen.com\/es\/cintas-adhesivas-fuertes-vinculos-para-el-futuro\/","url":"https:\/\/adhesive-tapes.trocellen.com\/es\/cintas-adhesivas-fuertes-vinculos-para-el-futuro\/","name":"Cintas adhesivas-Fuertes v\u00ednculos para el futuro - Adhesive tapes","isPartOf":{"@id":"https:\/\/adhesive-tapes.trocellen.com\/#website"},"primaryImageOfPage":{"@id":"https:\/\/adhesive-tapes.trocellen.com\/es\/cintas-adhesivas-fuertes-vinculos-para-el-futuro\/#primaryimage"},"image":{"@id":"https:\/\/adhesive-tapes.trocellen.com\/es\/cintas-adhesivas-fuertes-vinculos-para-el-futuro\/#primaryimage"},"thumbnailUrl":"https:\/\/adhesive-tapes.trocellen.com\/wp-content\/uploads\/sites\/4\/2013\/12\/adhesive_1-300x188.jpg","datePublished":"2013-12-08T16:59:38+00:00","dateModified":"2013-12-08T16:59:38+00:00","breadcrumb":{"@id":"https:\/\/adhesive-tapes.trocellen.com\/es\/cintas-adhesivas-fuertes-vinculos-para-el-futuro\/#breadcrumb"},"inLanguage":"es","potentialAction":[{"@type":"ReadAction","target":["https:\/\/adhesive-tapes.trocellen.com\/es\/cintas-adhesivas-fuertes-vinculos-para-el-futuro\/"]}]},{"@type":"ImageObject","inLanguage":"es","@id":"https:\/\/adhesive-tapes.trocellen.com\/es\/cintas-adhesivas-fuertes-vinculos-para-el-futuro\/#primaryimage","url":"https:\/\/adhesive-tapes.trocellen.com\/wp-content\/uploads\/sites\/4\/2013\/12\/adhesive_1-300x188.jpg","contentUrl":"https:\/\/adhesive-tapes.trocellen.com\/wp-content\/uploads\/sites\/4\/2013\/12\/adhesive_1-300x188.jpg"},{"@type":"BreadcrumbList","@id":"https:\/\/adhesive-tapes.trocellen.com\/es\/cintas-adhesivas-fuertes-vinculos-para-el-futuro\/#breadcrumb","itemListElement":[{"@type":"ListItem","position":1,"name":"Home","item":"https:\/\/adhesive-tapes.trocellen.com\/es\/"},{"@type":"ListItem","position":2,"name":"Cintas adhesivas-Fuertes v\u00ednculos para el futuro"}]},{"@type":"WebSite","@id":"https:\/\/adhesive-tapes.trocellen.com\/#website","url":"https:\/\/adhesive-tapes.trocellen.com\/","name":"Adhesive tapes","description":"","potentialAction":[{"@type":"SearchAction","target":{"@type":"EntryPoint","urlTemplate":"https:\/\/adhesive-tapes.trocellen.com\/?s={search_term_string}"},"query-input":{"@type":"PropertyValueSpecification","valueRequired":true,"valueName":"search_term_string"}}],"inLanguage":"es"}]}},"_links":{"self":[{"href":"https:\/\/adhesive-tapes.trocellen.com\/es\/wp-json\/wp\/v2\/pages\/803","targetHints":{"allow":["GET"]}}],"collection":[{"href":"https:\/\/adhesive-tapes.trocellen.com\/es\/wp-json\/wp\/v2\/pages"}],"about":[{"href":"https:\/\/adhesive-tapes.trocellen.com\/es\/wp-json\/wp\/v2\/types\/page"}],"author":[{"embeddable":true,"href":"https:\/\/adhesive-tapes.trocellen.com\/es\/wp-json\/wp\/v2\/users\/1"}],"replies":[{"embeddable":true,"href":"https:\/\/adhesive-tapes.trocellen.com\/es\/wp-json\/wp\/v2\/comments?post=803"}],"version-history":[{"count":0,"href":"https:\/\/adhesive-tapes.trocellen.com\/es\/wp-json\/wp\/v2\/pages\/803\/revisions"}],"wp:attachment":[{"href":"https:\/\/adhesive-tapes.trocellen.com\/es\/wp-json\/wp\/v2\/media?parent=803"}],"curies":[{"name":"wp","href":"https:\/\/api.w.org\/{rel}","templated":true}]}}