{"id":734,"date":"2013-12-08T16:42:06","date_gmt":"2013-12-08T16:42:06","guid":{"rendered":"https:\/\/adhesive-tapes.usernet.hu\/technologie\/"},"modified":"2013-12-08T16:42:06","modified_gmt":"2013-12-08T16:42:06","slug":"technologie","status":"publish","type":"page","link":"https:\/\/adhesive-tapes.trocellen.com\/fr\/technologie\/","title":{"rendered":"Technologie"},"content":{"rendered":"<p><img loading=\"lazy\" decoding=\"async\" class=\"alignright size-medium wp-image-604\" src=\"https:\/\/adhesive-tapes.trocellen.com\/wp-content\/uploads\/sites\/4\/2013\/12\/main_tape_detail_001-300x300.png\" alt=\"\" width=\"300\" height=\"300\" srcset=\"https:\/\/adhesive-tapes.trocellen.com\/wp-content\/uploads\/sites\/4\/2013\/12\/main_tape_detail_001-300x300.png 300w, https:\/\/adhesive-tapes.trocellen.com\/wp-content\/uploads\/sites\/4\/2013\/12\/main_tape_detail_001-150x150.png 150w, https:\/\/adhesive-tapes.trocellen.com\/wp-content\/uploads\/sites\/4\/2013\/12\/main_tape_detail_001-768x765.png 768w, https:\/\/adhesive-tapes.trocellen.com\/wp-content\/uploads\/sites\/4\/2013\/12\/main_tape_detail_001-1024x1020.png 1024w, https:\/\/adhesive-tapes.trocellen.com\/wp-content\/uploads\/sites\/4\/2013\/12\/main_tape_detail_001.png 1432w\" sizes=\"auto, (max-width: 300px) 100vw, 300px\" \/><strong>A<\/strong>dvanced <strong>S<\/strong>urface <strong>T<\/strong>reatment. Ce terme d\u00e9signe la nouvelle technologie de surface futuriste de Trocellen.<\/p>\n<p>La modification chimique de la surface de la mousse \u00e0 base de substances respectueuses de l\u2019environnement et inoffensives assure une augmentation significative de la tension superficielle, laquelle se caract\u00e9rise par une excellente stabilit\u00e9 \u00e0 long terme. Par cons\u00e9quent, le traitement AST offre des avantages d\u00e9cisifs par rapport aux proc\u00e9d\u00e9s Corona conventionnels.<\/p>\n<p>Notre finition de surface assure ainsi des propri\u00e9t\u00e9s d\u2019adh\u00e9sion optimales et une compatibilit\u00e9 parfaite de la mousse avec de nombreuses colles \u00e0 base d\u2019eau courantes. La mousse trait\u00e9e par AST constitue ainsi la base id\u00e9ale pour la fabrication de produits autoadh\u00e9sifs de haut niveau technologique.<\/p>\n<h2>Les avantages<\/h2>\n<p><img loading=\"lazy\" decoding=\"async\" class=\"alignright size-medium wp-image-603\" src=\"https:\/\/adhesive-tapes.trocellen.com\/wp-content\/uploads\/sites\/4\/2013\/12\/adhesive-gecko_001-300x169.png\" alt=\"\" width=\"300\" height=\"169\" srcset=\"https:\/\/adhesive-tapes.trocellen.com\/wp-content\/uploads\/sites\/4\/2013\/12\/adhesive-gecko_001-300x169.png 300w, https:\/\/adhesive-tapes.trocellen.com\/wp-content\/uploads\/sites\/4\/2013\/12\/adhesive-gecko_001-768x432.png 768w, https:\/\/adhesive-tapes.trocellen.com\/wp-content\/uploads\/sites\/4\/2013\/12\/adhesive-gecko_001-1024x576.png 1024w\" sizes=\"auto, (max-width: 300px) 100vw, 300px\" \/><\/p>\n<div class=\"clearfix\">\n<ul>\n<li>Excellentes propri\u00e9t\u00e9s d\u2019adh\u00e9sion<\/li>\n<li>Augmentation de la stabilit\u00e9 \u00e0 long terme et de la dur\u00e9e de conservation<\/li>\n<li>Tension superficielle plus \u00e9lev\u00e9e par rapport au traitement Corona<\/li>\n<li>Aucune alt\u00e9ration des propri\u00e9t\u00e9s m\u00e9caniques de la mousse<\/li>\n<li>Respectueux de l\u2019environnement et sans \u00e9missions<\/li>\n<li>S\u00e9curit\u00e9 de processus \u00e9lev\u00e9e<\/li>\n<\/ul>\n<h2>T\u00e9l\u00e9chargement<\/h2>\n<p><a href=\"https:\/\/adhesive-tapes.trocellen.com\/wp-content\/uploads\/sites\/4\/2013\/12\/onepager-tapes-AST-english.pdf\">Advanced Surface Treatment for Polyolefin foams<\/a><\/p>\n<\/div>\n","protected":false},"excerpt":{"rendered":"<p>Advanced Surface Treatment. Ce terme d\u00e9signe la nouvelle technologie de surface futuriste de Trocellen. La modification chimique de la surface de la mousse \u00e0 base de substances respectueuses de l\u2019environnement et inoffensives assure une augmentation significative de la tension superficielle, laquelle se caract\u00e9rise par une excellente stabilit\u00e9 \u00e0 long terme. Par cons\u00e9quent, le traitement AST [&hellip;]<\/p>\n","protected":false},"author":1,"featured_media":1531,"parent":0,"menu_order":0,"comment_status":"open","ping_status":"open","template":"templates\/full-width.php","meta":{"_acf_changed":false,"footnotes":""},"class_list":["post-734","page","type-page","status-publish","has-post-thumbnail","hentry"],"acf":[],"yoast_head":"<!-- This site is optimized with the Yoast SEO plugin v23.5 - https:\/\/yoast.com\/wordpress\/plugins\/seo\/ -->\n<title>Technologie - Adhesive tapes<\/title>\n<meta name=\"robots\" content=\"index, follow, max-snippet:-1, max-image-preview:large, max-video-preview:-1\" \/>\n<link rel=\"canonical\" href=\"https:\/\/adhesive-tapes.trocellen.com\/fr\/technologie\/\" \/>\n<meta name=\"twitter:label1\" content=\"Dur\u00e9e de lecture estim\u00e9e\" \/>\n\t<meta name=\"twitter:data1\" content=\"1 minute\" \/>\n<script type=\"application\/ld+json\" class=\"yoast-schema-graph\">{\"@context\":\"https:\/\/schema.org\",\"@graph\":[{\"@type\":\"WebPage\",\"@id\":\"https:\/\/adhesive-tapes.trocellen.com\/fr\/technologie\/\",\"url\":\"https:\/\/adhesive-tapes.trocellen.com\/fr\/technologie\/\",\"name\":\"Technologie - Adhesive tapes\",\"isPartOf\":{\"@id\":\"https:\/\/adhesive-tapes.trocellen.com\/#website\"},\"primaryImageOfPage\":{\"@id\":\"https:\/\/adhesive-tapes.trocellen.com\/fr\/technologie\/#primaryimage\"},\"image\":{\"@id\":\"https:\/\/adhesive-tapes.trocellen.com\/fr\/technologie\/#primaryimage\"},\"thumbnailUrl\":\"https:\/\/adhesive-tapes.trocellen.com\/wp-content\/uploads\/sites\/4\/2013\/12\/fractals.jpg\",\"datePublished\":\"2013-12-08T16:42:06+00:00\",\"dateModified\":\"2013-12-08T16:42:06+00:00\",\"breadcrumb\":{\"@id\":\"https:\/\/adhesive-tapes.trocellen.com\/fr\/technologie\/#breadcrumb\"},\"inLanguage\":\"fr-FR\",\"potentialAction\":[{\"@type\":\"ReadAction\",\"target\":[\"https:\/\/adhesive-tapes.trocellen.com\/fr\/technologie\/\"]}]},{\"@type\":\"ImageObject\",\"inLanguage\":\"fr-FR\",\"@id\":\"https:\/\/adhesive-tapes.trocellen.com\/fr\/technologie\/#primaryimage\",\"url\":\"https:\/\/adhesive-tapes.trocellen.com\/wp-content\/uploads\/sites\/4\/2013\/12\/fractals.jpg\",\"contentUrl\":\"https:\/\/adhesive-tapes.trocellen.com\/wp-content\/uploads\/sites\/4\/2013\/12\/fractals.jpg\",\"width\":1920,\"height\":228},{\"@type\":\"BreadcrumbList\",\"@id\":\"https:\/\/adhesive-tapes.trocellen.com\/fr\/technologie\/#breadcrumb\",\"itemListElement\":[{\"@type\":\"ListItem\",\"position\":1,\"name\":\"Home\",\"item\":\"https:\/\/adhesive-tapes.trocellen.com\/fr\/\"},{\"@type\":\"ListItem\",\"position\":2,\"name\":\"Technologie\"}]},{\"@type\":\"WebSite\",\"@id\":\"https:\/\/adhesive-tapes.trocellen.com\/#website\",\"url\":\"https:\/\/adhesive-tapes.trocellen.com\/\",\"name\":\"Adhesive tapes\",\"description\":\"\",\"potentialAction\":[{\"@type\":\"SearchAction\",\"target\":{\"@type\":\"EntryPoint\",\"urlTemplate\":\"https:\/\/adhesive-tapes.trocellen.com\/?s={search_term_string}\"},\"query-input\":{\"@type\":\"PropertyValueSpecification\",\"valueRequired\":true,\"valueName\":\"search_term_string\"}}],\"inLanguage\":\"fr-FR\"}]}<\/script>\n<!-- \/ Yoast SEO plugin. -->","yoast_head_json":{"title":"Technologie - Adhesive tapes","robots":{"index":"index","follow":"follow","max-snippet":"max-snippet:-1","max-image-preview":"max-image-preview:large","max-video-preview":"max-video-preview:-1"},"canonical":"https:\/\/adhesive-tapes.trocellen.com\/fr\/technologie\/","twitter_misc":{"Dur\u00e9e de lecture estim\u00e9e":"1 minute"},"schema":{"@context":"https:\/\/schema.org","@graph":[{"@type":"WebPage","@id":"https:\/\/adhesive-tapes.trocellen.com\/fr\/technologie\/","url":"https:\/\/adhesive-tapes.trocellen.com\/fr\/technologie\/","name":"Technologie - Adhesive tapes","isPartOf":{"@id":"https:\/\/adhesive-tapes.trocellen.com\/#website"},"primaryImageOfPage":{"@id":"https:\/\/adhesive-tapes.trocellen.com\/fr\/technologie\/#primaryimage"},"image":{"@id":"https:\/\/adhesive-tapes.trocellen.com\/fr\/technologie\/#primaryimage"},"thumbnailUrl":"https:\/\/adhesive-tapes.trocellen.com\/wp-content\/uploads\/sites\/4\/2013\/12\/fractals.jpg","datePublished":"2013-12-08T16:42:06+00:00","dateModified":"2013-12-08T16:42:06+00:00","breadcrumb":{"@id":"https:\/\/adhesive-tapes.trocellen.com\/fr\/technologie\/#breadcrumb"},"inLanguage":"fr-FR","potentialAction":[{"@type":"ReadAction","target":["https:\/\/adhesive-tapes.trocellen.com\/fr\/technologie\/"]}]},{"@type":"ImageObject","inLanguage":"fr-FR","@id":"https:\/\/adhesive-tapes.trocellen.com\/fr\/technologie\/#primaryimage","url":"https:\/\/adhesive-tapes.trocellen.com\/wp-content\/uploads\/sites\/4\/2013\/12\/fractals.jpg","contentUrl":"https:\/\/adhesive-tapes.trocellen.com\/wp-content\/uploads\/sites\/4\/2013\/12\/fractals.jpg","width":1920,"height":228},{"@type":"BreadcrumbList","@id":"https:\/\/adhesive-tapes.trocellen.com\/fr\/technologie\/#breadcrumb","itemListElement":[{"@type":"ListItem","position":1,"name":"Home","item":"https:\/\/adhesive-tapes.trocellen.com\/fr\/"},{"@type":"ListItem","position":2,"name":"Technologie"}]},{"@type":"WebSite","@id":"https:\/\/adhesive-tapes.trocellen.com\/#website","url":"https:\/\/adhesive-tapes.trocellen.com\/","name":"Adhesive tapes","description":"","potentialAction":[{"@type":"SearchAction","target":{"@type":"EntryPoint","urlTemplate":"https:\/\/adhesive-tapes.trocellen.com\/?s={search_term_string}"},"query-input":{"@type":"PropertyValueSpecification","valueRequired":true,"valueName":"search_term_string"}}],"inLanguage":"fr-FR"}]}},"_links":{"self":[{"href":"https:\/\/adhesive-tapes.trocellen.com\/fr\/wp-json\/wp\/v2\/pages\/734","targetHints":{"allow":["GET"]}}],"collection":[{"href":"https:\/\/adhesive-tapes.trocellen.com\/fr\/wp-json\/wp\/v2\/pages"}],"about":[{"href":"https:\/\/adhesive-tapes.trocellen.com\/fr\/wp-json\/wp\/v2\/types\/page"}],"author":[{"embeddable":true,"href":"https:\/\/adhesive-tapes.trocellen.com\/fr\/wp-json\/wp\/v2\/users\/1"}],"replies":[{"embeddable":true,"href":"https:\/\/adhesive-tapes.trocellen.com\/fr\/wp-json\/wp\/v2\/comments?post=734"}],"version-history":[{"count":0,"href":"https:\/\/adhesive-tapes.trocellen.com\/fr\/wp-json\/wp\/v2\/pages\/734\/revisions"}],"wp:featuredmedia":[{"embeddable":true,"href":"https:\/\/adhesive-tapes.trocellen.com\/fr\/wp-json\/wp\/v2\/media\/1531"}],"wp:attachment":[{"href":"https:\/\/adhesive-tapes.trocellen.com\/fr\/wp-json\/wp\/v2\/media?parent=734"}],"curies":[{"name":"wp","href":"https:\/\/api.w.org\/{rel}","templated":true}]}}