{"id":752,"date":"2013-12-08T16:43:06","date_gmt":"2013-12-08T16:43:06","guid":{"rendered":"https:\/\/adhesive-tapes.usernet.hu\/construction\/"},"modified":"2013-12-08T16:43:06","modified_gmt":"2013-12-08T16:43:06","slug":"construction","status":"publish","type":"page","link":"https:\/\/adhesive-tapes.trocellen.com\/fr\/applications\/construction\/","title":{"rendered":"Construction"},"content":{"rendered":"<h2>Mousses support PE pour application auto-adh\u00e9sives<\/h2>\n<p>Le monde des solutions adh\u00e9sives est en constante \u00e9volution. Les bandes adh\u00e9sives remplacent de plus en plus les m\u00e9thodes de fixation traditionnelles dans l\u2019industrie de la construction. Les solutions de bandes adh\u00e9sives avec support en mousse de poly\u00e9thyl\u00e8ne Trocellen sont parfaitement adapt\u00e9es \u00e0 la plupart des fixations et offrent \u00e9galement une valeur ajout\u00e9e en r\u00e9duisant leur poids, en offrant une isolation thermique et acoustique, et en facilitant le processus d&rsquo;application.<\/p>\n<h3>Applications<\/h3>\n<p><img loading=\"lazy\" decoding=\"async\" class=\"alignright size-medium wp-image-590\" src=\"https:\/\/adhesive-tapes.trocellen.com\/wp-content\/uploads\/sites\/4\/2013\/12\/adhesive_tapes-tape-application_001-300x169.png\" alt=\"\" width=\"300\" height=\"169\" srcset=\"https:\/\/adhesive-tapes.trocellen.com\/wp-content\/uploads\/sites\/4\/2013\/12\/adhesive_tapes-tape-application_001-300x169.png 300w, https:\/\/adhesive-tapes.trocellen.com\/wp-content\/uploads\/sites\/4\/2013\/12\/adhesive_tapes-tape-application_001-768x432.png 768w, https:\/\/adhesive-tapes.trocellen.com\/wp-content\/uploads\/sites\/4\/2013\/12\/adhesive_tapes-tape-application_001-1024x576.png 1024w\" sizes=\"auto, (max-width: 300px) 100vw, 300px\" \/><\/p>\n<p>Les mousses adh\u00e9siv\u00e9es Trocellen sont utilis\u00e9es pour la fixation de:<\/p>\n<p>Profil\u00e9s extrud\u00e9s<\/p>\n<ul>\n<li>Barres de fen\u00eatres<\/li>\n<li>Profil\u00e9s de protection<\/li>\n<\/ul>\n<p>Fixation int\u00e9rieure\/construction l\u00e9g\u00e8re:<\/p>\n<ul>\n<li>murs de s\u00e9paration<\/li>\n<li>bandes pour blocage<\/li>\n<\/ul>\n<p>Fa\u00e7ades\/fen\u00eatres:<\/p>\n<ul>\n<li>Encadrements de fen\u00eatre<\/li>\n<li>Pose de vitre sans encadrement<\/li>\n<\/ul>\n<p>Construction de toitures:<\/p>\n<ul>\n<li>\u00c9tanch\u00e9it\u00e9 au niveau des clous<\/li>\n<li>Etanch\u00e9it\u00e9 des toitures<\/li>\n<\/ul>\n<h3>Types de produits disponibles<\/h3>\n<p>Comportement au feu de classe B1 (DIN 4102)<br \/>\nNous proposons en option un traitement corona une ou deux faces ou un traitement stable long terme AST.<\/p>\n<h3>Avantages<\/h3>\n<p><img loading=\"lazy\" decoding=\"async\" class=\"alignright size-medium wp-image-591\" src=\"https:\/\/adhesive-tapes.trocellen.com\/wp-content\/uploads\/sites\/4\/2013\/12\/adhesive_tapes-tape-in-roll_001-300x169.png\" alt=\"\" width=\"300\" height=\"169\" srcset=\"https:\/\/adhesive-tapes.trocellen.com\/wp-content\/uploads\/sites\/4\/2013\/12\/adhesive_tapes-tape-in-roll_001-300x169.png 300w, https:\/\/adhesive-tapes.trocellen.com\/wp-content\/uploads\/sites\/4\/2013\/12\/adhesive_tapes-tape-in-roll_001-768x432.png 768w, https:\/\/adhesive-tapes.trocellen.com\/wp-content\/uploads\/sites\/4\/2013\/12\/adhesive_tapes-tape-in-roll_001.png 1024w\" sizes=\"auto, (max-width: 300px) 100vw, 300px\" \/><\/p>\n<ul>\n<li>Souple et conformable<\/li>\n<li>Excellente fonction d\u2019\u00e9tanch\u00e9it\u00e9 et d&rsquo;amortissement<\/li>\n<li>Comportement optimal en r\u00e9silience<\/li>\n<li>Id\u00e9al pour les surfaces irr\u00e9guli\u00e8res<\/li>\n<li>Surface lisse, structure r\u00e9ticul\u00e9e \u00e0 cellules ferm\u00e9es<\/li>\n<li>Tr\u00e8s bonne compatibilit\u00e9 avec les syst\u00e8mes adh\u00e9sifs<\/li>\n<li>Facile \u00e0 enduire et \u00e0 transformer<\/li>\n<li>Aucune absorption d\u2019humidit\u00e9<\/li>\n<li>Isolation thermique et sonore<\/li>\n<\/ul>\n","protected":false},"excerpt":{"rendered":"<p>Mousses support PE pour application auto-adh\u00e9sives Le monde des solutions adh\u00e9sives est en constante \u00e9volution. Les bandes adh\u00e9sives remplacent de plus en plus les m\u00e9thodes de fixation traditionnelles dans l\u2019industrie de la construction. Les solutions de bandes adh\u00e9sives avec support en mousse de poly\u00e9thyl\u00e8ne Trocellen sont parfaitement adapt\u00e9es \u00e0 la plupart des fixations et offrent [&hellip;]<\/p>\n","protected":false},"author":1,"featured_media":0,"parent":740,"menu_order":2,"comment_status":"open","ping_status":"open","template":"","meta":{"_acf_changed":false,"footnotes":""},"class_list":["post-752","page","type-page","status-publish","hentry"],"acf":[],"yoast_head":"<!-- This site is optimized with the Yoast SEO plugin v23.5 - https:\/\/yoast.com\/wordpress\/plugins\/seo\/ -->\n<title>Construction - Adhesive tapes<\/title>\n<meta name=\"robots\" content=\"index, follow, max-snippet:-1, max-image-preview:large, max-video-preview:-1\" \/>\n<link rel=\"canonical\" href=\"https:\/\/adhesive-tapes.trocellen.com\/fr\/applications\/construction\/\" \/>\n<meta name=\"twitter:label1\" content=\"Dur\u00e9e de lecture estim\u00e9e\" \/>\n\t<meta name=\"twitter:data1\" content=\"1 minute\" \/>\n<script type=\"application\/ld+json\" class=\"yoast-schema-graph\">{\"@context\":\"https:\/\/schema.org\",\"@graph\":[{\"@type\":\"WebPage\",\"@id\":\"https:\/\/adhesive-tapes.trocellen.com\/fr\/applications\/construction\/\",\"url\":\"https:\/\/adhesive-tapes.trocellen.com\/fr\/applications\/construction\/\",\"name\":\"Construction - Adhesive tapes\",\"isPartOf\":{\"@id\":\"https:\/\/adhesive-tapes.trocellen.com\/#website\"},\"primaryImageOfPage\":{\"@id\":\"https:\/\/adhesive-tapes.trocellen.com\/fr\/applications\/construction\/#primaryimage\"},\"image\":{\"@id\":\"https:\/\/adhesive-tapes.trocellen.com\/fr\/applications\/construction\/#primaryimage\"},\"thumbnailUrl\":\"https:\/\/adhesive-tapes.trocellen.com\/wp-content\/uploads\/sites\/4\/2013\/12\/adhesive_tapes-tape-application_001-300x169.png\",\"datePublished\":\"2013-12-08T16:43:06+00:00\",\"dateModified\":\"2013-12-08T16:43:06+00:00\",\"breadcrumb\":{\"@id\":\"https:\/\/adhesive-tapes.trocellen.com\/fr\/applications\/construction\/#breadcrumb\"},\"inLanguage\":\"fr-FR\",\"potentialAction\":[{\"@type\":\"ReadAction\",\"target\":[\"https:\/\/adhesive-tapes.trocellen.com\/fr\/applications\/construction\/\"]}]},{\"@type\":\"ImageObject\",\"inLanguage\":\"fr-FR\",\"@id\":\"https:\/\/adhesive-tapes.trocellen.com\/fr\/applications\/construction\/#primaryimage\",\"url\":\"https:\/\/adhesive-tapes.trocellen.com\/wp-content\/uploads\/sites\/4\/2013\/12\/adhesive_tapes-tape-application_001-300x169.png\",\"contentUrl\":\"https:\/\/adhesive-tapes.trocellen.com\/wp-content\/uploads\/sites\/4\/2013\/12\/adhesive_tapes-tape-application_001-300x169.png\"},{\"@type\":\"BreadcrumbList\",\"@id\":\"https:\/\/adhesive-tapes.trocellen.com\/fr\/applications\/construction\/#breadcrumb\",\"itemListElement\":[{\"@type\":\"ListItem\",\"position\":1,\"name\":\"Home\",\"item\":\"https:\/\/adhesive-tapes.trocellen.com\/fr\/\"},{\"@type\":\"ListItem\",\"position\":2,\"name\":\"Applications\",\"item\":\"https:\/\/adhesive-tapes.trocellen.com\/fr\/applications\/\"},{\"@type\":\"ListItem\",\"position\":3,\"name\":\"Construction\"}]},{\"@type\":\"WebSite\",\"@id\":\"https:\/\/adhesive-tapes.trocellen.com\/#website\",\"url\":\"https:\/\/adhesive-tapes.trocellen.com\/\",\"name\":\"Adhesive tapes\",\"description\":\"\",\"potentialAction\":[{\"@type\":\"SearchAction\",\"target\":{\"@type\":\"EntryPoint\",\"urlTemplate\":\"https:\/\/adhesive-tapes.trocellen.com\/?s={search_term_string}\"},\"query-input\":{\"@type\":\"PropertyValueSpecification\",\"valueRequired\":true,\"valueName\":\"search_term_string\"}}],\"inLanguage\":\"fr-FR\"}]}<\/script>\n<!-- \/ Yoast SEO plugin. -->","yoast_head_json":{"title":"Construction - Adhesive tapes","robots":{"index":"index","follow":"follow","max-snippet":"max-snippet:-1","max-image-preview":"max-image-preview:large","max-video-preview":"max-video-preview:-1"},"canonical":"https:\/\/adhesive-tapes.trocellen.com\/fr\/applications\/construction\/","twitter_misc":{"Dur\u00e9e de lecture estim\u00e9e":"1 minute"},"schema":{"@context":"https:\/\/schema.org","@graph":[{"@type":"WebPage","@id":"https:\/\/adhesive-tapes.trocellen.com\/fr\/applications\/construction\/","url":"https:\/\/adhesive-tapes.trocellen.com\/fr\/applications\/construction\/","name":"Construction - Adhesive tapes","isPartOf":{"@id":"https:\/\/adhesive-tapes.trocellen.com\/#website"},"primaryImageOfPage":{"@id":"https:\/\/adhesive-tapes.trocellen.com\/fr\/applications\/construction\/#primaryimage"},"image":{"@id":"https:\/\/adhesive-tapes.trocellen.com\/fr\/applications\/construction\/#primaryimage"},"thumbnailUrl":"https:\/\/adhesive-tapes.trocellen.com\/wp-content\/uploads\/sites\/4\/2013\/12\/adhesive_tapes-tape-application_001-300x169.png","datePublished":"2013-12-08T16:43:06+00:00","dateModified":"2013-12-08T16:43:06+00:00","breadcrumb":{"@id":"https:\/\/adhesive-tapes.trocellen.com\/fr\/applications\/construction\/#breadcrumb"},"inLanguage":"fr-FR","potentialAction":[{"@type":"ReadAction","target":["https:\/\/adhesive-tapes.trocellen.com\/fr\/applications\/construction\/"]}]},{"@type":"ImageObject","inLanguage":"fr-FR","@id":"https:\/\/adhesive-tapes.trocellen.com\/fr\/applications\/construction\/#primaryimage","url":"https:\/\/adhesive-tapes.trocellen.com\/wp-content\/uploads\/sites\/4\/2013\/12\/adhesive_tapes-tape-application_001-300x169.png","contentUrl":"https:\/\/adhesive-tapes.trocellen.com\/wp-content\/uploads\/sites\/4\/2013\/12\/adhesive_tapes-tape-application_001-300x169.png"},{"@type":"BreadcrumbList","@id":"https:\/\/adhesive-tapes.trocellen.com\/fr\/applications\/construction\/#breadcrumb","itemListElement":[{"@type":"ListItem","position":1,"name":"Home","item":"https:\/\/adhesive-tapes.trocellen.com\/fr\/"},{"@type":"ListItem","position":2,"name":"Applications","item":"https:\/\/adhesive-tapes.trocellen.com\/fr\/applications\/"},{"@type":"ListItem","position":3,"name":"Construction"}]},{"@type":"WebSite","@id":"https:\/\/adhesive-tapes.trocellen.com\/#website","url":"https:\/\/adhesive-tapes.trocellen.com\/","name":"Adhesive tapes","description":"","potentialAction":[{"@type":"SearchAction","target":{"@type":"EntryPoint","urlTemplate":"https:\/\/adhesive-tapes.trocellen.com\/?s={search_term_string}"},"query-input":{"@type":"PropertyValueSpecification","valueRequired":true,"valueName":"search_term_string"}}],"inLanguage":"fr-FR"}]}},"_links":{"self":[{"href":"https:\/\/adhesive-tapes.trocellen.com\/fr\/wp-json\/wp\/v2\/pages\/752","targetHints":{"allow":["GET"]}}],"collection":[{"href":"https:\/\/adhesive-tapes.trocellen.com\/fr\/wp-json\/wp\/v2\/pages"}],"about":[{"href":"https:\/\/adhesive-tapes.trocellen.com\/fr\/wp-json\/wp\/v2\/types\/page"}],"author":[{"embeddable":true,"href":"https:\/\/adhesive-tapes.trocellen.com\/fr\/wp-json\/wp\/v2\/users\/1"}],"replies":[{"embeddable":true,"href":"https:\/\/adhesive-tapes.trocellen.com\/fr\/wp-json\/wp\/v2\/comments?post=752"}],"version-history":[{"count":0,"href":"https:\/\/adhesive-tapes.trocellen.com\/fr\/wp-json\/wp\/v2\/pages\/752\/revisions"}],"up":[{"embeddable":true,"href":"https:\/\/adhesive-tapes.trocellen.com\/fr\/wp-json\/wp\/v2\/pages\/740"}],"wp:attachment":[{"href":"https:\/\/adhesive-tapes.trocellen.com\/fr\/wp-json\/wp\/v2\/media?parent=752"}],"curies":[{"name":"wp","href":"https:\/\/api.w.org\/{rel}","templated":true}]}}