{"id":758,"date":"2013-12-08T16:43:20","date_gmt":"2013-12-08T16:43:20","guid":{"rendered":"https:\/\/adhesive-tapes.usernet.hu\/bricolage\/"},"modified":"2013-12-08T16:43:20","modified_gmt":"2013-12-08T16:43:20","slug":"bricolage","status":"publish","type":"page","link":"https:\/\/adhesive-tapes.trocellen.com\/fr\/applications\/bricolage\/","title":{"rendered":"Bricolage"},"content":{"rendered":"<h2>Mousses PE pour application auto-adh\u00e9sives<\/h2>\n<p>Les mousses adh\u00e9siv\u00e9es remplacent de plus en plus d\u2019autres m\u00e9thodes de fixation. De nouvelles applications int\u00e9ressantes augmentent le potentiel ainsi que les exigences en mat\u00e9riaux de soutien de haute qualit\u00e9.<br \/>\nLes mousses poly\u00e9thyl\u00e8ne adh\u00e9siv\u00e9es en tant que support d\u2019installation permettent d\u2019assurer une qualit\u00e9 optimale de collage sur des surfaces irr\u00e9guli\u00e8res, rugueuses ou complexes en raison de leurs propri\u00e9t\u00e9s uniques, telles que grande flexibilit\u00e9 et capacit\u00e9 de compressibilit\u00e9.<\/p>\n<h3>Applications<\/h3>\n<p><img loading=\"lazy\" decoding=\"async\" class=\"alignright size-medium wp-image-595\" src=\"https:\/\/adhesive-tapes.trocellen.com\/wp-content\/uploads\/sites\/4\/2013\/12\/adhesive_tapes-mirror_001-300x169.png\" alt=\"\" width=\"300\" height=\"169\" srcset=\"https:\/\/adhesive-tapes.trocellen.com\/wp-content\/uploads\/sites\/4\/2013\/12\/adhesive_tapes-mirror_001-300x169.png 300w, https:\/\/adhesive-tapes.trocellen.com\/wp-content\/uploads\/sites\/4\/2013\/12\/adhesive_tapes-mirror_001-768x432.png 768w, https:\/\/adhesive-tapes.trocellen.com\/wp-content\/uploads\/sites\/4\/2013\/12\/adhesive_tapes-mirror_001-1024x576.png 1024w\" sizes=\"auto, (max-width: 300px) 100vw, 300px\" \/><\/p>\n<p>Vous trouverez des supports en mousses poly\u00e9thyl\u00e8ne TROCELLEN pour:<\/p>\n<ul>\n<li>Bandes autoadh\u00e9sives pour profil\u00e9s et bandes de fen\u00eatres<\/li>\n<li>Bandes autoadh\u00e9sives pour fixer des crochets muraux<\/li>\n<li>Bandes autoadh\u00e9sives pour fixer des miroirs<\/li>\n<li>Pi\u00e8ces d\u2019estampage autoadh\u00e9sives<\/li>\n<\/ul>\n<h3>Types de produits disponibles<\/h3>\n<ul>\n<li>N\u2019h\u00e9sitez pas \u00e0 nous contacter pour que nous puissions discuter ensemble de vos besoins, afin de d\u00e9terminer la solution r\u00e9pondant parfaitement \u00e0 votre application.<\/li>\n<li>Nous proposons en option un traitement corona une ou deux faces ou un traitement stable long terme AST.<\/li>\n<\/ul>\n<h3>Avantages<\/h3>\n<p><img loading=\"lazy\" decoding=\"async\" class=\"alignright size-medium wp-image-594\" src=\"https:\/\/adhesive-tapes.trocellen.com\/wp-content\/uploads\/sites\/4\/2013\/12\/adhesive_tapes-accessories_001-300x204.png\" alt=\"\" width=\"300\" height=\"204\" srcset=\"https:\/\/adhesive-tapes.trocellen.com\/wp-content\/uploads\/sites\/4\/2013\/12\/adhesive_tapes-accessories_001-300x204.png 300w, https:\/\/adhesive-tapes.trocellen.com\/wp-content\/uploads\/sites\/4\/2013\/12\/adhesive_tapes-accessories_001-768x523.png 768w, https:\/\/adhesive-tapes.trocellen.com\/wp-content\/uploads\/sites\/4\/2013\/12\/adhesive_tapes-accessories_001-1024x697.png 1024w\" sizes=\"auto, (max-width: 300px) 100vw, 300px\" \/><\/p>\n<ul>\n<li>Souple et conformable<\/li>\n<li>Id\u00e9al pour les surfaces irr\u00e9guli\u00e8res<\/li>\n<li>Comportement optimal en r\u00e9silience<\/li>\n<li>Excellente fonction d\u2019\u00e9tanch\u00e9it\u00e9<\/li>\n<li>Surface lisse, structure r\u00e9ticul\u00e9e \u00e0 cellules ferm\u00e9es<\/li>\n<li>Tr\u00e8s bonne compatibilit\u00e9 avec les syst\u00e8mes adh\u00e9sifs<\/li>\n<li>Facile \u00e0 enduire et \u00e0 transformer<\/li>\n<li>\u00c9tanche \u00e0 l\u2019eau et \u00e0 l\u2019air<\/li>\n<\/ul>\n","protected":false},"excerpt":{"rendered":"<p>Mousses PE pour application auto-adh\u00e9sives Les mousses adh\u00e9siv\u00e9es remplacent de plus en plus d\u2019autres m\u00e9thodes de fixation. De nouvelles applications int\u00e9ressantes augmentent le potentiel ainsi que les exigences en mat\u00e9riaux de soutien de haute qualit\u00e9. Les mousses poly\u00e9thyl\u00e8ne adh\u00e9siv\u00e9es en tant que support d\u2019installation permettent d\u2019assurer une qualit\u00e9 optimale de collage sur des surfaces irr\u00e9guli\u00e8res, [&hellip;]<\/p>\n","protected":false},"author":1,"featured_media":0,"parent":740,"menu_order":3,"comment_status":"open","ping_status":"open","template":"","meta":{"_acf_changed":false,"footnotes":""},"class_list":["post-758","page","type-page","status-publish","hentry"],"acf":[],"yoast_head":"<!-- This site is optimized with the Yoast SEO plugin v23.5 - https:\/\/yoast.com\/wordpress\/plugins\/seo\/ -->\n<title>Bricolage - Adhesive tapes<\/title>\n<meta name=\"robots\" content=\"index, follow, max-snippet:-1, max-image-preview:large, max-video-preview:-1\" \/>\n<link rel=\"canonical\" href=\"https:\/\/adhesive-tapes.trocellen.com\/fr\/applications\/bricolage\/\" \/>\n<meta name=\"twitter:label1\" content=\"Dur\u00e9e de lecture estim\u00e9e\" \/>\n\t<meta name=\"twitter:data1\" content=\"1 minute\" \/>\n<script type=\"application\/ld+json\" class=\"yoast-schema-graph\">{\"@context\":\"https:\/\/schema.org\",\"@graph\":[{\"@type\":\"WebPage\",\"@id\":\"https:\/\/adhesive-tapes.trocellen.com\/fr\/applications\/bricolage\/\",\"url\":\"https:\/\/adhesive-tapes.trocellen.com\/fr\/applications\/bricolage\/\",\"name\":\"Bricolage - Adhesive tapes\",\"isPartOf\":{\"@id\":\"https:\/\/adhesive-tapes.trocellen.com\/#website\"},\"primaryImageOfPage\":{\"@id\":\"https:\/\/adhesive-tapes.trocellen.com\/fr\/applications\/bricolage\/#primaryimage\"},\"image\":{\"@id\":\"https:\/\/adhesive-tapes.trocellen.com\/fr\/applications\/bricolage\/#primaryimage\"},\"thumbnailUrl\":\"https:\/\/adhesive-tapes.trocellen.com\/wp-content\/uploads\/sites\/4\/2013\/12\/adhesive_tapes-mirror_001-300x169.png\",\"datePublished\":\"2013-12-08T16:43:20+00:00\",\"dateModified\":\"2013-12-08T16:43:20+00:00\",\"breadcrumb\":{\"@id\":\"https:\/\/adhesive-tapes.trocellen.com\/fr\/applications\/bricolage\/#breadcrumb\"},\"inLanguage\":\"fr-FR\",\"potentialAction\":[{\"@type\":\"ReadAction\",\"target\":[\"https:\/\/adhesive-tapes.trocellen.com\/fr\/applications\/bricolage\/\"]}]},{\"@type\":\"ImageObject\",\"inLanguage\":\"fr-FR\",\"@id\":\"https:\/\/adhesive-tapes.trocellen.com\/fr\/applications\/bricolage\/#primaryimage\",\"url\":\"https:\/\/adhesive-tapes.trocellen.com\/wp-content\/uploads\/sites\/4\/2013\/12\/adhesive_tapes-mirror_001-300x169.png\",\"contentUrl\":\"https:\/\/adhesive-tapes.trocellen.com\/wp-content\/uploads\/sites\/4\/2013\/12\/adhesive_tapes-mirror_001-300x169.png\"},{\"@type\":\"BreadcrumbList\",\"@id\":\"https:\/\/adhesive-tapes.trocellen.com\/fr\/applications\/bricolage\/#breadcrumb\",\"itemListElement\":[{\"@type\":\"ListItem\",\"position\":1,\"name\":\"Home\",\"item\":\"https:\/\/adhesive-tapes.trocellen.com\/fr\/\"},{\"@type\":\"ListItem\",\"position\":2,\"name\":\"Applications\",\"item\":\"https:\/\/adhesive-tapes.trocellen.com\/fr\/applications\/\"},{\"@type\":\"ListItem\",\"position\":3,\"name\":\"Bricolage\"}]},{\"@type\":\"WebSite\",\"@id\":\"https:\/\/adhesive-tapes.trocellen.com\/#website\",\"url\":\"https:\/\/adhesive-tapes.trocellen.com\/\",\"name\":\"Adhesive tapes\",\"description\":\"\",\"potentialAction\":[{\"@type\":\"SearchAction\",\"target\":{\"@type\":\"EntryPoint\",\"urlTemplate\":\"https:\/\/adhesive-tapes.trocellen.com\/?s={search_term_string}\"},\"query-input\":{\"@type\":\"PropertyValueSpecification\",\"valueRequired\":true,\"valueName\":\"search_term_string\"}}],\"inLanguage\":\"fr-FR\"}]}<\/script>\n<!-- \/ Yoast SEO plugin. -->","yoast_head_json":{"title":"Bricolage - Adhesive tapes","robots":{"index":"index","follow":"follow","max-snippet":"max-snippet:-1","max-image-preview":"max-image-preview:large","max-video-preview":"max-video-preview:-1"},"canonical":"https:\/\/adhesive-tapes.trocellen.com\/fr\/applications\/bricolage\/","twitter_misc":{"Dur\u00e9e de lecture estim\u00e9e":"1 minute"},"schema":{"@context":"https:\/\/schema.org","@graph":[{"@type":"WebPage","@id":"https:\/\/adhesive-tapes.trocellen.com\/fr\/applications\/bricolage\/","url":"https:\/\/adhesive-tapes.trocellen.com\/fr\/applications\/bricolage\/","name":"Bricolage - Adhesive tapes","isPartOf":{"@id":"https:\/\/adhesive-tapes.trocellen.com\/#website"},"primaryImageOfPage":{"@id":"https:\/\/adhesive-tapes.trocellen.com\/fr\/applications\/bricolage\/#primaryimage"},"image":{"@id":"https:\/\/adhesive-tapes.trocellen.com\/fr\/applications\/bricolage\/#primaryimage"},"thumbnailUrl":"https:\/\/adhesive-tapes.trocellen.com\/wp-content\/uploads\/sites\/4\/2013\/12\/adhesive_tapes-mirror_001-300x169.png","datePublished":"2013-12-08T16:43:20+00:00","dateModified":"2013-12-08T16:43:20+00:00","breadcrumb":{"@id":"https:\/\/adhesive-tapes.trocellen.com\/fr\/applications\/bricolage\/#breadcrumb"},"inLanguage":"fr-FR","potentialAction":[{"@type":"ReadAction","target":["https:\/\/adhesive-tapes.trocellen.com\/fr\/applications\/bricolage\/"]}]},{"@type":"ImageObject","inLanguage":"fr-FR","@id":"https:\/\/adhesive-tapes.trocellen.com\/fr\/applications\/bricolage\/#primaryimage","url":"https:\/\/adhesive-tapes.trocellen.com\/wp-content\/uploads\/sites\/4\/2013\/12\/adhesive_tapes-mirror_001-300x169.png","contentUrl":"https:\/\/adhesive-tapes.trocellen.com\/wp-content\/uploads\/sites\/4\/2013\/12\/adhesive_tapes-mirror_001-300x169.png"},{"@type":"BreadcrumbList","@id":"https:\/\/adhesive-tapes.trocellen.com\/fr\/applications\/bricolage\/#breadcrumb","itemListElement":[{"@type":"ListItem","position":1,"name":"Home","item":"https:\/\/adhesive-tapes.trocellen.com\/fr\/"},{"@type":"ListItem","position":2,"name":"Applications","item":"https:\/\/adhesive-tapes.trocellen.com\/fr\/applications\/"},{"@type":"ListItem","position":3,"name":"Bricolage"}]},{"@type":"WebSite","@id":"https:\/\/adhesive-tapes.trocellen.com\/#website","url":"https:\/\/adhesive-tapes.trocellen.com\/","name":"Adhesive tapes","description":"","potentialAction":[{"@type":"SearchAction","target":{"@type":"EntryPoint","urlTemplate":"https:\/\/adhesive-tapes.trocellen.com\/?s={search_term_string}"},"query-input":{"@type":"PropertyValueSpecification","valueRequired":true,"valueName":"search_term_string"}}],"inLanguage":"fr-FR"}]}},"_links":{"self":[{"href":"https:\/\/adhesive-tapes.trocellen.com\/fr\/wp-json\/wp\/v2\/pages\/758","targetHints":{"allow":["GET"]}}],"collection":[{"href":"https:\/\/adhesive-tapes.trocellen.com\/fr\/wp-json\/wp\/v2\/pages"}],"about":[{"href":"https:\/\/adhesive-tapes.trocellen.com\/fr\/wp-json\/wp\/v2\/types\/page"}],"author":[{"embeddable":true,"href":"https:\/\/adhesive-tapes.trocellen.com\/fr\/wp-json\/wp\/v2\/users\/1"}],"replies":[{"embeddable":true,"href":"https:\/\/adhesive-tapes.trocellen.com\/fr\/wp-json\/wp\/v2\/comments?post=758"}],"version-history":[{"count":0,"href":"https:\/\/adhesive-tapes.trocellen.com\/fr\/wp-json\/wp\/v2\/pages\/758\/revisions"}],"up":[{"embeddable":true,"href":"https:\/\/adhesive-tapes.trocellen.com\/fr\/wp-json\/wp\/v2\/pages\/740"}],"wp:attachment":[{"href":"https:\/\/adhesive-tapes.trocellen.com\/fr\/wp-json\/wp\/v2\/media?parent=758"}],"curies":[{"name":"wp","href":"https:\/\/api.w.org\/{rel}","templated":true}]}}