{"id":764,"date":"2013-12-08T16:43:36","date_gmt":"2013-12-08T16:43:36","guid":{"rendered":"https:\/\/adhesive-tapes.usernet.hu\/automobile\/"},"modified":"2013-12-08T16:43:36","modified_gmt":"2013-12-08T16:43:36","slug":"automobile","status":"publish","type":"page","link":"https:\/\/adhesive-tapes.trocellen.com\/fr\/applications\/automobile\/","title":{"rendered":"Automobile"},"content":{"rendered":"<h2>Mousses pour applications auto-adh\u00e9sives<\/h2>\n<p>Le monde des solutions adh\u00e9sives ne cesse de se d\u00e9velopper. Dans l&rsquo;industrie automobile, il existe un large potentiel pour les mousses adh\u00e9sive\u00e9s de grande qualit\u00e9 dans des applications vari\u00e9es. Que ce soit pour all\u00e9ger, absorber les bruits, isoler ou simplement faciliter le processus d\u2019installation, les mousses adh\u00e9siv\u00e9es sont de plus en plus utilis\u00e9es pour la fixation de diff\u00e9rentes applications automobiles telles que.<\/p>\n<h3>Applications<\/h3>\n<p><img loading=\"lazy\" decoding=\"async\" class=\"alignright size-medium wp-image-597\" src=\"https:\/\/adhesive-tapes.trocellen.com\/wp-content\/uploads\/sites\/4\/2013\/12\/adhesive_tapes-cartext_001-300x204.png\" alt=\"\" width=\"300\" height=\"204\" srcset=\"https:\/\/adhesive-tapes.trocellen.com\/wp-content\/uploads\/sites\/4\/2013\/12\/adhesive_tapes-cartext_001-300x204.png 300w, https:\/\/adhesive-tapes.trocellen.com\/wp-content\/uploads\/sites\/4\/2013\/12\/adhesive_tapes-cartext_001-768x523.png 768w, https:\/\/adhesive-tapes.trocellen.com\/wp-content\/uploads\/sites\/4\/2013\/12\/adhesive_tapes-cartext_001.png 1024w\" sizes=\"auto, (max-width: 300px) 100vw, 300px\" \/><\/p>\n<p>Les mousses de polyethylene TROCELLEN d\u00e9velopp\u00e9es pour r\u00e9pondre \u00e0 vos process peuvent trouver une application pour:<\/p>\n<ul>\n<li>r\u00e9troviseurs<\/li>\n<li>embl\u00e8mes<\/li>\n<li>garnitures de pavillons<\/li>\n<li>pi\u00e8ces d\u2019\u00e9tanch\u00e9it\u00e9 d\u00e9coup\u00e9es<\/li>\n<li>bandes d\u00e9coratives<\/li>\n<\/ul>\n<h3>Types de produits disponibles<\/h3>\n<p>N\u2019h\u00e9sitez pas \u00e0 nous contacter pour que nous puissions discuter ensemble de vos besoins, tels que:<\/p>\n<ul>\n<li>souplesse accrue<\/li>\n<li>rigidit\u00e9 r\u00e9duite<\/li>\n<li>forts allongements \u00e0 rupture<\/li>\n<li>r\u00e9sistance sp\u00e9ciale \u00e0 la temp\u00e9rature<\/li>\n<\/ul>\n<p>Nous proposons en option un traitement corona une ou deux faces ou un traitement stable long terme AST.<\/p>\n<h3>Avantages<\/h3>\n<p><img loading=\"lazy\" decoding=\"async\" class=\"size-medium wp-image-52 alignright\" src=\"https:\/\/adhesive-tapes.trocellen.com\/wp-content\/uploads\/sites\/4\/2013\/12\/automotive2-300x193.jpg\" alt=\"automotive2\" width=\"220\" height=\"141\" srcset=\"https:\/\/adhesive-tapes.trocellen.com\/wp-content\/uploads\/sites\/4\/2013\/12\/automotive2-300x193.jpg 300w, https:\/\/adhesive-tapes.trocellen.com\/wp-content\/uploads\/sites\/4\/2013\/12\/automotive2.jpg 369w\" sizes=\"auto, (max-width: 220px) 100vw, 220px\" \/><\/p>\n<ul>\n<li>Surface lisse, structure r\u00e9ticul\u00e9e \u00e0 cellules ferm\u00e9es<\/li>\n<li>Facile \u00e0 enduire et \u00e0 d\u00e9couper<\/li>\n<li>Excellente liaison adh\u00e9sive<\/li>\n<li>Faibles tol\u00e9rances d\u2019\u00e9paisseur<\/li>\n<li>Souple et conformable<\/li>\n<li>Tr\u00e8s bonne pr\u00e9cision de positionnement<\/li>\n<li>comportement optimal en r\u00e9silience<\/li>\n<li>Excellente fonction d\u2019\u00e9tanch\u00e9it\u00e9<\/li>\n<\/ul>\n","protected":false},"excerpt":{"rendered":"<p>Mousses pour applications auto-adh\u00e9sives Le monde des solutions adh\u00e9sives ne cesse de se d\u00e9velopper. Dans l&rsquo;industrie automobile, il existe un large potentiel pour les mousses adh\u00e9sive\u00e9s de grande qualit\u00e9 dans des applications vari\u00e9es. Que ce soit pour all\u00e9ger, absorber les bruits, isoler ou simplement faciliter le processus d\u2019installation, les mousses adh\u00e9siv\u00e9es sont de plus en [&hellip;]<\/p>\n","protected":false},"author":1,"featured_media":0,"parent":740,"menu_order":4,"comment_status":"open","ping_status":"open","template":"","meta":{"_acf_changed":false,"footnotes":""},"class_list":["post-764","page","type-page","status-publish","hentry"],"acf":[],"yoast_head":"<!-- This site is optimized with the Yoast SEO plugin v23.5 - https:\/\/yoast.com\/wordpress\/plugins\/seo\/ -->\n<title>Automobile - Adhesive tapes<\/title>\n<meta name=\"robots\" content=\"index, follow, max-snippet:-1, max-image-preview:large, max-video-preview:-1\" \/>\n<link rel=\"canonical\" href=\"https:\/\/adhesive-tapes.trocellen.com\/fr\/applications\/automobile\/\" \/>\n<meta name=\"twitter:label1\" content=\"Dur\u00e9e de lecture estim\u00e9e\" \/>\n\t<meta name=\"twitter:data1\" content=\"1 minute\" \/>\n<script type=\"application\/ld+json\" class=\"yoast-schema-graph\">{\"@context\":\"https:\/\/schema.org\",\"@graph\":[{\"@type\":\"WebPage\",\"@id\":\"https:\/\/adhesive-tapes.trocellen.com\/fr\/applications\/automobile\/\",\"url\":\"https:\/\/adhesive-tapes.trocellen.com\/fr\/applications\/automobile\/\",\"name\":\"Automobile - Adhesive tapes\",\"isPartOf\":{\"@id\":\"https:\/\/adhesive-tapes.trocellen.com\/#website\"},\"primaryImageOfPage\":{\"@id\":\"https:\/\/adhesive-tapes.trocellen.com\/fr\/applications\/automobile\/#primaryimage\"},\"image\":{\"@id\":\"https:\/\/adhesive-tapes.trocellen.com\/fr\/applications\/automobile\/#primaryimage\"},\"thumbnailUrl\":\"https:\/\/adhesive-tapes.trocellen.com\/wp-content\/uploads\/sites\/4\/2013\/12\/adhesive_tapes-cartext_001-300x204.png\",\"datePublished\":\"2013-12-08T16:43:36+00:00\",\"dateModified\":\"2013-12-08T16:43:36+00:00\",\"breadcrumb\":{\"@id\":\"https:\/\/adhesive-tapes.trocellen.com\/fr\/applications\/automobile\/#breadcrumb\"},\"inLanguage\":\"fr-FR\",\"potentialAction\":[{\"@type\":\"ReadAction\",\"target\":[\"https:\/\/adhesive-tapes.trocellen.com\/fr\/applications\/automobile\/\"]}]},{\"@type\":\"ImageObject\",\"inLanguage\":\"fr-FR\",\"@id\":\"https:\/\/adhesive-tapes.trocellen.com\/fr\/applications\/automobile\/#primaryimage\",\"url\":\"https:\/\/adhesive-tapes.trocellen.com\/wp-content\/uploads\/sites\/4\/2013\/12\/adhesive_tapes-cartext_001-300x204.png\",\"contentUrl\":\"https:\/\/adhesive-tapes.trocellen.com\/wp-content\/uploads\/sites\/4\/2013\/12\/adhesive_tapes-cartext_001-300x204.png\"},{\"@type\":\"BreadcrumbList\",\"@id\":\"https:\/\/adhesive-tapes.trocellen.com\/fr\/applications\/automobile\/#breadcrumb\",\"itemListElement\":[{\"@type\":\"ListItem\",\"position\":1,\"name\":\"Home\",\"item\":\"https:\/\/adhesive-tapes.trocellen.com\/fr\/\"},{\"@type\":\"ListItem\",\"position\":2,\"name\":\"Applications\",\"item\":\"https:\/\/adhesive-tapes.trocellen.com\/fr\/applications\/\"},{\"@type\":\"ListItem\",\"position\":3,\"name\":\"Automobile\"}]},{\"@type\":\"WebSite\",\"@id\":\"https:\/\/adhesive-tapes.trocellen.com\/#website\",\"url\":\"https:\/\/adhesive-tapes.trocellen.com\/\",\"name\":\"Adhesive tapes\",\"description\":\"\",\"potentialAction\":[{\"@type\":\"SearchAction\",\"target\":{\"@type\":\"EntryPoint\",\"urlTemplate\":\"https:\/\/adhesive-tapes.trocellen.com\/?s={search_term_string}\"},\"query-input\":{\"@type\":\"PropertyValueSpecification\",\"valueRequired\":true,\"valueName\":\"search_term_string\"}}],\"inLanguage\":\"fr-FR\"}]}<\/script>\n<!-- \/ Yoast SEO plugin. -->","yoast_head_json":{"title":"Automobile - Adhesive tapes","robots":{"index":"index","follow":"follow","max-snippet":"max-snippet:-1","max-image-preview":"max-image-preview:large","max-video-preview":"max-video-preview:-1"},"canonical":"https:\/\/adhesive-tapes.trocellen.com\/fr\/applications\/automobile\/","twitter_misc":{"Dur\u00e9e de lecture estim\u00e9e":"1 minute"},"schema":{"@context":"https:\/\/schema.org","@graph":[{"@type":"WebPage","@id":"https:\/\/adhesive-tapes.trocellen.com\/fr\/applications\/automobile\/","url":"https:\/\/adhesive-tapes.trocellen.com\/fr\/applications\/automobile\/","name":"Automobile - Adhesive tapes","isPartOf":{"@id":"https:\/\/adhesive-tapes.trocellen.com\/#website"},"primaryImageOfPage":{"@id":"https:\/\/adhesive-tapes.trocellen.com\/fr\/applications\/automobile\/#primaryimage"},"image":{"@id":"https:\/\/adhesive-tapes.trocellen.com\/fr\/applications\/automobile\/#primaryimage"},"thumbnailUrl":"https:\/\/adhesive-tapes.trocellen.com\/wp-content\/uploads\/sites\/4\/2013\/12\/adhesive_tapes-cartext_001-300x204.png","datePublished":"2013-12-08T16:43:36+00:00","dateModified":"2013-12-08T16:43:36+00:00","breadcrumb":{"@id":"https:\/\/adhesive-tapes.trocellen.com\/fr\/applications\/automobile\/#breadcrumb"},"inLanguage":"fr-FR","potentialAction":[{"@type":"ReadAction","target":["https:\/\/adhesive-tapes.trocellen.com\/fr\/applications\/automobile\/"]}]},{"@type":"ImageObject","inLanguage":"fr-FR","@id":"https:\/\/adhesive-tapes.trocellen.com\/fr\/applications\/automobile\/#primaryimage","url":"https:\/\/adhesive-tapes.trocellen.com\/wp-content\/uploads\/sites\/4\/2013\/12\/adhesive_tapes-cartext_001-300x204.png","contentUrl":"https:\/\/adhesive-tapes.trocellen.com\/wp-content\/uploads\/sites\/4\/2013\/12\/adhesive_tapes-cartext_001-300x204.png"},{"@type":"BreadcrumbList","@id":"https:\/\/adhesive-tapes.trocellen.com\/fr\/applications\/automobile\/#breadcrumb","itemListElement":[{"@type":"ListItem","position":1,"name":"Home","item":"https:\/\/adhesive-tapes.trocellen.com\/fr\/"},{"@type":"ListItem","position":2,"name":"Applications","item":"https:\/\/adhesive-tapes.trocellen.com\/fr\/applications\/"},{"@type":"ListItem","position":3,"name":"Automobile"}]},{"@type":"WebSite","@id":"https:\/\/adhesive-tapes.trocellen.com\/#website","url":"https:\/\/adhesive-tapes.trocellen.com\/","name":"Adhesive tapes","description":"","potentialAction":[{"@type":"SearchAction","target":{"@type":"EntryPoint","urlTemplate":"https:\/\/adhesive-tapes.trocellen.com\/?s={search_term_string}"},"query-input":{"@type":"PropertyValueSpecification","valueRequired":true,"valueName":"search_term_string"}}],"inLanguage":"fr-FR"}]}},"_links":{"self":[{"href":"https:\/\/adhesive-tapes.trocellen.com\/fr\/wp-json\/wp\/v2\/pages\/764","targetHints":{"allow":["GET"]}}],"collection":[{"href":"https:\/\/adhesive-tapes.trocellen.com\/fr\/wp-json\/wp\/v2\/pages"}],"about":[{"href":"https:\/\/adhesive-tapes.trocellen.com\/fr\/wp-json\/wp\/v2\/types\/page"}],"author":[{"embeddable":true,"href":"https:\/\/adhesive-tapes.trocellen.com\/fr\/wp-json\/wp\/v2\/users\/1"}],"replies":[{"embeddable":true,"href":"https:\/\/adhesive-tapes.trocellen.com\/fr\/wp-json\/wp\/v2\/comments?post=764"}],"version-history":[{"count":0,"href":"https:\/\/adhesive-tapes.trocellen.com\/fr\/wp-json\/wp\/v2\/pages\/764\/revisions"}],"up":[{"embeddable":true,"href":"https:\/\/adhesive-tapes.trocellen.com\/fr\/wp-json\/wp\/v2\/pages\/740"}],"wp:attachment":[{"href":"https:\/\/adhesive-tapes.trocellen.com\/fr\/wp-json\/wp\/v2\/media?parent=764"}],"curies":[{"name":"wp","href":"https:\/\/api.w.org\/{rel}","templated":true}]}}