{"id":770,"date":"2013-12-08T16:43:54","date_gmt":"2013-12-08T16:43:54","guid":{"rendered":"https:\/\/adhesive-tapes.usernet.hu\/electronique\/"},"modified":"2013-12-08T16:43:54","modified_gmt":"2013-12-08T16:43:54","slug":"electronique","status":"publish","type":"page","link":"https:\/\/adhesive-tapes.trocellen.com\/fr\/applications\/electronique\/","title":{"rendered":"\u00c9lectronique"},"content":{"rendered":"<h2>Mousses support PE pour application auto-adh\u00e9sives<\/h2>\n<p>La taille des produits \u00e9lectroniques est de plus en plus r\u00e9duite. Afin de garantir une fixation constante et des propri\u00e9t\u00e9s stables tout en limitant au maximum le volume occup\u00e9, les exigences techniques des pi\u00e8ces autoadh\u00e9sives sont tr\u00e8s \u00e9lev\u00e9es. Les mousses Trocellen utilis\u00e9es en tant que supports r\u00e9pondent \u00e0 ces crit\u00e8res de haute qualit\u00e9 et sont par cons\u00e9quent id\u00e9alement adapt\u00e9s \u00e0 ces applications.<\/p>\n<h3>Applications<\/h3>\n<p><img loading=\"lazy\" decoding=\"async\" class=\"alignright size-medium wp-image-599\" src=\"https:\/\/adhesive-tapes.trocellen.com\/wp-content\/uploads\/sites\/4\/2013\/12\/adhesive_tapes-electronics_001-300x169.png\" alt=\"\" width=\"300\" height=\"169\" srcset=\"https:\/\/adhesive-tapes.trocellen.com\/wp-content\/uploads\/sites\/4\/2013\/12\/adhesive_tapes-electronics_001-300x169.png 300w, https:\/\/adhesive-tapes.trocellen.com\/wp-content\/uploads\/sites\/4\/2013\/12\/adhesive_tapes-electronics_001-768x432.png 768w, https:\/\/adhesive-tapes.trocellen.com\/wp-content\/uploads\/sites\/4\/2013\/12\/adhesive_tapes-electronics_001-1024x576.png 1024w\" sizes=\"auto, (max-width: 300px) 100vw, 300px\" \/><\/p>\n<p>Nos mousses combinent l\u2019ensemble des crit\u00e8res importants que l\u2019on rencontre pour ces applications, \u00e0 savoir \u00e9tanch\u00e9it\u00e9 \u00e0 la poussi\u00e8re et l\u2019humidit\u00e9, r\u00e9duction de poids, isolation acoustique ; \u00e9galement elles permettent de simplifier les processus d\u2019installation de :<\/p>\n<ul>\n<li>Couvercles et fixations avant<\/li>\n<li>Pi\u00e8ces d\u2019\u00e9tanch\u00e9it\u00e9 d\u00e9coup\u00e9es<\/li>\n<\/ul>\n<h3>Types de produits disponibles<\/h3>\n<p>TROCELLEN propose des r\u00e9f\u00e9rences sp\u00e9cifiques pr\u00e9sentant :<\/p>\n<ul>\n<li>am\u00e9lioration de la d\u00e9coupe<\/li>\n<li>fort allongement \u00e0 la rupture<\/li>\n<li>r\u00e9sistance sp\u00e9ciale \u00e0 la temp\u00e9rature<\/li>\n<li>conductivit\u00e9 de surface<\/li>\n<\/ul>\n<p>Nous proposons en option un traitement corona une ou deux faces ou un traitement stable long terme AST.<\/p>\n<h3>Avantages<\/h3>\n<ul>\n<li>souple et conformable<\/li>\n<li>Tr\u00e8s bonne pr\u00e9cision de positionnement<\/li>\n<li>comportement optimal en r\u00e9silience<\/li>\n<li>Excellente fonction d\u2019\u00e9tanch\u00e9it\u00e9 et d\u2019amortissement<\/li>\n<li>Surface lisse, structure r\u00e9ticul\u00e9e \u00e0 cellules ferm\u00e9es<\/li>\n<li>Facile \u00e0 enduire, transformer et d\u00e9couper<\/li>\n<li>Excellente liaison adh\u00e9sive<\/li>\n<li>Faibles tol\u00e9rances d\u2019\u00e9paisseur<\/li>\n<li>R\u00e9sistant \u00e0 la temp\u00e9rature<\/li>\n<\/ul>\n","protected":false},"excerpt":{"rendered":"<p>Mousses support PE pour application auto-adh\u00e9sives La taille des produits \u00e9lectroniques est de plus en plus r\u00e9duite. Afin de garantir une fixation constante et des propri\u00e9t\u00e9s stables tout en limitant au maximum le volume occup\u00e9, les exigences techniques des pi\u00e8ces autoadh\u00e9sives sont tr\u00e8s \u00e9lev\u00e9es. Les mousses Trocellen utilis\u00e9es en tant que supports r\u00e9pondent \u00e0 ces [&hellip;]<\/p>\n","protected":false},"author":1,"featured_media":0,"parent":740,"menu_order":5,"comment_status":"open","ping_status":"open","template":"","meta":{"_acf_changed":false,"footnotes":""},"class_list":["post-770","page","type-page","status-publish","hentry"],"acf":[],"yoast_head":"<!-- This site is optimized with the Yoast SEO plugin v23.5 - https:\/\/yoast.com\/wordpress\/plugins\/seo\/ -->\n<title>\u00c9lectronique - Adhesive tapes<\/title>\n<meta name=\"robots\" content=\"index, follow, max-snippet:-1, max-image-preview:large, max-video-preview:-1\" \/>\n<link rel=\"canonical\" href=\"https:\/\/adhesive-tapes.trocellen.com\/fr\/applications\/electronique\/\" \/>\n<meta name=\"twitter:label1\" content=\"Dur\u00e9e de lecture estim\u00e9e\" \/>\n\t<meta name=\"twitter:data1\" content=\"1 minute\" \/>\n<script type=\"application\/ld+json\" class=\"yoast-schema-graph\">{\"@context\":\"https:\/\/schema.org\",\"@graph\":[{\"@type\":\"WebPage\",\"@id\":\"https:\/\/adhesive-tapes.trocellen.com\/fr\/applications\/electronique\/\",\"url\":\"https:\/\/adhesive-tapes.trocellen.com\/fr\/applications\/electronique\/\",\"name\":\"\u00c9lectronique - Adhesive tapes\",\"isPartOf\":{\"@id\":\"https:\/\/adhesive-tapes.trocellen.com\/#website\"},\"primaryImageOfPage\":{\"@id\":\"https:\/\/adhesive-tapes.trocellen.com\/fr\/applications\/electronique\/#primaryimage\"},\"image\":{\"@id\":\"https:\/\/adhesive-tapes.trocellen.com\/fr\/applications\/electronique\/#primaryimage\"},\"thumbnailUrl\":\"https:\/\/adhesive-tapes.trocellen.com\/wp-content\/uploads\/sites\/4\/2013\/12\/adhesive_tapes-electronics_001-300x169.png\",\"datePublished\":\"2013-12-08T16:43:54+00:00\",\"dateModified\":\"2013-12-08T16:43:54+00:00\",\"breadcrumb\":{\"@id\":\"https:\/\/adhesive-tapes.trocellen.com\/fr\/applications\/electronique\/#breadcrumb\"},\"inLanguage\":\"fr-FR\",\"potentialAction\":[{\"@type\":\"ReadAction\",\"target\":[\"https:\/\/adhesive-tapes.trocellen.com\/fr\/applications\/electronique\/\"]}]},{\"@type\":\"ImageObject\",\"inLanguage\":\"fr-FR\",\"@id\":\"https:\/\/adhesive-tapes.trocellen.com\/fr\/applications\/electronique\/#primaryimage\",\"url\":\"https:\/\/adhesive-tapes.trocellen.com\/wp-content\/uploads\/sites\/4\/2013\/12\/adhesive_tapes-electronics_001-300x169.png\",\"contentUrl\":\"https:\/\/adhesive-tapes.trocellen.com\/wp-content\/uploads\/sites\/4\/2013\/12\/adhesive_tapes-electronics_001-300x169.png\"},{\"@type\":\"BreadcrumbList\",\"@id\":\"https:\/\/adhesive-tapes.trocellen.com\/fr\/applications\/electronique\/#breadcrumb\",\"itemListElement\":[{\"@type\":\"ListItem\",\"position\":1,\"name\":\"Home\",\"item\":\"https:\/\/adhesive-tapes.trocellen.com\/fr\/\"},{\"@type\":\"ListItem\",\"position\":2,\"name\":\"Applications\",\"item\":\"https:\/\/adhesive-tapes.trocellen.com\/fr\/applications\/\"},{\"@type\":\"ListItem\",\"position\":3,\"name\":\"\u00c9lectronique\"}]},{\"@type\":\"WebSite\",\"@id\":\"https:\/\/adhesive-tapes.trocellen.com\/#website\",\"url\":\"https:\/\/adhesive-tapes.trocellen.com\/\",\"name\":\"Adhesive tapes\",\"description\":\"\",\"potentialAction\":[{\"@type\":\"SearchAction\",\"target\":{\"@type\":\"EntryPoint\",\"urlTemplate\":\"https:\/\/adhesive-tapes.trocellen.com\/?s={search_term_string}\"},\"query-input\":{\"@type\":\"PropertyValueSpecification\",\"valueRequired\":true,\"valueName\":\"search_term_string\"}}],\"inLanguage\":\"fr-FR\"}]}<\/script>\n<!-- \/ Yoast SEO plugin. -->","yoast_head_json":{"title":"\u00c9lectronique - Adhesive tapes","robots":{"index":"index","follow":"follow","max-snippet":"max-snippet:-1","max-image-preview":"max-image-preview:large","max-video-preview":"max-video-preview:-1"},"canonical":"https:\/\/adhesive-tapes.trocellen.com\/fr\/applications\/electronique\/","twitter_misc":{"Dur\u00e9e de lecture estim\u00e9e":"1 minute"},"schema":{"@context":"https:\/\/schema.org","@graph":[{"@type":"WebPage","@id":"https:\/\/adhesive-tapes.trocellen.com\/fr\/applications\/electronique\/","url":"https:\/\/adhesive-tapes.trocellen.com\/fr\/applications\/electronique\/","name":"\u00c9lectronique - Adhesive tapes","isPartOf":{"@id":"https:\/\/adhesive-tapes.trocellen.com\/#website"},"primaryImageOfPage":{"@id":"https:\/\/adhesive-tapes.trocellen.com\/fr\/applications\/electronique\/#primaryimage"},"image":{"@id":"https:\/\/adhesive-tapes.trocellen.com\/fr\/applications\/electronique\/#primaryimage"},"thumbnailUrl":"https:\/\/adhesive-tapes.trocellen.com\/wp-content\/uploads\/sites\/4\/2013\/12\/adhesive_tapes-electronics_001-300x169.png","datePublished":"2013-12-08T16:43:54+00:00","dateModified":"2013-12-08T16:43:54+00:00","breadcrumb":{"@id":"https:\/\/adhesive-tapes.trocellen.com\/fr\/applications\/electronique\/#breadcrumb"},"inLanguage":"fr-FR","potentialAction":[{"@type":"ReadAction","target":["https:\/\/adhesive-tapes.trocellen.com\/fr\/applications\/electronique\/"]}]},{"@type":"ImageObject","inLanguage":"fr-FR","@id":"https:\/\/adhesive-tapes.trocellen.com\/fr\/applications\/electronique\/#primaryimage","url":"https:\/\/adhesive-tapes.trocellen.com\/wp-content\/uploads\/sites\/4\/2013\/12\/adhesive_tapes-electronics_001-300x169.png","contentUrl":"https:\/\/adhesive-tapes.trocellen.com\/wp-content\/uploads\/sites\/4\/2013\/12\/adhesive_tapes-electronics_001-300x169.png"},{"@type":"BreadcrumbList","@id":"https:\/\/adhesive-tapes.trocellen.com\/fr\/applications\/electronique\/#breadcrumb","itemListElement":[{"@type":"ListItem","position":1,"name":"Home","item":"https:\/\/adhesive-tapes.trocellen.com\/fr\/"},{"@type":"ListItem","position":2,"name":"Applications","item":"https:\/\/adhesive-tapes.trocellen.com\/fr\/applications\/"},{"@type":"ListItem","position":3,"name":"\u00c9lectronique"}]},{"@type":"WebSite","@id":"https:\/\/adhesive-tapes.trocellen.com\/#website","url":"https:\/\/adhesive-tapes.trocellen.com\/","name":"Adhesive tapes","description":"","potentialAction":[{"@type":"SearchAction","target":{"@type":"EntryPoint","urlTemplate":"https:\/\/adhesive-tapes.trocellen.com\/?s={search_term_string}"},"query-input":{"@type":"PropertyValueSpecification","valueRequired":true,"valueName":"search_term_string"}}],"inLanguage":"fr-FR"}]}},"_links":{"self":[{"href":"https:\/\/adhesive-tapes.trocellen.com\/fr\/wp-json\/wp\/v2\/pages\/770","targetHints":{"allow":["GET"]}}],"collection":[{"href":"https:\/\/adhesive-tapes.trocellen.com\/fr\/wp-json\/wp\/v2\/pages"}],"about":[{"href":"https:\/\/adhesive-tapes.trocellen.com\/fr\/wp-json\/wp\/v2\/types\/page"}],"author":[{"embeddable":true,"href":"https:\/\/adhesive-tapes.trocellen.com\/fr\/wp-json\/wp\/v2\/users\/1"}],"replies":[{"embeddable":true,"href":"https:\/\/adhesive-tapes.trocellen.com\/fr\/wp-json\/wp\/v2\/comments?post=770"}],"version-history":[{"count":0,"href":"https:\/\/adhesive-tapes.trocellen.com\/fr\/wp-json\/wp\/v2\/pages\/770\/revisions"}],"up":[{"embeddable":true,"href":"https:\/\/adhesive-tapes.trocellen.com\/fr\/wp-json\/wp\/v2\/pages\/740"}],"wp:attachment":[{"href":"https:\/\/adhesive-tapes.trocellen.com\/fr\/wp-json\/wp\/v2\/media?parent=770"}],"curies":[{"name":"wp","href":"https:\/\/api.w.org\/{rel}","templated":true}]}}