{"id":788,"date":"2013-12-08T16:49:18","date_gmt":"2013-12-08T16:49:18","guid":{"rendered":"https:\/\/adhesive-tapes.usernet.hu\/secteur-medical\/"},"modified":"2013-12-08T16:49:18","modified_gmt":"2013-12-08T16:49:18","slug":"secteur-medical","status":"publish","type":"page","link":"https:\/\/adhesive-tapes.trocellen.com\/fr\/applications\/secteur-medical\/","title":{"rendered":"Secteur m\u00e9dical"},"content":{"rendered":"<h2>Mousses de PE pour semi-produits \u00e0 usage m\u00e9dical<\/h2>\n<p>Le secteur m\u00e9dical est tr\u00e8s exigeant en ce qui concerne l\u2019adaptabilit\u00e9 et la fiabilit\u00e9 des \u00e9lectrodes. Nos mousses de poly\u00e9thyl\u00e8ne dot\u00e9es de caract\u00e9ristiques uniques telles que souplesse, structure \u00e0 cellules ferm\u00e9es et imperm\u00e9abilit\u00e9 \u00e0 l\u2019eau sont parfaitement adapt\u00e9es \u00e0 ces applications complexes. Avec nos sp\u00e9cialistes de march\u00e9, produits et applications, nous d\u00e9veloppons constamment des solutions personnalis\u00e9es r\u00e9pondant aux exigences sophistiqu\u00e9es du secteur m\u00e9dical.<\/p>\n<h3>Applications<\/h3>\n<p><img loading=\"lazy\" decoding=\"async\" class=\"alignright size-medium wp-image-601\" src=\"https:\/\/adhesive-tapes.trocellen.com\/wp-content\/uploads\/sites\/4\/2013\/12\/adhesive_tapes-medical_body_002-300x169.png\" alt=\"\" width=\"300\" height=\"169\" srcset=\"https:\/\/adhesive-tapes.trocellen.com\/wp-content\/uploads\/sites\/4\/2013\/12\/adhesive_tapes-medical_body_002-300x169.png 300w, https:\/\/adhesive-tapes.trocellen.com\/wp-content\/uploads\/sites\/4\/2013\/12\/adhesive_tapes-medical_body_002-768x432.png 768w, https:\/\/adhesive-tapes.trocellen.com\/wp-content\/uploads\/sites\/4\/2013\/12\/adhesive_tapes-medical_body_002-1024x576.png 1024w\" sizes=\"auto, (max-width: 300px) 100vw, 300px\" \/><\/p>\n<p>Vous trouvez les mousses de PE Trocellen comme mat\u00e9riau support pour :<\/p>\n<ul>\n<li>patchs durables pour electrodes ECG<\/li>\n<li>\u00c9lectrodes neutres<\/li>\n<li>pansements<\/li>\n<\/ul>\n<h3>Types de produits disponibles<\/h3>\n<p>Nous proposons en option un traitement<br \/>\ncorona une ou deux faces ou un traitement<br \/>\nstable <a href=\"https:\/\/trocellen.com\/fr\/technology\/advanced-surface-treatment\/\">long terme AST<\/a>.<\/p>\n<h3>Avantages<\/h3>\n<p><img loading=\"lazy\" decoding=\"async\" src=\"https:\/\/adhesive-tapes.trocellen.com\/wp-content\/uploads\/sites\/4\/2013\/12\/medical_adhesive_tapes_001-300x169.png\" alt=\"\" width=\"300\" height=\"169\" class=\"alignright size-medium wp-image-610\" srcset=\"https:\/\/adhesive-tapes.trocellen.com\/wp-content\/uploads\/sites\/4\/2013\/12\/medical_adhesive_tapes_001-300x169.png 300w, https:\/\/adhesive-tapes.trocellen.com\/wp-content\/uploads\/sites\/4\/2013\/12\/medical_adhesive_tapes_001-768x432.png 768w, https:\/\/adhesive-tapes.trocellen.com\/wp-content\/uploads\/sites\/4\/2013\/12\/medical_adhesive_tapes_001-1024x576.png 1024w, https:\/\/adhesive-tapes.trocellen.com\/wp-content\/uploads\/sites\/4\/2013\/12\/medical_adhesive_tapes_001.png 1200w\" sizes=\"auto, (max-width: 300px) 100vw, 300px\" \/><\/p>\n<ul>\n<li>Surface r\u00e9guli\u00e8re, flexibilit\u00e9, couleur blanc intense<\/li>\n<li>Tr\u00e8s confortable pour la peau<\/li>\n<li>S\u2019adapte tr\u00e8s bien \u00e0 la peau du corps humain<\/li>\n<li>belle apparence<\/li>\n<li>Structure r\u00e9ticul\u00e9e \u00e0 cellules ferm\u00e9es<\/li>\n<li>Facile \u00e0 enduire et \u00e0 d\u00e9couper<\/li>\n<li>Aucune absorption des liquides organiques<\/li>\n<li>Imperm\u00e9able \u00e0 tous les types de liquides<\/li>\n<li>Facile \u00e0 nettoyer et \u00e0 st\u00e9riliser<\/li>\n<\/ul>\n","protected":false},"excerpt":{"rendered":"<p>Mousses de PE pour semi-produits \u00e0 usage m\u00e9dical Le secteur m\u00e9dical est tr\u00e8s exigeant en ce qui concerne l\u2019adaptabilit\u00e9 et la fiabilit\u00e9 des \u00e9lectrodes. Nos mousses de poly\u00e9thyl\u00e8ne dot\u00e9es de caract\u00e9ristiques uniques telles que souplesse, structure \u00e0 cellules ferm\u00e9es et imperm\u00e9abilit\u00e9 \u00e0 l\u2019eau sont parfaitement adapt\u00e9es \u00e0 ces applications complexes. Avec nos sp\u00e9cialistes de march\u00e9, [&hellip;]<\/p>\n","protected":false},"author":1,"featured_media":0,"parent":740,"menu_order":6,"comment_status":"open","ping_status":"open","template":"","meta":{"_acf_changed":false,"footnotes":""},"class_list":["post-788","page","type-page","status-publish","hentry"],"acf":[],"yoast_head":"<!-- This site is optimized with the Yoast SEO plugin v23.5 - https:\/\/yoast.com\/wordpress\/plugins\/seo\/ -->\n<title>Secteur m\u00e9dical - Adhesive tapes<\/title>\n<meta name=\"robots\" content=\"index, follow, max-snippet:-1, max-image-preview:large, max-video-preview:-1\" \/>\n<link rel=\"canonical\" href=\"https:\/\/adhesive-tapes.trocellen.com\/fr\/applications\/secteur-medical\/\" \/>\n<meta name=\"twitter:label1\" content=\"Dur\u00e9e de lecture estim\u00e9e\" \/>\n\t<meta name=\"twitter:data1\" content=\"1 minute\" \/>\n<script type=\"application\/ld+json\" class=\"yoast-schema-graph\">{\"@context\":\"https:\/\/schema.org\",\"@graph\":[{\"@type\":\"WebPage\",\"@id\":\"https:\/\/adhesive-tapes.trocellen.com\/fr\/applications\/secteur-medical\/\",\"url\":\"https:\/\/adhesive-tapes.trocellen.com\/fr\/applications\/secteur-medical\/\",\"name\":\"Secteur m\u00e9dical - Adhesive tapes\",\"isPartOf\":{\"@id\":\"https:\/\/adhesive-tapes.trocellen.com\/#website\"},\"primaryImageOfPage\":{\"@id\":\"https:\/\/adhesive-tapes.trocellen.com\/fr\/applications\/secteur-medical\/#primaryimage\"},\"image\":{\"@id\":\"https:\/\/adhesive-tapes.trocellen.com\/fr\/applications\/secteur-medical\/#primaryimage\"},\"thumbnailUrl\":\"https:\/\/adhesive-tapes.trocellen.com\/wp-content\/uploads\/sites\/4\/2013\/12\/adhesive_tapes-medical_body_002-300x169.png\",\"datePublished\":\"2013-12-08T16:49:18+00:00\",\"dateModified\":\"2013-12-08T16:49:18+00:00\",\"breadcrumb\":{\"@id\":\"https:\/\/adhesive-tapes.trocellen.com\/fr\/applications\/secteur-medical\/#breadcrumb\"},\"inLanguage\":\"fr-FR\",\"potentialAction\":[{\"@type\":\"ReadAction\",\"target\":[\"https:\/\/adhesive-tapes.trocellen.com\/fr\/applications\/secteur-medical\/\"]}]},{\"@type\":\"ImageObject\",\"inLanguage\":\"fr-FR\",\"@id\":\"https:\/\/adhesive-tapes.trocellen.com\/fr\/applications\/secteur-medical\/#primaryimage\",\"url\":\"https:\/\/adhesive-tapes.trocellen.com\/wp-content\/uploads\/sites\/4\/2013\/12\/adhesive_tapes-medical_body_002-300x169.png\",\"contentUrl\":\"https:\/\/adhesive-tapes.trocellen.com\/wp-content\/uploads\/sites\/4\/2013\/12\/adhesive_tapes-medical_body_002-300x169.png\"},{\"@type\":\"BreadcrumbList\",\"@id\":\"https:\/\/adhesive-tapes.trocellen.com\/fr\/applications\/secteur-medical\/#breadcrumb\",\"itemListElement\":[{\"@type\":\"ListItem\",\"position\":1,\"name\":\"Home\",\"item\":\"https:\/\/adhesive-tapes.trocellen.com\/fr\/\"},{\"@type\":\"ListItem\",\"position\":2,\"name\":\"Applications\",\"item\":\"https:\/\/adhesive-tapes.trocellen.com\/fr\/applications\/\"},{\"@type\":\"ListItem\",\"position\":3,\"name\":\"Secteur m\u00e9dical\"}]},{\"@type\":\"WebSite\",\"@id\":\"https:\/\/adhesive-tapes.trocellen.com\/#website\",\"url\":\"https:\/\/adhesive-tapes.trocellen.com\/\",\"name\":\"Adhesive tapes\",\"description\":\"\",\"potentialAction\":[{\"@type\":\"SearchAction\",\"target\":{\"@type\":\"EntryPoint\",\"urlTemplate\":\"https:\/\/adhesive-tapes.trocellen.com\/?s={search_term_string}\"},\"query-input\":{\"@type\":\"PropertyValueSpecification\",\"valueRequired\":true,\"valueName\":\"search_term_string\"}}],\"inLanguage\":\"fr-FR\"}]}<\/script>\n<!-- \/ Yoast SEO plugin. -->","yoast_head_json":{"title":"Secteur m\u00e9dical - Adhesive tapes","robots":{"index":"index","follow":"follow","max-snippet":"max-snippet:-1","max-image-preview":"max-image-preview:large","max-video-preview":"max-video-preview:-1"},"canonical":"https:\/\/adhesive-tapes.trocellen.com\/fr\/applications\/secteur-medical\/","twitter_misc":{"Dur\u00e9e de lecture estim\u00e9e":"1 minute"},"schema":{"@context":"https:\/\/schema.org","@graph":[{"@type":"WebPage","@id":"https:\/\/adhesive-tapes.trocellen.com\/fr\/applications\/secteur-medical\/","url":"https:\/\/adhesive-tapes.trocellen.com\/fr\/applications\/secteur-medical\/","name":"Secteur m\u00e9dical - Adhesive tapes","isPartOf":{"@id":"https:\/\/adhesive-tapes.trocellen.com\/#website"},"primaryImageOfPage":{"@id":"https:\/\/adhesive-tapes.trocellen.com\/fr\/applications\/secteur-medical\/#primaryimage"},"image":{"@id":"https:\/\/adhesive-tapes.trocellen.com\/fr\/applications\/secteur-medical\/#primaryimage"},"thumbnailUrl":"https:\/\/adhesive-tapes.trocellen.com\/wp-content\/uploads\/sites\/4\/2013\/12\/adhesive_tapes-medical_body_002-300x169.png","datePublished":"2013-12-08T16:49:18+00:00","dateModified":"2013-12-08T16:49:18+00:00","breadcrumb":{"@id":"https:\/\/adhesive-tapes.trocellen.com\/fr\/applications\/secteur-medical\/#breadcrumb"},"inLanguage":"fr-FR","potentialAction":[{"@type":"ReadAction","target":["https:\/\/adhesive-tapes.trocellen.com\/fr\/applications\/secteur-medical\/"]}]},{"@type":"ImageObject","inLanguage":"fr-FR","@id":"https:\/\/adhesive-tapes.trocellen.com\/fr\/applications\/secteur-medical\/#primaryimage","url":"https:\/\/adhesive-tapes.trocellen.com\/wp-content\/uploads\/sites\/4\/2013\/12\/adhesive_tapes-medical_body_002-300x169.png","contentUrl":"https:\/\/adhesive-tapes.trocellen.com\/wp-content\/uploads\/sites\/4\/2013\/12\/adhesive_tapes-medical_body_002-300x169.png"},{"@type":"BreadcrumbList","@id":"https:\/\/adhesive-tapes.trocellen.com\/fr\/applications\/secteur-medical\/#breadcrumb","itemListElement":[{"@type":"ListItem","position":1,"name":"Home","item":"https:\/\/adhesive-tapes.trocellen.com\/fr\/"},{"@type":"ListItem","position":2,"name":"Applications","item":"https:\/\/adhesive-tapes.trocellen.com\/fr\/applications\/"},{"@type":"ListItem","position":3,"name":"Secteur m\u00e9dical"}]},{"@type":"WebSite","@id":"https:\/\/adhesive-tapes.trocellen.com\/#website","url":"https:\/\/adhesive-tapes.trocellen.com\/","name":"Adhesive tapes","description":"","potentialAction":[{"@type":"SearchAction","target":{"@type":"EntryPoint","urlTemplate":"https:\/\/adhesive-tapes.trocellen.com\/?s={search_term_string}"},"query-input":{"@type":"PropertyValueSpecification","valueRequired":true,"valueName":"search_term_string"}}],"inLanguage":"fr-FR"}]}},"_links":{"self":[{"href":"https:\/\/adhesive-tapes.trocellen.com\/fr\/wp-json\/wp\/v2\/pages\/788","targetHints":{"allow":["GET"]}}],"collection":[{"href":"https:\/\/adhesive-tapes.trocellen.com\/fr\/wp-json\/wp\/v2\/pages"}],"about":[{"href":"https:\/\/adhesive-tapes.trocellen.com\/fr\/wp-json\/wp\/v2\/types\/page"}],"author":[{"embeddable":true,"href":"https:\/\/adhesive-tapes.trocellen.com\/fr\/wp-json\/wp\/v2\/users\/1"}],"replies":[{"embeddable":true,"href":"https:\/\/adhesive-tapes.trocellen.com\/fr\/wp-json\/wp\/v2\/comments?post=788"}],"version-history":[{"count":0,"href":"https:\/\/adhesive-tapes.trocellen.com\/fr\/wp-json\/wp\/v2\/pages\/788\/revisions"}],"up":[{"embeddable":true,"href":"https:\/\/adhesive-tapes.trocellen.com\/fr\/wp-json\/wp\/v2\/pages\/740"}],"wp:attachment":[{"href":"https:\/\/adhesive-tapes.trocellen.com\/fr\/wp-json\/wp\/v2\/media?parent=788"}],"curies":[{"name":"wp","href":"https:\/\/api.w.org\/{rel}","templated":true}]}}