{"id":800,"date":"2013-12-08T16:59:38","date_gmt":"2013-12-08T16:59:38","guid":{"rendered":"https:\/\/adhesive-tapes.usernet.hu\/mousses-adhesivees-des-liens-forts-pour-le-futur\/"},"modified":"2013-12-08T16:59:38","modified_gmt":"2013-12-08T16:59:38","slug":"mousses-adhesivees-des-liens-forts-pour-le-futur","status":"publish","type":"page","link":"https:\/\/adhesive-tapes.trocellen.com\/fr\/mousses-adhesivees-des-liens-forts-pour-le-futur\/","title":{"rendered":"Mousses adh\u00e9siv\u00e9es &#8211; Des liens forts pour le futur"},"content":{"rendered":"<p>Les solutions de mousses adh\u00e9siv\u00e9es de Trocellen sont aussi diverses que les besoins de nos clients.<!--more--><\/p>\n<p><img loading=\"lazy\" decoding=\"async\" class=\"alignright size-medium wp-image-54\" alt=\"adhesive_1\" src=\"https:\/\/adhesive-tapes.trocellen.com\/wp-content\/uploads\/sites\/4\/2013\/12\/adhesive_1-300x188.jpg\" width=\"300\" height=\"188\" srcset=\"https:\/\/adhesive-tapes.trocellen.com\/wp-content\/uploads\/sites\/4\/2013\/12\/adhesive_1-300x188.jpg 300w, https:\/\/adhesive-tapes.trocellen.com\/wp-content\/uploads\/sites\/4\/2013\/12\/adhesive_1.jpg 522w\" sizes=\"auto, (max-width: 300px) 100vw, 300px\" \/><\/p>\n<p>Notre \u00e9quipe multidisciplinaire travaille sans cesse sur le d\u00e9veloppement des meilleures solutions pour diverses applications et industries. Tenant compte des besoins et des exigences sp\u00e9ciaux, nous unissons la cr\u00e9ativit\u00e9 \u00e0 un arri\u00e8re-plan technologique extraordinaire afin de fournir des solutions de haute qualit\u00e9 adapt\u00e9es \u00e0 vos activit\u00e9s.<\/p>\n<p>Pour transformer les id\u00e9es en r\u00e9alisations exceptionnelles, nos ing\u00e9nieurs produits et applications d\u00e9veloppent et am\u00e9liorent contin\u00fbment des mat\u00e9riaux et des techniques de production innovants.<\/p>\n<p>Notre capacit\u00e9 d&rsquo;innovation est le r\u00e9sultat d&rsquo;un grand savoir-faire et des technologies de pointe. Cependant, nous restons pr\u00e8s du march\u00e9, en proposant des solutions utiles de qualit\u00e9 sup\u00e9rieur, adapt\u00e9es aux vrais besoins de l&rsquo;industrie et de l&rsquo;environnement.<\/p>\n<p><img loading=\"lazy\" decoding=\"async\" class=\"alignright size-medium wp-image-55\" alt=\"adhesive_2\" src=\"https:\/\/adhesive-tapes.trocellen.com\/wp-content\/uploads\/sites\/4\/2013\/12\/adhesive_2-300x111.jpg\" width=\"300\" height=\"111\" srcset=\"https:\/\/adhesive-tapes.trocellen.com\/wp-content\/uploads\/sites\/4\/2013\/12\/adhesive_2-300x111.jpg 300w, https:\/\/adhesive-tapes.trocellen.com\/wp-content\/uploads\/sites\/4\/2013\/12\/adhesive_2.jpg 318w\" sizes=\"auto, (max-width: 300px) 100vw, 300px\" \/><\/p>\n","protected":false},"excerpt":{"rendered":"<p>Les solutions de mousses adh\u00e9siv\u00e9es de Trocellen sont aussi diverses que les besoins de nos clients.<\/p>\n","protected":false},"author":1,"featured_media":0,"parent":0,"menu_order":0,"comment_status":"open","ping_status":"open","template":"","meta":{"_acf_changed":false,"footnotes":""},"class_list":["post-800","page","type-page","status-publish","hentry"],"acf":[],"yoast_head":"<!-- This site is optimized with the Yoast SEO plugin v23.5 - https:\/\/yoast.com\/wordpress\/plugins\/seo\/ -->\n<title>Mousses adh\u00e9siv\u00e9es - Des liens forts pour le futur - Adhesive tapes<\/title>\n<meta name=\"robots\" content=\"index, follow, max-snippet:-1, max-image-preview:large, max-video-preview:-1\" \/>\n<link rel=\"canonical\" href=\"https:\/\/adhesive-tapes.trocellen.com\/fr\/mousses-adhesivees-des-liens-forts-pour-le-futur\/\" \/>\n<meta name=\"twitter:label1\" content=\"Dur\u00e9e de lecture estim\u00e9e\" \/>\n\t<meta name=\"twitter:data1\" content=\"1 minute\" \/>\n<script type=\"application\/ld+json\" class=\"yoast-schema-graph\">{\"@context\":\"https:\/\/schema.org\",\"@graph\":[{\"@type\":\"WebPage\",\"@id\":\"https:\/\/adhesive-tapes.trocellen.com\/fr\/mousses-adhesivees-des-liens-forts-pour-le-futur\/\",\"url\":\"https:\/\/adhesive-tapes.trocellen.com\/fr\/mousses-adhesivees-des-liens-forts-pour-le-futur\/\",\"name\":\"Mousses adh\u00e9siv\u00e9es - Des liens forts pour le futur - Adhesive tapes\",\"isPartOf\":{\"@id\":\"https:\/\/adhesive-tapes.trocellen.com\/#website\"},\"primaryImageOfPage\":{\"@id\":\"https:\/\/adhesive-tapes.trocellen.com\/fr\/mousses-adhesivees-des-liens-forts-pour-le-futur\/#primaryimage\"},\"image\":{\"@id\":\"https:\/\/adhesive-tapes.trocellen.com\/fr\/mousses-adhesivees-des-liens-forts-pour-le-futur\/#primaryimage\"},\"thumbnailUrl\":\"https:\/\/adhesive-tapes.trocellen.com\/wp-content\/uploads\/sites\/4\/2013\/12\/adhesive_1-300x188.jpg\",\"datePublished\":\"2013-12-08T16:59:38+00:00\",\"dateModified\":\"2013-12-08T16:59:38+00:00\",\"breadcrumb\":{\"@id\":\"https:\/\/adhesive-tapes.trocellen.com\/fr\/mousses-adhesivees-des-liens-forts-pour-le-futur\/#breadcrumb\"},\"inLanguage\":\"fr-FR\",\"potentialAction\":[{\"@type\":\"ReadAction\",\"target\":[\"https:\/\/adhesive-tapes.trocellen.com\/fr\/mousses-adhesivees-des-liens-forts-pour-le-futur\/\"]}]},{\"@type\":\"ImageObject\",\"inLanguage\":\"fr-FR\",\"@id\":\"https:\/\/adhesive-tapes.trocellen.com\/fr\/mousses-adhesivees-des-liens-forts-pour-le-futur\/#primaryimage\",\"url\":\"https:\/\/adhesive-tapes.trocellen.com\/wp-content\/uploads\/sites\/4\/2013\/12\/adhesive_1-300x188.jpg\",\"contentUrl\":\"https:\/\/adhesive-tapes.trocellen.com\/wp-content\/uploads\/sites\/4\/2013\/12\/adhesive_1-300x188.jpg\"},{\"@type\":\"BreadcrumbList\",\"@id\":\"https:\/\/adhesive-tapes.trocellen.com\/fr\/mousses-adhesivees-des-liens-forts-pour-le-futur\/#breadcrumb\",\"itemListElement\":[{\"@type\":\"ListItem\",\"position\":1,\"name\":\"Home\",\"item\":\"https:\/\/adhesive-tapes.trocellen.com\/fr\/\"},{\"@type\":\"ListItem\",\"position\":2,\"name\":\"Mousses adh\u00e9siv\u00e9es &#8211; Des liens forts pour le futur\"}]},{\"@type\":\"WebSite\",\"@id\":\"https:\/\/adhesive-tapes.trocellen.com\/#website\",\"url\":\"https:\/\/adhesive-tapes.trocellen.com\/\",\"name\":\"Adhesive tapes\",\"description\":\"\",\"potentialAction\":[{\"@type\":\"SearchAction\",\"target\":{\"@type\":\"EntryPoint\",\"urlTemplate\":\"https:\/\/adhesive-tapes.trocellen.com\/?s={search_term_string}\"},\"query-input\":{\"@type\":\"PropertyValueSpecification\",\"valueRequired\":true,\"valueName\":\"search_term_string\"}}],\"inLanguage\":\"fr-FR\"}]}<\/script>\n<!-- \/ Yoast SEO plugin. -->","yoast_head_json":{"title":"Mousses adh\u00e9siv\u00e9es - Des liens forts pour le futur - Adhesive tapes","robots":{"index":"index","follow":"follow","max-snippet":"max-snippet:-1","max-image-preview":"max-image-preview:large","max-video-preview":"max-video-preview:-1"},"canonical":"https:\/\/adhesive-tapes.trocellen.com\/fr\/mousses-adhesivees-des-liens-forts-pour-le-futur\/","twitter_misc":{"Dur\u00e9e de lecture estim\u00e9e":"1 minute"},"schema":{"@context":"https:\/\/schema.org","@graph":[{"@type":"WebPage","@id":"https:\/\/adhesive-tapes.trocellen.com\/fr\/mousses-adhesivees-des-liens-forts-pour-le-futur\/","url":"https:\/\/adhesive-tapes.trocellen.com\/fr\/mousses-adhesivees-des-liens-forts-pour-le-futur\/","name":"Mousses adh\u00e9siv\u00e9es - Des liens forts pour le futur - Adhesive tapes","isPartOf":{"@id":"https:\/\/adhesive-tapes.trocellen.com\/#website"},"primaryImageOfPage":{"@id":"https:\/\/adhesive-tapes.trocellen.com\/fr\/mousses-adhesivees-des-liens-forts-pour-le-futur\/#primaryimage"},"image":{"@id":"https:\/\/adhesive-tapes.trocellen.com\/fr\/mousses-adhesivees-des-liens-forts-pour-le-futur\/#primaryimage"},"thumbnailUrl":"https:\/\/adhesive-tapes.trocellen.com\/wp-content\/uploads\/sites\/4\/2013\/12\/adhesive_1-300x188.jpg","datePublished":"2013-12-08T16:59:38+00:00","dateModified":"2013-12-08T16:59:38+00:00","breadcrumb":{"@id":"https:\/\/adhesive-tapes.trocellen.com\/fr\/mousses-adhesivees-des-liens-forts-pour-le-futur\/#breadcrumb"},"inLanguage":"fr-FR","potentialAction":[{"@type":"ReadAction","target":["https:\/\/adhesive-tapes.trocellen.com\/fr\/mousses-adhesivees-des-liens-forts-pour-le-futur\/"]}]},{"@type":"ImageObject","inLanguage":"fr-FR","@id":"https:\/\/adhesive-tapes.trocellen.com\/fr\/mousses-adhesivees-des-liens-forts-pour-le-futur\/#primaryimage","url":"https:\/\/adhesive-tapes.trocellen.com\/wp-content\/uploads\/sites\/4\/2013\/12\/adhesive_1-300x188.jpg","contentUrl":"https:\/\/adhesive-tapes.trocellen.com\/wp-content\/uploads\/sites\/4\/2013\/12\/adhesive_1-300x188.jpg"},{"@type":"BreadcrumbList","@id":"https:\/\/adhesive-tapes.trocellen.com\/fr\/mousses-adhesivees-des-liens-forts-pour-le-futur\/#breadcrumb","itemListElement":[{"@type":"ListItem","position":1,"name":"Home","item":"https:\/\/adhesive-tapes.trocellen.com\/fr\/"},{"@type":"ListItem","position":2,"name":"Mousses adh\u00e9siv\u00e9es &#8211; Des liens forts pour le futur"}]},{"@type":"WebSite","@id":"https:\/\/adhesive-tapes.trocellen.com\/#website","url":"https:\/\/adhesive-tapes.trocellen.com\/","name":"Adhesive tapes","description":"","potentialAction":[{"@type":"SearchAction","target":{"@type":"EntryPoint","urlTemplate":"https:\/\/adhesive-tapes.trocellen.com\/?s={search_term_string}"},"query-input":{"@type":"PropertyValueSpecification","valueRequired":true,"valueName":"search_term_string"}}],"inLanguage":"fr-FR"}]}},"_links":{"self":[{"href":"https:\/\/adhesive-tapes.trocellen.com\/fr\/wp-json\/wp\/v2\/pages\/800","targetHints":{"allow":["GET"]}}],"collection":[{"href":"https:\/\/adhesive-tapes.trocellen.com\/fr\/wp-json\/wp\/v2\/pages"}],"about":[{"href":"https:\/\/adhesive-tapes.trocellen.com\/fr\/wp-json\/wp\/v2\/types\/page"}],"author":[{"embeddable":true,"href":"https:\/\/adhesive-tapes.trocellen.com\/fr\/wp-json\/wp\/v2\/users\/1"}],"replies":[{"embeddable":true,"href":"https:\/\/adhesive-tapes.trocellen.com\/fr\/wp-json\/wp\/v2\/comments?post=800"}],"version-history":[{"count":0,"href":"https:\/\/adhesive-tapes.trocellen.com\/fr\/wp-json\/wp\/v2\/pages\/800\/revisions"}],"wp:attachment":[{"href":"https:\/\/adhesive-tapes.trocellen.com\/fr\/wp-json\/wp\/v2\/media?parent=800"}],"curies":[{"name":"wp","href":"https:\/\/api.w.org\/{rel}","templated":true}]}}