{"id":736,"date":"2013-12-08T16:42:06","date_gmt":"2013-12-08T16:42:06","guid":{"rendered":"https:\/\/adhesive-tapes.usernet.hu\/technologia\/"},"modified":"2013-12-08T16:42:06","modified_gmt":"2013-12-08T16:42:06","slug":"technologia","status":"publish","type":"page","link":"https:\/\/adhesive-tapes.trocellen.com\/hu\/technologia\/","title":{"rendered":"Technol\u00f3gia"},"content":{"rendered":"<p><img loading=\"lazy\" decoding=\"async\" class=\"alignright size-medium wp-image-604\" src=\"https:\/\/adhesive-tapes.trocellen.com\/wp-content\/uploads\/sites\/4\/2013\/12\/main_tape_detail_001-300x300.png\" alt=\"\" width=\"300\" height=\"300\" srcset=\"https:\/\/adhesive-tapes.trocellen.com\/wp-content\/uploads\/sites\/4\/2013\/12\/main_tape_detail_001-300x300.png 300w, https:\/\/adhesive-tapes.trocellen.com\/wp-content\/uploads\/sites\/4\/2013\/12\/main_tape_detail_001-150x150.png 150w, https:\/\/adhesive-tapes.trocellen.com\/wp-content\/uploads\/sites\/4\/2013\/12\/main_tape_detail_001-768x765.png 768w, https:\/\/adhesive-tapes.trocellen.com\/wp-content\/uploads\/sites\/4\/2013\/12\/main_tape_detail_001-1024x1020.png 1024w, https:\/\/adhesive-tapes.trocellen.com\/wp-content\/uploads\/sites\/4\/2013\/12\/main_tape_detail_001.png 1432w\" sizes=\"auto, (max-width: 300px) 100vw, 300px\" \/><strong>A<\/strong>dvanced <strong>S<\/strong>urface <strong>T<\/strong>reatment. Az AST a Trocellen egy \u00faj, j\u00f6v\u0151be mutat\u00f3 fel\u00fcletkezel\u00e9si technol\u00f3gi\u00e1ja.<\/p>\n<p>A hab fel\u00fclet\u00e9nek k\u00f6rnyezetbar\u00e1t \u00e9s eg\u00e9szs\u00e9gre \u00e1rtalmatlan anyagokkal v\u00e9gzett vegyi m\u00f3dos\u00edt\u00e1sa jelent\u0151sen megn\u00f6veli \u00e9s hossz\u00fa ideig stabilan fenntartja a fel\u00fcleti fesz\u00fclts\u00e9get. Az AST-elj\u00e1r\u00e1s sokkal el\u0151ny\u00f6sebb az \u00e1ltal\u00e1nosan haszn\u00e1lt korona-elj\u00e1r\u00e1sn\u00e1l.<\/p>\n<p>Az elj\u00e1r\u00e1sunkkal nemes\u00edtett fel\u00fclet\u0171 hab optim\u00e1lisan tapad \u00e9s t\u00f6k\u00e9letesen kompatibilis sz\u00e1mos elterjedt v\u00edzalap\u00fa ragaszt\u00f3val. Az AST-vel kezelt hab ez\u00e1ltal ide\u00e1lis alapanyag technol\u00f3giailag ig\u00e9nyes \u00f6ntapad\u00f3 term\u00e9kek gy\u00e1rt\u00e1s\u00e1hoz.<\/p>\n<h2>El\u0151ny\u00f6k<\/h2>\n<p><img loading=\"lazy\" decoding=\"async\" class=\"alignright size-medium wp-image-603\" src=\"https:\/\/adhesive-tapes.trocellen.com\/wp-content\/uploads\/sites\/4\/2013\/12\/adhesive-gecko_001-300x169.png\" alt=\"\" width=\"300\" height=\"169\" srcset=\"https:\/\/adhesive-tapes.trocellen.com\/wp-content\/uploads\/sites\/4\/2013\/12\/adhesive-gecko_001-300x169.png 300w, https:\/\/adhesive-tapes.trocellen.com\/wp-content\/uploads\/sites\/4\/2013\/12\/adhesive-gecko_001-768x432.png 768w, https:\/\/adhesive-tapes.trocellen.com\/wp-content\/uploads\/sites\/4\/2013\/12\/adhesive-gecko_001-1024x576.png 1024w\" sizes=\"auto, (max-width: 300px) 100vw, 300px\" \/><\/p>\n<div class=\"clearfix\">\n<ul>\n<li>Kiv\u00e1l\u00f3 tapad\u00e1si tulajdons\u00e1gok<\/li>\n<li>Hossz\u00fa idej\u0171 stabilit\u00e1s \u00e9s t\u00e1rolhat\u00f3s\u00e1g<\/li>\n<li>A korona-kezel\u00e9ssel kapottn\u00e1l nagyobb fel\u00fcleti fesz\u00fclts\u00e9g<\/li>\n<li>A hab mechanikai tulajdons\u00e1gai v\u00e1ltozatlanok<\/li>\n<li>K\u00f6rnyezetbar\u00e1t \u00e9s nem bocs\u00e1t ki k\u00e1ros anyagokat<\/li>\n<li>Kiv\u00e1l\u00f3 technol\u00f3giai biztons\u00e1g\u201d<\/li>\n<\/ul>\n<h2>Let\u00f6lt\u00e9sek<\/h2>\n<p><a href=\"https:\/\/adhesive-tapes.trocellen.com\/wp-content\/uploads\/sites\/4\/2013\/12\/onepager-tapes-AST-english.pdf\">Advanced Surface Treatment for Polyolefin foams<\/a><\/p>\n<\/div>\n","protected":false},"excerpt":{"rendered":"<p>Advanced Surface Treatment. Az AST a Trocellen egy \u00faj, j\u00f6v\u0151be mutat\u00f3 fel\u00fcletkezel\u00e9si technol\u00f3gi\u00e1ja. A hab fel\u00fclet\u00e9nek k\u00f6rnyezetbar\u00e1t \u00e9s eg\u00e9szs\u00e9gre \u00e1rtalmatlan anyagokkal v\u00e9gzett vegyi m\u00f3dos\u00edt\u00e1sa jelent\u0151sen megn\u00f6veli \u00e9s hossz\u00fa ideig stabilan fenntartja a fel\u00fcleti fesz\u00fclts\u00e9get. Az AST-elj\u00e1r\u00e1s sokkal el\u0151ny\u00f6sebb az \u00e1ltal\u00e1nosan haszn\u00e1lt korona-elj\u00e1r\u00e1sn\u00e1l. Az elj\u00e1r\u00e1sunkkal nemes\u00edtett fel\u00fclet\u0171 hab optim\u00e1lisan tapad \u00e9s t\u00f6k\u00e9letesen kompatibilis sz\u00e1mos elterjedt v\u00edzalap\u00fa [&hellip;]<\/p>\n","protected":false},"author":1,"featured_media":1533,"parent":0,"menu_order":0,"comment_status":"open","ping_status":"open","template":"templates\/full-width.php","meta":{"_acf_changed":false,"footnotes":""},"class_list":["post-736","page","type-page","status-publish","has-post-thumbnail","hentry"],"acf":[],"yoast_head":"<!-- This site is optimized with the Yoast SEO plugin v23.5 - https:\/\/yoast.com\/wordpress\/plugins\/seo\/ -->\n<title>Technol\u00f3gia - Adhesive tapes<\/title>\n<meta name=\"robots\" content=\"index, follow, max-snippet:-1, max-image-preview:large, max-video-preview:-1\" \/>\n<link rel=\"canonical\" href=\"https:\/\/adhesive-tapes.trocellen.com\/hu\/technologia\/\" \/>\n<meta name=\"twitter:label1\" content=\"Becs\u00fclt olvas\u00e1si id\u0151\" \/>\n\t<meta name=\"twitter:data1\" content=\"1 perc\" \/>\n<script type=\"application\/ld+json\" class=\"yoast-schema-graph\">{\"@context\":\"https:\/\/schema.org\",\"@graph\":[{\"@type\":\"WebPage\",\"@id\":\"https:\/\/adhesive-tapes.trocellen.com\/hu\/technologia\/\",\"url\":\"https:\/\/adhesive-tapes.trocellen.com\/hu\/technologia\/\",\"name\":\"Technol\u00f3gia - Adhesive tapes\",\"isPartOf\":{\"@id\":\"https:\/\/adhesive-tapes.trocellen.com\/#website\"},\"primaryImageOfPage\":{\"@id\":\"https:\/\/adhesive-tapes.trocellen.com\/hu\/technologia\/#primaryimage\"},\"image\":{\"@id\":\"https:\/\/adhesive-tapes.trocellen.com\/hu\/technologia\/#primaryimage\"},\"thumbnailUrl\":\"https:\/\/adhesive-tapes.trocellen.com\/wp-content\/uploads\/sites\/4\/2013\/12\/fractals.jpg\",\"datePublished\":\"2013-12-08T16:42:06+00:00\",\"dateModified\":\"2013-12-08T16:42:06+00:00\",\"breadcrumb\":{\"@id\":\"https:\/\/adhesive-tapes.trocellen.com\/hu\/technologia\/#breadcrumb\"},\"inLanguage\":\"hu\",\"potentialAction\":[{\"@type\":\"ReadAction\",\"target\":[\"https:\/\/adhesive-tapes.trocellen.com\/hu\/technologia\/\"]}]},{\"@type\":\"ImageObject\",\"inLanguage\":\"hu\",\"@id\":\"https:\/\/adhesive-tapes.trocellen.com\/hu\/technologia\/#primaryimage\",\"url\":\"https:\/\/adhesive-tapes.trocellen.com\/wp-content\/uploads\/sites\/4\/2013\/12\/fractals.jpg\",\"contentUrl\":\"https:\/\/adhesive-tapes.trocellen.com\/wp-content\/uploads\/sites\/4\/2013\/12\/fractals.jpg\",\"width\":1920,\"height\":228},{\"@type\":\"BreadcrumbList\",\"@id\":\"https:\/\/adhesive-tapes.trocellen.com\/hu\/technologia\/#breadcrumb\",\"itemListElement\":[{\"@type\":\"ListItem\",\"position\":1,\"name\":\"Home\",\"item\":\"https:\/\/adhesive-tapes.trocellen.com\/hu\/\"},{\"@type\":\"ListItem\",\"position\":2,\"name\":\"Technol\u00f3gia\"}]},{\"@type\":\"WebSite\",\"@id\":\"https:\/\/adhesive-tapes.trocellen.com\/#website\",\"url\":\"https:\/\/adhesive-tapes.trocellen.com\/\",\"name\":\"Adhesive tapes\",\"description\":\"\",\"potentialAction\":[{\"@type\":\"SearchAction\",\"target\":{\"@type\":\"EntryPoint\",\"urlTemplate\":\"https:\/\/adhesive-tapes.trocellen.com\/?s={search_term_string}\"},\"query-input\":{\"@type\":\"PropertyValueSpecification\",\"valueRequired\":true,\"valueName\":\"search_term_string\"}}],\"inLanguage\":\"hu\"}]}<\/script>\n<!-- \/ Yoast SEO plugin. -->","yoast_head_json":{"title":"Technol\u00f3gia - Adhesive tapes","robots":{"index":"index","follow":"follow","max-snippet":"max-snippet:-1","max-image-preview":"max-image-preview:large","max-video-preview":"max-video-preview:-1"},"canonical":"https:\/\/adhesive-tapes.trocellen.com\/hu\/technologia\/","twitter_misc":{"Becs\u00fclt olvas\u00e1si id\u0151":"1 perc"},"schema":{"@context":"https:\/\/schema.org","@graph":[{"@type":"WebPage","@id":"https:\/\/adhesive-tapes.trocellen.com\/hu\/technologia\/","url":"https:\/\/adhesive-tapes.trocellen.com\/hu\/technologia\/","name":"Technol\u00f3gia - Adhesive tapes","isPartOf":{"@id":"https:\/\/adhesive-tapes.trocellen.com\/#website"},"primaryImageOfPage":{"@id":"https:\/\/adhesive-tapes.trocellen.com\/hu\/technologia\/#primaryimage"},"image":{"@id":"https:\/\/adhesive-tapes.trocellen.com\/hu\/technologia\/#primaryimage"},"thumbnailUrl":"https:\/\/adhesive-tapes.trocellen.com\/wp-content\/uploads\/sites\/4\/2013\/12\/fractals.jpg","datePublished":"2013-12-08T16:42:06+00:00","dateModified":"2013-12-08T16:42:06+00:00","breadcrumb":{"@id":"https:\/\/adhesive-tapes.trocellen.com\/hu\/technologia\/#breadcrumb"},"inLanguage":"hu","potentialAction":[{"@type":"ReadAction","target":["https:\/\/adhesive-tapes.trocellen.com\/hu\/technologia\/"]}]},{"@type":"ImageObject","inLanguage":"hu","@id":"https:\/\/adhesive-tapes.trocellen.com\/hu\/technologia\/#primaryimage","url":"https:\/\/adhesive-tapes.trocellen.com\/wp-content\/uploads\/sites\/4\/2013\/12\/fractals.jpg","contentUrl":"https:\/\/adhesive-tapes.trocellen.com\/wp-content\/uploads\/sites\/4\/2013\/12\/fractals.jpg","width":1920,"height":228},{"@type":"BreadcrumbList","@id":"https:\/\/adhesive-tapes.trocellen.com\/hu\/technologia\/#breadcrumb","itemListElement":[{"@type":"ListItem","position":1,"name":"Home","item":"https:\/\/adhesive-tapes.trocellen.com\/hu\/"},{"@type":"ListItem","position":2,"name":"Technol\u00f3gia"}]},{"@type":"WebSite","@id":"https:\/\/adhesive-tapes.trocellen.com\/#website","url":"https:\/\/adhesive-tapes.trocellen.com\/","name":"Adhesive tapes","description":"","potentialAction":[{"@type":"SearchAction","target":{"@type":"EntryPoint","urlTemplate":"https:\/\/adhesive-tapes.trocellen.com\/?s={search_term_string}"},"query-input":{"@type":"PropertyValueSpecification","valueRequired":true,"valueName":"search_term_string"}}],"inLanguage":"hu"}]}},"_links":{"self":[{"href":"https:\/\/adhesive-tapes.trocellen.com\/hu\/wp-json\/wp\/v2\/pages\/736","targetHints":{"allow":["GET"]}}],"collection":[{"href":"https:\/\/adhesive-tapes.trocellen.com\/hu\/wp-json\/wp\/v2\/pages"}],"about":[{"href":"https:\/\/adhesive-tapes.trocellen.com\/hu\/wp-json\/wp\/v2\/types\/page"}],"author":[{"embeddable":true,"href":"https:\/\/adhesive-tapes.trocellen.com\/hu\/wp-json\/wp\/v2\/users\/1"}],"replies":[{"embeddable":true,"href":"https:\/\/adhesive-tapes.trocellen.com\/hu\/wp-json\/wp\/v2\/comments?post=736"}],"version-history":[{"count":0,"href":"https:\/\/adhesive-tapes.trocellen.com\/hu\/wp-json\/wp\/v2\/pages\/736\/revisions"}],"wp:featuredmedia":[{"embeddable":true,"href":"https:\/\/adhesive-tapes.trocellen.com\/hu\/wp-json\/wp\/v2\/media\/1533"}],"wp:attachment":[{"href":"https:\/\/adhesive-tapes.trocellen.com\/hu\/wp-json\/wp\/v2\/media?parent=736"}],"curies":[{"name":"wp","href":"https:\/\/api.w.org\/{rel}","templated":true}]}}