{"id":748,"date":"2013-12-08T16:42:53","date_gmt":"2013-12-08T16:42:53","guid":{"rendered":"https:\/\/adhesive-tapes.usernet.hu\/flexoprint\/"},"modified":"2013-12-08T16:42:53","modified_gmt":"2013-12-08T16:42:53","slug":"flexoprint","status":"publish","type":"page","link":"https:\/\/adhesive-tapes.trocellen.com\/hu\/alkalmazasok\/flexoprint\/","title":{"rendered":"Flexoprint"},"content":{"rendered":"<h2>Habok flexografikus nyomattal ell\u00e1tott r\u00f6gz\u00edt\u0151szalagokhoz<\/h2>\n<p>A flexografikus nyomtat\u00e1si ipar\u00e1g, \u00e9s vele egy\u00fctt a flexografikus nyomattal ell\u00e1tott, kiv\u00e1l\u00f3 teljes\u00edtm\u00e9ny\u0171 \u00e9s tart\u00f3ss\u00e1g\u00fa r\u00f6gz\u00edt\u0151szalagok ir\u00e1nti ig\u00e9ny folyamatosan n\u00f6vekszik. A TROCELLEN egyedi fejleszt\u00e9s\u0171 term\u00e9kportf\u00f3li\u00f3ja \u00e9s m\u0171szaki t\u00e1mogat\u00e1sa ezen piaci ig\u00e9nyek kiszolg\u00e1l\u00e1s\u00e1t c\u00e9lozza, a legmagasabb min\u0151s\u00e9g\u0171 nyomtat\u00e1ssal a r\u00f6gz\u00edt\u0151szalagok \u00e1ltal\u00e1nosan haszn\u00e1latos k\u00fcl\u00f6nb\u00f6z\u0151 merevs\u00e9gi fokozatain. A TROCELLEN habok, mint a sablon r\u00f6gz\u00edt\u0151szalagok hordoz\u00f3i, kiv\u00e1l\u00f3 anyagtulajdons\u00e1gokat \u00e9s tart\u00f3s teljes\u00edtm\u00e9nyt ny\u00fajtanak az ipar\u00e1g magas k\u00f6vetelm\u00e9nyszintj\u00e9nek megfelel\u0151en, c\u00e9ljuk pedig az, hogy t\u00f6k\u00e9letesen megfeleljenek az \u00fcgyfelek egyedi elj\u00e1r\u00e1sainak \u00e9s ig\u00e9nyeinek.<\/p>\n<h3>Alkalmaz\u00e1sok<\/h3>\n<p><img loading=\"lazy\" decoding=\"async\" class=\"alignright size-medium wp-image-588\" src=\"https:\/\/adhesive-tapes.trocellen.com\/wp-content\/uploads\/sites\/4\/2013\/12\/adhesive_tapes-flexoprint_001-300x169.png\" alt=\"\" width=\"300\" height=\"169\" srcset=\"https:\/\/adhesive-tapes.trocellen.com\/wp-content\/uploads\/sites\/4\/2013\/12\/adhesive_tapes-flexoprint_001-300x169.png 300w, https:\/\/adhesive-tapes.trocellen.com\/wp-content\/uploads\/sites\/4\/2013\/12\/adhesive_tapes-flexoprint_001-768x432.png 768w, https:\/\/adhesive-tapes.trocellen.com\/wp-content\/uploads\/sites\/4\/2013\/12\/adhesive_tapes-flexoprint_001-1024x576.png 1024w\" sizes=\"auto, (max-width: 300px) 100vw, 300px\" \/><\/p>\n<p>Polietil\u00e9n habjainkat \u00fagy fejlesztj\u00fck, hogy t\u00f6k\u00e9letesen megfeleljenek az \u00d6n termel\u00e9si elj\u00e1r\u00e1sainak a min\u0151s\u00e9gi sablon r\u00f6gz\u00edt\u0151szalagok gy\u00e1rt\u00e1sa sor\u00e1n..<\/p>\n<h3>Tulajdons\u00e1gok<\/h3>\n<p>K\u00e9rj\u00fck, adja meg az anyaggal szemben t\u00e1masztott k\u00f6vetelm\u00e9nyeit, mint p\u00e9ld\u00e1ul<\/p>\n<ul>\n<li>Egyedi \u00f6sszenyomhat\u00f3s\u00e1gi \u00e9rt\u00e9kek<\/li>\n<li>Egyedi anyag\u00f6sszet\u00e9tel<\/li>\n<\/ul>\n<p>Opci\u00f3san kaphat\u00f3 egy vagy mindk\u00e9t oldali dielektromos kezel\u00e9ssel vagy hossz\u00fa t\u00e1von stabil AST-vel.<\/p>\n<h3>El\u0151ny\u00f6k<\/h3>\n<ul>\n<li>sima fel\u00fclet, t\u00e9rh\u00e1l\u00f3s, z\u00e1rt cellaszerkezet<\/li>\n<li>homog\u00e9n eloszl\u00e1s \u00e9s cellaszerkezet<\/li>\n<li>magas fok\u00fa kompatibilit\u00e1s az egy\u00e9b ragaszt\u00e1si rendszerekkel<\/li>\n<li>optim\u00e1lis rugalmas viselked\u00e9s<\/li>\n<li>kiv\u00e1l\u00f3 er\u0151eloszl\u00e1s nyomtatott pontonk\u00e9nt<\/li>\n<\/ul>\n","protected":false},"excerpt":{"rendered":"<p>Habok flexografikus nyomattal ell\u00e1tott r\u00f6gz\u00edt\u0151szalagokhoz A flexografikus nyomtat\u00e1si ipar\u00e1g, \u00e9s vele egy\u00fctt a flexografikus nyomattal ell\u00e1tott, kiv\u00e1l\u00f3 teljes\u00edtm\u00e9ny\u0171 \u00e9s tart\u00f3ss\u00e1g\u00fa r\u00f6gz\u00edt\u0151szalagok ir\u00e1nti ig\u00e9ny folyamatosan n\u00f6vekszik. A TROCELLEN egyedi fejleszt\u00e9s\u0171 term\u00e9kportf\u00f3li\u00f3ja \u00e9s m\u0171szaki t\u00e1mogat\u00e1sa ezen piaci ig\u00e9nyek kiszolg\u00e1l\u00e1s\u00e1t c\u00e9lozza, a legmagasabb min\u0151s\u00e9g\u0171 nyomtat\u00e1ssal a r\u00f6gz\u00edt\u0151szalagok \u00e1ltal\u00e1nosan haszn\u00e1latos k\u00fcl\u00f6nb\u00f6z\u0151 merevs\u00e9gi fokozatain. A TROCELLEN habok, mint a sablon [&hellip;]<\/p>\n","protected":false},"author":1,"featured_media":0,"parent":742,"menu_order":1,"comment_status":"open","ping_status":"open","template":"","meta":{"_acf_changed":false,"footnotes":""},"class_list":["post-748","page","type-page","status-publish","hentry"],"acf":[],"yoast_head":"<!-- This site is optimized with the Yoast SEO plugin v23.5 - https:\/\/yoast.com\/wordpress\/plugins\/seo\/ -->\n<title>Flexoprint - Adhesive tapes<\/title>\n<meta name=\"robots\" content=\"index, follow, max-snippet:-1, max-image-preview:large, max-video-preview:-1\" \/>\n<link rel=\"canonical\" href=\"https:\/\/adhesive-tapes.trocellen.com\/hu\/alkalmazasok\/flexoprint\/\" \/>\n<meta name=\"twitter:label1\" content=\"Becs\u00fclt olvas\u00e1si id\u0151\" \/>\n\t<meta name=\"twitter:data1\" content=\"1 perc\" \/>\n<script type=\"application\/ld+json\" class=\"yoast-schema-graph\">{\"@context\":\"https:\/\/schema.org\",\"@graph\":[{\"@type\":\"WebPage\",\"@id\":\"https:\/\/adhesive-tapes.trocellen.com\/hu\/alkalmazasok\/flexoprint\/\",\"url\":\"https:\/\/adhesive-tapes.trocellen.com\/hu\/alkalmazasok\/flexoprint\/\",\"name\":\"Flexoprint - Adhesive tapes\",\"isPartOf\":{\"@id\":\"https:\/\/adhesive-tapes.trocellen.com\/#website\"},\"primaryImageOfPage\":{\"@id\":\"https:\/\/adhesive-tapes.trocellen.com\/hu\/alkalmazasok\/flexoprint\/#primaryimage\"},\"image\":{\"@id\":\"https:\/\/adhesive-tapes.trocellen.com\/hu\/alkalmazasok\/flexoprint\/#primaryimage\"},\"thumbnailUrl\":\"https:\/\/adhesive-tapes.trocellen.com\/wp-content\/uploads\/sites\/4\/2013\/12\/adhesive_tapes-flexoprint_001-300x169.png\",\"datePublished\":\"2013-12-08T16:42:53+00:00\",\"dateModified\":\"2013-12-08T16:42:53+00:00\",\"breadcrumb\":{\"@id\":\"https:\/\/adhesive-tapes.trocellen.com\/hu\/alkalmazasok\/flexoprint\/#breadcrumb\"},\"inLanguage\":\"hu\",\"potentialAction\":[{\"@type\":\"ReadAction\",\"target\":[\"https:\/\/adhesive-tapes.trocellen.com\/hu\/alkalmazasok\/flexoprint\/\"]}]},{\"@type\":\"ImageObject\",\"inLanguage\":\"hu\",\"@id\":\"https:\/\/adhesive-tapes.trocellen.com\/hu\/alkalmazasok\/flexoprint\/#primaryimage\",\"url\":\"https:\/\/adhesive-tapes.trocellen.com\/wp-content\/uploads\/sites\/4\/2013\/12\/adhesive_tapes-flexoprint_001-300x169.png\",\"contentUrl\":\"https:\/\/adhesive-tapes.trocellen.com\/wp-content\/uploads\/sites\/4\/2013\/12\/adhesive_tapes-flexoprint_001-300x169.png\"},{\"@type\":\"BreadcrumbList\",\"@id\":\"https:\/\/adhesive-tapes.trocellen.com\/hu\/alkalmazasok\/flexoprint\/#breadcrumb\",\"itemListElement\":[{\"@type\":\"ListItem\",\"position\":1,\"name\":\"Home\",\"item\":\"https:\/\/adhesive-tapes.trocellen.com\/hu\/\"},{\"@type\":\"ListItem\",\"position\":2,\"name\":\"Alkalmaz\u00e1sok\",\"item\":\"https:\/\/adhesive-tapes.trocellen.com\/hu\/alkalmazasok\/\"},{\"@type\":\"ListItem\",\"position\":3,\"name\":\"Flexoprint\"}]},{\"@type\":\"WebSite\",\"@id\":\"https:\/\/adhesive-tapes.trocellen.com\/#website\",\"url\":\"https:\/\/adhesive-tapes.trocellen.com\/\",\"name\":\"Adhesive tapes\",\"description\":\"\",\"potentialAction\":[{\"@type\":\"SearchAction\",\"target\":{\"@type\":\"EntryPoint\",\"urlTemplate\":\"https:\/\/adhesive-tapes.trocellen.com\/?s={search_term_string}\"},\"query-input\":{\"@type\":\"PropertyValueSpecification\",\"valueRequired\":true,\"valueName\":\"search_term_string\"}}],\"inLanguage\":\"hu\"}]}<\/script>\n<!-- \/ Yoast SEO plugin. -->","yoast_head_json":{"title":"Flexoprint - Adhesive tapes","robots":{"index":"index","follow":"follow","max-snippet":"max-snippet:-1","max-image-preview":"max-image-preview:large","max-video-preview":"max-video-preview:-1"},"canonical":"https:\/\/adhesive-tapes.trocellen.com\/hu\/alkalmazasok\/flexoprint\/","twitter_misc":{"Becs\u00fclt olvas\u00e1si id\u0151":"1 perc"},"schema":{"@context":"https:\/\/schema.org","@graph":[{"@type":"WebPage","@id":"https:\/\/adhesive-tapes.trocellen.com\/hu\/alkalmazasok\/flexoprint\/","url":"https:\/\/adhesive-tapes.trocellen.com\/hu\/alkalmazasok\/flexoprint\/","name":"Flexoprint - Adhesive tapes","isPartOf":{"@id":"https:\/\/adhesive-tapes.trocellen.com\/#website"},"primaryImageOfPage":{"@id":"https:\/\/adhesive-tapes.trocellen.com\/hu\/alkalmazasok\/flexoprint\/#primaryimage"},"image":{"@id":"https:\/\/adhesive-tapes.trocellen.com\/hu\/alkalmazasok\/flexoprint\/#primaryimage"},"thumbnailUrl":"https:\/\/adhesive-tapes.trocellen.com\/wp-content\/uploads\/sites\/4\/2013\/12\/adhesive_tapes-flexoprint_001-300x169.png","datePublished":"2013-12-08T16:42:53+00:00","dateModified":"2013-12-08T16:42:53+00:00","breadcrumb":{"@id":"https:\/\/adhesive-tapes.trocellen.com\/hu\/alkalmazasok\/flexoprint\/#breadcrumb"},"inLanguage":"hu","potentialAction":[{"@type":"ReadAction","target":["https:\/\/adhesive-tapes.trocellen.com\/hu\/alkalmazasok\/flexoprint\/"]}]},{"@type":"ImageObject","inLanguage":"hu","@id":"https:\/\/adhesive-tapes.trocellen.com\/hu\/alkalmazasok\/flexoprint\/#primaryimage","url":"https:\/\/adhesive-tapes.trocellen.com\/wp-content\/uploads\/sites\/4\/2013\/12\/adhesive_tapes-flexoprint_001-300x169.png","contentUrl":"https:\/\/adhesive-tapes.trocellen.com\/wp-content\/uploads\/sites\/4\/2013\/12\/adhesive_tapes-flexoprint_001-300x169.png"},{"@type":"BreadcrumbList","@id":"https:\/\/adhesive-tapes.trocellen.com\/hu\/alkalmazasok\/flexoprint\/#breadcrumb","itemListElement":[{"@type":"ListItem","position":1,"name":"Home","item":"https:\/\/adhesive-tapes.trocellen.com\/hu\/"},{"@type":"ListItem","position":2,"name":"Alkalmaz\u00e1sok","item":"https:\/\/adhesive-tapes.trocellen.com\/hu\/alkalmazasok\/"},{"@type":"ListItem","position":3,"name":"Flexoprint"}]},{"@type":"WebSite","@id":"https:\/\/adhesive-tapes.trocellen.com\/#website","url":"https:\/\/adhesive-tapes.trocellen.com\/","name":"Adhesive tapes","description":"","potentialAction":[{"@type":"SearchAction","target":{"@type":"EntryPoint","urlTemplate":"https:\/\/adhesive-tapes.trocellen.com\/?s={search_term_string}"},"query-input":{"@type":"PropertyValueSpecification","valueRequired":true,"valueName":"search_term_string"}}],"inLanguage":"hu"}]}},"_links":{"self":[{"href":"https:\/\/adhesive-tapes.trocellen.com\/hu\/wp-json\/wp\/v2\/pages\/748","targetHints":{"allow":["GET"]}}],"collection":[{"href":"https:\/\/adhesive-tapes.trocellen.com\/hu\/wp-json\/wp\/v2\/pages"}],"about":[{"href":"https:\/\/adhesive-tapes.trocellen.com\/hu\/wp-json\/wp\/v2\/types\/page"}],"author":[{"embeddable":true,"href":"https:\/\/adhesive-tapes.trocellen.com\/hu\/wp-json\/wp\/v2\/users\/1"}],"replies":[{"embeddable":true,"href":"https:\/\/adhesive-tapes.trocellen.com\/hu\/wp-json\/wp\/v2\/comments?post=748"}],"version-history":[{"count":0,"href":"https:\/\/adhesive-tapes.trocellen.com\/hu\/wp-json\/wp\/v2\/pages\/748\/revisions"}],"up":[{"embeddable":true,"href":"https:\/\/adhesive-tapes.trocellen.com\/hu\/wp-json\/wp\/v2\/pages\/742"}],"wp:attachment":[{"href":"https:\/\/adhesive-tapes.trocellen.com\/hu\/wp-json\/wp\/v2\/media?parent=748"}],"curies":[{"name":"wp","href":"https:\/\/api.w.org\/{rel}","templated":true}]}}