{"id":754,"date":"2013-12-08T16:43:06","date_gmt":"2013-12-08T16:43:06","guid":{"rendered":"https:\/\/adhesive-tapes.usernet.hu\/epiteszet\/"},"modified":"2013-12-08T16:43:06","modified_gmt":"2013-12-08T16:43:06","slug":"epiteszet","status":"publish","type":"page","link":"https:\/\/adhesive-tapes.trocellen.com\/hu\/alkalmazasok\/epiteszet\/","title":{"rendered":"\u00c9p\u00edt\u00e9szet"},"content":{"rendered":"<h2>PE-hab fuvaroz\u00f3k \u00f6ntapad\u00f3s alkalmaz\u00e1sok<\/h2>\n<p>Az \u00f6ntapad\u00f3 megold\u00e1sok vil\u00e1ga folyamatosan fejl\u0151dik; az \u00e9p\u00edt\u0151iparon bel\u00fcl a legv\u00e1ltozatosabb alkalmaz\u00e1si ter\u00fcleteken l\u00e9pnek egyre ink\u00e1bb el\u0151t\u00e9rbe a magas min\u0151s\u00e9g\u0171 \u00f6ntapad\u00f3 habok. Az \u00f6ntapad\u00f3s megold\u00e1sok a Trocellen PE habokkal (mint hordoz\u00f3kkal) kombin\u00e1lva nemcsak t\u00f6k\u00e9letesek a legk\u00fcl\u00f6nf\u00e9l\u00e9bb r\u00f6gz\u00edt\u00e9sekhez, de hozz\u00e1adott \u00e9rt\u00e9kk\u00e9nt jelenik meg \u00e1ltala a term\u00e9kek k\u00f6nny\u0171 t\u00f6mege, a megn\u00f6vekedett h\u0151- \u00e9s hangszigetel\u00e9s, az egyszer\u0171 alkalmaz\u00e1si elj\u00e1r\u00e1s.<\/p>\n<h3>Alkalmaz\u00e1sok<\/h3>\n<p><img loading=\"lazy\" decoding=\"async\" class=\"alignright size-medium wp-image-590\" src=\"https:\/\/adhesive-tapes.trocellen.com\/wp-content\/uploads\/sites\/4\/2013\/12\/adhesive_tapes-tape-application_001-300x169.png\" alt=\"\" width=\"300\" height=\"169\" srcset=\"https:\/\/adhesive-tapes.trocellen.com\/wp-content\/uploads\/sites\/4\/2013\/12\/adhesive_tapes-tape-application_001-300x169.png 300w, https:\/\/adhesive-tapes.trocellen.com\/wp-content\/uploads\/sites\/4\/2013\/12\/adhesive_tapes-tape-application_001-768x432.png 768w, https:\/\/adhesive-tapes.trocellen.com\/wp-content\/uploads\/sites\/4\/2013\/12\/adhesive_tapes-tape-application_001-1024x576.png 1024w\" sizes=\"auto, (max-width: 300px) 100vw, 300px\" \/><\/p>\n<p><span lang=\"EN-US\">A Trocellen \u00f6ntapad\u00f3 habok az al\u00e1bbiak fix\u00e1l\u00e1s\u00e1ra szolg\u00e1lnak:<\/span><\/p>\n<p>Extrud\u00e1lt profilok:<\/p>\n<ul>\n<li>ablak szeg\u00e9lyek<\/li>\n<li>v\u00e9d\u0151 profilok<\/li>\n<\/ul>\n<p>Bels\u0151 szerkezet \/ k\u00f6nny\u0171szerkezet:<\/p>\n<ul>\n<li>k\u00f6zfalak<\/li>\n<li>dilat\u00e1ci\u00f3s cs\u00edkok<\/li>\n<\/ul>\n<p>El\u0151falak \/ ablakok:<\/p>\n<ul>\n<li>ablakkeretek<\/li>\n<li>keret n\u00e9lk\u00fcli \u00fcvegek<\/li>\n<\/ul>\n<p>Tet\u0151szerkezetek:<\/p>\n<ul>\n<li>r\u00f6gz\u00edt\u0151sz\u00f6g t\u00f6m\u00edt\u00e9s<\/li>\n<li>tet\u0151t\u00f6m\u00edt\u00e9s<\/li>\n<\/ul>\n<h3>Tulajdons\u00e1gok<\/h3>\n<p>T\u0171zg\u00e1tolts\u00e1gi besorol\u00e1s: B1 (DIN 4102)<br \/>\nOpcion\u00e1lisan el\u00e9rhet\u0151 egy- vagy k\u00e9t oldalas koronakezel\u00e9s vagy hossz\u00fa t\u00e1v\u00fa AST.<\/p>\n<h3>El\u0151ny\u00f6k<\/h3>\n<p><img loading=\"lazy\" decoding=\"async\" class=\"alignright size-medium wp-image-591\" src=\"https:\/\/adhesive-tapes.trocellen.com\/wp-content\/uploads\/sites\/4\/2013\/12\/adhesive_tapes-tape-in-roll_001-300x169.png\" alt=\"\" width=\"300\" height=\"169\" srcset=\"https:\/\/adhesive-tapes.trocellen.com\/wp-content\/uploads\/sites\/4\/2013\/12\/adhesive_tapes-tape-in-roll_001-300x169.png 300w, https:\/\/adhesive-tapes.trocellen.com\/wp-content\/uploads\/sites\/4\/2013\/12\/adhesive_tapes-tape-in-roll_001-768x432.png 768w, https:\/\/adhesive-tapes.trocellen.com\/wp-content\/uploads\/sites\/4\/2013\/12\/adhesive_tapes-tape-in-roll_001.png 1024w\" sizes=\"auto, (max-width: 300px) 100vw, 300px\" \/><\/p>\n<ul>\n<li>rugalmas \u00e9s egyszer\u0171<\/li>\n<li>kiv\u00e1l\u00f3 v\u00edzz\u00e1r\u00f3 funkci\u00f3<\/li>\n<li>ide\u00e1lis egyenetlen fel\u00fcletekre<\/li>\n<li>optim\u00e1lis rugalmass\u00e1g<\/li>\n<li>sima fel\u00fclet, t\u00e9rh\u00e1l\u00f3s\u00edtott \u00e9s z\u00e1rt cell\u00e1s szerkezet<\/li>\n<li>k\u00f6nnyen v\u00e1ghat\u00f3 \u00e9s stancolhat\u00f3<\/li>\n<li>j\u00f3l p\u00e1ros\u00edthat\u00f3 \u00f6ntapad\u00f3kkal<\/li>\n<li>nedvess\u00e9gnek ellen\u00e1ll<\/li>\n<li>j\u00f3 h\u0151- \u00e9s hangszigetel\u0151 k\u00e9pess\u00e9g<\/li>\n<\/ul>\n","protected":false},"excerpt":{"rendered":"<p>PE-hab fuvaroz\u00f3k \u00f6ntapad\u00f3s alkalmaz\u00e1sok Az \u00f6ntapad\u00f3 megold\u00e1sok vil\u00e1ga folyamatosan fejl\u0151dik; az \u00e9p\u00edt\u0151iparon bel\u00fcl a legv\u00e1ltozatosabb alkalmaz\u00e1si ter\u00fcleteken l\u00e9pnek egyre ink\u00e1bb el\u0151t\u00e9rbe a magas min\u0151s\u00e9g\u0171 \u00f6ntapad\u00f3 habok. Az \u00f6ntapad\u00f3s megold\u00e1sok a Trocellen PE habokkal (mint hordoz\u00f3kkal) kombin\u00e1lva nemcsak t\u00f6k\u00e9letesek a legk\u00fcl\u00f6nf\u00e9l\u00e9bb r\u00f6gz\u00edt\u00e9sekhez, de hozz\u00e1adott \u00e9rt\u00e9kk\u00e9nt jelenik meg \u00e1ltala a term\u00e9kek k\u00f6nny\u0171 t\u00f6mege, a megn\u00f6vekedett h\u0151- \u00e9s [&hellip;]<\/p>\n","protected":false},"author":1,"featured_media":0,"parent":742,"menu_order":2,"comment_status":"open","ping_status":"open","template":"","meta":{"_acf_changed":false,"footnotes":""},"class_list":["post-754","page","type-page","status-publish","hentry"],"acf":[],"yoast_head":"<!-- This site is optimized with the Yoast SEO plugin v23.5 - https:\/\/yoast.com\/wordpress\/plugins\/seo\/ -->\n<title>\u00c9p\u00edt\u00e9szet - Adhesive tapes<\/title>\n<meta name=\"robots\" content=\"index, follow, max-snippet:-1, max-image-preview:large, max-video-preview:-1\" \/>\n<link rel=\"canonical\" href=\"https:\/\/adhesive-tapes.trocellen.com\/hu\/alkalmazasok\/epiteszet\/\" \/>\n<meta name=\"twitter:label1\" content=\"Becs\u00fclt olvas\u00e1si id\u0151\" \/>\n\t<meta name=\"twitter:data1\" content=\"1 perc\" \/>\n<script type=\"application\/ld+json\" class=\"yoast-schema-graph\">{\"@context\":\"https:\/\/schema.org\",\"@graph\":[{\"@type\":\"WebPage\",\"@id\":\"https:\/\/adhesive-tapes.trocellen.com\/hu\/alkalmazasok\/epiteszet\/\",\"url\":\"https:\/\/adhesive-tapes.trocellen.com\/hu\/alkalmazasok\/epiteszet\/\",\"name\":\"\u00c9p\u00edt\u00e9szet - Adhesive tapes\",\"isPartOf\":{\"@id\":\"https:\/\/adhesive-tapes.trocellen.com\/#website\"},\"primaryImageOfPage\":{\"@id\":\"https:\/\/adhesive-tapes.trocellen.com\/hu\/alkalmazasok\/epiteszet\/#primaryimage\"},\"image\":{\"@id\":\"https:\/\/adhesive-tapes.trocellen.com\/hu\/alkalmazasok\/epiteszet\/#primaryimage\"},\"thumbnailUrl\":\"https:\/\/adhesive-tapes.trocellen.com\/wp-content\/uploads\/sites\/4\/2013\/12\/adhesive_tapes-tape-application_001-300x169.png\",\"datePublished\":\"2013-12-08T16:43:06+00:00\",\"dateModified\":\"2013-12-08T16:43:06+00:00\",\"breadcrumb\":{\"@id\":\"https:\/\/adhesive-tapes.trocellen.com\/hu\/alkalmazasok\/epiteszet\/#breadcrumb\"},\"inLanguage\":\"hu\",\"potentialAction\":[{\"@type\":\"ReadAction\",\"target\":[\"https:\/\/adhesive-tapes.trocellen.com\/hu\/alkalmazasok\/epiteszet\/\"]}]},{\"@type\":\"ImageObject\",\"inLanguage\":\"hu\",\"@id\":\"https:\/\/adhesive-tapes.trocellen.com\/hu\/alkalmazasok\/epiteszet\/#primaryimage\",\"url\":\"https:\/\/adhesive-tapes.trocellen.com\/wp-content\/uploads\/sites\/4\/2013\/12\/adhesive_tapes-tape-application_001-300x169.png\",\"contentUrl\":\"https:\/\/adhesive-tapes.trocellen.com\/wp-content\/uploads\/sites\/4\/2013\/12\/adhesive_tapes-tape-application_001-300x169.png\"},{\"@type\":\"BreadcrumbList\",\"@id\":\"https:\/\/adhesive-tapes.trocellen.com\/hu\/alkalmazasok\/epiteszet\/#breadcrumb\",\"itemListElement\":[{\"@type\":\"ListItem\",\"position\":1,\"name\":\"Home\",\"item\":\"https:\/\/adhesive-tapes.trocellen.com\/hu\/\"},{\"@type\":\"ListItem\",\"position\":2,\"name\":\"Alkalmaz\u00e1sok\",\"item\":\"https:\/\/adhesive-tapes.trocellen.com\/hu\/alkalmazasok\/\"},{\"@type\":\"ListItem\",\"position\":3,\"name\":\"\u00c9p\u00edt\u00e9szet\"}]},{\"@type\":\"WebSite\",\"@id\":\"https:\/\/adhesive-tapes.trocellen.com\/#website\",\"url\":\"https:\/\/adhesive-tapes.trocellen.com\/\",\"name\":\"Adhesive tapes\",\"description\":\"\",\"potentialAction\":[{\"@type\":\"SearchAction\",\"target\":{\"@type\":\"EntryPoint\",\"urlTemplate\":\"https:\/\/adhesive-tapes.trocellen.com\/?s={search_term_string}\"},\"query-input\":{\"@type\":\"PropertyValueSpecification\",\"valueRequired\":true,\"valueName\":\"search_term_string\"}}],\"inLanguage\":\"hu\"}]}<\/script>\n<!-- \/ Yoast SEO plugin. -->","yoast_head_json":{"title":"\u00c9p\u00edt\u00e9szet - Adhesive tapes","robots":{"index":"index","follow":"follow","max-snippet":"max-snippet:-1","max-image-preview":"max-image-preview:large","max-video-preview":"max-video-preview:-1"},"canonical":"https:\/\/adhesive-tapes.trocellen.com\/hu\/alkalmazasok\/epiteszet\/","twitter_misc":{"Becs\u00fclt olvas\u00e1si id\u0151":"1 perc"},"schema":{"@context":"https:\/\/schema.org","@graph":[{"@type":"WebPage","@id":"https:\/\/adhesive-tapes.trocellen.com\/hu\/alkalmazasok\/epiteszet\/","url":"https:\/\/adhesive-tapes.trocellen.com\/hu\/alkalmazasok\/epiteszet\/","name":"\u00c9p\u00edt\u00e9szet - Adhesive tapes","isPartOf":{"@id":"https:\/\/adhesive-tapes.trocellen.com\/#website"},"primaryImageOfPage":{"@id":"https:\/\/adhesive-tapes.trocellen.com\/hu\/alkalmazasok\/epiteszet\/#primaryimage"},"image":{"@id":"https:\/\/adhesive-tapes.trocellen.com\/hu\/alkalmazasok\/epiteszet\/#primaryimage"},"thumbnailUrl":"https:\/\/adhesive-tapes.trocellen.com\/wp-content\/uploads\/sites\/4\/2013\/12\/adhesive_tapes-tape-application_001-300x169.png","datePublished":"2013-12-08T16:43:06+00:00","dateModified":"2013-12-08T16:43:06+00:00","breadcrumb":{"@id":"https:\/\/adhesive-tapes.trocellen.com\/hu\/alkalmazasok\/epiteszet\/#breadcrumb"},"inLanguage":"hu","potentialAction":[{"@type":"ReadAction","target":["https:\/\/adhesive-tapes.trocellen.com\/hu\/alkalmazasok\/epiteszet\/"]}]},{"@type":"ImageObject","inLanguage":"hu","@id":"https:\/\/adhesive-tapes.trocellen.com\/hu\/alkalmazasok\/epiteszet\/#primaryimage","url":"https:\/\/adhesive-tapes.trocellen.com\/wp-content\/uploads\/sites\/4\/2013\/12\/adhesive_tapes-tape-application_001-300x169.png","contentUrl":"https:\/\/adhesive-tapes.trocellen.com\/wp-content\/uploads\/sites\/4\/2013\/12\/adhesive_tapes-tape-application_001-300x169.png"},{"@type":"BreadcrumbList","@id":"https:\/\/adhesive-tapes.trocellen.com\/hu\/alkalmazasok\/epiteszet\/#breadcrumb","itemListElement":[{"@type":"ListItem","position":1,"name":"Home","item":"https:\/\/adhesive-tapes.trocellen.com\/hu\/"},{"@type":"ListItem","position":2,"name":"Alkalmaz\u00e1sok","item":"https:\/\/adhesive-tapes.trocellen.com\/hu\/alkalmazasok\/"},{"@type":"ListItem","position":3,"name":"\u00c9p\u00edt\u00e9szet"}]},{"@type":"WebSite","@id":"https:\/\/adhesive-tapes.trocellen.com\/#website","url":"https:\/\/adhesive-tapes.trocellen.com\/","name":"Adhesive tapes","description":"","potentialAction":[{"@type":"SearchAction","target":{"@type":"EntryPoint","urlTemplate":"https:\/\/adhesive-tapes.trocellen.com\/?s={search_term_string}"},"query-input":{"@type":"PropertyValueSpecification","valueRequired":true,"valueName":"search_term_string"}}],"inLanguage":"hu"}]}},"_links":{"self":[{"href":"https:\/\/adhesive-tapes.trocellen.com\/hu\/wp-json\/wp\/v2\/pages\/754","targetHints":{"allow":["GET"]}}],"collection":[{"href":"https:\/\/adhesive-tapes.trocellen.com\/hu\/wp-json\/wp\/v2\/pages"}],"about":[{"href":"https:\/\/adhesive-tapes.trocellen.com\/hu\/wp-json\/wp\/v2\/types\/page"}],"author":[{"embeddable":true,"href":"https:\/\/adhesive-tapes.trocellen.com\/hu\/wp-json\/wp\/v2\/users\/1"}],"replies":[{"embeddable":true,"href":"https:\/\/adhesive-tapes.trocellen.com\/hu\/wp-json\/wp\/v2\/comments?post=754"}],"version-history":[{"count":0,"href":"https:\/\/adhesive-tapes.trocellen.com\/hu\/wp-json\/wp\/v2\/pages\/754\/revisions"}],"up":[{"embeddable":true,"href":"https:\/\/adhesive-tapes.trocellen.com\/hu\/wp-json\/wp\/v2\/pages\/742"}],"wp:attachment":[{"href":"https:\/\/adhesive-tapes.trocellen.com\/hu\/wp-json\/wp\/v2\/media?parent=754"}],"curies":[{"name":"wp","href":"https:\/\/api.w.org\/{rel}","templated":true}]}}