{"id":760,"date":"2013-12-08T16:43:20","date_gmt":"2013-12-08T16:43:20","guid":{"rendered":"https:\/\/adhesive-tapes.usernet.hu\/barkacsolas\/"},"modified":"2013-12-08T16:43:20","modified_gmt":"2013-12-08T16:43:20","slug":"barkacsolas","status":"publish","type":"page","link":"https:\/\/adhesive-tapes.trocellen.com\/hu\/alkalmazasok\/barkacsolas\/","title":{"rendered":"Bark\u00e1csol\u00e1s"},"content":{"rendered":"<h2>PE habok \u00f6ntapad\u00f3 alkalmaz\u00e1sokhoz<\/h2>\n<p>Az \u00f6ntapad\u00f3 megold\u00e1sok egyre ink\u00e1bb teret h\u00f3d\u00edtanak a r\u00f6gz\u00edt\u00e9si m\u00f3dszerek ter\u00fclet\u00e9n, ig\u00e9nyt \u00e9bresztve a min\u0151s\u00e9gi hordoz\u00f3 term\u00e9kekre is. A hab, mint hordoz\u00f3 fel\u00fclet optim\u00e1lis k\u00f6t\u00e9st biztos\u00edt egyenetlen, durva vagy kih\u00edv\u00e1st jelent\u0151 fel\u00fcletek eset\u00e9n, k\u00f6sz\u00f6nhet\u0151en a hab olyan egyed\u00fcl\u00e1ll\u00f3 tulajdons\u00e1gainak, mint a rugalmass\u00e1g \u00e9s az \u00f6sszenyomhat\u00f3s\u00e1g.<\/p>\n<h3>Alkalmaz\u00e1sok<\/h3>\n<p><img loading=\"lazy\" decoding=\"async\" class=\"alignright size-medium wp-image-595\" src=\"https:\/\/adhesive-tapes.trocellen.com\/wp-content\/uploads\/sites\/4\/2013\/12\/adhesive_tapes-mirror_001-300x169.png\" alt=\"\" width=\"300\" height=\"169\" srcset=\"https:\/\/adhesive-tapes.trocellen.com\/wp-content\/uploads\/sites\/4\/2013\/12\/adhesive_tapes-mirror_001-300x169.png 300w, https:\/\/adhesive-tapes.trocellen.com\/wp-content\/uploads\/sites\/4\/2013\/12\/adhesive_tapes-mirror_001-768x432.png 768w, https:\/\/adhesive-tapes.trocellen.com\/wp-content\/uploads\/sites\/4\/2013\/12\/adhesive_tapes-mirror_001-1024x576.png 1024w\" sizes=\"auto, (max-width: 300px) 100vw, 300px\" \/><\/p>\n<p>TROCELLEN PE hab-hordoz\u00f3k:<\/p>\n<ul>\n<li>\u00d6ntapad\u00f3 szalagok ablak-profilokhoz<\/li>\n<li>\u00d6ntapad\u00f3 megold\u00e1sok fali fogasok r\u00f6gz\u00edt\u00e9s\u00e9hez<\/li>\n<li>\u00d6ntapad\u00f3 megold\u00e1sok t\u00fckr\u00f6k r\u00f6gz\u00edt\u00e9s\u00e9hez<\/li>\n<li>\u00d6ntapad\u00f3 jel\u00f6l\u00e9si megold\u00e1sok<\/li>\n<\/ul>\n<h3>El\u00e9rhet\u0151 term\u00e9kt\u00edpusok<\/h3>\n<ul>\n<li>Amennyiben speci\u00e1lis ig\u00e9nye mer\u00fclne fel, vegye fel vel\u00fcnk a kapcsolatot, \u00e9s mi megtal\u00e1ljuk a megold\u00e1st.<\/li>\n<li>Opcion\u00e1lisan el\u00e9rhet\u0151 egy- vagy k\u00e9t oldalas koronakezel\u00e9s vagy hossz\u00fa t\u00e1v\u00fa AST.<\/li>\n<\/ul>\n<h3>El\u0151ny\u00f6k<\/h3>\n<p><img loading=\"lazy\" decoding=\"async\" class=\"alignright size-medium wp-image-594\" src=\"https:\/\/adhesive-tapes.trocellen.com\/wp-content\/uploads\/sites\/4\/2013\/12\/adhesive_tapes-accessories_001-300x204.png\" alt=\"\" width=\"300\" height=\"204\" srcset=\"https:\/\/adhesive-tapes.trocellen.com\/wp-content\/uploads\/sites\/4\/2013\/12\/adhesive_tapes-accessories_001-300x204.png 300w, https:\/\/adhesive-tapes.trocellen.com\/wp-content\/uploads\/sites\/4\/2013\/12\/adhesive_tapes-accessories_001-768x523.png 768w, https:\/\/adhesive-tapes.trocellen.com\/wp-content\/uploads\/sites\/4\/2013\/12\/adhesive_tapes-accessories_001-1024x697.png 1024w\" sizes=\"auto, (max-width: 300px) 100vw, 300px\" \/><\/p>\n<ul>\n<li>rugalmas \u00e9s egyszer\u0171<\/li>\n<li>ide\u00e1lis egyenetlen fel\u00fcletekre<\/li>\n<li>optim\u00e1lis rugalmass\u00e1g<\/li>\n<li>kiv\u00e1l\u00f3 t\u00f6m\u00edt\u0151 funkci\u00f3<\/li>\n<li>sima fel\u00fclet, t\u00e9rh\u00e1l\u00f3s\u00edtott &amp; z\u00e1rt cell\u00e1s szerkezet<\/li>\n<li>k\u00f6nnyen v\u00e1ghat\u00f3 \u00e9s stancolhat\u00f3<\/li>\n<li>j\u00f3l p\u00e1ros\u00edthat\u00f3 \u00f6ntapad\u00f3kkal<\/li>\n<li>l\u00e9g \u2013 \u00e9s v\u00edzhatlan<\/li>\n<\/ul>\n","protected":false},"excerpt":{"rendered":"<p>PE habok \u00f6ntapad\u00f3 alkalmaz\u00e1sokhoz Az \u00f6ntapad\u00f3 megold\u00e1sok egyre ink\u00e1bb teret h\u00f3d\u00edtanak a r\u00f6gz\u00edt\u00e9si m\u00f3dszerek ter\u00fclet\u00e9n, ig\u00e9nyt \u00e9bresztve a min\u0151s\u00e9gi hordoz\u00f3 term\u00e9kekre is. A hab, mint hordoz\u00f3 fel\u00fclet optim\u00e1lis k\u00f6t\u00e9st biztos\u00edt egyenetlen, durva vagy kih\u00edv\u00e1st jelent\u0151 fel\u00fcletek eset\u00e9n, k\u00f6sz\u00f6nhet\u0151en a hab olyan egyed\u00fcl\u00e1ll\u00f3 tulajdons\u00e1gainak, mint a rugalmass\u00e1g \u00e9s az \u00f6sszenyomhat\u00f3s\u00e1g. Alkalmaz\u00e1sok TROCELLEN PE hab-hordoz\u00f3k: \u00d6ntapad\u00f3 szalagok [&hellip;]<\/p>\n","protected":false},"author":1,"featured_media":0,"parent":742,"menu_order":3,"comment_status":"open","ping_status":"open","template":"","meta":{"_acf_changed":false,"footnotes":""},"class_list":["post-760","page","type-page","status-publish","hentry"],"acf":[],"yoast_head":"<!-- This site is optimized with the Yoast SEO plugin v23.5 - https:\/\/yoast.com\/wordpress\/plugins\/seo\/ -->\n<title>Bark\u00e1csol\u00e1s - Adhesive tapes<\/title>\n<meta name=\"robots\" content=\"index, follow, max-snippet:-1, max-image-preview:large, max-video-preview:-1\" \/>\n<link rel=\"canonical\" href=\"https:\/\/adhesive-tapes.trocellen.com\/hu\/alkalmazasok\/barkacsolas\/\" \/>\n<meta name=\"twitter:label1\" content=\"Becs\u00fclt olvas\u00e1si id\u0151\" \/>\n\t<meta name=\"twitter:data1\" content=\"1 perc\" \/>\n<script type=\"application\/ld+json\" class=\"yoast-schema-graph\">{\"@context\":\"https:\/\/schema.org\",\"@graph\":[{\"@type\":\"WebPage\",\"@id\":\"https:\/\/adhesive-tapes.trocellen.com\/hu\/alkalmazasok\/barkacsolas\/\",\"url\":\"https:\/\/adhesive-tapes.trocellen.com\/hu\/alkalmazasok\/barkacsolas\/\",\"name\":\"Bark\u00e1csol\u00e1s - Adhesive tapes\",\"isPartOf\":{\"@id\":\"https:\/\/adhesive-tapes.trocellen.com\/#website\"},\"primaryImageOfPage\":{\"@id\":\"https:\/\/adhesive-tapes.trocellen.com\/hu\/alkalmazasok\/barkacsolas\/#primaryimage\"},\"image\":{\"@id\":\"https:\/\/adhesive-tapes.trocellen.com\/hu\/alkalmazasok\/barkacsolas\/#primaryimage\"},\"thumbnailUrl\":\"https:\/\/adhesive-tapes.trocellen.com\/wp-content\/uploads\/sites\/4\/2013\/12\/adhesive_tapes-mirror_001-300x169.png\",\"datePublished\":\"2013-12-08T16:43:20+00:00\",\"dateModified\":\"2013-12-08T16:43:20+00:00\",\"breadcrumb\":{\"@id\":\"https:\/\/adhesive-tapes.trocellen.com\/hu\/alkalmazasok\/barkacsolas\/#breadcrumb\"},\"inLanguage\":\"hu\",\"potentialAction\":[{\"@type\":\"ReadAction\",\"target\":[\"https:\/\/adhesive-tapes.trocellen.com\/hu\/alkalmazasok\/barkacsolas\/\"]}]},{\"@type\":\"ImageObject\",\"inLanguage\":\"hu\",\"@id\":\"https:\/\/adhesive-tapes.trocellen.com\/hu\/alkalmazasok\/barkacsolas\/#primaryimage\",\"url\":\"https:\/\/adhesive-tapes.trocellen.com\/wp-content\/uploads\/sites\/4\/2013\/12\/adhesive_tapes-mirror_001-300x169.png\",\"contentUrl\":\"https:\/\/adhesive-tapes.trocellen.com\/wp-content\/uploads\/sites\/4\/2013\/12\/adhesive_tapes-mirror_001-300x169.png\"},{\"@type\":\"BreadcrumbList\",\"@id\":\"https:\/\/adhesive-tapes.trocellen.com\/hu\/alkalmazasok\/barkacsolas\/#breadcrumb\",\"itemListElement\":[{\"@type\":\"ListItem\",\"position\":1,\"name\":\"Home\",\"item\":\"https:\/\/adhesive-tapes.trocellen.com\/hu\/\"},{\"@type\":\"ListItem\",\"position\":2,\"name\":\"Alkalmaz\u00e1sok\",\"item\":\"https:\/\/adhesive-tapes.trocellen.com\/hu\/alkalmazasok\/\"},{\"@type\":\"ListItem\",\"position\":3,\"name\":\"Bark\u00e1csol\u00e1s\"}]},{\"@type\":\"WebSite\",\"@id\":\"https:\/\/adhesive-tapes.trocellen.com\/#website\",\"url\":\"https:\/\/adhesive-tapes.trocellen.com\/\",\"name\":\"Adhesive tapes\",\"description\":\"\",\"potentialAction\":[{\"@type\":\"SearchAction\",\"target\":{\"@type\":\"EntryPoint\",\"urlTemplate\":\"https:\/\/adhesive-tapes.trocellen.com\/?s={search_term_string}\"},\"query-input\":{\"@type\":\"PropertyValueSpecification\",\"valueRequired\":true,\"valueName\":\"search_term_string\"}}],\"inLanguage\":\"hu\"}]}<\/script>\n<!-- \/ Yoast SEO plugin. -->","yoast_head_json":{"title":"Bark\u00e1csol\u00e1s - Adhesive tapes","robots":{"index":"index","follow":"follow","max-snippet":"max-snippet:-1","max-image-preview":"max-image-preview:large","max-video-preview":"max-video-preview:-1"},"canonical":"https:\/\/adhesive-tapes.trocellen.com\/hu\/alkalmazasok\/barkacsolas\/","twitter_misc":{"Becs\u00fclt olvas\u00e1si id\u0151":"1 perc"},"schema":{"@context":"https:\/\/schema.org","@graph":[{"@type":"WebPage","@id":"https:\/\/adhesive-tapes.trocellen.com\/hu\/alkalmazasok\/barkacsolas\/","url":"https:\/\/adhesive-tapes.trocellen.com\/hu\/alkalmazasok\/barkacsolas\/","name":"Bark\u00e1csol\u00e1s - Adhesive tapes","isPartOf":{"@id":"https:\/\/adhesive-tapes.trocellen.com\/#website"},"primaryImageOfPage":{"@id":"https:\/\/adhesive-tapes.trocellen.com\/hu\/alkalmazasok\/barkacsolas\/#primaryimage"},"image":{"@id":"https:\/\/adhesive-tapes.trocellen.com\/hu\/alkalmazasok\/barkacsolas\/#primaryimage"},"thumbnailUrl":"https:\/\/adhesive-tapes.trocellen.com\/wp-content\/uploads\/sites\/4\/2013\/12\/adhesive_tapes-mirror_001-300x169.png","datePublished":"2013-12-08T16:43:20+00:00","dateModified":"2013-12-08T16:43:20+00:00","breadcrumb":{"@id":"https:\/\/adhesive-tapes.trocellen.com\/hu\/alkalmazasok\/barkacsolas\/#breadcrumb"},"inLanguage":"hu","potentialAction":[{"@type":"ReadAction","target":["https:\/\/adhesive-tapes.trocellen.com\/hu\/alkalmazasok\/barkacsolas\/"]}]},{"@type":"ImageObject","inLanguage":"hu","@id":"https:\/\/adhesive-tapes.trocellen.com\/hu\/alkalmazasok\/barkacsolas\/#primaryimage","url":"https:\/\/adhesive-tapes.trocellen.com\/wp-content\/uploads\/sites\/4\/2013\/12\/adhesive_tapes-mirror_001-300x169.png","contentUrl":"https:\/\/adhesive-tapes.trocellen.com\/wp-content\/uploads\/sites\/4\/2013\/12\/adhesive_tapes-mirror_001-300x169.png"},{"@type":"BreadcrumbList","@id":"https:\/\/adhesive-tapes.trocellen.com\/hu\/alkalmazasok\/barkacsolas\/#breadcrumb","itemListElement":[{"@type":"ListItem","position":1,"name":"Home","item":"https:\/\/adhesive-tapes.trocellen.com\/hu\/"},{"@type":"ListItem","position":2,"name":"Alkalmaz\u00e1sok","item":"https:\/\/adhesive-tapes.trocellen.com\/hu\/alkalmazasok\/"},{"@type":"ListItem","position":3,"name":"Bark\u00e1csol\u00e1s"}]},{"@type":"WebSite","@id":"https:\/\/adhesive-tapes.trocellen.com\/#website","url":"https:\/\/adhesive-tapes.trocellen.com\/","name":"Adhesive tapes","description":"","potentialAction":[{"@type":"SearchAction","target":{"@type":"EntryPoint","urlTemplate":"https:\/\/adhesive-tapes.trocellen.com\/?s={search_term_string}"},"query-input":{"@type":"PropertyValueSpecification","valueRequired":true,"valueName":"search_term_string"}}],"inLanguage":"hu"}]}},"_links":{"self":[{"href":"https:\/\/adhesive-tapes.trocellen.com\/hu\/wp-json\/wp\/v2\/pages\/760","targetHints":{"allow":["GET"]}}],"collection":[{"href":"https:\/\/adhesive-tapes.trocellen.com\/hu\/wp-json\/wp\/v2\/pages"}],"about":[{"href":"https:\/\/adhesive-tapes.trocellen.com\/hu\/wp-json\/wp\/v2\/types\/page"}],"author":[{"embeddable":true,"href":"https:\/\/adhesive-tapes.trocellen.com\/hu\/wp-json\/wp\/v2\/users\/1"}],"replies":[{"embeddable":true,"href":"https:\/\/adhesive-tapes.trocellen.com\/hu\/wp-json\/wp\/v2\/comments?post=760"}],"version-history":[{"count":0,"href":"https:\/\/adhesive-tapes.trocellen.com\/hu\/wp-json\/wp\/v2\/pages\/760\/revisions"}],"up":[{"embeddable":true,"href":"https:\/\/adhesive-tapes.trocellen.com\/hu\/wp-json\/wp\/v2\/pages\/742"}],"wp:attachment":[{"href":"https:\/\/adhesive-tapes.trocellen.com\/hu\/wp-json\/wp\/v2\/media?parent=760"}],"curies":[{"name":"wp","href":"https:\/\/api.w.org\/{rel}","templated":true}]}}