{"id":766,"date":"2013-12-08T16:43:36","date_gmt":"2013-12-08T16:43:36","guid":{"rendered":"https:\/\/adhesive-tapes.usernet.hu\/autoipar\/"},"modified":"2013-12-08T16:43:36","modified_gmt":"2013-12-08T16:43:36","slug":"autoipar","status":"publish","type":"page","link":"https:\/\/adhesive-tapes.trocellen.com\/hu\/alkalmazasok\/autoipar\/","title":{"rendered":"Aut\u00f3ipar"},"content":{"rendered":"<h2>Habok \u00f6ntapad\u00f3 alkalmaz\u00e1sokhoz<\/h2>\n<p>Az \u00f6ntapad\u00f3 megold\u00e1sok vil\u00e1ga folyamatosan fejl\u0151dik; az aut\u00f3iparon bel\u00fcl a legv\u00e1ltozatosabb alkalmaz\u00e1si ter\u00fcleteken ny\u00fajtanak sz\u00e9les lehet\u0151s\u00e9get a magas min\u0151s\u00e9g\u0171 \u00f6ntapad\u00f3 habszalagok. Annak \u00e9rdek\u00e9ben, hogy cs\u00f6kkents\u00e9k a s\u00falyt, megsz\u00fcntess\u00e9k a k\u00fcl\u00f6nb\u00f6z\u0151 zajokat, el\u00e9rj\u00e9k a megfelel\u0151 szigetel\u0151 hat\u00e1st vagy csak egyszer\u0171s\u00edts\u00e9k az \u00f6sszeszerel\u00e9si folyamatokat, el\u0151szeretettel alkalmazz\u00e1k az \u00f6ntapad\u00f3 PE habszalagokat az aut\u00f3ipar k\u00fcl\u00f6nb\u00f6z\u0151 alkalmaz\u00e1si ter\u00fcletein.<\/p>\n<h3>Alkalmaz\u00e1sok<\/h3>\n<p><img loading=\"lazy\" decoding=\"async\" class=\"alignright size-medium wp-image-597\" src=\"https:\/\/adhesive-tapes.trocellen.com\/wp-content\/uploads\/sites\/4\/2013\/12\/adhesive_tapes-cartext_001-300x204.png\" alt=\"\" width=\"300\" height=\"204\" srcset=\"https:\/\/adhesive-tapes.trocellen.com\/wp-content\/uploads\/sites\/4\/2013\/12\/adhesive_tapes-cartext_001-300x204.png 300w, https:\/\/adhesive-tapes.trocellen.com\/wp-content\/uploads\/sites\/4\/2013\/12\/adhesive_tapes-cartext_001-768x523.png 768w, https:\/\/adhesive-tapes.trocellen.com\/wp-content\/uploads\/sites\/4\/2013\/12\/adhesive_tapes-cartext_001.png 1024w\" sizes=\"auto, (max-width: 300px) 100vw, 300px\" \/><\/p>\n<p>A TROCELLEN PE habok megtal\u00e1lhat\u00f3ak a k\u00f6vetkez\u0151 alkalmaz\u00e1sokn\u00e1l:<\/p>\n<ul>\n<li>Oldals\u00f3 t\u00fckr\u00f6k<\/li>\n<li>M\u00e1rkajelek, embl\u00e9m\u00e1k<\/li>\n<li>Tet\u0151lemezek<\/li>\n<li>Stancolt t\u00f6m\u00edt\u0151 elemek<\/li>\n<li>D\u00edszcs\u00edkok<\/li>\n<\/ul>\n<h3>El\u00e9rhet\u0151 term\u00e9kt\u00edpusok<\/h3>\n<p>Egyedi ig\u00e9nyk\u00e9nt tudjuk:<\/p>\n<ul>\n<li>fejleszteni a habok puhas\u00e1g\u00e1t<\/li>\n<li>cs\u00f6kkenteni a habok merevs\u00e9g\u00e9t<\/li>\n<li>n\u00f6velni a szak\u00edt\u00f3szil\u00e1rds\u00e1got<\/li>\n<li>v\u00e1ltoztatni a h\u0151\u00e1ll\u00f3k\u00e9pess\u00e9get<\/li>\n<\/ul>\n<p>Opcion\u00e1lisan el\u00e9rhet\u0151 egy- vagy k\u00e9t oldalas koronakezel\u00e9s vagy <a href=\"https:\/\/trocellen.com\/hu\/technology\/advanced-surface-treatment\/\">hossz\u00fa t\u00e1v\u00fa AST<\/a>.<\/p>\n<h3>El\u0151ny\u00f6k<\/h3>\n<p><img loading=\"lazy\" decoding=\"async\" class=\"size-medium wp-image-52 alignright\" src=\"https:\/\/adhesive-tapes.trocellen.com\/wp-content\/uploads\/sites\/4\/2013\/12\/automotive2-300x193.jpg\" alt=\"automotive2\" width=\"220\" height=\"141\" srcset=\"https:\/\/adhesive-tapes.trocellen.com\/wp-content\/uploads\/sites\/4\/2013\/12\/automotive2-300x193.jpg 300w, https:\/\/adhesive-tapes.trocellen.com\/wp-content\/uploads\/sites\/4\/2013\/12\/automotive2.jpg 369w\" sizes=\"auto, (max-width: 220px) 100vw, 220px\" \/><\/p>\n<ul>\n<li>sima fel\u00fclet, t\u00e9rh\u00e1l\u00f3s\u00edtott \u00e9s z\u00e1rt cell\u00e1s szerkezet<\/li>\n<li>k\u00f6nnyen v\u00e1ghat\u00f3 \u00e9s stancolhat\u00f3<\/li>\n<li>j\u00f3l p\u00e1ros\u00edthat\u00f3 \u00f6ntapad\u00f3kkal<\/li>\n<li>alacsony vastags\u00e1gtolerancia<\/li>\n<li>rugalmas \u00e9s egyszer\u0171<\/li>\n<li>ide\u00e1lis egyenetlen fel\u00fcletekre<\/li>\n<li>optim\u00e1lis rugalmass\u00e1g<\/li>\n<li>kit\u0171n\u0151 t\u00f6m\u00edt\u00e9s<\/li>\n<\/ul>\n","protected":false},"excerpt":{"rendered":"<p>Habok \u00f6ntapad\u00f3 alkalmaz\u00e1sokhoz Az \u00f6ntapad\u00f3 megold\u00e1sok vil\u00e1ga folyamatosan fejl\u0151dik; az aut\u00f3iparon bel\u00fcl a legv\u00e1ltozatosabb alkalmaz\u00e1si ter\u00fcleteken ny\u00fajtanak sz\u00e9les lehet\u0151s\u00e9get a magas min\u0151s\u00e9g\u0171 \u00f6ntapad\u00f3 habszalagok. Annak \u00e9rdek\u00e9ben, hogy cs\u00f6kkents\u00e9k a s\u00falyt, megsz\u00fcntess\u00e9k a k\u00fcl\u00f6nb\u00f6z\u0151 zajokat, el\u00e9rj\u00e9k a megfelel\u0151 szigetel\u0151 hat\u00e1st vagy csak egyszer\u0171s\u00edts\u00e9k az \u00f6sszeszerel\u00e9si folyamatokat, el\u0151szeretettel alkalmazz\u00e1k az \u00f6ntapad\u00f3 PE habszalagokat az aut\u00f3ipar k\u00fcl\u00f6nb\u00f6z\u0151 alkalmaz\u00e1si [&hellip;]<\/p>\n","protected":false},"author":1,"featured_media":0,"parent":742,"menu_order":4,"comment_status":"open","ping_status":"open","template":"","meta":{"_acf_changed":false,"footnotes":""},"class_list":["post-766","page","type-page","status-publish","hentry"],"acf":[],"yoast_head":"<!-- This site is optimized with the Yoast SEO plugin v23.5 - https:\/\/yoast.com\/wordpress\/plugins\/seo\/ -->\n<title>Aut\u00f3ipar - Adhesive tapes<\/title>\n<meta name=\"robots\" content=\"index, follow, max-snippet:-1, max-image-preview:large, max-video-preview:-1\" \/>\n<link rel=\"canonical\" href=\"https:\/\/adhesive-tapes.trocellen.com\/hu\/alkalmazasok\/autoipar\/\" \/>\n<meta name=\"twitter:label1\" content=\"Becs\u00fclt olvas\u00e1si id\u0151\" \/>\n\t<meta name=\"twitter:data1\" content=\"1 perc\" \/>\n<script type=\"application\/ld+json\" class=\"yoast-schema-graph\">{\"@context\":\"https:\/\/schema.org\",\"@graph\":[{\"@type\":\"WebPage\",\"@id\":\"https:\/\/adhesive-tapes.trocellen.com\/hu\/alkalmazasok\/autoipar\/\",\"url\":\"https:\/\/adhesive-tapes.trocellen.com\/hu\/alkalmazasok\/autoipar\/\",\"name\":\"Aut\u00f3ipar - Adhesive tapes\",\"isPartOf\":{\"@id\":\"https:\/\/adhesive-tapes.trocellen.com\/#website\"},\"primaryImageOfPage\":{\"@id\":\"https:\/\/adhesive-tapes.trocellen.com\/hu\/alkalmazasok\/autoipar\/#primaryimage\"},\"image\":{\"@id\":\"https:\/\/adhesive-tapes.trocellen.com\/hu\/alkalmazasok\/autoipar\/#primaryimage\"},\"thumbnailUrl\":\"https:\/\/adhesive-tapes.trocellen.com\/wp-content\/uploads\/sites\/4\/2013\/12\/adhesive_tapes-cartext_001-300x204.png\",\"datePublished\":\"2013-12-08T16:43:36+00:00\",\"dateModified\":\"2013-12-08T16:43:36+00:00\",\"breadcrumb\":{\"@id\":\"https:\/\/adhesive-tapes.trocellen.com\/hu\/alkalmazasok\/autoipar\/#breadcrumb\"},\"inLanguage\":\"hu\",\"potentialAction\":[{\"@type\":\"ReadAction\",\"target\":[\"https:\/\/adhesive-tapes.trocellen.com\/hu\/alkalmazasok\/autoipar\/\"]}]},{\"@type\":\"ImageObject\",\"inLanguage\":\"hu\",\"@id\":\"https:\/\/adhesive-tapes.trocellen.com\/hu\/alkalmazasok\/autoipar\/#primaryimage\",\"url\":\"https:\/\/adhesive-tapes.trocellen.com\/wp-content\/uploads\/sites\/4\/2013\/12\/adhesive_tapes-cartext_001-300x204.png\",\"contentUrl\":\"https:\/\/adhesive-tapes.trocellen.com\/wp-content\/uploads\/sites\/4\/2013\/12\/adhesive_tapes-cartext_001-300x204.png\"},{\"@type\":\"BreadcrumbList\",\"@id\":\"https:\/\/adhesive-tapes.trocellen.com\/hu\/alkalmazasok\/autoipar\/#breadcrumb\",\"itemListElement\":[{\"@type\":\"ListItem\",\"position\":1,\"name\":\"Home\",\"item\":\"https:\/\/adhesive-tapes.trocellen.com\/hu\/\"},{\"@type\":\"ListItem\",\"position\":2,\"name\":\"Alkalmaz\u00e1sok\",\"item\":\"https:\/\/adhesive-tapes.trocellen.com\/hu\/alkalmazasok\/\"},{\"@type\":\"ListItem\",\"position\":3,\"name\":\"Aut\u00f3ipar\"}]},{\"@type\":\"WebSite\",\"@id\":\"https:\/\/adhesive-tapes.trocellen.com\/#website\",\"url\":\"https:\/\/adhesive-tapes.trocellen.com\/\",\"name\":\"Adhesive tapes\",\"description\":\"\",\"potentialAction\":[{\"@type\":\"SearchAction\",\"target\":{\"@type\":\"EntryPoint\",\"urlTemplate\":\"https:\/\/adhesive-tapes.trocellen.com\/?s={search_term_string}\"},\"query-input\":{\"@type\":\"PropertyValueSpecification\",\"valueRequired\":true,\"valueName\":\"search_term_string\"}}],\"inLanguage\":\"hu\"}]}<\/script>\n<!-- \/ Yoast SEO plugin. -->","yoast_head_json":{"title":"Aut\u00f3ipar - Adhesive tapes","robots":{"index":"index","follow":"follow","max-snippet":"max-snippet:-1","max-image-preview":"max-image-preview:large","max-video-preview":"max-video-preview:-1"},"canonical":"https:\/\/adhesive-tapes.trocellen.com\/hu\/alkalmazasok\/autoipar\/","twitter_misc":{"Becs\u00fclt olvas\u00e1si id\u0151":"1 perc"},"schema":{"@context":"https:\/\/schema.org","@graph":[{"@type":"WebPage","@id":"https:\/\/adhesive-tapes.trocellen.com\/hu\/alkalmazasok\/autoipar\/","url":"https:\/\/adhesive-tapes.trocellen.com\/hu\/alkalmazasok\/autoipar\/","name":"Aut\u00f3ipar - Adhesive tapes","isPartOf":{"@id":"https:\/\/adhesive-tapes.trocellen.com\/#website"},"primaryImageOfPage":{"@id":"https:\/\/adhesive-tapes.trocellen.com\/hu\/alkalmazasok\/autoipar\/#primaryimage"},"image":{"@id":"https:\/\/adhesive-tapes.trocellen.com\/hu\/alkalmazasok\/autoipar\/#primaryimage"},"thumbnailUrl":"https:\/\/adhesive-tapes.trocellen.com\/wp-content\/uploads\/sites\/4\/2013\/12\/adhesive_tapes-cartext_001-300x204.png","datePublished":"2013-12-08T16:43:36+00:00","dateModified":"2013-12-08T16:43:36+00:00","breadcrumb":{"@id":"https:\/\/adhesive-tapes.trocellen.com\/hu\/alkalmazasok\/autoipar\/#breadcrumb"},"inLanguage":"hu","potentialAction":[{"@type":"ReadAction","target":["https:\/\/adhesive-tapes.trocellen.com\/hu\/alkalmazasok\/autoipar\/"]}]},{"@type":"ImageObject","inLanguage":"hu","@id":"https:\/\/adhesive-tapes.trocellen.com\/hu\/alkalmazasok\/autoipar\/#primaryimage","url":"https:\/\/adhesive-tapes.trocellen.com\/wp-content\/uploads\/sites\/4\/2013\/12\/adhesive_tapes-cartext_001-300x204.png","contentUrl":"https:\/\/adhesive-tapes.trocellen.com\/wp-content\/uploads\/sites\/4\/2013\/12\/adhesive_tapes-cartext_001-300x204.png"},{"@type":"BreadcrumbList","@id":"https:\/\/adhesive-tapes.trocellen.com\/hu\/alkalmazasok\/autoipar\/#breadcrumb","itemListElement":[{"@type":"ListItem","position":1,"name":"Home","item":"https:\/\/adhesive-tapes.trocellen.com\/hu\/"},{"@type":"ListItem","position":2,"name":"Alkalmaz\u00e1sok","item":"https:\/\/adhesive-tapes.trocellen.com\/hu\/alkalmazasok\/"},{"@type":"ListItem","position":3,"name":"Aut\u00f3ipar"}]},{"@type":"WebSite","@id":"https:\/\/adhesive-tapes.trocellen.com\/#website","url":"https:\/\/adhesive-tapes.trocellen.com\/","name":"Adhesive tapes","description":"","potentialAction":[{"@type":"SearchAction","target":{"@type":"EntryPoint","urlTemplate":"https:\/\/adhesive-tapes.trocellen.com\/?s={search_term_string}"},"query-input":{"@type":"PropertyValueSpecification","valueRequired":true,"valueName":"search_term_string"}}],"inLanguage":"hu"}]}},"_links":{"self":[{"href":"https:\/\/adhesive-tapes.trocellen.com\/hu\/wp-json\/wp\/v2\/pages\/766","targetHints":{"allow":["GET"]}}],"collection":[{"href":"https:\/\/adhesive-tapes.trocellen.com\/hu\/wp-json\/wp\/v2\/pages"}],"about":[{"href":"https:\/\/adhesive-tapes.trocellen.com\/hu\/wp-json\/wp\/v2\/types\/page"}],"author":[{"embeddable":true,"href":"https:\/\/adhesive-tapes.trocellen.com\/hu\/wp-json\/wp\/v2\/users\/1"}],"replies":[{"embeddable":true,"href":"https:\/\/adhesive-tapes.trocellen.com\/hu\/wp-json\/wp\/v2\/comments?post=766"}],"version-history":[{"count":0,"href":"https:\/\/adhesive-tapes.trocellen.com\/hu\/wp-json\/wp\/v2\/pages\/766\/revisions"}],"up":[{"embeddable":true,"href":"https:\/\/adhesive-tapes.trocellen.com\/hu\/wp-json\/wp\/v2\/pages\/742"}],"wp:attachment":[{"href":"https:\/\/adhesive-tapes.trocellen.com\/hu\/wp-json\/wp\/v2\/media?parent=766"}],"curies":[{"name":"wp","href":"https:\/\/api.w.org\/{rel}","templated":true}]}}