{"id":772,"date":"2013-12-08T16:43:54","date_gmt":"2013-12-08T16:43:54","guid":{"rendered":"https:\/\/adhesive-tapes.usernet.hu\/elektronika\/"},"modified":"2013-12-08T16:43:54","modified_gmt":"2013-12-08T16:43:54","slug":"elektronika","status":"publish","type":"page","link":"https:\/\/adhesive-tapes.trocellen.com\/hu\/alkalmazasok\/elektronika\/","title":{"rendered":"Elektronika"},"content":{"rendered":"<h2>PE hab hordoz\u00f3k \u00f6ntapad\u00f3 alkalmaz\u00e1sokhoz<\/h2>\n<p>Az elektronikai term\u00e9kek m\u00e9rete egyre ink\u00e1bb cs\u00f6kken. Annak \u00e9rdek\u00e9ben, hogy a lehet\u0151 legkisebb hely felhaszn\u00e1l\u00e1s\u00e1val biztos\u00edtani lehessen a term\u00e9kek stabil r\u00f6gz\u00edt\u00e9s\u00e9t \u00e9s tulajdons\u00e1gaik meg\u0151rz\u00e9s\u00e9t, az \u00f6ntapad\u00f3 r\u00e9szeknek nagyon magas technikai k\u00f6vetelm\u00e9nyeknek kell megfelelni\u00fck. A Trocellen hordoz\u00f3 habjai t\u00e1mogatj\u00e1k az ipar\u00e1gat ezeknek a magas k\u00f6vetelm\u00e9nyeknek val\u00f3 megfelel\u00e9sben.<\/p>\n<h3>Alkalmaz\u00e1sok<\/h3>\n<p><img loading=\"lazy\" decoding=\"async\" class=\"alignright size-medium wp-image-599\" src=\"https:\/\/adhesive-tapes.trocellen.com\/wp-content\/uploads\/sites\/4\/2013\/12\/adhesive_tapes-electronics_001-300x169.png\" alt=\"\" width=\"300\" height=\"169\" srcset=\"https:\/\/adhesive-tapes.trocellen.com\/wp-content\/uploads\/sites\/4\/2013\/12\/adhesive_tapes-electronics_001-300x169.png 300w, https:\/\/adhesive-tapes.trocellen.com\/wp-content\/uploads\/sites\/4\/2013\/12\/adhesive_tapes-electronics_001-768x432.png 768w, https:\/\/adhesive-tapes.trocellen.com\/wp-content\/uploads\/sites\/4\/2013\/12\/adhesive_tapes-electronics_001-1024x576.png 1024w\" sizes=\"auto, (max-width: 300px) 100vw, 300px\" \/><\/p>\n<p>Term\u00e9keink remek\u00fcl tasz\u00edtj\u00e1k a port \u00e9s ellen\u00e1llnak a nedvess\u00e9gnek, nagyon k\u00f6nny\u0171ek, csillap\u00edtj\u00e1k a zajokat \u00e9s nagyon egyszer\u0171en haszn\u00e1lhat\u00f3k az install\u00e1ci\u00f3s folyamatokn\u00e1l mint:<\/p>\n<ul>\n<li>El\u0151lap \u00e9s fed\u0151 r\u00f6gz\u00edt\u00e9sek<\/li>\n<li>Stancolt t\u00f6m\u00edt\u0151 elemek<\/li>\n<\/ul>\n<h3>Tulajdons\u00e1gok<\/h3>\n<ul>\n<li>k\u00f6nnyen v\u00e1ghat\u00f3, feldolgozhat\u00f3 \u00e9s stancolhat\u00f3<\/li>\n<li>magas szak\u00edt\u00f3szil\u00e1rds\u00e1g\u00fa<\/li>\n<li>speci\u00e1lis h\u0151\u00e1ll\u00f3s\u00e1g\u00fa<\/li>\n<li>j\u00f3 fel\u00fcleti vezet\u0151k\u00e9pess\u00e9g<\/li>\n<\/ul>\n<p>Opcion\u00e1lisan el\u00e9rhet\u0151 egy- vagy k\u00e9t oldalas koronakezel\u00e9s vagy <a href=\"https:\/\/trocellen.com\/hu\/technology\/advanced-surface-treatment\/\">hossz\u00fa t\u00e1v\u00fa AST<\/a>.<\/p>\n<h3>El\u0151ny\u00f6k<\/h3>\n<ul>\n<li>rugalmas \u00e9s egyszer\u0171<\/li>\n<li>ide\u00e1lis egyenetlen fel\u00fcletekre<\/li>\n<li>optim\u00e1lis rugalmass\u00e1g<\/li>\n<li>kit\u0171n\u0151 t\u00f6m\u00edt\u00e9s<\/li>\n<li>sima fel\u00fclet, t\u00e9rh\u00e1l\u00f3s\u00edtott \u00e9s z\u00e1rt cell\u00e1s szerkezet<\/li>\n<li>k\u00f6nnyen v\u00e1ghat\u00f3 \u00e9s stancolhat\u00f3<\/li>\n<li>j\u00f3l p\u00e1ros\u00edthat\u00f3 \u00f6ntapad\u00f3kkal<\/li>\n<li>alacsony vastags\u00e1gtolerancia<\/li>\n<li>h\u0151\u00e1ll\u00f3k\u00e9pess\u00e9g<\/li>\n<\/ul>\n","protected":false},"excerpt":{"rendered":"<p>PE hab hordoz\u00f3k \u00f6ntapad\u00f3 alkalmaz\u00e1sokhoz Az elektronikai term\u00e9kek m\u00e9rete egyre ink\u00e1bb cs\u00f6kken. Annak \u00e9rdek\u00e9ben, hogy a lehet\u0151 legkisebb hely felhaszn\u00e1l\u00e1s\u00e1val biztos\u00edtani lehessen a term\u00e9kek stabil r\u00f6gz\u00edt\u00e9s\u00e9t \u00e9s tulajdons\u00e1gaik meg\u0151rz\u00e9s\u00e9t, az \u00f6ntapad\u00f3 r\u00e9szeknek nagyon magas technikai k\u00f6vetelm\u00e9nyeknek kell megfelelni\u00fck. A Trocellen hordoz\u00f3 habjai t\u00e1mogatj\u00e1k az ipar\u00e1gat ezeknek a magas k\u00f6vetelm\u00e9nyeknek val\u00f3 megfelel\u00e9sben. Alkalmaz\u00e1sok Term\u00e9keink remek\u00fcl tasz\u00edtj\u00e1k [&hellip;]<\/p>\n","protected":false},"author":1,"featured_media":0,"parent":742,"menu_order":5,"comment_status":"open","ping_status":"open","template":"","meta":{"_acf_changed":false,"footnotes":""},"class_list":["post-772","page","type-page","status-publish","hentry"],"acf":[],"yoast_head":"<!-- This site is optimized with the Yoast SEO plugin v23.5 - https:\/\/yoast.com\/wordpress\/plugins\/seo\/ -->\n<title>Elektronika - Adhesive tapes<\/title>\n<meta name=\"robots\" content=\"index, follow, max-snippet:-1, max-image-preview:large, max-video-preview:-1\" \/>\n<link rel=\"canonical\" href=\"https:\/\/adhesive-tapes.trocellen.com\/hu\/alkalmazasok\/elektronika\/\" \/>\n<meta name=\"twitter:label1\" content=\"Becs\u00fclt olvas\u00e1si id\u0151\" \/>\n\t<meta name=\"twitter:data1\" content=\"1 perc\" \/>\n<script type=\"application\/ld+json\" class=\"yoast-schema-graph\">{\"@context\":\"https:\/\/schema.org\",\"@graph\":[{\"@type\":\"WebPage\",\"@id\":\"https:\/\/adhesive-tapes.trocellen.com\/hu\/alkalmazasok\/elektronika\/\",\"url\":\"https:\/\/adhesive-tapes.trocellen.com\/hu\/alkalmazasok\/elektronika\/\",\"name\":\"Elektronika - Adhesive tapes\",\"isPartOf\":{\"@id\":\"https:\/\/adhesive-tapes.trocellen.com\/#website\"},\"primaryImageOfPage\":{\"@id\":\"https:\/\/adhesive-tapes.trocellen.com\/hu\/alkalmazasok\/elektronika\/#primaryimage\"},\"image\":{\"@id\":\"https:\/\/adhesive-tapes.trocellen.com\/hu\/alkalmazasok\/elektronika\/#primaryimage\"},\"thumbnailUrl\":\"https:\/\/adhesive-tapes.trocellen.com\/wp-content\/uploads\/sites\/4\/2013\/12\/adhesive_tapes-electronics_001-300x169.png\",\"datePublished\":\"2013-12-08T16:43:54+00:00\",\"dateModified\":\"2013-12-08T16:43:54+00:00\",\"breadcrumb\":{\"@id\":\"https:\/\/adhesive-tapes.trocellen.com\/hu\/alkalmazasok\/elektronika\/#breadcrumb\"},\"inLanguage\":\"hu\",\"potentialAction\":[{\"@type\":\"ReadAction\",\"target\":[\"https:\/\/adhesive-tapes.trocellen.com\/hu\/alkalmazasok\/elektronika\/\"]}]},{\"@type\":\"ImageObject\",\"inLanguage\":\"hu\",\"@id\":\"https:\/\/adhesive-tapes.trocellen.com\/hu\/alkalmazasok\/elektronika\/#primaryimage\",\"url\":\"https:\/\/adhesive-tapes.trocellen.com\/wp-content\/uploads\/sites\/4\/2013\/12\/adhesive_tapes-electronics_001-300x169.png\",\"contentUrl\":\"https:\/\/adhesive-tapes.trocellen.com\/wp-content\/uploads\/sites\/4\/2013\/12\/adhesive_tapes-electronics_001-300x169.png\"},{\"@type\":\"BreadcrumbList\",\"@id\":\"https:\/\/adhesive-tapes.trocellen.com\/hu\/alkalmazasok\/elektronika\/#breadcrumb\",\"itemListElement\":[{\"@type\":\"ListItem\",\"position\":1,\"name\":\"Home\",\"item\":\"https:\/\/adhesive-tapes.trocellen.com\/hu\/\"},{\"@type\":\"ListItem\",\"position\":2,\"name\":\"Alkalmaz\u00e1sok\",\"item\":\"https:\/\/adhesive-tapes.trocellen.com\/hu\/alkalmazasok\/\"},{\"@type\":\"ListItem\",\"position\":3,\"name\":\"Elektronika\"}]},{\"@type\":\"WebSite\",\"@id\":\"https:\/\/adhesive-tapes.trocellen.com\/#website\",\"url\":\"https:\/\/adhesive-tapes.trocellen.com\/\",\"name\":\"Adhesive tapes\",\"description\":\"\",\"potentialAction\":[{\"@type\":\"SearchAction\",\"target\":{\"@type\":\"EntryPoint\",\"urlTemplate\":\"https:\/\/adhesive-tapes.trocellen.com\/?s={search_term_string}\"},\"query-input\":{\"@type\":\"PropertyValueSpecification\",\"valueRequired\":true,\"valueName\":\"search_term_string\"}}],\"inLanguage\":\"hu\"}]}<\/script>\n<!-- \/ Yoast SEO plugin. -->","yoast_head_json":{"title":"Elektronika - Adhesive tapes","robots":{"index":"index","follow":"follow","max-snippet":"max-snippet:-1","max-image-preview":"max-image-preview:large","max-video-preview":"max-video-preview:-1"},"canonical":"https:\/\/adhesive-tapes.trocellen.com\/hu\/alkalmazasok\/elektronika\/","twitter_misc":{"Becs\u00fclt olvas\u00e1si id\u0151":"1 perc"},"schema":{"@context":"https:\/\/schema.org","@graph":[{"@type":"WebPage","@id":"https:\/\/adhesive-tapes.trocellen.com\/hu\/alkalmazasok\/elektronika\/","url":"https:\/\/adhesive-tapes.trocellen.com\/hu\/alkalmazasok\/elektronika\/","name":"Elektronika - Adhesive tapes","isPartOf":{"@id":"https:\/\/adhesive-tapes.trocellen.com\/#website"},"primaryImageOfPage":{"@id":"https:\/\/adhesive-tapes.trocellen.com\/hu\/alkalmazasok\/elektronika\/#primaryimage"},"image":{"@id":"https:\/\/adhesive-tapes.trocellen.com\/hu\/alkalmazasok\/elektronika\/#primaryimage"},"thumbnailUrl":"https:\/\/adhesive-tapes.trocellen.com\/wp-content\/uploads\/sites\/4\/2013\/12\/adhesive_tapes-electronics_001-300x169.png","datePublished":"2013-12-08T16:43:54+00:00","dateModified":"2013-12-08T16:43:54+00:00","breadcrumb":{"@id":"https:\/\/adhesive-tapes.trocellen.com\/hu\/alkalmazasok\/elektronika\/#breadcrumb"},"inLanguage":"hu","potentialAction":[{"@type":"ReadAction","target":["https:\/\/adhesive-tapes.trocellen.com\/hu\/alkalmazasok\/elektronika\/"]}]},{"@type":"ImageObject","inLanguage":"hu","@id":"https:\/\/adhesive-tapes.trocellen.com\/hu\/alkalmazasok\/elektronika\/#primaryimage","url":"https:\/\/adhesive-tapes.trocellen.com\/wp-content\/uploads\/sites\/4\/2013\/12\/adhesive_tapes-electronics_001-300x169.png","contentUrl":"https:\/\/adhesive-tapes.trocellen.com\/wp-content\/uploads\/sites\/4\/2013\/12\/adhesive_tapes-electronics_001-300x169.png"},{"@type":"BreadcrumbList","@id":"https:\/\/adhesive-tapes.trocellen.com\/hu\/alkalmazasok\/elektronika\/#breadcrumb","itemListElement":[{"@type":"ListItem","position":1,"name":"Home","item":"https:\/\/adhesive-tapes.trocellen.com\/hu\/"},{"@type":"ListItem","position":2,"name":"Alkalmaz\u00e1sok","item":"https:\/\/adhesive-tapes.trocellen.com\/hu\/alkalmazasok\/"},{"@type":"ListItem","position":3,"name":"Elektronika"}]},{"@type":"WebSite","@id":"https:\/\/adhesive-tapes.trocellen.com\/#website","url":"https:\/\/adhesive-tapes.trocellen.com\/","name":"Adhesive tapes","description":"","potentialAction":[{"@type":"SearchAction","target":{"@type":"EntryPoint","urlTemplate":"https:\/\/adhesive-tapes.trocellen.com\/?s={search_term_string}"},"query-input":{"@type":"PropertyValueSpecification","valueRequired":true,"valueName":"search_term_string"}}],"inLanguage":"hu"}]}},"_links":{"self":[{"href":"https:\/\/adhesive-tapes.trocellen.com\/hu\/wp-json\/wp\/v2\/pages\/772","targetHints":{"allow":["GET"]}}],"collection":[{"href":"https:\/\/adhesive-tapes.trocellen.com\/hu\/wp-json\/wp\/v2\/pages"}],"about":[{"href":"https:\/\/adhesive-tapes.trocellen.com\/hu\/wp-json\/wp\/v2\/types\/page"}],"author":[{"embeddable":true,"href":"https:\/\/adhesive-tapes.trocellen.com\/hu\/wp-json\/wp\/v2\/users\/1"}],"replies":[{"embeddable":true,"href":"https:\/\/adhesive-tapes.trocellen.com\/hu\/wp-json\/wp\/v2\/comments?post=772"}],"version-history":[{"count":0,"href":"https:\/\/adhesive-tapes.trocellen.com\/hu\/wp-json\/wp\/v2\/pages\/772\/revisions"}],"up":[{"embeddable":true,"href":"https:\/\/adhesive-tapes.trocellen.com\/hu\/wp-json\/wp\/v2\/pages\/742"}],"wp:attachment":[{"href":"https:\/\/adhesive-tapes.trocellen.com\/hu\/wp-json\/wp\/v2\/media?parent=772"}],"curies":[{"name":"wp","href":"https:\/\/api.w.org\/{rel}","templated":true}]}}