{"id":790,"date":"2013-12-08T16:49:18","date_gmt":"2013-12-08T16:49:18","guid":{"rendered":"https:\/\/adhesive-tapes.usernet.hu\/gyogyaszat\/"},"modified":"2013-12-08T16:49:18","modified_gmt":"2013-12-08T16:49:18","slug":"gyogyaszat","status":"publish","type":"page","link":"https:\/\/adhesive-tapes.trocellen.com\/hu\/alkalmazasok\/gyogyaszat\/","title":{"rendered":"Gy\u00f3gy\u00e1szat"},"content":{"rendered":"<h2>PE habok gy\u00f3gy\u00e1szati f\u00e9lk\u00e9sz term\u00e9kekhez<\/h2>\n<p>A gy\u00f3gy\u00e1szatnak nagyon magas k\u00f6vetelm\u00e9nyei vannak az elektr\u00f3d\u00e1k megb\u00edzhat\u00f3s\u00e1ga \u00e9s adapt\u00e1lhat\u00f3s\u00e1ga tekintet\u00e9ben. A TRocellen PE habjai egyedi tulajdons\u00e1gainak k\u00f6sz\u00f6nhet\u0151en, \u00fagymint rugalmass\u00e1g, z\u00e1rt cellaszerkezet \u00e9s v\u00edzz\u00e1r\u00f3 k\u00e9pess\u00e9g t\u00f6k\u00e9letesen alkalmas ezekn\u00e9l a kih\u00edv\u00e1sokat jelent\u0151 alkalmaz\u00e1sokn\u00e1l. Marketing, gy\u00e1rt\u00e1si \u00e9s alkalmaz\u00e1stechnikai szakembereinkkel k\u00f6z\u00f6sen folyamatosan fejlesztj\u00fck a gy\u00f3gy\u00e1szat speci\u00e1lis k\u00f6vetelm\u00e9nyeinek megfelel\u0151, szem\u00e9lyre szabott megold\u00e1sokat.<\/p>\n<h3>Alkalmaz\u00e1sok<\/h3>\n<p><img loading=\"lazy\" decoding=\"async\" class=\"alignright size-medium wp-image-601\" src=\"https:\/\/adhesive-tapes.trocellen.com\/wp-content\/uploads\/sites\/4\/2013\/12\/adhesive_tapes-medical_body_002-300x169.png\" alt=\"\" width=\"300\" height=\"169\" srcset=\"https:\/\/adhesive-tapes.trocellen.com\/wp-content\/uploads\/sites\/4\/2013\/12\/adhesive_tapes-medical_body_002-300x169.png 300w, https:\/\/adhesive-tapes.trocellen.com\/wp-content\/uploads\/sites\/4\/2013\/12\/adhesive_tapes-medical_body_002-768x432.png 768w, https:\/\/adhesive-tapes.trocellen.com\/wp-content\/uploads\/sites\/4\/2013\/12\/adhesive_tapes-medical_body_002-1024x576.png 1024w\" sizes=\"auto, (max-width: 300px) 100vw, 300px\" \/><br \/>\nA Trocellen PE habok megtal\u00e1lhat\u00f3k hordoz\u00f3k\u00e9nt az al\u00e1bbi term\u00e9kekben:<\/p>\n<ul>\n<li>hossz\u00fa \u00e9lettartam\u00fa EKG elektr\u00f3da<\/li>\n<li>semleges elektr\u00f3da<\/li>\n<li>k\u00f6t\u00f6z\u0151 p\u00e1rna<\/li>\n<\/ul>\n<h3>El\u00e9rhet\u0151 term\u00e9kt\u00edpus<\/h3>\n<p>Opcion\u00e1lisan el\u00e9rhet\u0151 egy- vagy k\u00e9t oldalas koronakezel\u00e9s vagy hossz\u00fa t\u00e1v\u00fa AST.<\/p>\n<h3>El\u0151ny\u00f6k<\/h3>\n<p><img loading=\"lazy\" decoding=\"async\" src=\"https:\/\/adhesive-tapes.trocellen.com\/wp-content\/uploads\/sites\/4\/2013\/12\/medical_adhesive_tapes_001-300x169.png\" alt=\"\" width=\"300\" height=\"169\" class=\"alignright size-medium wp-image-610\" srcset=\"https:\/\/adhesive-tapes.trocellen.com\/wp-content\/uploads\/sites\/4\/2013\/12\/medical_adhesive_tapes_001-300x169.png 300w, https:\/\/adhesive-tapes.trocellen.com\/wp-content\/uploads\/sites\/4\/2013\/12\/medical_adhesive_tapes_001-768x432.png 768w, https:\/\/adhesive-tapes.trocellen.com\/wp-content\/uploads\/sites\/4\/2013\/12\/medical_adhesive_tapes_001-1024x576.png 1024w, https:\/\/adhesive-tapes.trocellen.com\/wp-content\/uploads\/sites\/4\/2013\/12\/medical_adhesive_tapes_001.png 1200w\" sizes=\"auto, (max-width: 300px) 100vw, 300px\" \/><\/p>\n<ul>\n<li>fel\u00fclet, rugalmass\u00e1g, tiszta feh\u00e9r sz\u00edn<\/li>\n<li>b\u0151rfel\u00fcleteken alkalmazhat\u00f3 hum\u00e1ngy\u00f3gy\u00e1szatban<\/li>\n<li>kellemes \u00e9rz\u00e9s a testnek<\/li>\n<li>k\u00f6nnyen tiszt\u00e1n tarthat<\/li>\n<li>t\u00e9rh\u00e1l\u00f3s \u00e9s z\u00e1rt cell\u00e1s<\/li>\n<li>k\u00f6nnyen v\u00e1ghat\u00f3 \u00e9s stancolhat\u00f3<\/li>\n<li>testv\u00e1lad\u00e9kot nem sz\u00edvja mag\u00e1ba<\/li>\n<li>v\u00edz- \u00e9s folyad\u00e9k- tasz\u00edt\u00f3<\/li>\n<li>k\u00f6nnyen tiszt\u00edthat\u00f3 \u00e9s steriliz\u00e1lhat\u00f3<\/li>\n<\/ul>\n","protected":false},"excerpt":{"rendered":"<p>PE habok gy\u00f3gy\u00e1szati f\u00e9lk\u00e9sz term\u00e9kekhez A gy\u00f3gy\u00e1szatnak nagyon magas k\u00f6vetelm\u00e9nyei vannak az elektr\u00f3d\u00e1k megb\u00edzhat\u00f3s\u00e1ga \u00e9s adapt\u00e1lhat\u00f3s\u00e1ga tekintet\u00e9ben. A TRocellen PE habjai egyedi tulajdons\u00e1gainak k\u00f6sz\u00f6nhet\u0151en, \u00fagymint rugalmass\u00e1g, z\u00e1rt cellaszerkezet \u00e9s v\u00edzz\u00e1r\u00f3 k\u00e9pess\u00e9g t\u00f6k\u00e9letesen alkalmas ezekn\u00e9l a kih\u00edv\u00e1sokat jelent\u0151 alkalmaz\u00e1sokn\u00e1l. Marketing, gy\u00e1rt\u00e1si \u00e9s alkalmaz\u00e1stechnikai szakembereinkkel k\u00f6z\u00f6sen folyamatosan fejlesztj\u00fck a gy\u00f3gy\u00e1szat speci\u00e1lis k\u00f6vetelm\u00e9nyeinek megfelel\u0151, szem\u00e9lyre szabott megold\u00e1sokat. Alkalmaz\u00e1sok [&hellip;]<\/p>\n","protected":false},"author":1,"featured_media":0,"parent":742,"menu_order":6,"comment_status":"open","ping_status":"open","template":"","meta":{"_acf_changed":false,"footnotes":""},"class_list":["post-790","page","type-page","status-publish","hentry"],"acf":[],"yoast_head":"<!-- This site is optimized with the Yoast SEO plugin v23.5 - https:\/\/yoast.com\/wordpress\/plugins\/seo\/ -->\n<title>Gy\u00f3gy\u00e1szat - Adhesive tapes<\/title>\n<meta name=\"robots\" content=\"index, follow, max-snippet:-1, max-image-preview:large, max-video-preview:-1\" \/>\n<link rel=\"canonical\" href=\"https:\/\/adhesive-tapes.trocellen.com\/hu\/alkalmazasok\/gyogyaszat\/\" \/>\n<meta name=\"twitter:label1\" content=\"Becs\u00fclt olvas\u00e1si id\u0151\" \/>\n\t<meta name=\"twitter:data1\" content=\"1 perc\" \/>\n<script type=\"application\/ld+json\" class=\"yoast-schema-graph\">{\"@context\":\"https:\/\/schema.org\",\"@graph\":[{\"@type\":\"WebPage\",\"@id\":\"https:\/\/adhesive-tapes.trocellen.com\/hu\/alkalmazasok\/gyogyaszat\/\",\"url\":\"https:\/\/adhesive-tapes.trocellen.com\/hu\/alkalmazasok\/gyogyaszat\/\",\"name\":\"Gy\u00f3gy\u00e1szat - Adhesive tapes\",\"isPartOf\":{\"@id\":\"https:\/\/adhesive-tapes.trocellen.com\/#website\"},\"primaryImageOfPage\":{\"@id\":\"https:\/\/adhesive-tapes.trocellen.com\/hu\/alkalmazasok\/gyogyaszat\/#primaryimage\"},\"image\":{\"@id\":\"https:\/\/adhesive-tapes.trocellen.com\/hu\/alkalmazasok\/gyogyaszat\/#primaryimage\"},\"thumbnailUrl\":\"https:\/\/adhesive-tapes.trocellen.com\/wp-content\/uploads\/sites\/4\/2013\/12\/adhesive_tapes-medical_body_002-300x169.png\",\"datePublished\":\"2013-12-08T16:49:18+00:00\",\"dateModified\":\"2013-12-08T16:49:18+00:00\",\"breadcrumb\":{\"@id\":\"https:\/\/adhesive-tapes.trocellen.com\/hu\/alkalmazasok\/gyogyaszat\/#breadcrumb\"},\"inLanguage\":\"hu\",\"potentialAction\":[{\"@type\":\"ReadAction\",\"target\":[\"https:\/\/adhesive-tapes.trocellen.com\/hu\/alkalmazasok\/gyogyaszat\/\"]}]},{\"@type\":\"ImageObject\",\"inLanguage\":\"hu\",\"@id\":\"https:\/\/adhesive-tapes.trocellen.com\/hu\/alkalmazasok\/gyogyaszat\/#primaryimage\",\"url\":\"https:\/\/adhesive-tapes.trocellen.com\/wp-content\/uploads\/sites\/4\/2013\/12\/adhesive_tapes-medical_body_002-300x169.png\",\"contentUrl\":\"https:\/\/adhesive-tapes.trocellen.com\/wp-content\/uploads\/sites\/4\/2013\/12\/adhesive_tapes-medical_body_002-300x169.png\"},{\"@type\":\"BreadcrumbList\",\"@id\":\"https:\/\/adhesive-tapes.trocellen.com\/hu\/alkalmazasok\/gyogyaszat\/#breadcrumb\",\"itemListElement\":[{\"@type\":\"ListItem\",\"position\":1,\"name\":\"Home\",\"item\":\"https:\/\/adhesive-tapes.trocellen.com\/hu\/\"},{\"@type\":\"ListItem\",\"position\":2,\"name\":\"Alkalmaz\u00e1sok\",\"item\":\"https:\/\/adhesive-tapes.trocellen.com\/hu\/alkalmazasok\/\"},{\"@type\":\"ListItem\",\"position\":3,\"name\":\"Gy\u00f3gy\u00e1szat\"}]},{\"@type\":\"WebSite\",\"@id\":\"https:\/\/adhesive-tapes.trocellen.com\/#website\",\"url\":\"https:\/\/adhesive-tapes.trocellen.com\/\",\"name\":\"Adhesive tapes\",\"description\":\"\",\"potentialAction\":[{\"@type\":\"SearchAction\",\"target\":{\"@type\":\"EntryPoint\",\"urlTemplate\":\"https:\/\/adhesive-tapes.trocellen.com\/?s={search_term_string}\"},\"query-input\":{\"@type\":\"PropertyValueSpecification\",\"valueRequired\":true,\"valueName\":\"search_term_string\"}}],\"inLanguage\":\"hu\"}]}<\/script>\n<!-- \/ Yoast SEO plugin. -->","yoast_head_json":{"title":"Gy\u00f3gy\u00e1szat - Adhesive tapes","robots":{"index":"index","follow":"follow","max-snippet":"max-snippet:-1","max-image-preview":"max-image-preview:large","max-video-preview":"max-video-preview:-1"},"canonical":"https:\/\/adhesive-tapes.trocellen.com\/hu\/alkalmazasok\/gyogyaszat\/","twitter_misc":{"Becs\u00fclt olvas\u00e1si id\u0151":"1 perc"},"schema":{"@context":"https:\/\/schema.org","@graph":[{"@type":"WebPage","@id":"https:\/\/adhesive-tapes.trocellen.com\/hu\/alkalmazasok\/gyogyaszat\/","url":"https:\/\/adhesive-tapes.trocellen.com\/hu\/alkalmazasok\/gyogyaszat\/","name":"Gy\u00f3gy\u00e1szat - Adhesive tapes","isPartOf":{"@id":"https:\/\/adhesive-tapes.trocellen.com\/#website"},"primaryImageOfPage":{"@id":"https:\/\/adhesive-tapes.trocellen.com\/hu\/alkalmazasok\/gyogyaszat\/#primaryimage"},"image":{"@id":"https:\/\/adhesive-tapes.trocellen.com\/hu\/alkalmazasok\/gyogyaszat\/#primaryimage"},"thumbnailUrl":"https:\/\/adhesive-tapes.trocellen.com\/wp-content\/uploads\/sites\/4\/2013\/12\/adhesive_tapes-medical_body_002-300x169.png","datePublished":"2013-12-08T16:49:18+00:00","dateModified":"2013-12-08T16:49:18+00:00","breadcrumb":{"@id":"https:\/\/adhesive-tapes.trocellen.com\/hu\/alkalmazasok\/gyogyaszat\/#breadcrumb"},"inLanguage":"hu","potentialAction":[{"@type":"ReadAction","target":["https:\/\/adhesive-tapes.trocellen.com\/hu\/alkalmazasok\/gyogyaszat\/"]}]},{"@type":"ImageObject","inLanguage":"hu","@id":"https:\/\/adhesive-tapes.trocellen.com\/hu\/alkalmazasok\/gyogyaszat\/#primaryimage","url":"https:\/\/adhesive-tapes.trocellen.com\/wp-content\/uploads\/sites\/4\/2013\/12\/adhesive_tapes-medical_body_002-300x169.png","contentUrl":"https:\/\/adhesive-tapes.trocellen.com\/wp-content\/uploads\/sites\/4\/2013\/12\/adhesive_tapes-medical_body_002-300x169.png"},{"@type":"BreadcrumbList","@id":"https:\/\/adhesive-tapes.trocellen.com\/hu\/alkalmazasok\/gyogyaszat\/#breadcrumb","itemListElement":[{"@type":"ListItem","position":1,"name":"Home","item":"https:\/\/adhesive-tapes.trocellen.com\/hu\/"},{"@type":"ListItem","position":2,"name":"Alkalmaz\u00e1sok","item":"https:\/\/adhesive-tapes.trocellen.com\/hu\/alkalmazasok\/"},{"@type":"ListItem","position":3,"name":"Gy\u00f3gy\u00e1szat"}]},{"@type":"WebSite","@id":"https:\/\/adhesive-tapes.trocellen.com\/#website","url":"https:\/\/adhesive-tapes.trocellen.com\/","name":"Adhesive tapes","description":"","potentialAction":[{"@type":"SearchAction","target":{"@type":"EntryPoint","urlTemplate":"https:\/\/adhesive-tapes.trocellen.com\/?s={search_term_string}"},"query-input":{"@type":"PropertyValueSpecification","valueRequired":true,"valueName":"search_term_string"}}],"inLanguage":"hu"}]}},"_links":{"self":[{"href":"https:\/\/adhesive-tapes.trocellen.com\/hu\/wp-json\/wp\/v2\/pages\/790","targetHints":{"allow":["GET"]}}],"collection":[{"href":"https:\/\/adhesive-tapes.trocellen.com\/hu\/wp-json\/wp\/v2\/pages"}],"about":[{"href":"https:\/\/adhesive-tapes.trocellen.com\/hu\/wp-json\/wp\/v2\/types\/page"}],"author":[{"embeddable":true,"href":"https:\/\/adhesive-tapes.trocellen.com\/hu\/wp-json\/wp\/v2\/users\/1"}],"replies":[{"embeddable":true,"href":"https:\/\/adhesive-tapes.trocellen.com\/hu\/wp-json\/wp\/v2\/comments?post=790"}],"version-history":[{"count":0,"href":"https:\/\/adhesive-tapes.trocellen.com\/hu\/wp-json\/wp\/v2\/pages\/790\/revisions"}],"up":[{"embeddable":true,"href":"https:\/\/adhesive-tapes.trocellen.com\/hu\/wp-json\/wp\/v2\/pages\/742"}],"wp:attachment":[{"href":"https:\/\/adhesive-tapes.trocellen.com\/hu\/wp-json\/wp\/v2\/media?parent=790"}],"curies":[{"name":"wp","href":"https:\/\/api.w.org\/{rel}","templated":true}]}}