{"id":796,"date":"2013-12-08T16:49:26","date_gmt":"2013-12-08T16:49:26","guid":{"rendered":"https:\/\/adhesive-tapes.usernet.hu\/csomagolas\/"},"modified":"2013-12-08T16:49:26","modified_gmt":"2013-12-08T16:49:26","slug":"csomagolas","status":"publish","type":"page","link":"https:\/\/adhesive-tapes.trocellen.com\/hu\/alkalmazasok\/csomagolas\/","title":{"rendered":"Csomagol\u00e1s"},"content":{"rendered":"<h2>PE habok a csomagol\u00f3ipar sz\u00e1m\u00e1ra<\/h2>\n<p>A csomagol\u00e1si alkalmaz\u00e1sok gyakran ig\u00e9nyelnek olyan anyagokat, ahol puhas\u00e1g p\u00e1rosul a megfelel\u0151 szil\u00e1rds\u00e1ggal, merevs\u00e9ggel. Az alkalmazhat\u00f3s\u00e1g \u00e9s funkcionalit\u00e1s legal\u00e1bb annyira fontos mint a komfort a v\u00e9gfelhaszn\u00e1l\u00f3 sz\u00e1m\u00e1ra. A v\u00e9gterm\u00e9k v\u00e9delme kiemelt fontoss\u00e1ggal b\u00edr. A TROCELLEN PE habok remek\u00fcl megfelelnek a k\u00fcl\u00f6nf\u00e9le csomagol\u00e1si elv\u00e1r\u00e1soknak.<\/p>\n<h3>Alkalmaz\u00e1sok<\/h3>\n<p><img loading=\"lazy\" decoding=\"async\" src=\"https:\/\/adhesive-tapes.trocellen.com\/wp-content\/uploads\/sites\/4\/2013\/12\/adhesive_tapes-packaging-bottle_pack_001-300x204.png\" alt=\"\" width=\"300\" height=\"204\" class=\"alignright size-medium wp-image-614\" srcset=\"https:\/\/adhesive-tapes.trocellen.com\/wp-content\/uploads\/sites\/4\/2013\/12\/adhesive_tapes-packaging-bottle_pack_001-300x204.png 300w, https:\/\/adhesive-tapes.trocellen.com\/wp-content\/uploads\/sites\/4\/2013\/12\/adhesive_tapes-packaging-bottle_pack_001-768x523.png 768w, https:\/\/adhesive-tapes.trocellen.com\/wp-content\/uploads\/sites\/4\/2013\/12\/adhesive_tapes-packaging-bottle_pack_001-1024x697.png 1024w, https:\/\/adhesive-tapes.trocellen.com\/wp-content\/uploads\/sites\/4\/2013\/12\/adhesive_tapes-packaging-bottle_pack_001.png 1200w\" sizes=\"auto, (max-width: 300px) 100vw, 300px\" \/><br \/>\nFoganty\u00fak<\/p>\n<ul>\n<li>Egyedi sz\u00edn jel\u00f6l\u00e9s<\/li>\n<li>Tapinthat\u00f3 komfort<\/li>\n<li>Min\u0151s\u00e9gi \u00e9rzet<\/li>\n<\/ul>\n<h3>Flexografikus t\u00e1bl\u00e1k csomagol\u00e1sa:<\/h3>\n<ul>\n<li>Tov\u00e1bbfejlesztett s\u00farl\u00f3d\u00e1scs\u00f6kkent\u0151 tulajdons\u00e1g<\/li>\n<li>Szabatos t\u00e1bl\u00e1ra v\u00e1g\u00e1s<\/li>\n<li>Sz\u00e1ll\u00edt\u00e1s kartondobozban a lemezek  optim\u00e1lis kezel\u00e9se \u00e9rdek\u00e9ben<\/li>\n<\/ul>\n<h3>El\u00e9rhet\u0151 term\u00e9kt\u00edpusok<\/h3>\n<p>Opcion\u00e1lisan el\u00e9rhet\u0151 egy- vagy k\u00e9t oldalas koronakezel\u00e9s vagy hossz\u00fa t\u00e1v\u00fa AST.<\/p>\n<h3>El\u0151ny\u00f6k<\/h3>\n<ul>\n<li>rugalmas \u00e9s egyszer\u0171<\/li>\n<li>ide\u00e1lis egyenetlen fel\u00fcletekre<\/li>\n<li>optim\u00e1lis rugalmass\u00e1g<\/li>\n<li>sima fel\u00fclet, t\u00e9rh\u00e1l\u00f3s\u00edtott \u00e9s z\u00e1rt cell\u00e1s szerkezet<\/li>\n<li>k\u00f6nnyen v\u00e1ghat\u00f3 \u00e9s stancolhat\u00f3<\/li>\n<li>j\u00f3l p\u00e1ros\u00edthat\u00f3 \u00f6ntapad\u00f3kkal<\/li>\n<li>alacsony vastags\u00e1gtolerancia<\/li>\n<\/ul>\n","protected":false},"excerpt":{"rendered":"<p>PE habok a csomagol\u00f3ipar sz\u00e1m\u00e1ra A csomagol\u00e1si alkalmaz\u00e1sok gyakran ig\u00e9nyelnek olyan anyagokat, ahol puhas\u00e1g p\u00e1rosul a megfelel\u0151 szil\u00e1rds\u00e1ggal, merevs\u00e9ggel. Az alkalmazhat\u00f3s\u00e1g \u00e9s funkcionalit\u00e1s legal\u00e1bb annyira fontos mint a komfort a v\u00e9gfelhaszn\u00e1l\u00f3 sz\u00e1m\u00e1ra. A v\u00e9gterm\u00e9k v\u00e9delme kiemelt fontoss\u00e1ggal b\u00edr. A TROCELLEN PE habok remek\u00fcl megfelelnek a k\u00fcl\u00f6nf\u00e9le csomagol\u00e1si elv\u00e1r\u00e1soknak. Alkalmaz\u00e1sok Foganty\u00fak Egyedi sz\u00edn jel\u00f6l\u00e9s Tapinthat\u00f3 komfort [&hellip;]<\/p>\n","protected":false},"author":1,"featured_media":0,"parent":742,"menu_order":7,"comment_status":"open","ping_status":"open","template":"","meta":{"_acf_changed":false,"footnotes":""},"class_list":["post-796","page","type-page","status-publish","hentry"],"acf":[],"yoast_head":"<!-- This site is optimized with the Yoast SEO plugin v23.5 - https:\/\/yoast.com\/wordpress\/plugins\/seo\/ -->\n<title>Csomagol\u00e1s - Adhesive tapes<\/title>\n<meta name=\"robots\" content=\"index, follow, max-snippet:-1, max-image-preview:large, max-video-preview:-1\" \/>\n<link rel=\"canonical\" href=\"https:\/\/adhesive-tapes.trocellen.com\/hu\/alkalmazasok\/csomagolas\/\" \/>\n<meta name=\"twitter:label1\" content=\"Becs\u00fclt olvas\u00e1si id\u0151\" \/>\n\t<meta name=\"twitter:data1\" content=\"1 perc\" \/>\n<script type=\"application\/ld+json\" class=\"yoast-schema-graph\">{\"@context\":\"https:\/\/schema.org\",\"@graph\":[{\"@type\":\"WebPage\",\"@id\":\"https:\/\/adhesive-tapes.trocellen.com\/hu\/alkalmazasok\/csomagolas\/\",\"url\":\"https:\/\/adhesive-tapes.trocellen.com\/hu\/alkalmazasok\/csomagolas\/\",\"name\":\"Csomagol\u00e1s - Adhesive tapes\",\"isPartOf\":{\"@id\":\"https:\/\/adhesive-tapes.trocellen.com\/#website\"},\"primaryImageOfPage\":{\"@id\":\"https:\/\/adhesive-tapes.trocellen.com\/hu\/alkalmazasok\/csomagolas\/#primaryimage\"},\"image\":{\"@id\":\"https:\/\/adhesive-tapes.trocellen.com\/hu\/alkalmazasok\/csomagolas\/#primaryimage\"},\"thumbnailUrl\":\"https:\/\/adhesive-tapes.trocellen.com\/wp-content\/uploads\/sites\/4\/2013\/12\/adhesive_tapes-packaging-bottle_pack_001-300x204.png\",\"datePublished\":\"2013-12-08T16:49:26+00:00\",\"dateModified\":\"2013-12-08T16:49:26+00:00\",\"breadcrumb\":{\"@id\":\"https:\/\/adhesive-tapes.trocellen.com\/hu\/alkalmazasok\/csomagolas\/#breadcrumb\"},\"inLanguage\":\"hu\",\"potentialAction\":[{\"@type\":\"ReadAction\",\"target\":[\"https:\/\/adhesive-tapes.trocellen.com\/hu\/alkalmazasok\/csomagolas\/\"]}]},{\"@type\":\"ImageObject\",\"inLanguage\":\"hu\",\"@id\":\"https:\/\/adhesive-tapes.trocellen.com\/hu\/alkalmazasok\/csomagolas\/#primaryimage\",\"url\":\"https:\/\/adhesive-tapes.trocellen.com\/wp-content\/uploads\/sites\/4\/2013\/12\/adhesive_tapes-packaging-bottle_pack_001-300x204.png\",\"contentUrl\":\"https:\/\/adhesive-tapes.trocellen.com\/wp-content\/uploads\/sites\/4\/2013\/12\/adhesive_tapes-packaging-bottle_pack_001-300x204.png\"},{\"@type\":\"BreadcrumbList\",\"@id\":\"https:\/\/adhesive-tapes.trocellen.com\/hu\/alkalmazasok\/csomagolas\/#breadcrumb\",\"itemListElement\":[{\"@type\":\"ListItem\",\"position\":1,\"name\":\"Home\",\"item\":\"https:\/\/adhesive-tapes.trocellen.com\/hu\/\"},{\"@type\":\"ListItem\",\"position\":2,\"name\":\"Alkalmaz\u00e1sok\",\"item\":\"https:\/\/adhesive-tapes.trocellen.com\/hu\/alkalmazasok\/\"},{\"@type\":\"ListItem\",\"position\":3,\"name\":\"Csomagol\u00e1s\"}]},{\"@type\":\"WebSite\",\"@id\":\"https:\/\/adhesive-tapes.trocellen.com\/#website\",\"url\":\"https:\/\/adhesive-tapes.trocellen.com\/\",\"name\":\"Adhesive tapes\",\"description\":\"\",\"potentialAction\":[{\"@type\":\"SearchAction\",\"target\":{\"@type\":\"EntryPoint\",\"urlTemplate\":\"https:\/\/adhesive-tapes.trocellen.com\/?s={search_term_string}\"},\"query-input\":{\"@type\":\"PropertyValueSpecification\",\"valueRequired\":true,\"valueName\":\"search_term_string\"}}],\"inLanguage\":\"hu\"}]}<\/script>\n<!-- \/ Yoast SEO plugin. -->","yoast_head_json":{"title":"Csomagol\u00e1s - Adhesive tapes","robots":{"index":"index","follow":"follow","max-snippet":"max-snippet:-1","max-image-preview":"max-image-preview:large","max-video-preview":"max-video-preview:-1"},"canonical":"https:\/\/adhesive-tapes.trocellen.com\/hu\/alkalmazasok\/csomagolas\/","twitter_misc":{"Becs\u00fclt olvas\u00e1si id\u0151":"1 perc"},"schema":{"@context":"https:\/\/schema.org","@graph":[{"@type":"WebPage","@id":"https:\/\/adhesive-tapes.trocellen.com\/hu\/alkalmazasok\/csomagolas\/","url":"https:\/\/adhesive-tapes.trocellen.com\/hu\/alkalmazasok\/csomagolas\/","name":"Csomagol\u00e1s - Adhesive tapes","isPartOf":{"@id":"https:\/\/adhesive-tapes.trocellen.com\/#website"},"primaryImageOfPage":{"@id":"https:\/\/adhesive-tapes.trocellen.com\/hu\/alkalmazasok\/csomagolas\/#primaryimage"},"image":{"@id":"https:\/\/adhesive-tapes.trocellen.com\/hu\/alkalmazasok\/csomagolas\/#primaryimage"},"thumbnailUrl":"https:\/\/adhesive-tapes.trocellen.com\/wp-content\/uploads\/sites\/4\/2013\/12\/adhesive_tapes-packaging-bottle_pack_001-300x204.png","datePublished":"2013-12-08T16:49:26+00:00","dateModified":"2013-12-08T16:49:26+00:00","breadcrumb":{"@id":"https:\/\/adhesive-tapes.trocellen.com\/hu\/alkalmazasok\/csomagolas\/#breadcrumb"},"inLanguage":"hu","potentialAction":[{"@type":"ReadAction","target":["https:\/\/adhesive-tapes.trocellen.com\/hu\/alkalmazasok\/csomagolas\/"]}]},{"@type":"ImageObject","inLanguage":"hu","@id":"https:\/\/adhesive-tapes.trocellen.com\/hu\/alkalmazasok\/csomagolas\/#primaryimage","url":"https:\/\/adhesive-tapes.trocellen.com\/wp-content\/uploads\/sites\/4\/2013\/12\/adhesive_tapes-packaging-bottle_pack_001-300x204.png","contentUrl":"https:\/\/adhesive-tapes.trocellen.com\/wp-content\/uploads\/sites\/4\/2013\/12\/adhesive_tapes-packaging-bottle_pack_001-300x204.png"},{"@type":"BreadcrumbList","@id":"https:\/\/adhesive-tapes.trocellen.com\/hu\/alkalmazasok\/csomagolas\/#breadcrumb","itemListElement":[{"@type":"ListItem","position":1,"name":"Home","item":"https:\/\/adhesive-tapes.trocellen.com\/hu\/"},{"@type":"ListItem","position":2,"name":"Alkalmaz\u00e1sok","item":"https:\/\/adhesive-tapes.trocellen.com\/hu\/alkalmazasok\/"},{"@type":"ListItem","position":3,"name":"Csomagol\u00e1s"}]},{"@type":"WebSite","@id":"https:\/\/adhesive-tapes.trocellen.com\/#website","url":"https:\/\/adhesive-tapes.trocellen.com\/","name":"Adhesive tapes","description":"","potentialAction":[{"@type":"SearchAction","target":{"@type":"EntryPoint","urlTemplate":"https:\/\/adhesive-tapes.trocellen.com\/?s={search_term_string}"},"query-input":{"@type":"PropertyValueSpecification","valueRequired":true,"valueName":"search_term_string"}}],"inLanguage":"hu"}]}},"_links":{"self":[{"href":"https:\/\/adhesive-tapes.trocellen.com\/hu\/wp-json\/wp\/v2\/pages\/796","targetHints":{"allow":["GET"]}}],"collection":[{"href":"https:\/\/adhesive-tapes.trocellen.com\/hu\/wp-json\/wp\/v2\/pages"}],"about":[{"href":"https:\/\/adhesive-tapes.trocellen.com\/hu\/wp-json\/wp\/v2\/types\/page"}],"author":[{"embeddable":true,"href":"https:\/\/adhesive-tapes.trocellen.com\/hu\/wp-json\/wp\/v2\/users\/1"}],"replies":[{"embeddable":true,"href":"https:\/\/adhesive-tapes.trocellen.com\/hu\/wp-json\/wp\/v2\/comments?post=796"}],"version-history":[{"count":0,"href":"https:\/\/adhesive-tapes.trocellen.com\/hu\/wp-json\/wp\/v2\/pages\/796\/revisions"}],"up":[{"embeddable":true,"href":"https:\/\/adhesive-tapes.trocellen.com\/hu\/wp-json\/wp\/v2\/pages\/742"}],"wp:attachment":[{"href":"https:\/\/adhesive-tapes.trocellen.com\/hu\/wp-json\/wp\/v2\/media?parent=796"}],"curies":[{"name":"wp","href":"https:\/\/api.w.org\/{rel}","templated":true}]}}