{"id":802,"date":"2013-12-08T16:59:38","date_gmt":"2013-12-08T16:59:38","guid":{"rendered":"https:\/\/adhesive-tapes.usernet.hu\/ontapado-szalagok-eros-kotodes-a-jovohoz\/"},"modified":"2013-12-08T16:59:38","modified_gmt":"2013-12-08T16:59:38","slug":"ontapado-szalagok-eros-kotodes-a-jovohoz","status":"publish","type":"page","link":"https:\/\/adhesive-tapes.trocellen.com\/hu\/ontapado-szalagok-eros-kotodes-a-jovohoz\/","title":{"rendered":"\u00d6ntapad\u00f3 szalagok \u2013 Er\u0151s K\u00f6t\u0151d\u00e9s a J\u00f6v\u0151h\u00f6z"},"content":{"rendered":"<p>A Trocellen \u00f6ntapad\u00f3 szalag-megold\u00e1sai olyan sokf\u00e9l\u00e9k, amilyen sokf\u00e9l\u00e9k partnereink ig\u00e9nyei.<!--more--><\/p>\n<p><img loading=\"lazy\" decoding=\"async\" class=\"alignright size-medium wp-image-54\" alt=\"adhesive_1\" src=\"https:\/\/adhesive-tapes.trocellen.com\/wp-content\/uploads\/sites\/4\/2013\/12\/adhesive_1-300x188.jpg\" width=\"300\" height=\"188\" srcset=\"https:\/\/adhesive-tapes.trocellen.com\/wp-content\/uploads\/sites\/4\/2013\/12\/adhesive_1-300x188.jpg 300w, https:\/\/adhesive-tapes.trocellen.com\/wp-content\/uploads\/sites\/4\/2013\/12\/adhesive_1.jpg 522w\" sizes=\"auto, (max-width: 300px) 100vw, 300px\" \/><\/p>\n<p>Sokoldal\u00fa szakembereink folyamatosan dolgoznak a lehet\u0151 legjobb megold\u00e1sok kialak\u00edt\u00e1s\u00e1n megannyi k\u00fcl\u00f6nf\u00e9le ipar\u00e1g \u00e9s alkalmaz\u00e1s sz\u00e1m\u00e1ra. Az \u00f6n k\u00fcl\u00f6nleges ig\u00e9nyeit \u00e9s elv\u00e1r\u00e1sait is igyeksz\u00fcnk kiel\u00e9g\u00edteni. Ehhez munkat\u00e1rsaink kreativit\u00e1s\u00e1t kimagasl\u00f3 technol\u00f3giai h\u00e1tter\u00fcnkkel \u00f6tv\u00f6zz\u00fck, hogy min\u0151s\u00e9gi, szem\u00e9lyre-szabott megold\u00e1sokat sz\u00e1ll\u00edthassunk v\u00e1llalkoz\u00e1sa sz\u00e1m\u00e1ra.<\/p>\n<p>Ahhoz pedig, hogy val\u00f3ban k\u00fcl\u00f6nleges \u00f6tletekkel \u00e1llhassunk el\u0151 term\u00e9k- \u00e9s alkalmaz\u00e1s-m\u00e9rn\u00f6keink folyamatosan jav\u00edtj\u00e1k \u00e9s fejlesztik anyagaink jellemz\u0151it \u00e9s termel\u00e9si m\u00f3dszereinket.<\/p>\n<p>K\u00e9pess\u00e9g\u00fcnk az innov\u00e1ci\u00f3ra teh\u00e1t sz\u00e9lesk\u00f6r\u0171 ipar\u00e1gi tapasztalatainkb\u00f3l \u00e9s modern gy\u00e1rt\u00e1stechnol\u00f3gi\u00e1nkb\u00f3l ered. Mindek\u00f6zben pedig igyeksz\u00fcnk folyamatosan piac-vez\u00e9reltek maradni, hogy mindig hasznos \u00e9s kiv\u00e1l\u00f3 min\u0151s\u00e9g\u0171 megold\u00e1sokat k\u00edn\u00e1lhassunk v\u00e1s\u00e1rl\u00f3ink \u00e9s a k\u00f6rnyezetv\u00e9delem val\u00f3s ig\u00e9nyeinek megfelel\u0151en.<\/p>\n<p><img loading=\"lazy\" decoding=\"async\" class=\"alignright size-medium wp-image-55\" alt=\"adhesive_2\" src=\"https:\/\/adhesive-tapes.trocellen.com\/wp-content\/uploads\/sites\/4\/2013\/12\/adhesive_2-300x111.jpg\" width=\"300\" height=\"111\" srcset=\"https:\/\/adhesive-tapes.trocellen.com\/wp-content\/uploads\/sites\/4\/2013\/12\/adhesive_2-300x111.jpg 300w, https:\/\/adhesive-tapes.trocellen.com\/wp-content\/uploads\/sites\/4\/2013\/12\/adhesive_2.jpg 318w\" sizes=\"auto, (max-width: 300px) 100vw, 300px\" \/><\/p>\n","protected":false},"excerpt":{"rendered":"<p>A Trocellen \u00f6ntapad\u00f3 szalag-megold\u00e1sai olyan sokf\u00e9l\u00e9k, amilyen sokf\u00e9l\u00e9k partnereink ig\u00e9nyei.<\/p>\n","protected":false},"author":1,"featured_media":0,"parent":0,"menu_order":0,"comment_status":"open","ping_status":"open","template":"","meta":{"_acf_changed":false,"footnotes":""},"class_list":["post-802","page","type-page","status-publish","hentry"],"acf":[],"yoast_head":"<!-- This site is optimized with the Yoast SEO plugin v23.5 - https:\/\/yoast.com\/wordpress\/plugins\/seo\/ -->\n<title>\u00d6ntapad\u00f3 szalagok \u2013 Er\u0151s K\u00f6t\u0151d\u00e9s a J\u00f6v\u0151h\u00f6z - Adhesive tapes<\/title>\n<meta name=\"robots\" content=\"index, follow, max-snippet:-1, max-image-preview:large, max-video-preview:-1\" \/>\n<link rel=\"canonical\" href=\"https:\/\/adhesive-tapes.trocellen.com\/hu\/ontapado-szalagok-eros-kotodes-a-jovohoz\/\" \/>\n<meta name=\"twitter:label1\" content=\"Becs\u00fclt olvas\u00e1si id\u0151\" \/>\n\t<meta name=\"twitter:data1\" content=\"1 perc\" \/>\n<script type=\"application\/ld+json\" class=\"yoast-schema-graph\">{\"@context\":\"https:\/\/schema.org\",\"@graph\":[{\"@type\":\"WebPage\",\"@id\":\"https:\/\/adhesive-tapes.trocellen.com\/hu\/ontapado-szalagok-eros-kotodes-a-jovohoz\/\",\"url\":\"https:\/\/adhesive-tapes.trocellen.com\/hu\/ontapado-szalagok-eros-kotodes-a-jovohoz\/\",\"name\":\"\u00d6ntapad\u00f3 szalagok \u2013 Er\u0151s K\u00f6t\u0151d\u00e9s a J\u00f6v\u0151h\u00f6z - Adhesive tapes\",\"isPartOf\":{\"@id\":\"https:\/\/adhesive-tapes.trocellen.com\/#website\"},\"primaryImageOfPage\":{\"@id\":\"https:\/\/adhesive-tapes.trocellen.com\/hu\/ontapado-szalagok-eros-kotodes-a-jovohoz\/#primaryimage\"},\"image\":{\"@id\":\"https:\/\/adhesive-tapes.trocellen.com\/hu\/ontapado-szalagok-eros-kotodes-a-jovohoz\/#primaryimage\"},\"thumbnailUrl\":\"https:\/\/adhesive-tapes.trocellen.com\/wp-content\/uploads\/sites\/4\/2013\/12\/adhesive_1-300x188.jpg\",\"datePublished\":\"2013-12-08T16:59:38+00:00\",\"dateModified\":\"2013-12-08T16:59:38+00:00\",\"breadcrumb\":{\"@id\":\"https:\/\/adhesive-tapes.trocellen.com\/hu\/ontapado-szalagok-eros-kotodes-a-jovohoz\/#breadcrumb\"},\"inLanguage\":\"hu\",\"potentialAction\":[{\"@type\":\"ReadAction\",\"target\":[\"https:\/\/adhesive-tapes.trocellen.com\/hu\/ontapado-szalagok-eros-kotodes-a-jovohoz\/\"]}]},{\"@type\":\"ImageObject\",\"inLanguage\":\"hu\",\"@id\":\"https:\/\/adhesive-tapes.trocellen.com\/hu\/ontapado-szalagok-eros-kotodes-a-jovohoz\/#primaryimage\",\"url\":\"https:\/\/adhesive-tapes.trocellen.com\/wp-content\/uploads\/sites\/4\/2013\/12\/adhesive_1-300x188.jpg\",\"contentUrl\":\"https:\/\/adhesive-tapes.trocellen.com\/wp-content\/uploads\/sites\/4\/2013\/12\/adhesive_1-300x188.jpg\"},{\"@type\":\"BreadcrumbList\",\"@id\":\"https:\/\/adhesive-tapes.trocellen.com\/hu\/ontapado-szalagok-eros-kotodes-a-jovohoz\/#breadcrumb\",\"itemListElement\":[{\"@type\":\"ListItem\",\"position\":1,\"name\":\"Home\",\"item\":\"https:\/\/adhesive-tapes.trocellen.com\/hu\/\"},{\"@type\":\"ListItem\",\"position\":2,\"name\":\"\u00d6ntapad\u00f3 szalagok \u2013 Er\u0151s K\u00f6t\u0151d\u00e9s a J\u00f6v\u0151h\u00f6z\"}]},{\"@type\":\"WebSite\",\"@id\":\"https:\/\/adhesive-tapes.trocellen.com\/#website\",\"url\":\"https:\/\/adhesive-tapes.trocellen.com\/\",\"name\":\"Adhesive tapes\",\"description\":\"\",\"potentialAction\":[{\"@type\":\"SearchAction\",\"target\":{\"@type\":\"EntryPoint\",\"urlTemplate\":\"https:\/\/adhesive-tapes.trocellen.com\/?s={search_term_string}\"},\"query-input\":{\"@type\":\"PropertyValueSpecification\",\"valueRequired\":true,\"valueName\":\"search_term_string\"}}],\"inLanguage\":\"hu\"}]}<\/script>\n<!-- \/ Yoast SEO plugin. -->","yoast_head_json":{"title":"\u00d6ntapad\u00f3 szalagok \u2013 Er\u0151s K\u00f6t\u0151d\u00e9s a J\u00f6v\u0151h\u00f6z - Adhesive tapes","robots":{"index":"index","follow":"follow","max-snippet":"max-snippet:-1","max-image-preview":"max-image-preview:large","max-video-preview":"max-video-preview:-1"},"canonical":"https:\/\/adhesive-tapes.trocellen.com\/hu\/ontapado-szalagok-eros-kotodes-a-jovohoz\/","twitter_misc":{"Becs\u00fclt olvas\u00e1si id\u0151":"1 perc"},"schema":{"@context":"https:\/\/schema.org","@graph":[{"@type":"WebPage","@id":"https:\/\/adhesive-tapes.trocellen.com\/hu\/ontapado-szalagok-eros-kotodes-a-jovohoz\/","url":"https:\/\/adhesive-tapes.trocellen.com\/hu\/ontapado-szalagok-eros-kotodes-a-jovohoz\/","name":"\u00d6ntapad\u00f3 szalagok \u2013 Er\u0151s K\u00f6t\u0151d\u00e9s a J\u00f6v\u0151h\u00f6z - Adhesive tapes","isPartOf":{"@id":"https:\/\/adhesive-tapes.trocellen.com\/#website"},"primaryImageOfPage":{"@id":"https:\/\/adhesive-tapes.trocellen.com\/hu\/ontapado-szalagok-eros-kotodes-a-jovohoz\/#primaryimage"},"image":{"@id":"https:\/\/adhesive-tapes.trocellen.com\/hu\/ontapado-szalagok-eros-kotodes-a-jovohoz\/#primaryimage"},"thumbnailUrl":"https:\/\/adhesive-tapes.trocellen.com\/wp-content\/uploads\/sites\/4\/2013\/12\/adhesive_1-300x188.jpg","datePublished":"2013-12-08T16:59:38+00:00","dateModified":"2013-12-08T16:59:38+00:00","breadcrumb":{"@id":"https:\/\/adhesive-tapes.trocellen.com\/hu\/ontapado-szalagok-eros-kotodes-a-jovohoz\/#breadcrumb"},"inLanguage":"hu","potentialAction":[{"@type":"ReadAction","target":["https:\/\/adhesive-tapes.trocellen.com\/hu\/ontapado-szalagok-eros-kotodes-a-jovohoz\/"]}]},{"@type":"ImageObject","inLanguage":"hu","@id":"https:\/\/adhesive-tapes.trocellen.com\/hu\/ontapado-szalagok-eros-kotodes-a-jovohoz\/#primaryimage","url":"https:\/\/adhesive-tapes.trocellen.com\/wp-content\/uploads\/sites\/4\/2013\/12\/adhesive_1-300x188.jpg","contentUrl":"https:\/\/adhesive-tapes.trocellen.com\/wp-content\/uploads\/sites\/4\/2013\/12\/adhesive_1-300x188.jpg"},{"@type":"BreadcrumbList","@id":"https:\/\/adhesive-tapes.trocellen.com\/hu\/ontapado-szalagok-eros-kotodes-a-jovohoz\/#breadcrumb","itemListElement":[{"@type":"ListItem","position":1,"name":"Home","item":"https:\/\/adhesive-tapes.trocellen.com\/hu\/"},{"@type":"ListItem","position":2,"name":"\u00d6ntapad\u00f3 szalagok \u2013 Er\u0151s K\u00f6t\u0151d\u00e9s a J\u00f6v\u0151h\u00f6z"}]},{"@type":"WebSite","@id":"https:\/\/adhesive-tapes.trocellen.com\/#website","url":"https:\/\/adhesive-tapes.trocellen.com\/","name":"Adhesive tapes","description":"","potentialAction":[{"@type":"SearchAction","target":{"@type":"EntryPoint","urlTemplate":"https:\/\/adhesive-tapes.trocellen.com\/?s={search_term_string}"},"query-input":{"@type":"PropertyValueSpecification","valueRequired":true,"valueName":"search_term_string"}}],"inLanguage":"hu"}]}},"_links":{"self":[{"href":"https:\/\/adhesive-tapes.trocellen.com\/hu\/wp-json\/wp\/v2\/pages\/802","targetHints":{"allow":["GET"]}}],"collection":[{"href":"https:\/\/adhesive-tapes.trocellen.com\/hu\/wp-json\/wp\/v2\/pages"}],"about":[{"href":"https:\/\/adhesive-tapes.trocellen.com\/hu\/wp-json\/wp\/v2\/types\/page"}],"author":[{"embeddable":true,"href":"https:\/\/adhesive-tapes.trocellen.com\/hu\/wp-json\/wp\/v2\/users\/1"}],"replies":[{"embeddable":true,"href":"https:\/\/adhesive-tapes.trocellen.com\/hu\/wp-json\/wp\/v2\/comments?post=802"}],"version-history":[{"count":0,"href":"https:\/\/adhesive-tapes.trocellen.com\/hu\/wp-json\/wp\/v2\/pages\/802\/revisions"}],"wp:attachment":[{"href":"https:\/\/adhesive-tapes.trocellen.com\/hu\/wp-json\/wp\/v2\/media?parent=802"}],"curies":[{"name":"wp","href":"https:\/\/api.w.org\/{rel}","templated":true}]}}