{"id":759,"date":"2013-12-08T16:43:20","date_gmt":"2013-12-08T16:43:20","guid":{"rendered":"https:\/\/adhesive-tapes.usernet.hu\/fai-da-te\/"},"modified":"2013-12-08T16:43:20","modified_gmt":"2013-12-08T16:43:20","slug":"fai-da-te","status":"publish","type":"page","link":"https:\/\/adhesive-tapes.trocellen.com\/it\/applicazioni\/fai-da-te\/","title":{"rendered":"FAI DA TE"},"content":{"rendered":"<h2>Schiume di polietilene per applicazione nei nastri autoadesivi<\/h2>\n<p>Sempre pi\u00f9 i nastri autoadesivi, stanno rimpiazzando i metodi convenzionali di fissaggio. Nuove e interessanti applicazioni, incrementano il potenziale range di utilizzo dei nastri biadesivi, che corrisponde ad una necessaria richiesta di substrati di supporto di alta qualit\u00e0.<br \/>\nI nastri autoadesivi con substrato in schiuma di polietilene, garantiscono una adesione ottimale su<br \/>\nsuperfici irregolari o ruvide, grazie alle caratteristiche uniche delle schiume , come l\u2019elevata flessibilit\u00e0, elasticit\u00e0, e comprimibilit\u00e0.<\/p>\n<h3>Applicazioni<\/h3>\n<p><img loading=\"lazy\" decoding=\"async\" class=\"alignright size-medium wp-image-595\" src=\"https:\/\/adhesive-tapes.trocellen.com\/wp-content\/uploads\/sites\/4\/2013\/12\/adhesive_tapes-mirror_001-300x169.png\" alt=\"\" width=\"300\" height=\"169\" srcset=\"https:\/\/adhesive-tapes.trocellen.com\/wp-content\/uploads\/sites\/4\/2013\/12\/adhesive_tapes-mirror_001-300x169.png 300w, https:\/\/adhesive-tapes.trocellen.com\/wp-content\/uploads\/sites\/4\/2013\/12\/adhesive_tapes-mirror_001-768x432.png 768w, https:\/\/adhesive-tapes.trocellen.com\/wp-content\/uploads\/sites\/4\/2013\/12\/adhesive_tapes-mirror_001-1024x576.png 1024w\" sizes=\"auto, (max-width: 300px) 100vw, 300px\" \/><\/p>\n<p>Schiuma di polietilene Trocellen come substrato di supporto in:<\/p>\n<ul>\n<li>Nastri autoadesivi per profili finestra e strisce adesive<\/li>\n<li>Nastri autoadesivi per fissaggio ganci da parete autoadesivi<\/li>\n<li>Nastri autoadesivi per fissaggio specchi<\/li>\n<li>Nastri autoadesivi per pezzi stampati ( emblemi, loghi, etc.)<\/li>\n<\/ul>\n<h3>Prodotti disponibili<\/h3>\n<ul>\n<li>Sottosponendoci ogni vostra richiesta ed esigenza, che potr\u00e0 essere valutata in modo da proporvi il materiale che pi\u00f9 si adatta alle vs. esigenze.<\/li>\n<li>Disponibile trattamento corona, su una o due superfici delle schiume, o il nuovo trattamento a lungo termine AST.<\/li>\n<\/ul>\n<h3>Benefici<\/h3>\n<p><img loading=\"lazy\" decoding=\"async\" class=\"alignright size-medium wp-image-594\" src=\"https:\/\/adhesive-tapes.trocellen.com\/wp-content\/uploads\/sites\/4\/2013\/12\/adhesive_tapes-accessories_001-300x204.png\" alt=\"\" width=\"300\" height=\"204\" srcset=\"https:\/\/adhesive-tapes.trocellen.com\/wp-content\/uploads\/sites\/4\/2013\/12\/adhesive_tapes-accessories_001-300x204.png 300w, https:\/\/adhesive-tapes.trocellen.com\/wp-content\/uploads\/sites\/4\/2013\/12\/adhesive_tapes-accessories_001-768x523.png 768w, https:\/\/adhesive-tapes.trocellen.com\/wp-content\/uploads\/sites\/4\/2013\/12\/adhesive_tapes-accessories_001-1024x697.png 1024w\" sizes=\"auto, (max-width: 300px) 100vw, 300px\" \/><\/p>\n<ul>\n<li>Flessibile e conformabile<\/li>\n<li>Ideale per superfici irregolari<\/li>\n<li>Ottime caratteristiche di resilienza<\/li>\n<li>Eccellente funzione di sigillatura e di guarnizione<\/li>\n<li>Superficie liscia, schiuma reticolata e struttura a cellule chiuse<\/li>\n<li>Buona compatibilit\u00e0 con gli adesivi<\/li>\n<li>Facile da spalmare e ottima lavorabilit\u00e0<\/li>\n<li>Funzione di tenuta stagna per acqua e aria<\/li>\n<\/ul>\n","protected":false},"excerpt":{"rendered":"<p>Schiume di polietilene per applicazione nei nastri autoadesivi Sempre pi\u00f9 i nastri autoadesivi, stanno rimpiazzando i metodi convenzionali di fissaggio. Nuove e interessanti applicazioni, incrementano il potenziale range di utilizzo dei nastri biadesivi, che corrisponde ad una necessaria richiesta di substrati di supporto di alta qualit\u00e0. I nastri autoadesivi con substrato in schiuma di polietilene, [&hellip;]<\/p>\n","protected":false},"author":1,"featured_media":0,"parent":741,"menu_order":3,"comment_status":"open","ping_status":"open","template":"","meta":{"_acf_changed":false,"footnotes":""},"class_list":["post-759","page","type-page","status-publish","hentry"],"acf":[],"yoast_head":"<!-- This site is optimized with the Yoast SEO plugin v23.5 - https:\/\/yoast.com\/wordpress\/plugins\/seo\/ -->\n<title>FAI DA TE - Adhesive tapes<\/title>\n<meta name=\"robots\" content=\"index, follow, max-snippet:-1, max-image-preview:large, max-video-preview:-1\" \/>\n<link rel=\"canonical\" href=\"https:\/\/adhesive-tapes.trocellen.com\/it\/applicazioni\/fai-da-te\/\" \/>\n<meta name=\"twitter:label1\" content=\"Tempo di lettura stimato\" \/>\n\t<meta name=\"twitter:data1\" content=\"1 minuto\" \/>\n<script type=\"application\/ld+json\" class=\"yoast-schema-graph\">{\"@context\":\"https:\/\/schema.org\",\"@graph\":[{\"@type\":\"WebPage\",\"@id\":\"https:\/\/adhesive-tapes.trocellen.com\/it\/applicazioni\/fai-da-te\/\",\"url\":\"https:\/\/adhesive-tapes.trocellen.com\/it\/applicazioni\/fai-da-te\/\",\"name\":\"FAI DA TE - Adhesive tapes\",\"isPartOf\":{\"@id\":\"https:\/\/adhesive-tapes.trocellen.com\/#website\"},\"primaryImageOfPage\":{\"@id\":\"https:\/\/adhesive-tapes.trocellen.com\/it\/applicazioni\/fai-da-te\/#primaryimage\"},\"image\":{\"@id\":\"https:\/\/adhesive-tapes.trocellen.com\/it\/applicazioni\/fai-da-te\/#primaryimage\"},\"thumbnailUrl\":\"https:\/\/adhesive-tapes.trocellen.com\/wp-content\/uploads\/sites\/4\/2013\/12\/adhesive_tapes-mirror_001-300x169.png\",\"datePublished\":\"2013-12-08T16:43:20+00:00\",\"dateModified\":\"2013-12-08T16:43:20+00:00\",\"breadcrumb\":{\"@id\":\"https:\/\/adhesive-tapes.trocellen.com\/it\/applicazioni\/fai-da-te\/#breadcrumb\"},\"inLanguage\":\"it-IT\",\"potentialAction\":[{\"@type\":\"ReadAction\",\"target\":[\"https:\/\/adhesive-tapes.trocellen.com\/it\/applicazioni\/fai-da-te\/\"]}]},{\"@type\":\"ImageObject\",\"inLanguage\":\"it-IT\",\"@id\":\"https:\/\/adhesive-tapes.trocellen.com\/it\/applicazioni\/fai-da-te\/#primaryimage\",\"url\":\"https:\/\/adhesive-tapes.trocellen.com\/wp-content\/uploads\/sites\/4\/2013\/12\/adhesive_tapes-mirror_001-300x169.png\",\"contentUrl\":\"https:\/\/adhesive-tapes.trocellen.com\/wp-content\/uploads\/sites\/4\/2013\/12\/adhesive_tapes-mirror_001-300x169.png\"},{\"@type\":\"BreadcrumbList\",\"@id\":\"https:\/\/adhesive-tapes.trocellen.com\/it\/applicazioni\/fai-da-te\/#breadcrumb\",\"itemListElement\":[{\"@type\":\"ListItem\",\"position\":1,\"name\":\"Home\",\"item\":\"https:\/\/adhesive-tapes.trocellen.com\/it\/\"},{\"@type\":\"ListItem\",\"position\":2,\"name\":\"Applicazioni\",\"item\":\"https:\/\/adhesive-tapes.trocellen.com\/it\/applicazioni\/\"},{\"@type\":\"ListItem\",\"position\":3,\"name\":\"FAI DA TE\"}]},{\"@type\":\"WebSite\",\"@id\":\"https:\/\/adhesive-tapes.trocellen.com\/#website\",\"url\":\"https:\/\/adhesive-tapes.trocellen.com\/\",\"name\":\"Adhesive tapes\",\"description\":\"\",\"potentialAction\":[{\"@type\":\"SearchAction\",\"target\":{\"@type\":\"EntryPoint\",\"urlTemplate\":\"https:\/\/adhesive-tapes.trocellen.com\/?s={search_term_string}\"},\"query-input\":{\"@type\":\"PropertyValueSpecification\",\"valueRequired\":true,\"valueName\":\"search_term_string\"}}],\"inLanguage\":\"it-IT\"}]}<\/script>\n<!-- \/ Yoast SEO plugin. -->","yoast_head_json":{"title":"FAI DA TE - Adhesive tapes","robots":{"index":"index","follow":"follow","max-snippet":"max-snippet:-1","max-image-preview":"max-image-preview:large","max-video-preview":"max-video-preview:-1"},"canonical":"https:\/\/adhesive-tapes.trocellen.com\/it\/applicazioni\/fai-da-te\/","twitter_misc":{"Tempo di lettura stimato":"1 minuto"},"schema":{"@context":"https:\/\/schema.org","@graph":[{"@type":"WebPage","@id":"https:\/\/adhesive-tapes.trocellen.com\/it\/applicazioni\/fai-da-te\/","url":"https:\/\/adhesive-tapes.trocellen.com\/it\/applicazioni\/fai-da-te\/","name":"FAI DA TE - Adhesive tapes","isPartOf":{"@id":"https:\/\/adhesive-tapes.trocellen.com\/#website"},"primaryImageOfPage":{"@id":"https:\/\/adhesive-tapes.trocellen.com\/it\/applicazioni\/fai-da-te\/#primaryimage"},"image":{"@id":"https:\/\/adhesive-tapes.trocellen.com\/it\/applicazioni\/fai-da-te\/#primaryimage"},"thumbnailUrl":"https:\/\/adhesive-tapes.trocellen.com\/wp-content\/uploads\/sites\/4\/2013\/12\/adhesive_tapes-mirror_001-300x169.png","datePublished":"2013-12-08T16:43:20+00:00","dateModified":"2013-12-08T16:43:20+00:00","breadcrumb":{"@id":"https:\/\/adhesive-tapes.trocellen.com\/it\/applicazioni\/fai-da-te\/#breadcrumb"},"inLanguage":"it-IT","potentialAction":[{"@type":"ReadAction","target":["https:\/\/adhesive-tapes.trocellen.com\/it\/applicazioni\/fai-da-te\/"]}]},{"@type":"ImageObject","inLanguage":"it-IT","@id":"https:\/\/adhesive-tapes.trocellen.com\/it\/applicazioni\/fai-da-te\/#primaryimage","url":"https:\/\/adhesive-tapes.trocellen.com\/wp-content\/uploads\/sites\/4\/2013\/12\/adhesive_tapes-mirror_001-300x169.png","contentUrl":"https:\/\/adhesive-tapes.trocellen.com\/wp-content\/uploads\/sites\/4\/2013\/12\/adhesive_tapes-mirror_001-300x169.png"},{"@type":"BreadcrumbList","@id":"https:\/\/adhesive-tapes.trocellen.com\/it\/applicazioni\/fai-da-te\/#breadcrumb","itemListElement":[{"@type":"ListItem","position":1,"name":"Home","item":"https:\/\/adhesive-tapes.trocellen.com\/it\/"},{"@type":"ListItem","position":2,"name":"Applicazioni","item":"https:\/\/adhesive-tapes.trocellen.com\/it\/applicazioni\/"},{"@type":"ListItem","position":3,"name":"FAI DA TE"}]},{"@type":"WebSite","@id":"https:\/\/adhesive-tapes.trocellen.com\/#website","url":"https:\/\/adhesive-tapes.trocellen.com\/","name":"Adhesive tapes","description":"","potentialAction":[{"@type":"SearchAction","target":{"@type":"EntryPoint","urlTemplate":"https:\/\/adhesive-tapes.trocellen.com\/?s={search_term_string}"},"query-input":{"@type":"PropertyValueSpecification","valueRequired":true,"valueName":"search_term_string"}}],"inLanguage":"it-IT"}]}},"_links":{"self":[{"href":"https:\/\/adhesive-tapes.trocellen.com\/it\/wp-json\/wp\/v2\/pages\/759","targetHints":{"allow":["GET"]}}],"collection":[{"href":"https:\/\/adhesive-tapes.trocellen.com\/it\/wp-json\/wp\/v2\/pages"}],"about":[{"href":"https:\/\/adhesive-tapes.trocellen.com\/it\/wp-json\/wp\/v2\/types\/page"}],"author":[{"embeddable":true,"href":"https:\/\/adhesive-tapes.trocellen.com\/it\/wp-json\/wp\/v2\/users\/1"}],"replies":[{"embeddable":true,"href":"https:\/\/adhesive-tapes.trocellen.com\/it\/wp-json\/wp\/v2\/comments?post=759"}],"version-history":[{"count":0,"href":"https:\/\/adhesive-tapes.trocellen.com\/it\/wp-json\/wp\/v2\/pages\/759\/revisions"}],"up":[{"embeddable":true,"href":"https:\/\/adhesive-tapes.trocellen.com\/it\/wp-json\/wp\/v2\/pages\/741"}],"wp:attachment":[{"href":"https:\/\/adhesive-tapes.trocellen.com\/it\/wp-json\/wp\/v2\/media?parent=759"}],"curies":[{"name":"wp","href":"https:\/\/api.w.org\/{rel}","templated":true}]}}